{"id":1021958,"date":"2025-06-07T15:14:47","date_gmt":"2025-06-07T13:14:47","guid":{"rendered":"https:\/\/www.uscars.biz\/uscars.wordpress\/?page_id=1021958"},"modified":"2025-06-09T20:25:07","modified_gmt":"2025-06-09T18:25:07","slug":"constructeurs-americains-references","status":"publish","type":"page","link":"https:\/\/www.uscars.biz\/uscars.wordpress\/references\/constructeurs-americains-references\/","title":{"rendered":"Constructeurs am\u00e9ricains"},"content":{"rendered":"\n<h4 class=\"wp-block-heading\">Documentation technique g\u00e9n\u00e9rale<\/h4>\n\n\n<figure class=\"wp-block-table\" style=\"width: 100%;\">\n<table style=\"width: 100%;\">\n<tbody>\n<tr>\n<td style=\"width: 75%; vertical-align: middle;\">ATRA 1990-2009 Seminar Manuals<\/td>\n<td style=\"width: 25%; text-align: center; vertical-align: middle;\">\n<p><a class=\"custom-button\" href=\"https:\/\/www.uscars.biz\/uscars\/extras-documents\/ATRA_1990-2009_Seminar_Manuals.pdf\">T\u00e9l\u00e9chargement<\/a><\/p>\n<\/td>\n<\/tr>\n<tr>\n<td style=\"width: 75%; vertical-align: middle;\">ATRA Test Preparation Guide<\/td>\n<td style=\"width: 25%; text-align: center; vertical-align: middle;\">\n<p><a class=\"custom-button\" href=\"https:\/\/www.uscars.biz\/uscars\/extras-documents\/ATRA_Test_Preparation_Guide.pdf\">T\u00e9l\u00e9chargement<\/a><\/p>\n<\/td>\n<\/tr>\n<tr>\n<td style=\"width: 75%; vertical-align: middle;\">Haynes Techbook Automotive Heating and Air Conditioning<\/td>\n<td style=\"width: 25%; text-align: center; vertical-align: middle;\">\n<p><a class=\"custom-button\" href=\"https:\/\/www.uscars.biz\/uscars\/extras-documents\/Haynes_Techbook_Automotive_Heating_and_Air_Conditioning.pdf\">T\u00e9l\u00e9chargement<\/a><\/p>\n<\/td>\n<\/tr>\n<\/tbody>\n<\/table>\n<\/figure>\n\n\n<h4 class=\"wp-block-heading\">Documentation du groupe GM<\/h4>\n\n\n<figure class=\"wp-block-table\" style=\"width: 100%;\">\n<table style=\"width: 100%;\">\n<tbody>\n<tr>\n<td style=\"width: 75%; vertical-align: middle;\">ATRA Manuel d&rsquo;atelier bo\u00eete automatique GM 4L60\/4L60E<\/td>\n<td style=\"width: 25%; text-align: center; vertical-align: middle;\">\n<p><a class=\"custom-button\" href=\"https:\/\/www.uscars.biz\/uscars\/extras-documents\/ATRA_GM_4L60-4L60E_(700R4)_Rebuild_Procedures.pdf\">T\u00e9l\u00e9chargement<\/a><\/p>\n<\/td>\n<\/tr>\n<tr>\n<td style=\"width: 75%; vertical-align: middle;\">ATRA Manuel d&rsquo;atelier bo\u00eete automatique GM 4L80E<\/td>\n<td style=\"width: 25%; text-align: center; vertical-align: middle;\">\n<p><a class=\"custom-button\" href=\"https:\/\/www.uscars.biz\/uscars\/extras-documents\/ATRA_GM_4L80E_Rebuild_Procedures.pdf\">T\u00e9l\u00e9chargement<\/a><\/p>\n<\/td>\n<\/tr>\n<\/tbody>\n<\/table>\n<\/figure>\n\n\n<h4 class=\"wp-block-heading\">Documentation du groupe Ford<\/h4>\n\n\n<figure class=\"wp-block-table\">\n<table style=\"width: 100%; table-layout: fixed;\"><colgroup> <col style=\"width: 75%;\"> <col style=\"width: 25%;\"> <\/colgroup>\n<tbody>\n<tr>\n<td style=\"vertical-align: middle;\">ATRA Manuel d&rsquo;atelier bo\u00eete automatique Ford AX4S\/AX4ODE<\/td>\n<td class=\"has-text-align-center\" style=\"vertical-align: middle;\" data-align=\"center\">\n<p><a class=\"custom-button\" href=\"https:\/\/www.uscars.biz\/uscars\/extras-documents\/ATRA_Ford_AX4S_AX4ODE_Rebuild_Procedures.pdf\">T\u00e9l\u00e9chargement<\/a><\/p>\n<\/td>\n<\/tr>\n<\/tbody>\n<\/table>\n<\/figure>\n\n","protected":false},"excerpt":{"rendered":"<p>Documentation technique g\u00e9n\u00e9rale ATRA 1990-2009 Seminar Manuals T\u00e9l\u00e9chargement ATRA Test Preparation Guide T\u00e9l\u00e9chargement Haynes Techbook Automotive Heating and Air Conditioning T\u00e9l\u00e9chargement Documentation du groupe GM ATRA Manuel d&rsquo;atelier bo\u00eete automatique GM 4L60\/4L60E T\u00e9l\u00e9chargement ATRA Manuel d&rsquo;atelier bo\u00eete automatique GM 4L80E T\u00e9l\u00e9chargement Documentation du groupe Ford ATRA Manuel d&rsquo;atelier bo\u00eete automatique Ford AX4S\/AX4ODE T\u00e9l\u00e9chargement<\/p>\n","protected":false},"author":1,"featured_media":0,"parent":3897,"menu_order":61,"comment_status":"closed","ping_status":"closed","template":"template-fullwidth.php","meta":{"ngg_post_thumbnail":0,"footnotes":""},"class_list":["post-1021958","page","type-page","status-publish","hentry"],"yoast_head":"<!-- This site is optimized with the Yoast SEO plugin v27.4 - https:\/\/yoast.com\/product\/yoast-seo-wordpress\/ -->\n<title>Constructeurs am\u00e9ricains - US Cars<\/title>\n<meta name=\"robots\" content=\"index, follow, max-snippet:-1, max-image-preview:large, max-video-preview:-1\" \/>\n<link rel=\"canonical\" href=\"https:\/\/www.uscars.biz\/uscars.wordpress\/references\/constructeurs-americains-references\/\" \/>\n<meta property=\"og:locale\" content=\"fr_FR\" \/>\n<meta property=\"og:type\" content=\"article\" \/>\n<meta property=\"og:title\" content=\"Constructeurs am\u00e9ricains - US Cars\" \/>\n<meta property=\"og:description\" content=\"Documentation technique g\u00e9n\u00e9rale ATRA 1990-2009 Seminar Manuals T\u00e9l\u00e9chargement ATRA Test Preparation Guide T\u00e9l\u00e9chargement Haynes Techbook Automotive Heating and Air Conditioning T\u00e9l\u00e9chargement Documentation du groupe GM ATRA Manuel d&rsquo;atelier bo\u00eete automatique GM 4L60\/4L60E T\u00e9l\u00e9chargement ATRA Manuel d&rsquo;atelier bo\u00eete automatique GM 4L80E T\u00e9l\u00e9chargement Documentation du groupe Ford ATRA Manuel d&rsquo;atelier bo\u00eete automatique Ford AX4S\/AX4ODE T\u00e9l\u00e9chargement\" \/>\n<meta property=\"og:url\" content=\"https:\/\/www.uscars.biz\/uscars.wordpress\/references\/constructeurs-americains-references\/\" \/>\n<meta property=\"og:site_name\" content=\"US Cars\" \/>\n<meta property=\"article:publisher\" content=\"https:\/\/www.facebook.com\/uscars.france\" \/>\n<meta property=\"article:modified_time\" content=\"2025-06-09T18:25:07+00:00\" \/>\n<meta name=\"twitter:card\" content=\"summary_large_image\" \/>\n<meta name=\"twitter:site\" content=\"@uscarsfrance\" \/>\n<meta name=\"twitter:label1\" content=\"Dur\u00e9e de lecture estim\u00e9e\" \/>\n\t<meta name=\"twitter:data1\" content=\"1 minute\" \/>\n<script type=\"application\/ld+json\" class=\"yoast-schema-graph\">{\"@context\":\"https:\\\/\\\/schema.org\",\"@graph\":[{\"@type\":\"WebPage\",\"@id\":\"https:\\\/\\\/www.uscars.biz\\\/uscars.wordpress\\\/references\\\/constructeurs-americains-references\\\/\",\"url\":\"https:\\\/\\\/www.uscars.biz\\\/uscars.wordpress\\\/references\\\/constructeurs-americains-references\\\/\",\"name\":\"Constructeurs am\u00e9ricains - US Cars\",\"isPartOf\":{\"@id\":\"https:\\\/\\\/www.uscars.biz\\\/uscars.wordpress\\\/#website\"},\"datePublished\":\"2025-06-07T13:14:47+00:00\",\"dateModified\":\"2025-06-09T18:25:07+00:00\",\"breadcrumb\":{\"@id\":\"https:\\\/\\\/www.uscars.biz\\\/uscars.wordpress\\\/references\\\/constructeurs-americains-references\\\/#breadcrumb\"},\"inLanguage\":\"fr-FR\",\"potentialAction\":[{\"@type\":\"ReadAction\",\"target\":[\"https:\\\/\\\/www.uscars.biz\\\/uscars.wordpress\\\/references\\\/constructeurs-americains-references\\\/\"]}]},{\"@type\":\"BreadcrumbList\",\"@id\":\"https:\\\/\\\/www.uscars.biz\\\/uscars.wordpress\\\/references\\\/constructeurs-americains-references\\\/#breadcrumb\",\"itemListElement\":[{\"@type\":\"ListItem\",\"position\":1,\"name\":\"Accueil\",\"item\":\"https:\\\/\\\/www.uscars.biz\\\/uscars.wordpress\\\/\"},{\"@type\":\"ListItem\",\"position\":2,\"name\":\"R\u00e9f\u00e9rences\",\"item\":\"https:\\\/\\\/www.uscars.biz\\\/uscars.wordpress\\\/references\\\/\"},{\"@type\":\"ListItem\",\"position\":3,\"name\":\"Constructeurs am\u00e9ricains\"}]},{\"@type\":\"WebSite\",\"@id\":\"https:\\\/\\\/www.uscars.biz\\\/uscars.wordpress\\\/#website\",\"url\":\"https:\\\/\\\/www.uscars.biz\\\/uscars.wordpress\\\/\",\"name\":\"US Cars\",\"description\":\"La passion des voitures am\u00e9ricaines\",\"publisher\":{\"@id\":\"https:\\\/\\\/www.uscars.biz\\\/uscars.wordpress\\\/#organization\"},\"potentialAction\":[{\"@type\":\"SearchAction\",\"target\":{\"@type\":\"EntryPoint\",\"urlTemplate\":\"https:\\\/\\\/www.uscars.biz\\\/uscars.wordpress\\\/?s={search_term_string}\"},\"query-input\":{\"@type\":\"PropertyValueSpecification\",\"valueRequired\":true,\"valueName\":\"search_term_string\"}}],\"inLanguage\":\"fr-FR\"},{\"@type\":\"Organization\",\"@id\":\"https:\\\/\\\/www.uscars.biz\\\/uscars.wordpress\\\/#organization\",\"name\":\"US Cars\",\"url\":\"https:\\\/\\\/www.uscars.biz\\\/uscars.wordpress\\\/\",\"logo\":{\"@type\":\"ImageObject\",\"inLanguage\":\"fr-FR\",\"@id\":\"https:\\\/\\\/www.uscars.biz\\\/uscars.wordpress\\\/#\\\/schema\\\/logo\\\/image\\\/\",\"url\":\"https:\\\/\\\/www.uscars.biz\\\/uscars.wordpress\\\/wp-content\\\/uploads\\\/2016\\\/09\\\/cropped-uscars_carre_512x512.png\",\"contentUrl\":\"https:\\\/\\\/www.uscars.biz\\\/uscars.wordpress\\\/wp-content\\\/uploads\\\/2016\\\/09\\\/cropped-uscars_carre_512x512.png\",\"width\":512,\"height\":512,\"caption\":\"US Cars\"},\"image\":{\"@id\":\"https:\\\/\\\/www.uscars.biz\\\/uscars.wordpress\\\/#\\\/schema\\\/logo\\\/image\\\/\"},\"sameAs\":[\"https:\\\/\\\/www.facebook.com\\\/uscars.france\",\"https:\\\/\\\/x.com\\\/uscarsfrance\",\"https:\\\/\\\/www.youtube.com\\\/user\\\/uscarsdotbiz\"]}]}<\/script>\n<!-- \/ Yoast SEO plugin. -->","yoast_head_json":{"title":"Constructeurs am\u00e9ricains - US Cars","robots":{"index":"index","follow":"follow","max-snippet":"max-snippet:-1","max-image-preview":"max-image-preview:large","max-video-preview":"max-video-preview:-1"},"canonical":"https:\/\/www.uscars.biz\/uscars.wordpress\/references\/constructeurs-americains-references\/","og_locale":"fr_FR","og_type":"article","og_title":"Constructeurs am\u00e9ricains - US Cars","og_description":"Documentation technique g\u00e9n\u00e9rale ATRA 1990-2009 Seminar Manuals T\u00e9l\u00e9chargement ATRA Test Preparation Guide T\u00e9l\u00e9chargement Haynes Techbook Automotive Heating and Air Conditioning T\u00e9l\u00e9chargement Documentation du groupe GM ATRA Manuel d&rsquo;atelier bo\u00eete automatique GM 4L60\/4L60E T\u00e9l\u00e9chargement ATRA Manuel d&rsquo;atelier bo\u00eete automatique GM 4L80E T\u00e9l\u00e9chargement Documentation du groupe Ford ATRA Manuel d&rsquo;atelier bo\u00eete automatique Ford AX4S\/AX4ODE T\u00e9l\u00e9chargement","og_url":"https:\/\/www.uscars.biz\/uscars.wordpress\/references\/constructeurs-americains-references\/","og_site_name":"US Cars","article_publisher":"https:\/\/www.facebook.com\/uscars.france","article_modified_time":"2025-06-09T18:25:07+00:00","twitter_card":"summary_large_image","twitter_site":"@uscarsfrance","twitter_misc":{"Dur\u00e9e de lecture estim\u00e9e":"1 minute"},"schema":{"@context":"https:\/\/schema.org","@graph":[{"@type":"WebPage","@id":"https:\/\/www.uscars.biz\/uscars.wordpress\/references\/constructeurs-americains-references\/","url":"https:\/\/www.uscars.biz\/uscars.wordpress\/references\/constructeurs-americains-references\/","name":"Constructeurs am\u00e9ricains - US Cars","isPartOf":{"@id":"https:\/\/www.uscars.biz\/uscars.wordpress\/#website"},"datePublished":"2025-06-07T13:14:47+00:00","dateModified":"2025-06-09T18:25:07+00:00","breadcrumb":{"@id":"https:\/\/www.uscars.biz\/uscars.wordpress\/references\/constructeurs-americains-references\/#breadcrumb"},"inLanguage":"fr-FR","potentialAction":[{"@type":"ReadAction","target":["https:\/\/www.uscars.biz\/uscars.wordpress\/references\/constructeurs-americains-references\/"]}]},{"@type":"BreadcrumbList","@id":"https:\/\/www.uscars.biz\/uscars.wordpress\/references\/constructeurs-americains-references\/#breadcrumb","itemListElement":[{"@type":"ListItem","position":1,"name":"Accueil","item":"https:\/\/www.uscars.biz\/uscars.wordpress\/"},{"@type":"ListItem","position":2,"name":"R\u00e9f\u00e9rences","item":"https:\/\/www.uscars.biz\/uscars.wordpress\/references\/"},{"@type":"ListItem","position":3,"name":"Constructeurs am\u00e9ricains"}]},{"@type":"WebSite","@id":"https:\/\/www.uscars.biz\/uscars.wordpress\/#website","url":"https:\/\/www.uscars.biz\/uscars.wordpress\/","name":"US Cars","description":"La passion des voitures am\u00e9ricaines","publisher":{"@id":"https:\/\/www.uscars.biz\/uscars.wordpress\/#organization"},"potentialAction":[{"@type":"SearchAction","target":{"@type":"EntryPoint","urlTemplate":"https:\/\/www.uscars.biz\/uscars.wordpress\/?s={search_term_string}"},"query-input":{"@type":"PropertyValueSpecification","valueRequired":true,"valueName":"search_term_string"}}],"inLanguage":"fr-FR"},{"@type":"Organization","@id":"https:\/\/www.uscars.biz\/uscars.wordpress\/#organization","name":"US Cars","url":"https:\/\/www.uscars.biz\/uscars.wordpress\/","logo":{"@type":"ImageObject","inLanguage":"fr-FR","@id":"https:\/\/www.uscars.biz\/uscars.wordpress\/#\/schema\/logo\/image\/","url":"https:\/\/www.uscars.biz\/uscars.wordpress\/wp-content\/uploads\/2016\/09\/cropped-uscars_carre_512x512.png","contentUrl":"https:\/\/www.uscars.biz\/uscars.wordpress\/wp-content\/uploads\/2016\/09\/cropped-uscars_carre_512x512.png","width":512,"height":512,"caption":"US Cars"},"image":{"@id":"https:\/\/www.uscars.biz\/uscars.wordpress\/#\/schema\/logo\/image\/"},"sameAs":["https:\/\/www.facebook.com\/uscars.france","https:\/\/x.com\/uscarsfrance","https:\/\/www.youtube.com\/user\/uscarsdotbiz"]}]}},"jetpack_sharing_enabled":true,"jetpack_shortlink":"https:\/\/wp.me\/P2RQDg-4hRc","_links":{"self":[{"href":"https:\/\/www.uscars.biz\/uscars.wordpress\/wp-json\/wp\/v2\/pages\/1021958","targetHints":{"allow":["GET"]}}],"collection":[{"href":"https:\/\/www.uscars.biz\/uscars.wordpress\/wp-json\/wp\/v2\/pages"}],"about":[{"href":"https:\/\/www.uscars.biz\/uscars.wordpress\/wp-json\/wp\/v2\/types\/page"}],"author":[{"embeddable":true,"href":"https:\/\/www.uscars.biz\/uscars.wordpress\/wp-json\/wp\/v2\/users\/1"}],"replies":[{"embeddable":true,"href":"https:\/\/www.uscars.biz\/uscars.wordpress\/wp-json\/wp\/v2\/comments?post=1021958"}],"version-history":[{"count":19,"href":"https:\/\/www.uscars.biz\/uscars.wordpress\/wp-json\/wp\/v2\/pages\/1021958\/revisions"}],"predecessor-version":[{"id":1022657,"href":"https:\/\/www.uscars.biz\/uscars.wordpress\/wp-json\/wp\/v2\/pages\/1021958\/revisions\/1022657"}],"up":[{"embeddable":true,"href":"https:\/\/www.uscars.biz\/uscars.wordpress\/wp-json\/wp\/v2\/pages\/3897"}],"wp:attachment":[{"href":"https:\/\/www.uscars.biz\/uscars.wordpress\/wp-json\/wp\/v2\/media?parent=1021958"}],"curies":[{"name":"wp","href":"https:\/\/api.w.org\/{rel}","templated":true}]}}