{"id":1022047,"date":"2025-06-07T17:33:21","date_gmt":"2025-06-07T15:33:21","guid":{"rendered":"https:\/\/www.uscars.biz\/uscars.wordpress\/?page_id=1022047"},"modified":"2025-06-07T17:38:49","modified_gmt":"2025-06-07T15:38:49","slug":"historique-cherokee","status":"publish","type":"page","link":"https:\/\/www.uscars.biz\/uscars.wordpress\/jeep\/sj-wagoneer-cherokee\/historique-cherokee\/","title":{"rendered":"Historique du Cherokee"},"content":{"rendered":"<p><img loading=\"lazy\" decoding=\"async\" class=\"size-full wp-image-1573 aligncenter\" style=\"border: 0px; margin-top: 0px; margin-bottom: 0px;\" title=\"cher_1974\" src=\"https:\/\/www.uscars.biz\/uscars.wordpress\/wp-content\/uploads\/2012\/12\/cher_1974.jpg\" alt=\"\" width=\"320\" height=\"224\" srcset=\"https:\/\/www.uscars.biz\/uscars.wordpress\/wp-content\/uploads\/2012\/12\/cher_1974.jpg 320w, https:\/\/www.uscars.biz\/uscars.wordpress\/wp-content\/uploads\/2012\/12\/cher_1974-300x210.jpg 300w\" sizes=\"auto, (max-width: 320px) 100vw, 320px\" \/><\/p>\n<p><img loading=\"lazy\" decoding=\"async\" class=\"size-full wp-image-1572 aligncenter\" style=\"border: 0px; margin-top: 0px; margin-bottom: 0px;\" title=\"cher_1974_2\" src=\"https:\/\/www.uscars.biz\/uscars.wordpress\/wp-content\/uploads\/2012\/12\/cher_1974_2.jpg\" alt=\"\" width=\"320\" height=\"112\" srcset=\"https:\/\/www.uscars.biz\/uscars.wordpress\/wp-content\/uploads\/2012\/12\/cher_1974_2.jpg 320w, https:\/\/www.uscars.biz\/uscars.wordpress\/wp-content\/uploads\/2012\/12\/cher_1974_2-300x105.jpg 300w\" sizes=\"auto, (max-width: 320px) 100vw, 320px\" \/><\/p>\n<p>&nbsp;<\/p>\n<p>Le premier Cherokee sort des cha\u00eenes de production de l&rsquo;American Motors Company en 1974. Il s&rsquo;agit de la version deux portes du Wagoneer avec un ch\u00e2ssis renforc\u00e9 et des voies \u00e9largies. Il est disponible en finition de base et en version S plus luxueuse.<\/p>\n<p>Le Cherokee est anim\u00e9 soit par un six cylindres en ligne AMC de 258 c.i. (4,2 litres), soit par des V8 AMC de 360 c.i. (5,9 litres) et de 401 c.i. (6,6 litres). Le syst\u00e8me de transmission int\u00e9grale permanente Quadra Trac est optionnel jusqu&rsquo;en 1979 puis mont\u00e9 en s\u00e9rie avant d&rsquo;\u00eatre remplac\u00e9 par le syst\u00e8me Selec Trac plus performant.<\/p>\n<p>Il conna\u00eet un grand succ\u00e8s aupr\u00e8s des clients recherchant un v\u00e9hicule de loisirs pratique et confortable. Fin 1976 apparaissent une version quatre portes ainsi qu&rsquo;une version Chief dot\u00e9e de roues larges, de gros pneus, d&rsquo;\u00e9largisseurs d&rsquo;ailes, d&rsquo;une peinture deux tons et de marquages appropri\u00e9s. Freins \u00e0 disques assist\u00e9s et direction assist\u00e9e, eux aussi optionnels jusqu&rsquo;\u00e0 cette m\u00eame ann\u00e9e sont d\u00e9sormais des \u00e9quipement de s\u00e9rie sur toute la gamme. La commercialisation du Cherokee SJ prend fin avec l&rsquo;arriv\u00e9e du Cherokee XJ en 1984.<\/p>\n<figure id=\"attachment_1574\" aria-describedby=\"caption-attachment-1574\" style=\"width: 315px\" class=\"wp-caption aligncenter\"><img loading=\"lazy\" decoding=\"async\" class=\"wp-image-1574 size-full\" style=\"border: 0px; margin-top: 0px; margin-bottom: 0px;\" title=\"cher_1979\" src=\"https:\/\/www.uscars.biz\/uscars.wordpress\/wp-content\/uploads\/2012\/12\/cher_1979.jpg\" alt=\"\" width=\"315\" height=\"192\" srcset=\"https:\/\/www.uscars.biz\/uscars.wordpress\/wp-content\/uploads\/2012\/12\/cher_1979.jpg 315w, https:\/\/www.uscars.biz\/uscars.wordpress\/wp-content\/uploads\/2012\/12\/cher_1979-300x182.jpg 300w\" sizes=\"auto, (max-width: 315px) 100vw, 315px\" \/><figcaption id=\"caption-attachment-1574\" class=\"wp-caption-text\">Cherokee 1979<\/figcaption><\/figure>\n<div class=\"mceTemp\">&nbsp;<\/div>\n<p>&nbsp;<\/p>\n<figure id=\"attachment_1575\" aria-describedby=\"caption-attachment-1575\" style=\"width: 315px\" class=\"wp-caption aligncenter\"><img loading=\"lazy\" decoding=\"async\" class=\"wp-image-1575 size-full\" style=\"border: 0px; margin-top: 0px; margin-bottom: 0px;\" title=\"cher_1982\" src=\"https:\/\/www.uscars.biz\/uscars.wordpress\/wp-content\/uploads\/2012\/12\/cher_1982.jpg\" alt=\"\" width=\"315\" height=\"160\" srcset=\"https:\/\/www.uscars.biz\/uscars.wordpress\/wp-content\/uploads\/2012\/12\/cher_1982.jpg 315w, https:\/\/www.uscars.biz\/uscars.wordpress\/wp-content\/uploads\/2012\/12\/cher_1982-300x152.jpg 300w\" sizes=\"auto, (max-width: 315px) 100vw, 315px\" \/><figcaption id=\"caption-attachment-1575\" class=\"wp-caption-text\">Cherokee 1982<\/figcaption><\/figure>\n","protected":false},"excerpt":{"rendered":"<p>&nbsp; Le premier Cherokee sort des cha\u00eenes de production de l&rsquo;American Motors Company en 1974. Il s&rsquo;agit de la version deux portes du Wagoneer avec un ch\u00e2ssis renforc\u00e9 et des voies \u00e9largies. Il est disponible en finition de base et en version S plus luxueuse. Le Cherokee est anim\u00e9 soit par un six cylindres en [&hellip;]<\/p>\n","protected":false},"author":1,"featured_media":0,"parent":173,"menu_order":2,"comment_status":"closed","ping_status":"closed","template":"","meta":{"ngg_post_thumbnail":0,"footnotes":""},"class_list":["post-1022047","page","type-page","status-publish","hentry"],"yoast_head":"<!-- This site is optimized with the Yoast SEO plugin v27.3 - https:\/\/yoast.com\/product\/yoast-seo-wordpress\/ -->\n<title>Historique du Cherokee - US Cars<\/title>\n<meta name=\"robots\" content=\"index, follow, max-snippet:-1, max-image-preview:large, max-video-preview:-1\" \/>\n<link rel=\"canonical\" href=\"https:\/\/www.uscars.biz\/uscars.wordpress\/jeep\/sj-wagoneer-cherokee\/historique-cherokee\/\" \/>\n<meta property=\"og:locale\" content=\"fr_FR\" \/>\n<meta property=\"og:type\" content=\"article\" \/>\n<meta property=\"og:title\" content=\"Historique du Cherokee - US Cars\" \/>\n<meta property=\"og:description\" content=\"&nbsp; Le premier Cherokee sort des cha\u00eenes de production de l&rsquo;American Motors Company en 1974. Il s&rsquo;agit de la version deux portes du Wagoneer avec un ch\u00e2ssis renforc\u00e9 et des voies \u00e9largies. Il est disponible en finition de base et en version S plus luxueuse. Le Cherokee est anim\u00e9 soit par un six cylindres en [&hellip;]\" \/>\n<meta property=\"og:url\" content=\"https:\/\/www.uscars.biz\/uscars.wordpress\/jeep\/sj-wagoneer-cherokee\/historique-cherokee\/\" \/>\n<meta property=\"og:site_name\" content=\"US Cars\" \/>\n<meta property=\"article:publisher\" content=\"https:\/\/www.facebook.com\/uscars.france\" \/>\n<meta property=\"article:modified_time\" content=\"2025-06-07T15:38:49+00:00\" \/>\n<meta property=\"og:image\" content=\"https:\/\/www.uscars.biz\/uscars.wordpress\/wp-content\/uploads\/2012\/12\/cher_1974.jpg\" \/>\n\t<meta property=\"og:image:width\" content=\"320\" \/>\n\t<meta property=\"og:image:height\" content=\"224\" \/>\n\t<meta property=\"og:image:type\" content=\"image\/jpeg\" \/>\n<meta name=\"twitter:card\" content=\"summary_large_image\" \/>\n<meta name=\"twitter:site\" content=\"@uscarsfrance\" \/>\n<meta name=\"twitter:label1\" content=\"Dur\u00e9e de lecture estim\u00e9e\" \/>\n\t<meta name=\"twitter:data1\" content=\"2 minutes\" \/>\n<script type=\"application\/ld+json\" class=\"yoast-schema-graph\">{\"@context\":\"https:\\\/\\\/schema.org\",\"@graph\":[{\"@type\":\"WebPage\",\"@id\":\"https:\\\/\\\/www.uscars.biz\\\/uscars.wordpress\\\/jeep\\\/sj-wagoneer-cherokee\\\/historique-cherokee\\\/\",\"url\":\"https:\\\/\\\/www.uscars.biz\\\/uscars.wordpress\\\/jeep\\\/sj-wagoneer-cherokee\\\/historique-cherokee\\\/\",\"name\":\"Historique du Cherokee - US Cars\",\"isPartOf\":{\"@id\":\"https:\\\/\\\/www.uscars.biz\\\/uscars.wordpress\\\/#website\"},\"primaryImageOfPage\":{\"@id\":\"https:\\\/\\\/www.uscars.biz\\\/uscars.wordpress\\\/jeep\\\/sj-wagoneer-cherokee\\\/historique-cherokee\\\/#primaryimage\"},\"image\":{\"@id\":\"https:\\\/\\\/www.uscars.biz\\\/uscars.wordpress\\\/jeep\\\/sj-wagoneer-cherokee\\\/historique-cherokee\\\/#primaryimage\"},\"thumbnailUrl\":\"https:\\\/\\\/www.uscars.biz\\\/uscars.wordpress\\\/wp-content\\\/uploads\\\/2012\\\/12\\\/cher_1974.jpg\",\"datePublished\":\"2025-06-07T15:33:21+00:00\",\"dateModified\":\"2025-06-07T15:38:49+00:00\",\"breadcrumb\":{\"@id\":\"https:\\\/\\\/www.uscars.biz\\\/uscars.wordpress\\\/jeep\\\/sj-wagoneer-cherokee\\\/historique-cherokee\\\/#breadcrumb\"},\"inLanguage\":\"fr-FR\",\"potentialAction\":[{\"@type\":\"ReadAction\",\"target\":[\"https:\\\/\\\/www.uscars.biz\\\/uscars.wordpress\\\/jeep\\\/sj-wagoneer-cherokee\\\/historique-cherokee\\\/\"]}]},{\"@type\":\"ImageObject\",\"inLanguage\":\"fr-FR\",\"@id\":\"https:\\\/\\\/www.uscars.biz\\\/uscars.wordpress\\\/jeep\\\/sj-wagoneer-cherokee\\\/historique-cherokee\\\/#primaryimage\",\"url\":\"https:\\\/\\\/www.uscars.biz\\\/uscars.wordpress\\\/wp-content\\\/uploads\\\/2012\\\/12\\\/cher_1974.jpg\",\"contentUrl\":\"https:\\\/\\\/www.uscars.biz\\\/uscars.wordpress\\\/wp-content\\\/uploads\\\/2012\\\/12\\\/cher_1974.jpg\",\"width\":\"320\",\"height\":\"224\"},{\"@type\":\"BreadcrumbList\",\"@id\":\"https:\\\/\\\/www.uscars.biz\\\/uscars.wordpress\\\/jeep\\\/sj-wagoneer-cherokee\\\/historique-cherokee\\\/#breadcrumb\",\"itemListElement\":[{\"@type\":\"ListItem\",\"position\":1,\"name\":\"Accueil\",\"item\":\"https:\\\/\\\/www.uscars.biz\\\/uscars.wordpress\\\/\"},{\"@type\":\"ListItem\",\"position\":2,\"name\":\"Jeep\",\"item\":\"https:\\\/\\\/www.uscars.biz\\\/uscars.wordpress\\\/jeep\\\/\"},{\"@type\":\"ListItem\",\"position\":3,\"name\":\"Jeep SJ Wagoneer et Cherokee de 1963 \u00e0 1991\",\"item\":\"https:\\\/\\\/www.uscars.biz\\\/uscars.wordpress\\\/jeep\\\/sj-wagoneer-cherokee\\\/\"},{\"@type\":\"ListItem\",\"position\":4,\"name\":\"Historique du Cherokee\"}]},{\"@type\":\"WebSite\",\"@id\":\"https:\\\/\\\/www.uscars.biz\\\/uscars.wordpress\\\/#website\",\"url\":\"https:\\\/\\\/www.uscars.biz\\\/uscars.wordpress\\\/\",\"name\":\"US Cars\",\"description\":\"La passion des voitures am\u00e9ricaines\",\"publisher\":{\"@id\":\"https:\\\/\\\/www.uscars.biz\\\/uscars.wordpress\\\/#organization\"},\"potentialAction\":[{\"@type\":\"SearchAction\",\"target\":{\"@type\":\"EntryPoint\",\"urlTemplate\":\"https:\\\/\\\/www.uscars.biz\\\/uscars.wordpress\\\/?s={search_term_string}\"},\"query-input\":{\"@type\":\"PropertyValueSpecification\",\"valueRequired\":true,\"valueName\":\"search_term_string\"}}],\"inLanguage\":\"fr-FR\"},{\"@type\":\"Organization\",\"@id\":\"https:\\\/\\\/www.uscars.biz\\\/uscars.wordpress\\\/#organization\",\"name\":\"US Cars\",\"url\":\"https:\\\/\\\/www.uscars.biz\\\/uscars.wordpress\\\/\",\"logo\":{\"@type\":\"ImageObject\",\"inLanguage\":\"fr-FR\",\"@id\":\"https:\\\/\\\/www.uscars.biz\\\/uscars.wordpress\\\/#\\\/schema\\\/logo\\\/image\\\/\",\"url\":\"https:\\\/\\\/www.uscars.biz\\\/uscars.wordpress\\\/wp-content\\\/uploads\\\/2016\\\/09\\\/cropped-uscars_carre_512x512.png\",\"contentUrl\":\"https:\\\/\\\/www.uscars.biz\\\/uscars.wordpress\\\/wp-content\\\/uploads\\\/2016\\\/09\\\/cropped-uscars_carre_512x512.png\",\"width\":512,\"height\":512,\"caption\":\"US Cars\"},\"image\":{\"@id\":\"https:\\\/\\\/www.uscars.biz\\\/uscars.wordpress\\\/#\\\/schema\\\/logo\\\/image\\\/\"},\"sameAs\":[\"https:\\\/\\\/www.facebook.com\\\/uscars.france\",\"https:\\\/\\\/x.com\\\/uscarsfrance\",\"https:\\\/\\\/www.youtube.com\\\/user\\\/uscarsdotbiz\"]}]}<\/script>\n<!-- \/ Yoast SEO plugin. -->","yoast_head_json":{"title":"Historique du Cherokee - US Cars","robots":{"index":"index","follow":"follow","max-snippet":"max-snippet:-1","max-image-preview":"max-image-preview:large","max-video-preview":"max-video-preview:-1"},"canonical":"https:\/\/www.uscars.biz\/uscars.wordpress\/jeep\/sj-wagoneer-cherokee\/historique-cherokee\/","og_locale":"fr_FR","og_type":"article","og_title":"Historique du Cherokee - US Cars","og_description":"&nbsp; Le premier Cherokee sort des cha\u00eenes de production de l&rsquo;American Motors Company en 1974. Il s&rsquo;agit de la version deux portes du Wagoneer avec un ch\u00e2ssis renforc\u00e9 et des voies \u00e9largies. Il est disponible en finition de base et en version S plus luxueuse. Le Cherokee est anim\u00e9 soit par un six cylindres en [&hellip;]","og_url":"https:\/\/www.uscars.biz\/uscars.wordpress\/jeep\/sj-wagoneer-cherokee\/historique-cherokee\/","og_site_name":"US Cars","article_publisher":"https:\/\/www.facebook.com\/uscars.france","article_modified_time":"2025-06-07T15:38:49+00:00","og_image":[{"width":320,"height":224,"url":"https:\/\/www.uscars.biz\/uscars.wordpress\/wp-content\/uploads\/2012\/12\/cher_1974.jpg","type":"image\/jpeg"}],"twitter_card":"summary_large_image","twitter_site":"@uscarsfrance","twitter_misc":{"Dur\u00e9e de lecture estim\u00e9e":"2 minutes"},"schema":{"@context":"https:\/\/schema.org","@graph":[{"@type":"WebPage","@id":"https:\/\/www.uscars.biz\/uscars.wordpress\/jeep\/sj-wagoneer-cherokee\/historique-cherokee\/","url":"https:\/\/www.uscars.biz\/uscars.wordpress\/jeep\/sj-wagoneer-cherokee\/historique-cherokee\/","name":"Historique du Cherokee - US Cars","isPartOf":{"@id":"https:\/\/www.uscars.biz\/uscars.wordpress\/#website"},"primaryImageOfPage":{"@id":"https:\/\/www.uscars.biz\/uscars.wordpress\/jeep\/sj-wagoneer-cherokee\/historique-cherokee\/#primaryimage"},"image":{"@id":"https:\/\/www.uscars.biz\/uscars.wordpress\/jeep\/sj-wagoneer-cherokee\/historique-cherokee\/#primaryimage"},"thumbnailUrl":"https:\/\/www.uscars.biz\/uscars.wordpress\/wp-content\/uploads\/2012\/12\/cher_1974.jpg","datePublished":"2025-06-07T15:33:21+00:00","dateModified":"2025-06-07T15:38:49+00:00","breadcrumb":{"@id":"https:\/\/www.uscars.biz\/uscars.wordpress\/jeep\/sj-wagoneer-cherokee\/historique-cherokee\/#breadcrumb"},"inLanguage":"fr-FR","potentialAction":[{"@type":"ReadAction","target":["https:\/\/www.uscars.biz\/uscars.wordpress\/jeep\/sj-wagoneer-cherokee\/historique-cherokee\/"]}]},{"@type":"ImageObject","inLanguage":"fr-FR","@id":"https:\/\/www.uscars.biz\/uscars.wordpress\/jeep\/sj-wagoneer-cherokee\/historique-cherokee\/#primaryimage","url":"https:\/\/www.uscars.biz\/uscars.wordpress\/wp-content\/uploads\/2012\/12\/cher_1974.jpg","contentUrl":"https:\/\/www.uscars.biz\/uscars.wordpress\/wp-content\/uploads\/2012\/12\/cher_1974.jpg","width":"320","height":"224"},{"@type":"BreadcrumbList","@id":"https:\/\/www.uscars.biz\/uscars.wordpress\/jeep\/sj-wagoneer-cherokee\/historique-cherokee\/#breadcrumb","itemListElement":[{"@type":"ListItem","position":1,"name":"Accueil","item":"https:\/\/www.uscars.biz\/uscars.wordpress\/"},{"@type":"ListItem","position":2,"name":"Jeep","item":"https:\/\/www.uscars.biz\/uscars.wordpress\/jeep\/"},{"@type":"ListItem","position":3,"name":"Jeep SJ Wagoneer et Cherokee de 1963 \u00e0 1991","item":"https:\/\/www.uscars.biz\/uscars.wordpress\/jeep\/sj-wagoneer-cherokee\/"},{"@type":"ListItem","position":4,"name":"Historique du Cherokee"}]},{"@type":"WebSite","@id":"https:\/\/www.uscars.biz\/uscars.wordpress\/#website","url":"https:\/\/www.uscars.biz\/uscars.wordpress\/","name":"US Cars","description":"La passion des voitures am\u00e9ricaines","publisher":{"@id":"https:\/\/www.uscars.biz\/uscars.wordpress\/#organization"},"potentialAction":[{"@type":"SearchAction","target":{"@type":"EntryPoint","urlTemplate":"https:\/\/www.uscars.biz\/uscars.wordpress\/?s={search_term_string}"},"query-input":{"@type":"PropertyValueSpecification","valueRequired":true,"valueName":"search_term_string"}}],"inLanguage":"fr-FR"},{"@type":"Organization","@id":"https:\/\/www.uscars.biz\/uscars.wordpress\/#organization","name":"US Cars","url":"https:\/\/www.uscars.biz\/uscars.wordpress\/","logo":{"@type":"ImageObject","inLanguage":"fr-FR","@id":"https:\/\/www.uscars.biz\/uscars.wordpress\/#\/schema\/logo\/image\/","url":"https:\/\/www.uscars.biz\/uscars.wordpress\/wp-content\/uploads\/2016\/09\/cropped-uscars_carre_512x512.png","contentUrl":"https:\/\/www.uscars.biz\/uscars.wordpress\/wp-content\/uploads\/2016\/09\/cropped-uscars_carre_512x512.png","width":512,"height":512,"caption":"US Cars"},"image":{"@id":"https:\/\/www.uscars.biz\/uscars.wordpress\/#\/schema\/logo\/image\/"},"sameAs":["https:\/\/www.facebook.com\/uscars.france","https:\/\/x.com\/uscarsfrance","https:\/\/www.youtube.com\/user\/uscarsdotbiz"]}]}},"jetpack_sharing_enabled":true,"jetpack_shortlink":"https:\/\/wp.me\/P2RQDg-4hSD","_links":{"self":[{"href":"https:\/\/www.uscars.biz\/uscars.wordpress\/wp-json\/wp\/v2\/pages\/1022047","targetHints":{"allow":["GET"]}}],"collection":[{"href":"https:\/\/www.uscars.biz\/uscars.wordpress\/wp-json\/wp\/v2\/pages"}],"about":[{"href":"https:\/\/www.uscars.biz\/uscars.wordpress\/wp-json\/wp\/v2\/types\/page"}],"author":[{"embeddable":true,"href":"https:\/\/www.uscars.biz\/uscars.wordpress\/wp-json\/wp\/v2\/users\/1"}],"replies":[{"embeddable":true,"href":"https:\/\/www.uscars.biz\/uscars.wordpress\/wp-json\/wp\/v2\/comments?post=1022047"}],"version-history":[{"count":5,"href":"https:\/\/www.uscars.biz\/uscars.wordpress\/wp-json\/wp\/v2\/pages\/1022047\/revisions"}],"predecessor-version":[{"id":1022057,"href":"https:\/\/www.uscars.biz\/uscars.wordpress\/wp-json\/wp\/v2\/pages\/1022047\/revisions\/1022057"}],"up":[{"embeddable":true,"href":"https:\/\/www.uscars.biz\/uscars.wordpress\/wp-json\/wp\/v2\/pages\/173"}],"wp:attachment":[{"href":"https:\/\/www.uscars.biz\/uscars.wordpress\/wp-json\/wp\/v2\/media?parent=1022047"}],"curies":[{"name":"wp","href":"https:\/\/api.w.org\/{rel}","templated":true}]}}