{"id":1022095,"date":"2025-06-07T18:08:27","date_gmt":"2025-06-07T16:08:27","guid":{"rendered":"https:\/\/www.uscars.biz\/uscars.wordpress\/?page_id=1022095"},"modified":"2025-06-07T19:04:12","modified_gmt":"2025-06-07T17:04:12","slug":"historique-cherokee-kj","status":"publish","type":"page","link":"https:\/\/www.uscars.biz\/uscars.wordpress\/jeep\/cherokee\/historique-cherokee-kj\/","title":{"rendered":"Historique du Cherokee KJ"},"content":{"rendered":"<p><img loading=\"lazy\" decoding=\"async\" class=\"size-full wp-image-1650 aligncenter\" style=\"border: 0px; margin-top: 0px; margin-bottom: 0px;\" title=\"cher_2001_1\" src=\"https:\/\/www.uscars.biz\/uscars.wordpress\/wp-content\/uploads\/2012\/12\/cher_2001_1.jpg\" alt=\"\" width=\"640\" height=\"496\" srcset=\"https:\/\/www.uscars.biz\/uscars.wordpress\/wp-content\/uploads\/2012\/12\/cher_2001_1.jpg 640w, https:\/\/www.uscars.biz\/uscars.wordpress\/wp-content\/uploads\/2012\/12\/cher_2001_1-300x232.jpg 300w\" sizes=\"auto, (max-width: 640px) 100vw, 640px\" \/><\/p>\n<p><img loading=\"lazy\" decoding=\"async\" class=\"size-full wp-image-1651 aligncenter\" style=\"border: 0px; margin-top: 0px; margin-bottom: 0px;\" title=\"cher_2001_2\" src=\"https:\/\/www.uscars.biz\/uscars.wordpress\/wp-content\/uploads\/2012\/12\/cher_2001_2.jpg\" alt=\"\" width=\"320\" height=\"256\" srcset=\"https:\/\/www.uscars.biz\/uscars.wordpress\/wp-content\/uploads\/2012\/12\/cher_2001_2.jpg 320w, https:\/\/www.uscars.biz\/uscars.wordpress\/wp-content\/uploads\/2012\/12\/cher_2001_2-300x240.jpg 300w\" sizes=\"auto, (max-width: 320px) 100vw, 320px\" \/><\/p>\n<p>&nbsp;<\/p>\n<p>Le nouveau Cherokee, rebaptis\u00e9 \u00ab\u00a0Liberty\u00a0\u00bb outre-Atlantique, est commercialis\u00e9 pour l&rsquo;automne 2001. Pour perp\u00e9tuer l&rsquo;h\u00e9ritage de la Willys MB, les phares ronds ont \u00e9t\u00e9 le point de d\u00e9part du concept. Ils encadrent la l\u00e9gendaire calandre Jeep. La nouvelle carrosserie donne une impression de force et de robustesse. La roue de secours est d\u00e9port\u00e9e sur le hayon. Des plaques de protection en acier prot\u00e8gent la suspension avant, le carter de transfert et le r\u00e9servoir. Pour la premi\u00e8re fois sur une Jeep, la direction est \u00e0 cr\u00e9maill\u00e8re. La tenue de route est am\u00e9lior\u00e9e gr\u00e2ce \u00e0 l&rsquo;adoption d&rsquo;une nouvelle suspension avant \u00e0 roues ind\u00e9pendantes et pont arri\u00e8re fixe.<\/p>\n<p>Trois motorisations PowerTech sont disponibles : un quatre cylindres seize soupapes essence de 2,4 litres et 147 chevaux, un quatre cylindres Turbo Diesel \u00e0 injection directe et rampe commune de 2,5 litres et 143 chevaux, un tout nouveau six cylindres en V essence de 3,7 litres et 211 chevaux.<\/p>\n<p>Seule la version V6 est dot\u00e9e d&rsquo;une bo\u00eete de vitesses automatique \u00e0 quatre rapports accoupl\u00e9e \u00e0 une transmission int\u00e9grale permanente d\u00e9riv\u00e9e du Grand Cherokee. Les autres motorisations sont associ\u00e9es \u00e0 la classique transmission enclenchable Command Trac sur bo\u00eete de vitesses manuelle \u00e0 cinq rapports. Dans cette configuration, en mode 4&#215;4 bo\u00eete courte, un nouveau capteur rend possible le d\u00e9marrage et l&rsquo;arr\u00eat du v\u00e9hicule avec une vitesse engag\u00e9e.<\/p>\n<figure id=\"attachment_1652\" aria-describedby=\"caption-attachment-1652\" style=\"width: 320px\" class=\"wp-caption aligncenter\"><img loading=\"lazy\" decoding=\"async\" class=\"size-full wp-image-1652 \" style=\"border: 0px; margin-top: 0px; margin-bottom: 0px;\" title=\"cher_2001_3\" src=\"https:\/\/www.uscars.biz\/uscars.wordpress\/wp-content\/uploads\/2012\/12\/cher_2001_3.jpg\" alt=\"\" width=\"320\" height=\"256\" srcset=\"https:\/\/www.uscars.biz\/uscars.wordpress\/wp-content\/uploads\/2012\/12\/cher_2001_3.jpg 320w, https:\/\/www.uscars.biz\/uscars.wordpress\/wp-content\/uploads\/2012\/12\/cher_2001_3-300x240.jpg 300w\" sizes=\"auto, (max-width: 320px) 100vw, 320px\" \/><figcaption id=\"caption-attachment-1652\" class=\"wp-caption-text\">Motorisation CRD 2,5 litres<\/figcaption><\/figure>\n<p>&nbsp;<\/p>\n<p>La motorisation essence 2,4 litres est disponible dans les finitions Sport et Jamboree, la motorisation essence 3,7 litres uniquement dans la finition Limited. La motorisation Turbo Diesel 2,5 litres peut \u00e9quiper les trois niveaux de finition.<\/p>\n<p><img loading=\"lazy\" decoding=\"async\" class=\"size-full wp-image-1653 aligncenter\" style=\"border: 0px; margin-top: 0px; margin-bottom: 0px;\" title=\"cher_2001_b1\" src=\"https:\/\/www.uscars.biz\/uscars.wordpress\/wp-content\/uploads\/2012\/12\/cher_2001_b1.jpg\" alt=\"\" width=\"315\" height=\"208\" srcset=\"https:\/\/www.uscars.biz\/uscars.wordpress\/wp-content\/uploads\/2012\/12\/cher_2001_b1.jpg 315w, https:\/\/www.uscars.biz\/uscars.wordpress\/wp-content\/uploads\/2012\/12\/cher_2001_b1-300x198.jpg 300w\" sizes=\"auto, (max-width: 315px) 100vw, 315px\" \/><\/p>\n<p><img loading=\"lazy\" decoding=\"async\" class=\"size-full wp-image-1654 aligncenter\" style=\"border: 0px; margin-top: 0px; margin-bottom: 0px;\" title=\"cher_2001_b2\" src=\"https:\/\/www.uscars.biz\/uscars.wordpress\/wp-content\/uploads\/2012\/12\/cher_2001_b2.jpg\" alt=\"\" width=\"315\" height=\"208\" srcset=\"https:\/\/www.uscars.biz\/uscars.wordpress\/wp-content\/uploads\/2012\/12\/cher_2001_b2.jpg 315w, https:\/\/www.uscars.biz\/uscars.wordpress\/wp-content\/uploads\/2012\/12\/cher_2001_b2-300x198.jpg 300w\" sizes=\"auto, (max-width: 315px) 100vw, 315px\" \/><\/p>\n<p>&nbsp;<\/p>\n<p>La gamme est renouvel\u00e9e \u00e0 l&rsquo;occasion du salon de Paris d&rsquo;octobre 2002. Si la motorisation Turbo Diesel 2,5 litres continue d&rsquo;\u00e9quiper le Cherokee en finition Sport, les versions Jamboree et Limited re\u00e7oivent un groupe 2,8 litres CRD d\u00e9veloppant 150 chevaux et accoupl\u00e9 \u00e0 une bo\u00eete de vitesse automatique \u00e0 cinq rapports. La motorisation essence 2,4 litres n&rsquo;est plus commercialis\u00e9e qu&rsquo;avec la finition Jamboree.<\/p>\n<p>Un restylage est pr\u00e9sent\u00e9 au cours de l&rsquo;\u00e9t\u00e9 2004. La calandre chrom\u00e9e ou non selon les versions int\u00e8gre les antibrouillards et les clignotants sont d\u00e9plac\u00e9s sur les ailes. Les feux arri\u00e8re sont redessin\u00e9s. Dans l&rsquo;habitacle, les commandes des vitres et des r\u00e9troviseurs \u00e9lectriques jusque l\u00e0 situ\u00e9es sur la console centrale sont d\u00e9sormais dispos\u00e9es sur la porti\u00e8re conducteur. Un nouveau combin\u00e9 d&rsquo;instruments et une meilleure sellerie font leur apparition.<\/p>\n<p>La gamme est simplifi\u00e9e. Les motorisations essence 2,4 litres et Turbo Diesel 2,5 litres sont abandonn\u00e9es. Le moteur 2,8 litres CRD gagne 13 chevaux, accoupl\u00e9 \u00e0 une bo\u00eete de vitesse manuelle \u00e0 six rapports ou \u00e0 une bo\u00eete de vitesse automatique \u00e0 cinq rapports. Le Cherokee 2,8 litres CRD est disponible dans les versions Wild Dream ou Limited avec bo\u00eete manuelle ou automatique (soit 4 mod\u00e8les). Le Cherokee 3,7 litres essence est propos\u00e9 en version Limited avec bo\u00eete automatique uniquement.<\/p>\n<p><img loading=\"lazy\" decoding=\"async\" class=\"size-full wp-image-1657 aligncenter\" style=\"border: 0px; margin-top: 0px; margin-bottom: 0px;\" title=\"liberty_2004_a1\" src=\"https:\/\/www.uscars.biz\/uscars.wordpress\/wp-content\/uploads\/2012\/12\/liberty_2004_a1.jpg\" alt=\"\" width=\"320\" height=\"320\" srcset=\"https:\/\/www.uscars.biz\/uscars.wordpress\/wp-content\/uploads\/2012\/12\/liberty_2004_a1.jpg 320w, https:\/\/www.uscars.biz\/uscars.wordpress\/wp-content\/uploads\/2012\/12\/liberty_2004_a1-150x150.jpg 150w, https:\/\/www.uscars.biz\/uscars.wordpress\/wp-content\/uploads\/2012\/12\/liberty_2004_a1-300x300.jpg 300w\" sizes=\"auto, (max-width: 320px) 100vw, 320px\" \/><\/p>\n<p>&nbsp;<\/p>\n<p>La motorisation 3,7 litres essence dispara\u00eet du catalogue \u00e0 l&rsquo;\u00e9t\u00e9 2007 et ne subsiste que le moteur 2,8 litres CRD. Le Cherokee KJ est remplac\u00e9 en 2008 par un nouveau mod\u00e8le con\u00e7u sur la base du Dodge Nitro.<\/p>\n","protected":false},"excerpt":{"rendered":"<p>&nbsp; Le nouveau Cherokee, rebaptis\u00e9 \u00ab\u00a0Liberty\u00a0\u00bb outre-Atlantique, est commercialis\u00e9 pour l&rsquo;automne 2001. Pour perp\u00e9tuer l&rsquo;h\u00e9ritage de la Willys MB, les phares ronds ont \u00e9t\u00e9 le point de d\u00e9part du concept. Ils encadrent la l\u00e9gendaire calandre Jeep. La nouvelle carrosserie donne une impression de force et de robustesse. La roue de secours est d\u00e9port\u00e9e sur le [&hellip;]<\/p>\n","protected":false},"author":1,"featured_media":0,"parent":155,"menu_order":2,"comment_status":"closed","ping_status":"closed","template":"","meta":{"ngg_post_thumbnail":0,"footnotes":""},"class_list":["post-1022095","page","type-page","status-publish","hentry"],"yoast_head":"<!-- This site is optimized with the Yoast SEO plugin v27.3 - https:\/\/yoast.com\/product\/yoast-seo-wordpress\/ -->\n<title>Historique du Cherokee KJ - US Cars<\/title>\n<meta name=\"robots\" content=\"index, follow, max-snippet:-1, max-image-preview:large, max-video-preview:-1\" \/>\n<link rel=\"canonical\" href=\"https:\/\/www.uscars.biz\/uscars.wordpress\/jeep\/cherokee\/historique-cherokee-kj\/\" \/>\n<meta property=\"og:locale\" content=\"fr_FR\" \/>\n<meta property=\"og:type\" content=\"article\" \/>\n<meta property=\"og:title\" content=\"Historique du Cherokee KJ - US Cars\" \/>\n<meta property=\"og:description\" content=\"&nbsp; Le nouveau Cherokee, rebaptis\u00e9 \u00ab\u00a0Liberty\u00a0\u00bb outre-Atlantique, est commercialis\u00e9 pour l&rsquo;automne 2001. Pour perp\u00e9tuer l&rsquo;h\u00e9ritage de la Willys MB, les phares ronds ont \u00e9t\u00e9 le point de d\u00e9part du concept. Ils encadrent la l\u00e9gendaire calandre Jeep. La nouvelle carrosserie donne une impression de force et de robustesse. La roue de secours est d\u00e9port\u00e9e sur le [&hellip;]\" \/>\n<meta property=\"og:url\" content=\"https:\/\/www.uscars.biz\/uscars.wordpress\/jeep\/cherokee\/historique-cherokee-kj\/\" \/>\n<meta property=\"og:site_name\" content=\"US Cars\" \/>\n<meta property=\"article:publisher\" content=\"https:\/\/www.facebook.com\/uscars.france\" \/>\n<meta property=\"article:modified_time\" content=\"2025-06-07T17:04:12+00:00\" \/>\n<meta property=\"og:image\" content=\"https:\/\/www.uscars.biz\/uscars.wordpress\/wp-content\/uploads\/2012\/12\/cher_2001_1.jpg\" \/>\n\t<meta property=\"og:image:width\" content=\"640\" \/>\n\t<meta property=\"og:image:height\" content=\"496\" \/>\n\t<meta property=\"og:image:type\" content=\"image\/jpeg\" \/>\n<meta name=\"twitter:card\" content=\"summary_large_image\" \/>\n<meta name=\"twitter:site\" content=\"@uscarsfrance\" \/>\n<meta name=\"twitter:label1\" content=\"Dur\u00e9e de lecture estim\u00e9e\" \/>\n\t<meta name=\"twitter:data1\" content=\"4 minutes\" \/>\n<script type=\"application\/ld+json\" class=\"yoast-schema-graph\">{\"@context\":\"https:\\\/\\\/schema.org\",\"@graph\":[{\"@type\":\"WebPage\",\"@id\":\"https:\\\/\\\/www.uscars.biz\\\/uscars.wordpress\\\/jeep\\\/cherokee\\\/historique-cherokee-kj\\\/\",\"url\":\"https:\\\/\\\/www.uscars.biz\\\/uscars.wordpress\\\/jeep\\\/cherokee\\\/historique-cherokee-kj\\\/\",\"name\":\"Historique du Cherokee KJ - US Cars\",\"isPartOf\":{\"@id\":\"https:\\\/\\\/www.uscars.biz\\\/uscars.wordpress\\\/#website\"},\"primaryImageOfPage\":{\"@id\":\"https:\\\/\\\/www.uscars.biz\\\/uscars.wordpress\\\/jeep\\\/cherokee\\\/historique-cherokee-kj\\\/#primaryimage\"},\"image\":{\"@id\":\"https:\\\/\\\/www.uscars.biz\\\/uscars.wordpress\\\/jeep\\\/cherokee\\\/historique-cherokee-kj\\\/#primaryimage\"},\"thumbnailUrl\":\"https:\\\/\\\/www.uscars.biz\\\/uscars.wordpress\\\/wp-content\\\/uploads\\\/2012\\\/12\\\/cher_2001_1.jpg\",\"datePublished\":\"2025-06-07T16:08:27+00:00\",\"dateModified\":\"2025-06-07T17:04:12+00:00\",\"breadcrumb\":{\"@id\":\"https:\\\/\\\/www.uscars.biz\\\/uscars.wordpress\\\/jeep\\\/cherokee\\\/historique-cherokee-kj\\\/#breadcrumb\"},\"inLanguage\":\"fr-FR\",\"potentialAction\":[{\"@type\":\"ReadAction\",\"target\":[\"https:\\\/\\\/www.uscars.biz\\\/uscars.wordpress\\\/jeep\\\/cherokee\\\/historique-cherokee-kj\\\/\"]}]},{\"@type\":\"ImageObject\",\"inLanguage\":\"fr-FR\",\"@id\":\"https:\\\/\\\/www.uscars.biz\\\/uscars.wordpress\\\/jeep\\\/cherokee\\\/historique-cherokee-kj\\\/#primaryimage\",\"url\":\"https:\\\/\\\/www.uscars.biz\\\/uscars.wordpress\\\/wp-content\\\/uploads\\\/2012\\\/12\\\/cher_2001_1.jpg\",\"contentUrl\":\"https:\\\/\\\/www.uscars.biz\\\/uscars.wordpress\\\/wp-content\\\/uploads\\\/2012\\\/12\\\/cher_2001_1.jpg\",\"width\":\"640\",\"height\":\"496\"},{\"@type\":\"BreadcrumbList\",\"@id\":\"https:\\\/\\\/www.uscars.biz\\\/uscars.wordpress\\\/jeep\\\/cherokee\\\/historique-cherokee-kj\\\/#breadcrumb\",\"itemListElement\":[{\"@type\":\"ListItem\",\"position\":1,\"name\":\"Accueil\",\"item\":\"https:\\\/\\\/www.uscars.biz\\\/uscars.wordpress\\\/\"},{\"@type\":\"ListItem\",\"position\":2,\"name\":\"Jeep\",\"item\":\"https:\\\/\\\/www.uscars.biz\\\/uscars.wordpress\\\/jeep\\\/\"},{\"@type\":\"ListItem\",\"position\":3,\"name\":\"Jeep Cherokee de 1984 \u00e0 2013\",\"item\":\"https:\\\/\\\/www.uscars.biz\\\/uscars.wordpress\\\/jeep\\\/cherokee\\\/\"},{\"@type\":\"ListItem\",\"position\":4,\"name\":\"Historique du Cherokee KJ\"}]},{\"@type\":\"WebSite\",\"@id\":\"https:\\\/\\\/www.uscars.biz\\\/uscars.wordpress\\\/#website\",\"url\":\"https:\\\/\\\/www.uscars.biz\\\/uscars.wordpress\\\/\",\"name\":\"US Cars\",\"description\":\"La passion des voitures am\u00e9ricaines\",\"publisher\":{\"@id\":\"https:\\\/\\\/www.uscars.biz\\\/uscars.wordpress\\\/#organization\"},\"potentialAction\":[{\"@type\":\"SearchAction\",\"target\":{\"@type\":\"EntryPoint\",\"urlTemplate\":\"https:\\\/\\\/www.uscars.biz\\\/uscars.wordpress\\\/?s={search_term_string}\"},\"query-input\":{\"@type\":\"PropertyValueSpecification\",\"valueRequired\":true,\"valueName\":\"search_term_string\"}}],\"inLanguage\":\"fr-FR\"},{\"@type\":\"Organization\",\"@id\":\"https:\\\/\\\/www.uscars.biz\\\/uscars.wordpress\\\/#organization\",\"name\":\"US Cars\",\"url\":\"https:\\\/\\\/www.uscars.biz\\\/uscars.wordpress\\\/\",\"logo\":{\"@type\":\"ImageObject\",\"inLanguage\":\"fr-FR\",\"@id\":\"https:\\\/\\\/www.uscars.biz\\\/uscars.wordpress\\\/#\\\/schema\\\/logo\\\/image\\\/\",\"url\":\"https:\\\/\\\/www.uscars.biz\\\/uscars.wordpress\\\/wp-content\\\/uploads\\\/2016\\\/09\\\/cropped-uscars_carre_512x512.png\",\"contentUrl\":\"https:\\\/\\\/www.uscars.biz\\\/uscars.wordpress\\\/wp-content\\\/uploads\\\/2016\\\/09\\\/cropped-uscars_carre_512x512.png\",\"width\":512,\"height\":512,\"caption\":\"US Cars\"},\"image\":{\"@id\":\"https:\\\/\\\/www.uscars.biz\\\/uscars.wordpress\\\/#\\\/schema\\\/logo\\\/image\\\/\"},\"sameAs\":[\"https:\\\/\\\/www.facebook.com\\\/uscars.france\",\"https:\\\/\\\/x.com\\\/uscarsfrance\",\"https:\\\/\\\/www.youtube.com\\\/user\\\/uscarsdotbiz\"]}]}<\/script>\n<!-- \/ Yoast SEO plugin. -->","yoast_head_json":{"title":"Historique du Cherokee KJ - US Cars","robots":{"index":"index","follow":"follow","max-snippet":"max-snippet:-1","max-image-preview":"max-image-preview:large","max-video-preview":"max-video-preview:-1"},"canonical":"https:\/\/www.uscars.biz\/uscars.wordpress\/jeep\/cherokee\/historique-cherokee-kj\/","og_locale":"fr_FR","og_type":"article","og_title":"Historique du Cherokee KJ - US Cars","og_description":"&nbsp; Le nouveau Cherokee, rebaptis\u00e9 \u00ab\u00a0Liberty\u00a0\u00bb outre-Atlantique, est commercialis\u00e9 pour l&rsquo;automne 2001. Pour perp\u00e9tuer l&rsquo;h\u00e9ritage de la Willys MB, les phares ronds ont \u00e9t\u00e9 le point de d\u00e9part du concept. Ils encadrent la l\u00e9gendaire calandre Jeep. La nouvelle carrosserie donne une impression de force et de robustesse. La roue de secours est d\u00e9port\u00e9e sur le [&hellip;]","og_url":"https:\/\/www.uscars.biz\/uscars.wordpress\/jeep\/cherokee\/historique-cherokee-kj\/","og_site_name":"US Cars","article_publisher":"https:\/\/www.facebook.com\/uscars.france","article_modified_time":"2025-06-07T17:04:12+00:00","og_image":[{"width":640,"height":496,"url":"https:\/\/www.uscars.biz\/uscars.wordpress\/wp-content\/uploads\/2012\/12\/cher_2001_1.jpg","type":"image\/jpeg"}],"twitter_card":"summary_large_image","twitter_site":"@uscarsfrance","twitter_misc":{"Dur\u00e9e de lecture estim\u00e9e":"4 minutes"},"schema":{"@context":"https:\/\/schema.org","@graph":[{"@type":"WebPage","@id":"https:\/\/www.uscars.biz\/uscars.wordpress\/jeep\/cherokee\/historique-cherokee-kj\/","url":"https:\/\/www.uscars.biz\/uscars.wordpress\/jeep\/cherokee\/historique-cherokee-kj\/","name":"Historique du Cherokee KJ - US Cars","isPartOf":{"@id":"https:\/\/www.uscars.biz\/uscars.wordpress\/#website"},"primaryImageOfPage":{"@id":"https:\/\/www.uscars.biz\/uscars.wordpress\/jeep\/cherokee\/historique-cherokee-kj\/#primaryimage"},"image":{"@id":"https:\/\/www.uscars.biz\/uscars.wordpress\/jeep\/cherokee\/historique-cherokee-kj\/#primaryimage"},"thumbnailUrl":"https:\/\/www.uscars.biz\/uscars.wordpress\/wp-content\/uploads\/2012\/12\/cher_2001_1.jpg","datePublished":"2025-06-07T16:08:27+00:00","dateModified":"2025-06-07T17:04:12+00:00","breadcrumb":{"@id":"https:\/\/www.uscars.biz\/uscars.wordpress\/jeep\/cherokee\/historique-cherokee-kj\/#breadcrumb"},"inLanguage":"fr-FR","potentialAction":[{"@type":"ReadAction","target":["https:\/\/www.uscars.biz\/uscars.wordpress\/jeep\/cherokee\/historique-cherokee-kj\/"]}]},{"@type":"ImageObject","inLanguage":"fr-FR","@id":"https:\/\/www.uscars.biz\/uscars.wordpress\/jeep\/cherokee\/historique-cherokee-kj\/#primaryimage","url":"https:\/\/www.uscars.biz\/uscars.wordpress\/wp-content\/uploads\/2012\/12\/cher_2001_1.jpg","contentUrl":"https:\/\/www.uscars.biz\/uscars.wordpress\/wp-content\/uploads\/2012\/12\/cher_2001_1.jpg","width":"640","height":"496"},{"@type":"BreadcrumbList","@id":"https:\/\/www.uscars.biz\/uscars.wordpress\/jeep\/cherokee\/historique-cherokee-kj\/#breadcrumb","itemListElement":[{"@type":"ListItem","position":1,"name":"Accueil","item":"https:\/\/www.uscars.biz\/uscars.wordpress\/"},{"@type":"ListItem","position":2,"name":"Jeep","item":"https:\/\/www.uscars.biz\/uscars.wordpress\/jeep\/"},{"@type":"ListItem","position":3,"name":"Jeep Cherokee de 1984 \u00e0 2013","item":"https:\/\/www.uscars.biz\/uscars.wordpress\/jeep\/cherokee\/"},{"@type":"ListItem","position":4,"name":"Historique du Cherokee KJ"}]},{"@type":"WebSite","@id":"https:\/\/www.uscars.biz\/uscars.wordpress\/#website","url":"https:\/\/www.uscars.biz\/uscars.wordpress\/","name":"US Cars","description":"La passion des voitures am\u00e9ricaines","publisher":{"@id":"https:\/\/www.uscars.biz\/uscars.wordpress\/#organization"},"potentialAction":[{"@type":"SearchAction","target":{"@type":"EntryPoint","urlTemplate":"https:\/\/www.uscars.biz\/uscars.wordpress\/?s={search_term_string}"},"query-input":{"@type":"PropertyValueSpecification","valueRequired":true,"valueName":"search_term_string"}}],"inLanguage":"fr-FR"},{"@type":"Organization","@id":"https:\/\/www.uscars.biz\/uscars.wordpress\/#organization","name":"US Cars","url":"https:\/\/www.uscars.biz\/uscars.wordpress\/","logo":{"@type":"ImageObject","inLanguage":"fr-FR","@id":"https:\/\/www.uscars.biz\/uscars.wordpress\/#\/schema\/logo\/image\/","url":"https:\/\/www.uscars.biz\/uscars.wordpress\/wp-content\/uploads\/2016\/09\/cropped-uscars_carre_512x512.png","contentUrl":"https:\/\/www.uscars.biz\/uscars.wordpress\/wp-content\/uploads\/2016\/09\/cropped-uscars_carre_512x512.png","width":512,"height":512,"caption":"US Cars"},"image":{"@id":"https:\/\/www.uscars.biz\/uscars.wordpress\/#\/schema\/logo\/image\/"},"sameAs":["https:\/\/www.facebook.com\/uscars.france","https:\/\/x.com\/uscarsfrance","https:\/\/www.youtube.com\/user\/uscarsdotbiz"]}]}},"jetpack_sharing_enabled":true,"jetpack_shortlink":"https:\/\/wp.me\/P2RQDg-4hTp","_links":{"self":[{"href":"https:\/\/www.uscars.biz\/uscars.wordpress\/wp-json\/wp\/v2\/pages\/1022095","targetHints":{"allow":["GET"]}}],"collection":[{"href":"https:\/\/www.uscars.biz\/uscars.wordpress\/wp-json\/wp\/v2\/pages"}],"about":[{"href":"https:\/\/www.uscars.biz\/uscars.wordpress\/wp-json\/wp\/v2\/types\/page"}],"author":[{"embeddable":true,"href":"https:\/\/www.uscars.biz\/uscars.wordpress\/wp-json\/wp\/v2\/users\/1"}],"replies":[{"embeddable":true,"href":"https:\/\/www.uscars.biz\/uscars.wordpress\/wp-json\/wp\/v2\/comments?post=1022095"}],"version-history":[{"count":4,"href":"https:\/\/www.uscars.biz\/uscars.wordpress\/wp-json\/wp\/v2\/pages\/1022095\/revisions"}],"predecessor-version":[{"id":1022135,"href":"https:\/\/www.uscars.biz\/uscars.wordpress\/wp-json\/wp\/v2\/pages\/1022095\/revisions\/1022135"}],"up":[{"embeddable":true,"href":"https:\/\/www.uscars.biz\/uscars.wordpress\/wp-json\/wp\/v2\/pages\/155"}],"wp:attachment":[{"href":"https:\/\/www.uscars.biz\/uscars.wordpress\/wp-json\/wp\/v2\/media?parent=1022095"}],"curies":[{"name":"wp","href":"https:\/\/api.w.org\/{rel}","templated":true}]}}