{"id":1022096,"date":"2025-06-07T18:08:56","date_gmt":"2025-06-07T16:08:56","guid":{"rendered":"https:\/\/www.uscars.biz\/uscars.wordpress\/?page_id=1022096"},"modified":"2025-06-07T19:04:06","modified_gmt":"2025-06-07T17:04:06","slug":"historique-cherokee-kk","status":"publish","type":"page","link":"https:\/\/www.uscars.biz\/uscars.wordpress\/jeep\/cherokee\/historique-cherokee-kk\/","title":{"rendered":"Historique du Cherokee KK"},"content":{"rendered":"<p><img loading=\"lazy\" decoding=\"async\" class=\"size-full wp-image-1658 aligncenter\" style=\"border: 0px; margin-top: 0px; margin-bottom: 0px;\" title=\"liberty_2008_a1\" src=\"https:\/\/www.uscars.biz\/uscars.wordpress\/wp-content\/uploads\/2012\/12\/liberty_2008_a1.jpg\" alt=\"\" width=\"640\" height=\"352\" srcset=\"https:\/\/www.uscars.biz\/uscars.wordpress\/wp-content\/uploads\/2012\/12\/liberty_2008_a1.jpg 640w, https:\/\/www.uscars.biz\/uscars.wordpress\/wp-content\/uploads\/2012\/12\/liberty_2008_a1-300x165.jpg 300w\" sizes=\"auto, (max-width: 640px) 100vw, 640px\" \/><\/p>\n<p>&nbsp;<\/p>\n<p>Le nouveau Cherokee, toujours baptis\u00e9 Liberty outre-Atlantique, est commercialis\u00e9 en 2008. Il retrouve la silhouette anguleuse du mod\u00e8le XJ. Les optiques rondes du mod\u00e8le KJ sont abandonn\u00e9es. Partageant sa plateforme avec le Dodge Nitro, il reprend des solutions techniques classiques avec une coque autoporteuse, un pont rigide \u00e0 l&rsquo;arri\u00e8re ainsi qu&rsquo;une transmission int\u00e9grale enclenchable.<\/p>\n<p>Les deux motorisations disponibles sont un moteur 4 cylindres 2,8 litres CRD et un moteur 6 cylindres 3,7 litres essence. Le KK est propos\u00e9 dans les trois finitions traditionnelles Sport, Jamboree et Limited. La version Sport est disponible avec le moteur 2,8 litres CRD en BVM uniquement. La version Jamboree est disponible avec le moteur 2,8 litres CRD en BVM ou BVA. La version Limited est disponible avec le moteur 2,8 litres CRD en BVM ou BVA ou bien avec le moteur 3,7 litres essence en BVA uniquement.&nbsp;Les mod\u00e8les V6 ne sont disponibles que sur commande sp\u00e9ciale.<\/p>\n<p>Pour l&rsquo;ann\u00e9e 2010, la&nbsp;motorisation essence 3,7 litres est abandonn\u00e9e. Le KK reste disponible en finition Sport avec BVM, en finition Jamboree avec BVM ou BVA et en finition Limited avec BVM. Suite \u00e0 l&rsquo;int\u00e9gration au groupe FIAT en 2010 et faute de ventes suffisantes, l&rsquo;arr\u00eat de la commercialisation du KK en France est act\u00e9 en 2011. La production du KK \u00ab\u00a0Liberty\u00a0\u00bb cesse d\u00e9finitivement&nbsp;le 16 ao\u00fbt 2012. Retour aux sources, il est pr\u00e9vu que son rempla\u00e7ant pr\u00e9vu pour 2013 reprenne outre-atlantique le nom Cherokee.<\/p>\n","protected":false},"excerpt":{"rendered":"<p>&nbsp; Le nouveau Cherokee, toujours baptis\u00e9 Liberty outre-Atlantique, est commercialis\u00e9 en 2008. Il retrouve la silhouette anguleuse du mod\u00e8le XJ. Les optiques rondes du mod\u00e8le KJ sont abandonn\u00e9es. Partageant sa plateforme avec le Dodge Nitro, il reprend des solutions techniques classiques avec une coque autoporteuse, un pont rigide \u00e0 l&rsquo;arri\u00e8re ainsi qu&rsquo;une transmission int\u00e9grale enclenchable. [&hellip;]<\/p>\n","protected":false},"author":1,"featured_media":0,"parent":155,"menu_order":3,"comment_status":"closed","ping_status":"closed","template":"","meta":{"ngg_post_thumbnail":0,"footnotes":""},"class_list":["post-1022096","page","type-page","status-publish","hentry"],"yoast_head":"<!-- This site is optimized with the Yoast SEO plugin v27.3 - https:\/\/yoast.com\/product\/yoast-seo-wordpress\/ -->\n<title>Historique du Cherokee KK - US Cars<\/title>\n<meta name=\"robots\" content=\"index, follow, max-snippet:-1, max-image-preview:large, max-video-preview:-1\" \/>\n<link rel=\"canonical\" href=\"https:\/\/www.uscars.biz\/uscars.wordpress\/jeep\/cherokee\/historique-cherokee-kk\/\" \/>\n<meta property=\"og:locale\" content=\"fr_FR\" \/>\n<meta property=\"og:type\" content=\"article\" \/>\n<meta property=\"og:title\" content=\"Historique du Cherokee KK - US Cars\" \/>\n<meta property=\"og:description\" content=\"&nbsp; Le nouveau Cherokee, toujours baptis\u00e9 Liberty outre-Atlantique, est commercialis\u00e9 en 2008. Il retrouve la silhouette anguleuse du mod\u00e8le XJ. Les optiques rondes du mod\u00e8le KJ sont abandonn\u00e9es. Partageant sa plateforme avec le Dodge Nitro, il reprend des solutions techniques classiques avec une coque autoporteuse, un pont rigide \u00e0 l&rsquo;arri\u00e8re ainsi qu&rsquo;une transmission int\u00e9grale enclenchable. [&hellip;]\" \/>\n<meta property=\"og:url\" content=\"https:\/\/www.uscars.biz\/uscars.wordpress\/jeep\/cherokee\/historique-cherokee-kk\/\" \/>\n<meta property=\"og:site_name\" content=\"US Cars\" \/>\n<meta property=\"article:publisher\" content=\"https:\/\/www.facebook.com\/uscars.france\" \/>\n<meta property=\"article:modified_time\" content=\"2025-06-07T17:04:06+00:00\" \/>\n<meta property=\"og:image\" content=\"https:\/\/www.uscars.biz\/uscars.wordpress\/wp-content\/uploads\/2012\/12\/liberty_2008_a1.jpg\" \/>\n\t<meta property=\"og:image:width\" content=\"640\" \/>\n\t<meta property=\"og:image:height\" content=\"352\" \/>\n\t<meta property=\"og:image:type\" content=\"image\/jpeg\" \/>\n<meta name=\"twitter:card\" content=\"summary_large_image\" \/>\n<meta name=\"twitter:site\" content=\"@uscarsfrance\" \/>\n<meta name=\"twitter:label1\" content=\"Dur\u00e9e de lecture estim\u00e9e\" \/>\n\t<meta name=\"twitter:data1\" content=\"2 minutes\" \/>\n<script type=\"application\/ld+json\" class=\"yoast-schema-graph\">{\"@context\":\"https:\\\/\\\/schema.org\",\"@graph\":[{\"@type\":\"WebPage\",\"@id\":\"https:\\\/\\\/www.uscars.biz\\\/uscars.wordpress\\\/jeep\\\/cherokee\\\/historique-cherokee-kk\\\/\",\"url\":\"https:\\\/\\\/www.uscars.biz\\\/uscars.wordpress\\\/jeep\\\/cherokee\\\/historique-cherokee-kk\\\/\",\"name\":\"Historique du Cherokee KK - US Cars\",\"isPartOf\":{\"@id\":\"https:\\\/\\\/www.uscars.biz\\\/uscars.wordpress\\\/#website\"},\"primaryImageOfPage\":{\"@id\":\"https:\\\/\\\/www.uscars.biz\\\/uscars.wordpress\\\/jeep\\\/cherokee\\\/historique-cherokee-kk\\\/#primaryimage\"},\"image\":{\"@id\":\"https:\\\/\\\/www.uscars.biz\\\/uscars.wordpress\\\/jeep\\\/cherokee\\\/historique-cherokee-kk\\\/#primaryimage\"},\"thumbnailUrl\":\"https:\\\/\\\/www.uscars.biz\\\/uscars.wordpress\\\/wp-content\\\/uploads\\\/2012\\\/12\\\/liberty_2008_a1.jpg\",\"datePublished\":\"2025-06-07T16:08:56+00:00\",\"dateModified\":\"2025-06-07T17:04:06+00:00\",\"breadcrumb\":{\"@id\":\"https:\\\/\\\/www.uscars.biz\\\/uscars.wordpress\\\/jeep\\\/cherokee\\\/historique-cherokee-kk\\\/#breadcrumb\"},\"inLanguage\":\"fr-FR\",\"potentialAction\":[{\"@type\":\"ReadAction\",\"target\":[\"https:\\\/\\\/www.uscars.biz\\\/uscars.wordpress\\\/jeep\\\/cherokee\\\/historique-cherokee-kk\\\/\"]}]},{\"@type\":\"ImageObject\",\"inLanguage\":\"fr-FR\",\"@id\":\"https:\\\/\\\/www.uscars.biz\\\/uscars.wordpress\\\/jeep\\\/cherokee\\\/historique-cherokee-kk\\\/#primaryimage\",\"url\":\"https:\\\/\\\/www.uscars.biz\\\/uscars.wordpress\\\/wp-content\\\/uploads\\\/2012\\\/12\\\/liberty_2008_a1.jpg\",\"contentUrl\":\"https:\\\/\\\/www.uscars.biz\\\/uscars.wordpress\\\/wp-content\\\/uploads\\\/2012\\\/12\\\/liberty_2008_a1.jpg\",\"width\":\"640\",\"height\":\"352\"},{\"@type\":\"BreadcrumbList\",\"@id\":\"https:\\\/\\\/www.uscars.biz\\\/uscars.wordpress\\\/jeep\\\/cherokee\\\/historique-cherokee-kk\\\/#breadcrumb\",\"itemListElement\":[{\"@type\":\"ListItem\",\"position\":1,\"name\":\"Accueil\",\"item\":\"https:\\\/\\\/www.uscars.biz\\\/uscars.wordpress\\\/\"},{\"@type\":\"ListItem\",\"position\":2,\"name\":\"Jeep\",\"item\":\"https:\\\/\\\/www.uscars.biz\\\/uscars.wordpress\\\/jeep\\\/\"},{\"@type\":\"ListItem\",\"position\":3,\"name\":\"Jeep Cherokee de 1984 \u00e0 2013\",\"item\":\"https:\\\/\\\/www.uscars.biz\\\/uscars.wordpress\\\/jeep\\\/cherokee\\\/\"},{\"@type\":\"ListItem\",\"position\":4,\"name\":\"Historique du Cherokee KK\"}]},{\"@type\":\"WebSite\",\"@id\":\"https:\\\/\\\/www.uscars.biz\\\/uscars.wordpress\\\/#website\",\"url\":\"https:\\\/\\\/www.uscars.biz\\\/uscars.wordpress\\\/\",\"name\":\"US Cars\",\"description\":\"La passion des voitures am\u00e9ricaines\",\"publisher\":{\"@id\":\"https:\\\/\\\/www.uscars.biz\\\/uscars.wordpress\\\/#organization\"},\"potentialAction\":[{\"@type\":\"SearchAction\",\"target\":{\"@type\":\"EntryPoint\",\"urlTemplate\":\"https:\\\/\\\/www.uscars.biz\\\/uscars.wordpress\\\/?s={search_term_string}\"},\"query-input\":{\"@type\":\"PropertyValueSpecification\",\"valueRequired\":true,\"valueName\":\"search_term_string\"}}],\"inLanguage\":\"fr-FR\"},{\"@type\":\"Organization\",\"@id\":\"https:\\\/\\\/www.uscars.biz\\\/uscars.wordpress\\\/#organization\",\"name\":\"US Cars\",\"url\":\"https:\\\/\\\/www.uscars.biz\\\/uscars.wordpress\\\/\",\"logo\":{\"@type\":\"ImageObject\",\"inLanguage\":\"fr-FR\",\"@id\":\"https:\\\/\\\/www.uscars.biz\\\/uscars.wordpress\\\/#\\\/schema\\\/logo\\\/image\\\/\",\"url\":\"https:\\\/\\\/www.uscars.biz\\\/uscars.wordpress\\\/wp-content\\\/uploads\\\/2016\\\/09\\\/cropped-uscars_carre_512x512.png\",\"contentUrl\":\"https:\\\/\\\/www.uscars.biz\\\/uscars.wordpress\\\/wp-content\\\/uploads\\\/2016\\\/09\\\/cropped-uscars_carre_512x512.png\",\"width\":512,\"height\":512,\"caption\":\"US Cars\"},\"image\":{\"@id\":\"https:\\\/\\\/www.uscars.biz\\\/uscars.wordpress\\\/#\\\/schema\\\/logo\\\/image\\\/\"},\"sameAs\":[\"https:\\\/\\\/www.facebook.com\\\/uscars.france\",\"https:\\\/\\\/x.com\\\/uscarsfrance\",\"https:\\\/\\\/www.youtube.com\\\/user\\\/uscarsdotbiz\"]}]}<\/script>\n<!-- \/ Yoast SEO plugin. -->","yoast_head_json":{"title":"Historique du Cherokee KK - US Cars","robots":{"index":"index","follow":"follow","max-snippet":"max-snippet:-1","max-image-preview":"max-image-preview:large","max-video-preview":"max-video-preview:-1"},"canonical":"https:\/\/www.uscars.biz\/uscars.wordpress\/jeep\/cherokee\/historique-cherokee-kk\/","og_locale":"fr_FR","og_type":"article","og_title":"Historique du Cherokee KK - US Cars","og_description":"&nbsp; Le nouveau Cherokee, toujours baptis\u00e9 Liberty outre-Atlantique, est commercialis\u00e9 en 2008. Il retrouve la silhouette anguleuse du mod\u00e8le XJ. Les optiques rondes du mod\u00e8le KJ sont abandonn\u00e9es. Partageant sa plateforme avec le Dodge Nitro, il reprend des solutions techniques classiques avec une coque autoporteuse, un pont rigide \u00e0 l&rsquo;arri\u00e8re ainsi qu&rsquo;une transmission int\u00e9grale enclenchable. [&hellip;]","og_url":"https:\/\/www.uscars.biz\/uscars.wordpress\/jeep\/cherokee\/historique-cherokee-kk\/","og_site_name":"US Cars","article_publisher":"https:\/\/www.facebook.com\/uscars.france","article_modified_time":"2025-06-07T17:04:06+00:00","og_image":[{"width":640,"height":352,"url":"https:\/\/www.uscars.biz\/uscars.wordpress\/wp-content\/uploads\/2012\/12\/liberty_2008_a1.jpg","type":"image\/jpeg"}],"twitter_card":"summary_large_image","twitter_site":"@uscarsfrance","twitter_misc":{"Dur\u00e9e de lecture estim\u00e9e":"2 minutes"},"schema":{"@context":"https:\/\/schema.org","@graph":[{"@type":"WebPage","@id":"https:\/\/www.uscars.biz\/uscars.wordpress\/jeep\/cherokee\/historique-cherokee-kk\/","url":"https:\/\/www.uscars.biz\/uscars.wordpress\/jeep\/cherokee\/historique-cherokee-kk\/","name":"Historique du Cherokee KK - US Cars","isPartOf":{"@id":"https:\/\/www.uscars.biz\/uscars.wordpress\/#website"},"primaryImageOfPage":{"@id":"https:\/\/www.uscars.biz\/uscars.wordpress\/jeep\/cherokee\/historique-cherokee-kk\/#primaryimage"},"image":{"@id":"https:\/\/www.uscars.biz\/uscars.wordpress\/jeep\/cherokee\/historique-cherokee-kk\/#primaryimage"},"thumbnailUrl":"https:\/\/www.uscars.biz\/uscars.wordpress\/wp-content\/uploads\/2012\/12\/liberty_2008_a1.jpg","datePublished":"2025-06-07T16:08:56+00:00","dateModified":"2025-06-07T17:04:06+00:00","breadcrumb":{"@id":"https:\/\/www.uscars.biz\/uscars.wordpress\/jeep\/cherokee\/historique-cherokee-kk\/#breadcrumb"},"inLanguage":"fr-FR","potentialAction":[{"@type":"ReadAction","target":["https:\/\/www.uscars.biz\/uscars.wordpress\/jeep\/cherokee\/historique-cherokee-kk\/"]}]},{"@type":"ImageObject","inLanguage":"fr-FR","@id":"https:\/\/www.uscars.biz\/uscars.wordpress\/jeep\/cherokee\/historique-cherokee-kk\/#primaryimage","url":"https:\/\/www.uscars.biz\/uscars.wordpress\/wp-content\/uploads\/2012\/12\/liberty_2008_a1.jpg","contentUrl":"https:\/\/www.uscars.biz\/uscars.wordpress\/wp-content\/uploads\/2012\/12\/liberty_2008_a1.jpg","width":"640","height":"352"},{"@type":"BreadcrumbList","@id":"https:\/\/www.uscars.biz\/uscars.wordpress\/jeep\/cherokee\/historique-cherokee-kk\/#breadcrumb","itemListElement":[{"@type":"ListItem","position":1,"name":"Accueil","item":"https:\/\/www.uscars.biz\/uscars.wordpress\/"},{"@type":"ListItem","position":2,"name":"Jeep","item":"https:\/\/www.uscars.biz\/uscars.wordpress\/jeep\/"},{"@type":"ListItem","position":3,"name":"Jeep Cherokee de 1984 \u00e0 2013","item":"https:\/\/www.uscars.biz\/uscars.wordpress\/jeep\/cherokee\/"},{"@type":"ListItem","position":4,"name":"Historique du Cherokee KK"}]},{"@type":"WebSite","@id":"https:\/\/www.uscars.biz\/uscars.wordpress\/#website","url":"https:\/\/www.uscars.biz\/uscars.wordpress\/","name":"US Cars","description":"La passion des voitures am\u00e9ricaines","publisher":{"@id":"https:\/\/www.uscars.biz\/uscars.wordpress\/#organization"},"potentialAction":[{"@type":"SearchAction","target":{"@type":"EntryPoint","urlTemplate":"https:\/\/www.uscars.biz\/uscars.wordpress\/?s={search_term_string}"},"query-input":{"@type":"PropertyValueSpecification","valueRequired":true,"valueName":"search_term_string"}}],"inLanguage":"fr-FR"},{"@type":"Organization","@id":"https:\/\/www.uscars.biz\/uscars.wordpress\/#organization","name":"US Cars","url":"https:\/\/www.uscars.biz\/uscars.wordpress\/","logo":{"@type":"ImageObject","inLanguage":"fr-FR","@id":"https:\/\/www.uscars.biz\/uscars.wordpress\/#\/schema\/logo\/image\/","url":"https:\/\/www.uscars.biz\/uscars.wordpress\/wp-content\/uploads\/2016\/09\/cropped-uscars_carre_512x512.png","contentUrl":"https:\/\/www.uscars.biz\/uscars.wordpress\/wp-content\/uploads\/2016\/09\/cropped-uscars_carre_512x512.png","width":512,"height":512,"caption":"US Cars"},"image":{"@id":"https:\/\/www.uscars.biz\/uscars.wordpress\/#\/schema\/logo\/image\/"},"sameAs":["https:\/\/www.facebook.com\/uscars.france","https:\/\/x.com\/uscarsfrance","https:\/\/www.youtube.com\/user\/uscarsdotbiz"]}]}},"jetpack_sharing_enabled":true,"jetpack_shortlink":"https:\/\/wp.me\/P2RQDg-4hTq","_links":{"self":[{"href":"https:\/\/www.uscars.biz\/uscars.wordpress\/wp-json\/wp\/v2\/pages\/1022096","targetHints":{"allow":["GET"]}}],"collection":[{"href":"https:\/\/www.uscars.biz\/uscars.wordpress\/wp-json\/wp\/v2\/pages"}],"about":[{"href":"https:\/\/www.uscars.biz\/uscars.wordpress\/wp-json\/wp\/v2\/types\/page"}],"author":[{"embeddable":true,"href":"https:\/\/www.uscars.biz\/uscars.wordpress\/wp-json\/wp\/v2\/users\/1"}],"replies":[{"embeddable":true,"href":"https:\/\/www.uscars.biz\/uscars.wordpress\/wp-json\/wp\/v2\/comments?post=1022096"}],"version-history":[{"count":4,"href":"https:\/\/www.uscars.biz\/uscars.wordpress\/wp-json\/wp\/v2\/pages\/1022096\/revisions"}],"predecessor-version":[{"id":1022134,"href":"https:\/\/www.uscars.biz\/uscars.wordpress\/wp-json\/wp\/v2\/pages\/1022096\/revisions\/1022134"}],"up":[{"embeddable":true,"href":"https:\/\/www.uscars.biz\/uscars.wordpress\/wp-json\/wp\/v2\/pages\/155"}],"wp:attachment":[{"href":"https:\/\/www.uscars.biz\/uscars.wordpress\/wp-json\/wp\/v2\/media?parent=1022096"}],"curies":[{"name":"wp","href":"https:\/\/api.w.org\/{rel}","templated":true}]}}