{"id":1022147,"date":"2025-06-07T19:16:36","date_gmt":"2025-06-07T17:16:36","guid":{"rendered":"https:\/\/www.uscars.biz\/uscars.wordpress\/?page_id=1022147"},"modified":"2025-06-07T20:52:04","modified_gmt":"2025-06-07T18:52:04","slug":"historique-gc-wk","status":"publish","type":"page","link":"https:\/\/www.uscars.biz\/uscars.wordpress\/jeep\/grand-cherokee\/historique-gc-wk\/","title":{"rendered":"Historique du mod\u00e8le WK"},"content":{"rendered":"<p>Pr\u00e9sent\u00e9 le 7 avril 2004 au Salon de l&rsquo;automobile de New-York, le Grand Cherokee 2005 marque le retour de Jeep au plus haut niveau. Commercialis\u00e9 aux \u00c9tats-Unis pendant l&rsquo;\u00e9t\u00e9, il est disponible en Europe en avril 2005. Sa production est assur\u00e9e \u00e0 D\u00e9troit pour le march\u00e9 am\u00e9ricain et \u00e0 Graz en Autriche pour le march\u00e9 europ\u00e9en.<\/p>\n<p>Les lignes rebondies sont abandonn\u00e9es pour des lignes tendues encore dynamis\u00e9es par un pavillon bas. La calandre \u00e0 sept ouvertures verticales est imposante et s&rsquo;affiche entre des blocs optiques aux contours arrondis. La tenue de route est am\u00e9lior\u00e9e gr\u00e2ce \u00e0 une direction \u00e0 cr\u00e9maill\u00e8re, des roues ind\u00e9pendantes \u00e0 l&rsquo;avant et deux syst\u00e8mes d&rsquo;aide \u00e0 la conduite qui compl\u00e8tent l&rsquo;ABS et l&rsquo;ESP : un syst\u00e8me antipatinage aux quatre roues 4BTC et un syst\u00e8me \u00e9lectronique de contr\u00f4le du roulis ERP. Pour le 4&#215;4, la transmission Quadra Drive avec ponts Vari-Lok fait&nbsp;place \u00e0 la transmission Quadra Drive II avec ponts dot\u00e9s de diff\u00e9rentiels \u00e9lectroniques \u00e0 glissement limit\u00e9 ELSD (Electronic Limited Slip Differential). Moteur, transmission et r\u00e9servoir re\u00e7oivent des protections.<\/p>\n<p>Du c\u00f4t\u00e9 des motorisations sont disponibles un V6 Turbo Diesel de 3 litres et 218 chevaux, le V8 essence de 4,7 litres et 231 chevaux &#8230; mais aussi un monstrueux V8 Hemi de 5,7 litres et 326 chevaux dont le syst\u00e8me de distribution variable (MDS) permet la mise en veille de la moiti\u00e9 des cylindres en vitesse de croisi\u00e8re ou en l\u00e9g\u00e8re acc\u00e9l\u00e9ration pour une \u00e9conomie de carburant d&rsquo;environ 20%.<\/p>\n<p>Tous les mod\u00e8les sont \u00e9quip\u00e9s d&rsquo;une bo\u00eete automatique \u00e0 cinq rapports avec commande s\u00e9quentielle ERS. Les trois motorisations sont propos\u00e9es en version Limited, seule la version 3 litres est \u00e9galement disponible en version Laredo.<\/p>\n<p style=\"text-align: center;\"><img loading=\"lazy\" decoding=\"async\" class=\"size-full wp-image-2001 aligncenter\" style=\"border: 0px; margin-top: 0px; margin-bottom: 0px;\" src=\"https:\/\/www.uscars.biz\/uscars.wordpress\/wp-content\/uploads\/2012\/12\/gchee_2004_1.jpg\" alt=\"gchee_2004_1\" width=\"640\" height=\"336\" srcset=\"https:\/\/www.uscars.biz\/uscars.wordpress\/wp-content\/uploads\/2012\/12\/gchee_2004_1.jpg 640w, https:\/\/www.uscars.biz\/uscars.wordpress\/wp-content\/uploads\/2012\/12\/gchee_2004_1-300x157.jpg 300w\" sizes=\"auto, (max-width: 640px) 100vw, 640px\" \/><\/p>\n<p>&nbsp;<\/p>\n<p>La gamme est \u00e9largie \u00e0 l&rsquo;\u00e9t\u00e9 2006 avec l&rsquo;introduction de la finition d&rsquo;entr\u00e9e de gamme Wild Edition II applicable \u00e0 la motorisation V6 Turbo Diesel 3 litres,&nbsp;de la finition tr\u00e8s haut de gamme Overland applicable aux motorisations V6 Turbo Diesel 3 litres, V8 essence 4,7 litres et V8 Hemi 5,7 litres et enfin du mod\u00e8le SRT-8.<\/p>\n<p>Le Grand Cherokee SRT-8 est dot\u00e9 d&rsquo;un moteur V8 Hemi de 6,1 litres et 425 chevaux. Le ch\u00e2ssis fait appel \u00e0 des amortisseurs SRT, des barres stabilisatrices sp\u00e9cifiques, des ressorts disposant de but\u00e9es et de tarages sp\u00e9ciaux. La hauteur de caisse est inf\u00e9rieure de 25 mm \u00e0 la normale pour abaisser le centre de gravit\u00e9 et pr\u00e9senter une allure plus agressive. Son \u00e9quipement comprend des jantes de 20 pouces, un toit ouvrant \u00e9lectrique, des vitres surteint\u00e9es, une sellerie cuir et alcantara avec logo SRT-8, des si\u00e8ges avant chauffants, un p\u00e9dalier chrom\u00e9, un syst\u00e8me de navigation GPS, un lecteur 6 CD \/ MP3 et un syst\u00e8me DVD multim\u00e9dia avec \u00e9cran int\u00e9gr\u00e9 dans le pavillon et 2 casques \u00e0 liaison infrarouge.<\/p>\n<figure id=\"attachment_1972\" aria-describedby=\"caption-attachment-1972\" style=\"width: 640px\" class=\"wp-caption aligncenter\"><img loading=\"lazy\" decoding=\"async\" class=\"size-full wp-image-1972 \" style=\"border: 0px; margin-top: 0px; margin-bottom: 0px;\" src=\"https:\/\/www.uscars.biz\/uscars.wordpress\/wp-content\/uploads\/2012\/12\/gchee_2005_srt8_1.jpg\" alt=\"Grand Cherokee SRT-8 2005\" width=\"640\" height=\"272\" srcset=\"https:\/\/www.uscars.biz\/uscars.wordpress\/wp-content\/uploads\/2012\/12\/gchee_2005_srt8_1.jpg 640w, https:\/\/www.uscars.biz\/uscars.wordpress\/wp-content\/uploads\/2012\/12\/gchee_2005_srt8_1-300x127.jpg 300w\" sizes=\"auto, (max-width: 640px) 100vw, 640px\" \/><figcaption id=\"caption-attachment-1972\" class=\"wp-caption-text\">Grand Cherokee SRT-8 2005<\/figcaption><\/figure>\n<p>&nbsp;<\/p>\n<p>Tous ces mod\u00e8les sont reconduits en 2007. \u00c0 l&rsquo;\u00e9t\u00e9 2008, seules les motorisations V8 Hemi de 6,1 litres et V6 Turbo Diesel 3 litres sont conserv\u00e9es. La premi\u00e8re motorisation est obligatoirement associ\u00e9e \u00e0 la finition SRT-8 tandis que la seconde est toujours disponible dans les finitions Laredo, Limited et Overland. Une s\u00e9rie sp\u00e9ciale amen\u00e9e \u00e0 durer, baptis\u00e9e S Limited, anim\u00e9 par le&nbsp;V6 Turbo Diesel 3 litres, fait son apparition. Elle est pr\u00e9sent\u00e9e comme une d\u00e9clinaison Sport de la finition Limited, mariant sportivit\u00e9, confort et raffinement. Elle offre \u00e0 l&rsquo;ext\u00e9rieur une peinture m\u00e9tallis\u00e9e noire ou argent, une calandre et des bas de caisse sp\u00e9cifiques de la m\u00eame teinte que la carrosserie,&nbsp;des jantes en aluminium sp\u00e9cifiques 18&Prime; finition graphite, un spoiler arri\u00e8re exclusif, une roue de secours de taille normale sur jante en aluminium&nbsp;et \u00e0 l&rsquo;int\u00e9rieur une sellerie cuir royal partiel sp\u00e9cifique, des inserts aluminium (console centrale, contreportes et volant) ainsi que des inserts&nbsp;carbone (levier de vitesses et volant).<\/p>\n<p>Pour l\u2019ann\u00e9e 2010, la finition Laredo et le mod\u00e8le SRT-8 sont abandonn\u00e9s. De fait, la seule motorisation subsistante est le&nbsp;V6 Turbo Diesel 3 litres.&nbsp;Le WK reste disponible en finition Limited, S Limited et Overland dans l&rsquo;attente de l&rsquo;arriv\u00e9e de son successeur le WK2.<\/p>\n","protected":false},"excerpt":{"rendered":"<p>Pr\u00e9sent\u00e9 le 7 avril 2004 au Salon de l&rsquo;automobile de New-York, le Grand Cherokee 2005 marque le retour de Jeep au plus haut niveau. Commercialis\u00e9 aux \u00c9tats-Unis pendant l&rsquo;\u00e9t\u00e9, il est disponible en Europe en avril 2005. Sa production est assur\u00e9e \u00e0 D\u00e9troit pour le march\u00e9 am\u00e9ricain et \u00e0 Graz en Autriche pour le march\u00e9 [&hellip;]<\/p>\n","protected":false},"author":1,"featured_media":0,"parent":157,"menu_order":3,"comment_status":"closed","ping_status":"closed","template":"","meta":{"ngg_post_thumbnail":0,"footnotes":""},"class_list":["post-1022147","page","type-page","status-publish","hentry"],"yoast_head":"<!-- This site is optimized with the Yoast SEO plugin v27.4 - https:\/\/yoast.com\/product\/yoast-seo-wordpress\/ -->\n<title>Historique du mod\u00e8le WK - US Cars<\/title>\n<meta name=\"robots\" content=\"index, follow, max-snippet:-1, max-image-preview:large, max-video-preview:-1\" \/>\n<link rel=\"canonical\" href=\"https:\/\/www.uscars.biz\/uscars.wordpress\/jeep\/grand-cherokee\/historique-gc-wk\/\" \/>\n<meta property=\"og:locale\" content=\"fr_FR\" \/>\n<meta property=\"og:type\" content=\"article\" \/>\n<meta property=\"og:title\" content=\"Historique du mod\u00e8le WK - US Cars\" \/>\n<meta property=\"og:description\" content=\"Pr\u00e9sent\u00e9 le 7 avril 2004 au Salon de l&rsquo;automobile de New-York, le Grand Cherokee 2005 marque le retour de Jeep au plus haut niveau. Commercialis\u00e9 aux \u00c9tats-Unis pendant l&rsquo;\u00e9t\u00e9, il est disponible en Europe en avril 2005. Sa production est assur\u00e9e \u00e0 D\u00e9troit pour le march\u00e9 am\u00e9ricain et \u00e0 Graz en Autriche pour le march\u00e9 [&hellip;]\" \/>\n<meta property=\"og:url\" content=\"https:\/\/www.uscars.biz\/uscars.wordpress\/jeep\/grand-cherokee\/historique-gc-wk\/\" \/>\n<meta property=\"og:site_name\" content=\"US Cars\" \/>\n<meta property=\"article:publisher\" content=\"https:\/\/www.facebook.com\/uscars.france\" \/>\n<meta property=\"article:modified_time\" content=\"2025-06-07T18:52:04+00:00\" \/>\n<meta property=\"og:image\" content=\"https:\/\/www.uscars.biz\/uscars.wordpress\/wp-content\/uploads\/2012\/12\/gchee_2004_1.jpg\" \/>\n\t<meta property=\"og:image:width\" content=\"640\" \/>\n\t<meta property=\"og:image:height\" content=\"336\" \/>\n\t<meta property=\"og:image:type\" content=\"image\/jpeg\" \/>\n<meta name=\"twitter:card\" content=\"summary_large_image\" \/>\n<meta name=\"twitter:site\" content=\"@uscarsfrance\" \/>\n<meta name=\"twitter:label1\" content=\"Dur\u00e9e de lecture estim\u00e9e\" \/>\n\t<meta name=\"twitter:data1\" content=\"4 minutes\" \/>\n<script type=\"application\/ld+json\" class=\"yoast-schema-graph\">{\"@context\":\"https:\\\/\\\/schema.org\",\"@graph\":[{\"@type\":\"WebPage\",\"@id\":\"https:\\\/\\\/www.uscars.biz\\\/uscars.wordpress\\\/jeep\\\/grand-cherokee\\\/historique-gc-wk\\\/\",\"url\":\"https:\\\/\\\/www.uscars.biz\\\/uscars.wordpress\\\/jeep\\\/grand-cherokee\\\/historique-gc-wk\\\/\",\"name\":\"Historique du mod\u00e8le WK - US Cars\",\"isPartOf\":{\"@id\":\"https:\\\/\\\/www.uscars.biz\\\/uscars.wordpress\\\/#website\"},\"primaryImageOfPage\":{\"@id\":\"https:\\\/\\\/www.uscars.biz\\\/uscars.wordpress\\\/jeep\\\/grand-cherokee\\\/historique-gc-wk\\\/#primaryimage\"},\"image\":{\"@id\":\"https:\\\/\\\/www.uscars.biz\\\/uscars.wordpress\\\/jeep\\\/grand-cherokee\\\/historique-gc-wk\\\/#primaryimage\"},\"thumbnailUrl\":\"https:\\\/\\\/www.uscars.biz\\\/uscars.wordpress\\\/wp-content\\\/uploads\\\/2012\\\/12\\\/gchee_2004_1.jpg\",\"datePublished\":\"2025-06-07T17:16:36+00:00\",\"dateModified\":\"2025-06-07T18:52:04+00:00\",\"breadcrumb\":{\"@id\":\"https:\\\/\\\/www.uscars.biz\\\/uscars.wordpress\\\/jeep\\\/grand-cherokee\\\/historique-gc-wk\\\/#breadcrumb\"},\"inLanguage\":\"fr-FR\",\"potentialAction\":[{\"@type\":\"ReadAction\",\"target\":[\"https:\\\/\\\/www.uscars.biz\\\/uscars.wordpress\\\/jeep\\\/grand-cherokee\\\/historique-gc-wk\\\/\"]}]},{\"@type\":\"ImageObject\",\"inLanguage\":\"fr-FR\",\"@id\":\"https:\\\/\\\/www.uscars.biz\\\/uscars.wordpress\\\/jeep\\\/grand-cherokee\\\/historique-gc-wk\\\/#primaryimage\",\"url\":\"https:\\\/\\\/www.uscars.biz\\\/uscars.wordpress\\\/wp-content\\\/uploads\\\/2012\\\/12\\\/gchee_2004_1.jpg\",\"contentUrl\":\"https:\\\/\\\/www.uscars.biz\\\/uscars.wordpress\\\/wp-content\\\/uploads\\\/2012\\\/12\\\/gchee_2004_1.jpg\",\"width\":640,\"height\":336},{\"@type\":\"BreadcrumbList\",\"@id\":\"https:\\\/\\\/www.uscars.biz\\\/uscars.wordpress\\\/jeep\\\/grand-cherokee\\\/historique-gc-wk\\\/#breadcrumb\",\"itemListElement\":[{\"@type\":\"ListItem\",\"position\":1,\"name\":\"Accueil\",\"item\":\"https:\\\/\\\/www.uscars.biz\\\/uscars.wordpress\\\/\"},{\"@type\":\"ListItem\",\"position\":2,\"name\":\"Jeep\",\"item\":\"https:\\\/\\\/www.uscars.biz\\\/uscars.wordpress\\\/jeep\\\/\"},{\"@type\":\"ListItem\",\"position\":3,\"name\":\"Jeep Grand Cherokee de 1992 \u00e0 2021\",\"item\":\"https:\\\/\\\/www.uscars.biz\\\/uscars.wordpress\\\/jeep\\\/grand-cherokee\\\/\"},{\"@type\":\"ListItem\",\"position\":4,\"name\":\"Historique du mod\u00e8le WK\"}]},{\"@type\":\"WebSite\",\"@id\":\"https:\\\/\\\/www.uscars.biz\\\/uscars.wordpress\\\/#website\",\"url\":\"https:\\\/\\\/www.uscars.biz\\\/uscars.wordpress\\\/\",\"name\":\"US Cars\",\"description\":\"La passion des voitures am\u00e9ricaines\",\"publisher\":{\"@id\":\"https:\\\/\\\/www.uscars.biz\\\/uscars.wordpress\\\/#organization\"},\"potentialAction\":[{\"@type\":\"SearchAction\",\"target\":{\"@type\":\"EntryPoint\",\"urlTemplate\":\"https:\\\/\\\/www.uscars.biz\\\/uscars.wordpress\\\/?s={search_term_string}\"},\"query-input\":{\"@type\":\"PropertyValueSpecification\",\"valueRequired\":true,\"valueName\":\"search_term_string\"}}],\"inLanguage\":\"fr-FR\"},{\"@type\":\"Organization\",\"@id\":\"https:\\\/\\\/www.uscars.biz\\\/uscars.wordpress\\\/#organization\",\"name\":\"US Cars\",\"url\":\"https:\\\/\\\/www.uscars.biz\\\/uscars.wordpress\\\/\",\"logo\":{\"@type\":\"ImageObject\",\"inLanguage\":\"fr-FR\",\"@id\":\"https:\\\/\\\/www.uscars.biz\\\/uscars.wordpress\\\/#\\\/schema\\\/logo\\\/image\\\/\",\"url\":\"https:\\\/\\\/www.uscars.biz\\\/uscars.wordpress\\\/wp-content\\\/uploads\\\/2016\\\/09\\\/cropped-uscars_carre_512x512.png\",\"contentUrl\":\"https:\\\/\\\/www.uscars.biz\\\/uscars.wordpress\\\/wp-content\\\/uploads\\\/2016\\\/09\\\/cropped-uscars_carre_512x512.png\",\"width\":512,\"height\":512,\"caption\":\"US Cars\"},\"image\":{\"@id\":\"https:\\\/\\\/www.uscars.biz\\\/uscars.wordpress\\\/#\\\/schema\\\/logo\\\/image\\\/\"},\"sameAs\":[\"https:\\\/\\\/www.facebook.com\\\/uscars.france\",\"https:\\\/\\\/x.com\\\/uscarsfrance\",\"https:\\\/\\\/www.youtube.com\\\/user\\\/uscarsdotbiz\"]}]}<\/script>\n<!-- \/ Yoast SEO plugin. -->","yoast_head_json":{"title":"Historique du mod\u00e8le WK - US Cars","robots":{"index":"index","follow":"follow","max-snippet":"max-snippet:-1","max-image-preview":"max-image-preview:large","max-video-preview":"max-video-preview:-1"},"canonical":"https:\/\/www.uscars.biz\/uscars.wordpress\/jeep\/grand-cherokee\/historique-gc-wk\/","og_locale":"fr_FR","og_type":"article","og_title":"Historique du mod\u00e8le WK - US Cars","og_description":"Pr\u00e9sent\u00e9 le 7 avril 2004 au Salon de l&rsquo;automobile de New-York, le Grand Cherokee 2005 marque le retour de Jeep au plus haut niveau. Commercialis\u00e9 aux \u00c9tats-Unis pendant l&rsquo;\u00e9t\u00e9, il est disponible en Europe en avril 2005. Sa production est assur\u00e9e \u00e0 D\u00e9troit pour le march\u00e9 am\u00e9ricain et \u00e0 Graz en Autriche pour le march\u00e9 [&hellip;]","og_url":"https:\/\/www.uscars.biz\/uscars.wordpress\/jeep\/grand-cherokee\/historique-gc-wk\/","og_site_name":"US Cars","article_publisher":"https:\/\/www.facebook.com\/uscars.france","article_modified_time":"2025-06-07T18:52:04+00:00","og_image":[{"width":640,"height":336,"url":"https:\/\/www.uscars.biz\/uscars.wordpress\/wp-content\/uploads\/2012\/12\/gchee_2004_1.jpg","type":"image\/jpeg"}],"twitter_card":"summary_large_image","twitter_site":"@uscarsfrance","twitter_misc":{"Dur\u00e9e de lecture estim\u00e9e":"4 minutes"},"schema":{"@context":"https:\/\/schema.org","@graph":[{"@type":"WebPage","@id":"https:\/\/www.uscars.biz\/uscars.wordpress\/jeep\/grand-cherokee\/historique-gc-wk\/","url":"https:\/\/www.uscars.biz\/uscars.wordpress\/jeep\/grand-cherokee\/historique-gc-wk\/","name":"Historique du mod\u00e8le WK - US Cars","isPartOf":{"@id":"https:\/\/www.uscars.biz\/uscars.wordpress\/#website"},"primaryImageOfPage":{"@id":"https:\/\/www.uscars.biz\/uscars.wordpress\/jeep\/grand-cherokee\/historique-gc-wk\/#primaryimage"},"image":{"@id":"https:\/\/www.uscars.biz\/uscars.wordpress\/jeep\/grand-cherokee\/historique-gc-wk\/#primaryimage"},"thumbnailUrl":"https:\/\/www.uscars.biz\/uscars.wordpress\/wp-content\/uploads\/2012\/12\/gchee_2004_1.jpg","datePublished":"2025-06-07T17:16:36+00:00","dateModified":"2025-06-07T18:52:04+00:00","breadcrumb":{"@id":"https:\/\/www.uscars.biz\/uscars.wordpress\/jeep\/grand-cherokee\/historique-gc-wk\/#breadcrumb"},"inLanguage":"fr-FR","potentialAction":[{"@type":"ReadAction","target":["https:\/\/www.uscars.biz\/uscars.wordpress\/jeep\/grand-cherokee\/historique-gc-wk\/"]}]},{"@type":"ImageObject","inLanguage":"fr-FR","@id":"https:\/\/www.uscars.biz\/uscars.wordpress\/jeep\/grand-cherokee\/historique-gc-wk\/#primaryimage","url":"https:\/\/www.uscars.biz\/uscars.wordpress\/wp-content\/uploads\/2012\/12\/gchee_2004_1.jpg","contentUrl":"https:\/\/www.uscars.biz\/uscars.wordpress\/wp-content\/uploads\/2012\/12\/gchee_2004_1.jpg","width":640,"height":336},{"@type":"BreadcrumbList","@id":"https:\/\/www.uscars.biz\/uscars.wordpress\/jeep\/grand-cherokee\/historique-gc-wk\/#breadcrumb","itemListElement":[{"@type":"ListItem","position":1,"name":"Accueil","item":"https:\/\/www.uscars.biz\/uscars.wordpress\/"},{"@type":"ListItem","position":2,"name":"Jeep","item":"https:\/\/www.uscars.biz\/uscars.wordpress\/jeep\/"},{"@type":"ListItem","position":3,"name":"Jeep Grand Cherokee de 1992 \u00e0 2021","item":"https:\/\/www.uscars.biz\/uscars.wordpress\/jeep\/grand-cherokee\/"},{"@type":"ListItem","position":4,"name":"Historique du mod\u00e8le WK"}]},{"@type":"WebSite","@id":"https:\/\/www.uscars.biz\/uscars.wordpress\/#website","url":"https:\/\/www.uscars.biz\/uscars.wordpress\/","name":"US Cars","description":"La passion des voitures am\u00e9ricaines","publisher":{"@id":"https:\/\/www.uscars.biz\/uscars.wordpress\/#organization"},"potentialAction":[{"@type":"SearchAction","target":{"@type":"EntryPoint","urlTemplate":"https:\/\/www.uscars.biz\/uscars.wordpress\/?s={search_term_string}"},"query-input":{"@type":"PropertyValueSpecification","valueRequired":true,"valueName":"search_term_string"}}],"inLanguage":"fr-FR"},{"@type":"Organization","@id":"https:\/\/www.uscars.biz\/uscars.wordpress\/#organization","name":"US Cars","url":"https:\/\/www.uscars.biz\/uscars.wordpress\/","logo":{"@type":"ImageObject","inLanguage":"fr-FR","@id":"https:\/\/www.uscars.biz\/uscars.wordpress\/#\/schema\/logo\/image\/","url":"https:\/\/www.uscars.biz\/uscars.wordpress\/wp-content\/uploads\/2016\/09\/cropped-uscars_carre_512x512.png","contentUrl":"https:\/\/www.uscars.biz\/uscars.wordpress\/wp-content\/uploads\/2016\/09\/cropped-uscars_carre_512x512.png","width":512,"height":512,"caption":"US Cars"},"image":{"@id":"https:\/\/www.uscars.biz\/uscars.wordpress\/#\/schema\/logo\/image\/"},"sameAs":["https:\/\/www.facebook.com\/uscars.france","https:\/\/x.com\/uscarsfrance","https:\/\/www.youtube.com\/user\/uscarsdotbiz"]}]}},"jetpack_sharing_enabled":true,"jetpack_shortlink":"https:\/\/wp.me\/P2RQDg-4hUf","_links":{"self":[{"href":"https:\/\/www.uscars.biz\/uscars.wordpress\/wp-json\/wp\/v2\/pages\/1022147","targetHints":{"allow":["GET"]}}],"collection":[{"href":"https:\/\/www.uscars.biz\/uscars.wordpress\/wp-json\/wp\/v2\/pages"}],"about":[{"href":"https:\/\/www.uscars.biz\/uscars.wordpress\/wp-json\/wp\/v2\/types\/page"}],"author":[{"embeddable":true,"href":"https:\/\/www.uscars.biz\/uscars.wordpress\/wp-json\/wp\/v2\/users\/1"}],"replies":[{"embeddable":true,"href":"https:\/\/www.uscars.biz\/uscars.wordpress\/wp-json\/wp\/v2\/comments?post=1022147"}],"version-history":[{"count":4,"href":"https:\/\/www.uscars.biz\/uscars.wordpress\/wp-json\/wp\/v2\/pages\/1022147\/revisions"}],"predecessor-version":[{"id":1022210,"href":"https:\/\/www.uscars.biz\/uscars.wordpress\/wp-json\/wp\/v2\/pages\/1022147\/revisions\/1022210"}],"up":[{"embeddable":true,"href":"https:\/\/www.uscars.biz\/uscars.wordpress\/wp-json\/wp\/v2\/pages\/157"}],"wp:attachment":[{"href":"https:\/\/www.uscars.biz\/uscars.wordpress\/wp-json\/wp\/v2\/media?parent=1022147"}],"curies":[{"name":"wp","href":"https:\/\/api.w.org\/{rel}","templated":true}]}}