{"id":1022148,"date":"2025-06-07T19:16:05","date_gmt":"2025-06-07T17:16:05","guid":{"rendered":"https:\/\/www.uscars.biz\/uscars.wordpress\/?page_id=1022148"},"modified":"2025-06-07T20:51:17","modified_gmt":"2025-06-07T18:51:17","slug":"historique-gc-wk2","status":"publish","type":"page","link":"https:\/\/www.uscars.biz\/uscars.wordpress\/jeep\/grand-cherokee\/historique-gc-wk2\/","title":{"rendered":"Historique du mod\u00e8le WK2"},"content":{"rendered":"<figure id=\"attachment_9098\" aria-describedby=\"caption-attachment-9098\" style=\"width: 640px\" class=\"wp-caption aligncenter\"><img loading=\"lazy\" decoding=\"async\" class=\"wp-image-9098\" style=\"font-weight: 600; font-family: 'Source Sans Pro', HelveticaNeue-Light, 'Helvetica Neue Light', 'Helvetica Neue', Helvetica, Arial, 'Lucida Grande', sans-serif;\" src=\"https:\/\/www.uscars.biz\/uscars.wordpress\/wp-content\/uploads\/2012\/12\/gchee_2011_1.jpg\" alt=\"gchee_2011_1\" width=\"640\" height=\"569\" srcset=\"https:\/\/www.uscars.biz\/uscars.wordpress\/wp-content\/uploads\/2012\/12\/gchee_2011_1.jpg 1280w, https:\/\/www.uscars.biz\/uscars.wordpress\/wp-content\/uploads\/2012\/12\/gchee_2011_1-300x266.jpg 300w, https:\/\/www.uscars.biz\/uscars.wordpress\/wp-content\/uploads\/2012\/12\/gchee_2011_1-1024x910.jpg 1024w\" sizes=\"auto, (max-width: 640px) 100vw, 640px\" \/><figcaption id=\"caption-attachment-9098\" class=\"wp-caption-text\">Grand Cherokee WK2 2011<\/figcaption><\/figure>\n<div class=\"mceTemp\">&nbsp;<\/div>\n<p>&nbsp;<\/p>\n<p>D\u00e9voil\u00e9 au New York Auto Show 2009 et commercialis\u00e9 aux Etats-Unis \u00e0 l&rsquo;\u00e9t\u00e9 2010 comme mod\u00e8le 2011, le Grand Cherokee WK2 repr\u00e9sente bien qu&rsquo;une \u00e9volution du Grand Cherokee WK. Bas\u00e9 sur le ch\u00e2ssis du Mercedes ML, fruit de l&rsquo;ancien mariage avec le constructeur allemand avant que Chrysler ne soit absorb\u00e9 par Fiat, il dispose d&rsquo;une base id\u00e9ale pour accueillir des motorisations puissantes.<\/p>\n<p>Une nouveaut\u00e9 notable est l&rsquo;adoption d&rsquo;une suspension ind\u00e9pendante \u00e0 l&rsquo;avant comme \u00e0 l&rsquo;arri\u00e8re. Gr\u00e2ce aux suspensions pneumatiques du syst\u00e8me Quadra-Lift, le WK2 peut faire \u00e9voluer sa garde au sol. Les organes vitaux restent prot\u00e9g\u00e9s par des plaques en acier. La ligne est remise au go\u00fbt du jour avec des flancs pinc\u00e9s, des vitres lat\u00e9rales \u00e9troites et une ceinture de caisse en pente. L&rsquo;int\u00e9rieur est \u00e9galement modernis\u00e9.<\/p>\n<p>Les trois finitions disponibles sont Laredo, Limited et Overland. La finition Laredo n&rsquo;est disponible qu&rsquo;avec la motorisation 3.0 V6 CRD 190 et les finitions Limited et S Limited ne sont disponibles qu&rsquo;avec la motorisation 3.0 V6 CRD 241. \u00c0 contrario, la finition Overland est disponible avec les motorisations 3.0 V6 CRD 241, 3.6 V6 (compatible bio\u00e9thanol E85) et 5.7 V8.<\/p>\n<p>\u00c0 partir de 2011, la transmission Quadra Drive II abandonne son diff\u00e9rentiel \u00e9lectronique \u00e0 glissement limit\u00e9 sur le pont avant pour ne conserver que celui positionn\u00e9 sur le point arri\u00e8re.<\/p>\n<p>\u00c0 partir d&rsquo;avril 2012, le Grand Cherokee WK2 est \u00e9galement disponible dans la finition SRT-8 avec la motorisation SRT-8 6.4 V8. Elle offre des inserts de carbone sur la planche de bord, des si\u00e8ges avant avec le logo SRT, un p\u00e9dalier sport, des palettes de changement de vitesses derri\u00e8re le volant et un syst\u00e8me audio Harman Kardon avec 19 haut-parleurs.<\/p>\n<p>Pour l&rsquo;ann\u00e9e 2013, la motorisation&nbsp;5.7 V8 est abandonn\u00e9e et la finition SRT-8 est rebaptis\u00e9e Limited Edition. Par cons\u00e9quent, les mod\u00e8les disponibles sont Laredo&nbsp;3.0 V6 CRD 190, Limited &nbsp;3.0 V6 CRD 241, Overland 3.6 V6 et&nbsp;3.0 V6 CRD 241, S Limited 3.0 V6 CRD 241&nbsp;et Limited Edition&nbsp;6.4 V8.<\/p>\n<figure id=\"attachment_9101\" aria-describedby=\"caption-attachment-9101\" style=\"width: 640px\" class=\"wp-caption aligncenter\"><img loading=\"lazy\" decoding=\"async\" class=\"wp-image-9101\" src=\"https:\/\/www.uscars.biz\/uscars.wordpress\/wp-content\/uploads\/2012\/12\/gchee_2014-1.jpg\" alt=\"gchee_2014-1\" width=\"640\" height=\"427\" srcset=\"https:\/\/www.uscars.biz\/uscars.wordpress\/wp-content\/uploads\/2012\/12\/gchee_2014-1.jpg 2048w, https:\/\/www.uscars.biz\/uscars.wordpress\/wp-content\/uploads\/2012\/12\/gchee_2014-1-300x200.jpg 300w, https:\/\/www.uscars.biz\/uscars.wordpress\/wp-content\/uploads\/2012\/12\/gchee_2014-1-1024x683.jpg 1024w\" sizes=\"auto, (max-width: 640px) 100vw, 640px\" \/><figcaption id=\"caption-attachment-9101\" class=\"wp-caption-text\">Grand Cherokee WK2 2014<\/figcaption><\/figure>\n<p>&nbsp;<\/p>\n<p>Un restylage intervient fin 2014. Le Grand Cherokee affiche une proue et une poupe in\u00e9dites ainsi qu&rsquo;un nouvel int\u00e9rieur. Il propose une transmission automatique \u00e0 8 rapports sur toutes les motorisations et le dispositif Selec-Terrain de gestion de la traction. La finition Laredo dispara\u00eet et l&rsquo;entr\u00e9e de gamme est repr\u00e9sent\u00e9e par la finition Limited disponible avec la motorisation&nbsp;&nbsp;3.6 V6. Ce mod\u00e8le est second\u00e9 par les versions Overland 3.6 V6, Summit 3.6 V6 et 3.0 V6 CRD 250 et SRT 6.4 V8.<\/p>\n","protected":false},"excerpt":{"rendered":"<p>&nbsp; &nbsp; D\u00e9voil\u00e9 au New York Auto Show 2009 et commercialis\u00e9 aux Etats-Unis \u00e0 l&rsquo;\u00e9t\u00e9 2010 comme mod\u00e8le 2011, le Grand Cherokee WK2 repr\u00e9sente bien qu&rsquo;une \u00e9volution du Grand Cherokee WK. Bas\u00e9 sur le ch\u00e2ssis du Mercedes ML, fruit de l&rsquo;ancien mariage avec le constructeur allemand avant que Chrysler ne soit absorb\u00e9 par Fiat, il [&hellip;]<\/p>\n","protected":false},"author":1,"featured_media":0,"parent":157,"menu_order":4,"comment_status":"closed","ping_status":"closed","template":"","meta":{"ngg_post_thumbnail":0,"footnotes":""},"class_list":["post-1022148","page","type-page","status-publish","hentry"],"yoast_head":"<!-- This site is optimized with the Yoast SEO plugin v27.4 - https:\/\/yoast.com\/product\/yoast-seo-wordpress\/ -->\n<title>Historique du mod\u00e8le WK2 - US Cars<\/title>\n<meta name=\"robots\" content=\"index, follow, max-snippet:-1, max-image-preview:large, max-video-preview:-1\" \/>\n<link rel=\"canonical\" href=\"https:\/\/www.uscars.biz\/uscars.wordpress\/jeep\/grand-cherokee\/historique-gc-wk2\/\" \/>\n<meta property=\"og:locale\" content=\"fr_FR\" \/>\n<meta property=\"og:type\" content=\"article\" \/>\n<meta property=\"og:title\" content=\"Historique du mod\u00e8le WK2 - US Cars\" \/>\n<meta property=\"og:description\" content=\"&nbsp; &nbsp; D\u00e9voil\u00e9 au New York Auto Show 2009 et commercialis\u00e9 aux Etats-Unis \u00e0 l&rsquo;\u00e9t\u00e9 2010 comme mod\u00e8le 2011, le Grand Cherokee WK2 repr\u00e9sente bien qu&rsquo;une \u00e9volution du Grand Cherokee WK. Bas\u00e9 sur le ch\u00e2ssis du Mercedes ML, fruit de l&rsquo;ancien mariage avec le constructeur allemand avant que Chrysler ne soit absorb\u00e9 par Fiat, il [&hellip;]\" \/>\n<meta property=\"og:url\" content=\"https:\/\/www.uscars.biz\/uscars.wordpress\/jeep\/grand-cherokee\/historique-gc-wk2\/\" \/>\n<meta property=\"og:site_name\" content=\"US Cars\" \/>\n<meta property=\"article:publisher\" content=\"https:\/\/www.facebook.com\/uscars.france\" \/>\n<meta property=\"article:modified_time\" content=\"2025-06-07T18:51:17+00:00\" \/>\n<meta property=\"og:image\" content=\"https:\/\/www.uscars.biz\/uscars.wordpress\/wp-content\/uploads\/2012\/12\/gchee_2011_1.jpg\" \/>\n\t<meta property=\"og:image:width\" content=\"1280\" \/>\n\t<meta property=\"og:image:height\" content=\"1137\" \/>\n\t<meta property=\"og:image:type\" content=\"image\/jpeg\" \/>\n<meta name=\"twitter:card\" content=\"summary_large_image\" \/>\n<meta name=\"twitter:site\" content=\"@uscarsfrance\" \/>\n<meta name=\"twitter:label1\" content=\"Dur\u00e9e de lecture estim\u00e9e\" \/>\n\t<meta name=\"twitter:data1\" content=\"3 minutes\" \/>\n<script type=\"application\/ld+json\" class=\"yoast-schema-graph\">{\"@context\":\"https:\\\/\\\/schema.org\",\"@graph\":[{\"@type\":\"WebPage\",\"@id\":\"https:\\\/\\\/www.uscars.biz\\\/uscars.wordpress\\\/jeep\\\/grand-cherokee\\\/historique-gc-wk2\\\/\",\"url\":\"https:\\\/\\\/www.uscars.biz\\\/uscars.wordpress\\\/jeep\\\/grand-cherokee\\\/historique-gc-wk2\\\/\",\"name\":\"Historique du mod\u00e8le WK2 - US Cars\",\"isPartOf\":{\"@id\":\"https:\\\/\\\/www.uscars.biz\\\/uscars.wordpress\\\/#website\"},\"primaryImageOfPage\":{\"@id\":\"https:\\\/\\\/www.uscars.biz\\\/uscars.wordpress\\\/jeep\\\/grand-cherokee\\\/historique-gc-wk2\\\/#primaryimage\"},\"image\":{\"@id\":\"https:\\\/\\\/www.uscars.biz\\\/uscars.wordpress\\\/jeep\\\/grand-cherokee\\\/historique-gc-wk2\\\/#primaryimage\"},\"thumbnailUrl\":\"https:\\\/\\\/www.uscars.biz\\\/uscars.wordpress\\\/wp-content\\\/uploads\\\/2012\\\/12\\\/gchee_2011_1.jpg\",\"datePublished\":\"2025-06-07T17:16:05+00:00\",\"dateModified\":\"2025-06-07T18:51:17+00:00\",\"breadcrumb\":{\"@id\":\"https:\\\/\\\/www.uscars.biz\\\/uscars.wordpress\\\/jeep\\\/grand-cherokee\\\/historique-gc-wk2\\\/#breadcrumb\"},\"inLanguage\":\"fr-FR\",\"potentialAction\":[{\"@type\":\"ReadAction\",\"target\":[\"https:\\\/\\\/www.uscars.biz\\\/uscars.wordpress\\\/jeep\\\/grand-cherokee\\\/historique-gc-wk2\\\/\"]}]},{\"@type\":\"ImageObject\",\"inLanguage\":\"fr-FR\",\"@id\":\"https:\\\/\\\/www.uscars.biz\\\/uscars.wordpress\\\/jeep\\\/grand-cherokee\\\/historique-gc-wk2\\\/#primaryimage\",\"url\":\"https:\\\/\\\/www.uscars.biz\\\/uscars.wordpress\\\/wp-content\\\/uploads\\\/2012\\\/12\\\/gchee_2011_1.jpg\",\"contentUrl\":\"https:\\\/\\\/www.uscars.biz\\\/uscars.wordpress\\\/wp-content\\\/uploads\\\/2012\\\/12\\\/gchee_2011_1.jpg\",\"width\":1280,\"height\":1137},{\"@type\":\"BreadcrumbList\",\"@id\":\"https:\\\/\\\/www.uscars.biz\\\/uscars.wordpress\\\/jeep\\\/grand-cherokee\\\/historique-gc-wk2\\\/#breadcrumb\",\"itemListElement\":[{\"@type\":\"ListItem\",\"position\":1,\"name\":\"Accueil\",\"item\":\"https:\\\/\\\/www.uscars.biz\\\/uscars.wordpress\\\/\"},{\"@type\":\"ListItem\",\"position\":2,\"name\":\"Jeep\",\"item\":\"https:\\\/\\\/www.uscars.biz\\\/uscars.wordpress\\\/jeep\\\/\"},{\"@type\":\"ListItem\",\"position\":3,\"name\":\"Jeep Grand Cherokee de 1992 \u00e0 2021\",\"item\":\"https:\\\/\\\/www.uscars.biz\\\/uscars.wordpress\\\/jeep\\\/grand-cherokee\\\/\"},{\"@type\":\"ListItem\",\"position\":4,\"name\":\"Historique du mod\u00e8le WK2\"}]},{\"@type\":\"WebSite\",\"@id\":\"https:\\\/\\\/www.uscars.biz\\\/uscars.wordpress\\\/#website\",\"url\":\"https:\\\/\\\/www.uscars.biz\\\/uscars.wordpress\\\/\",\"name\":\"US Cars\",\"description\":\"La passion des voitures am\u00e9ricaines\",\"publisher\":{\"@id\":\"https:\\\/\\\/www.uscars.biz\\\/uscars.wordpress\\\/#organization\"},\"potentialAction\":[{\"@type\":\"SearchAction\",\"target\":{\"@type\":\"EntryPoint\",\"urlTemplate\":\"https:\\\/\\\/www.uscars.biz\\\/uscars.wordpress\\\/?s={search_term_string}\"},\"query-input\":{\"@type\":\"PropertyValueSpecification\",\"valueRequired\":true,\"valueName\":\"search_term_string\"}}],\"inLanguage\":\"fr-FR\"},{\"@type\":\"Organization\",\"@id\":\"https:\\\/\\\/www.uscars.biz\\\/uscars.wordpress\\\/#organization\",\"name\":\"US Cars\",\"url\":\"https:\\\/\\\/www.uscars.biz\\\/uscars.wordpress\\\/\",\"logo\":{\"@type\":\"ImageObject\",\"inLanguage\":\"fr-FR\",\"@id\":\"https:\\\/\\\/www.uscars.biz\\\/uscars.wordpress\\\/#\\\/schema\\\/logo\\\/image\\\/\",\"url\":\"https:\\\/\\\/www.uscars.biz\\\/uscars.wordpress\\\/wp-content\\\/uploads\\\/2016\\\/09\\\/cropped-uscars_carre_512x512.png\",\"contentUrl\":\"https:\\\/\\\/www.uscars.biz\\\/uscars.wordpress\\\/wp-content\\\/uploads\\\/2016\\\/09\\\/cropped-uscars_carre_512x512.png\",\"width\":512,\"height\":512,\"caption\":\"US Cars\"},\"image\":{\"@id\":\"https:\\\/\\\/www.uscars.biz\\\/uscars.wordpress\\\/#\\\/schema\\\/logo\\\/image\\\/\"},\"sameAs\":[\"https:\\\/\\\/www.facebook.com\\\/uscars.france\",\"https:\\\/\\\/x.com\\\/uscarsfrance\",\"https:\\\/\\\/www.youtube.com\\\/user\\\/uscarsdotbiz\"]}]}<\/script>\n<!-- \/ Yoast SEO plugin. -->","yoast_head_json":{"title":"Historique du mod\u00e8le WK2 - US Cars","robots":{"index":"index","follow":"follow","max-snippet":"max-snippet:-1","max-image-preview":"max-image-preview:large","max-video-preview":"max-video-preview:-1"},"canonical":"https:\/\/www.uscars.biz\/uscars.wordpress\/jeep\/grand-cherokee\/historique-gc-wk2\/","og_locale":"fr_FR","og_type":"article","og_title":"Historique du mod\u00e8le WK2 - US Cars","og_description":"&nbsp; &nbsp; D\u00e9voil\u00e9 au New York Auto Show 2009 et commercialis\u00e9 aux Etats-Unis \u00e0 l&rsquo;\u00e9t\u00e9 2010 comme mod\u00e8le 2011, le Grand Cherokee WK2 repr\u00e9sente bien qu&rsquo;une \u00e9volution du Grand Cherokee WK. Bas\u00e9 sur le ch\u00e2ssis du Mercedes ML, fruit de l&rsquo;ancien mariage avec le constructeur allemand avant que Chrysler ne soit absorb\u00e9 par Fiat, il [&hellip;]","og_url":"https:\/\/www.uscars.biz\/uscars.wordpress\/jeep\/grand-cherokee\/historique-gc-wk2\/","og_site_name":"US Cars","article_publisher":"https:\/\/www.facebook.com\/uscars.france","article_modified_time":"2025-06-07T18:51:17+00:00","og_image":[{"width":1280,"height":1137,"url":"https:\/\/www.uscars.biz\/uscars.wordpress\/wp-content\/uploads\/2012\/12\/gchee_2011_1.jpg","type":"image\/jpeg"}],"twitter_card":"summary_large_image","twitter_site":"@uscarsfrance","twitter_misc":{"Dur\u00e9e de lecture estim\u00e9e":"3 minutes"},"schema":{"@context":"https:\/\/schema.org","@graph":[{"@type":"WebPage","@id":"https:\/\/www.uscars.biz\/uscars.wordpress\/jeep\/grand-cherokee\/historique-gc-wk2\/","url":"https:\/\/www.uscars.biz\/uscars.wordpress\/jeep\/grand-cherokee\/historique-gc-wk2\/","name":"Historique du mod\u00e8le WK2 - US Cars","isPartOf":{"@id":"https:\/\/www.uscars.biz\/uscars.wordpress\/#website"},"primaryImageOfPage":{"@id":"https:\/\/www.uscars.biz\/uscars.wordpress\/jeep\/grand-cherokee\/historique-gc-wk2\/#primaryimage"},"image":{"@id":"https:\/\/www.uscars.biz\/uscars.wordpress\/jeep\/grand-cherokee\/historique-gc-wk2\/#primaryimage"},"thumbnailUrl":"https:\/\/www.uscars.biz\/uscars.wordpress\/wp-content\/uploads\/2012\/12\/gchee_2011_1.jpg","datePublished":"2025-06-07T17:16:05+00:00","dateModified":"2025-06-07T18:51:17+00:00","breadcrumb":{"@id":"https:\/\/www.uscars.biz\/uscars.wordpress\/jeep\/grand-cherokee\/historique-gc-wk2\/#breadcrumb"},"inLanguage":"fr-FR","potentialAction":[{"@type":"ReadAction","target":["https:\/\/www.uscars.biz\/uscars.wordpress\/jeep\/grand-cherokee\/historique-gc-wk2\/"]}]},{"@type":"ImageObject","inLanguage":"fr-FR","@id":"https:\/\/www.uscars.biz\/uscars.wordpress\/jeep\/grand-cherokee\/historique-gc-wk2\/#primaryimage","url":"https:\/\/www.uscars.biz\/uscars.wordpress\/wp-content\/uploads\/2012\/12\/gchee_2011_1.jpg","contentUrl":"https:\/\/www.uscars.biz\/uscars.wordpress\/wp-content\/uploads\/2012\/12\/gchee_2011_1.jpg","width":1280,"height":1137},{"@type":"BreadcrumbList","@id":"https:\/\/www.uscars.biz\/uscars.wordpress\/jeep\/grand-cherokee\/historique-gc-wk2\/#breadcrumb","itemListElement":[{"@type":"ListItem","position":1,"name":"Accueil","item":"https:\/\/www.uscars.biz\/uscars.wordpress\/"},{"@type":"ListItem","position":2,"name":"Jeep","item":"https:\/\/www.uscars.biz\/uscars.wordpress\/jeep\/"},{"@type":"ListItem","position":3,"name":"Jeep Grand Cherokee de 1992 \u00e0 2021","item":"https:\/\/www.uscars.biz\/uscars.wordpress\/jeep\/grand-cherokee\/"},{"@type":"ListItem","position":4,"name":"Historique du mod\u00e8le WK2"}]},{"@type":"WebSite","@id":"https:\/\/www.uscars.biz\/uscars.wordpress\/#website","url":"https:\/\/www.uscars.biz\/uscars.wordpress\/","name":"US Cars","description":"La passion des voitures am\u00e9ricaines","publisher":{"@id":"https:\/\/www.uscars.biz\/uscars.wordpress\/#organization"},"potentialAction":[{"@type":"SearchAction","target":{"@type":"EntryPoint","urlTemplate":"https:\/\/www.uscars.biz\/uscars.wordpress\/?s={search_term_string}"},"query-input":{"@type":"PropertyValueSpecification","valueRequired":true,"valueName":"search_term_string"}}],"inLanguage":"fr-FR"},{"@type":"Organization","@id":"https:\/\/www.uscars.biz\/uscars.wordpress\/#organization","name":"US Cars","url":"https:\/\/www.uscars.biz\/uscars.wordpress\/","logo":{"@type":"ImageObject","inLanguage":"fr-FR","@id":"https:\/\/www.uscars.biz\/uscars.wordpress\/#\/schema\/logo\/image\/","url":"https:\/\/www.uscars.biz\/uscars.wordpress\/wp-content\/uploads\/2016\/09\/cropped-uscars_carre_512x512.png","contentUrl":"https:\/\/www.uscars.biz\/uscars.wordpress\/wp-content\/uploads\/2016\/09\/cropped-uscars_carre_512x512.png","width":512,"height":512,"caption":"US Cars"},"image":{"@id":"https:\/\/www.uscars.biz\/uscars.wordpress\/#\/schema\/logo\/image\/"},"sameAs":["https:\/\/www.facebook.com\/uscars.france","https:\/\/x.com\/uscarsfrance","https:\/\/www.youtube.com\/user\/uscarsdotbiz"]}]}},"jetpack_sharing_enabled":true,"jetpack_shortlink":"https:\/\/wp.me\/P2RQDg-4hUg","_links":{"self":[{"href":"https:\/\/www.uscars.biz\/uscars.wordpress\/wp-json\/wp\/v2\/pages\/1022148","targetHints":{"allow":["GET"]}}],"collection":[{"href":"https:\/\/www.uscars.biz\/uscars.wordpress\/wp-json\/wp\/v2\/pages"}],"about":[{"href":"https:\/\/www.uscars.biz\/uscars.wordpress\/wp-json\/wp\/v2\/types\/page"}],"author":[{"embeddable":true,"href":"https:\/\/www.uscars.biz\/uscars.wordpress\/wp-json\/wp\/v2\/users\/1"}],"replies":[{"embeddable":true,"href":"https:\/\/www.uscars.biz\/uscars.wordpress\/wp-json\/wp\/v2\/comments?post=1022148"}],"version-history":[{"count":4,"href":"https:\/\/www.uscars.biz\/uscars.wordpress\/wp-json\/wp\/v2\/pages\/1022148\/revisions"}],"predecessor-version":[{"id":1022203,"href":"https:\/\/www.uscars.biz\/uscars.wordpress\/wp-json\/wp\/v2\/pages\/1022148\/revisions\/1022203"}],"up":[{"embeddable":true,"href":"https:\/\/www.uscars.biz\/uscars.wordpress\/wp-json\/wp\/v2\/pages\/157"}],"wp:attachment":[{"href":"https:\/\/www.uscars.biz\/uscars.wordpress\/wp-json\/wp\/v2\/media?parent=1022148"}],"curies":[{"name":"wp","href":"https:\/\/api.w.org\/{rel}","templated":true}]}}