{"id":1072,"date":"2012-11-18T01:21:32","date_gmt":"2012-11-18T00:21:32","guid":{"rendered":"http:\/\/www.uscars.biz\/uscars.wordpress\/?page_id=1072"},"modified":"2025-06-07T14:16:58","modified_gmt":"2025-06-07T12:16:58","slug":"historique","status":"publish","type":"page","link":"https:\/\/www.uscars.biz\/uscars.wordpress\/chrysler\/sebring\/historique\/","title":{"rendered":"Historique"},"content":{"rendered":"<figure id=\"attachment_1499\" aria-describedby=\"caption-attachment-1499\" style=\"width: 315px\" class=\"wp-caption aligncenter\"><img loading=\"lazy\" decoding=\"async\" class=\"wp-image-1499 size-full\" style=\"border: 0px; margin-top: 0px; margin-bottom: 0px;\" title=\"se_01_a1\" src=\"https:\/\/www.uscars.biz\/uscars.wordpress\/wp-content\/uploads\/2012\/12\/se_01_a1.jpg\" alt=\"\" width=\"315\" height=\"208\" srcset=\"https:\/\/www.uscars.biz\/uscars.wordpress\/wp-content\/uploads\/2012\/12\/se_01_a1.jpg 315w, https:\/\/www.uscars.biz\/uscars.wordpress\/wp-content\/uploads\/2012\/12\/se_01_a1-300x198.jpg 300w\" sizes=\"auto, (max-width: 315px) 100vw, 315px\" \/><figcaption id=\"caption-attachment-1499\" class=\"wp-caption-text\">Sebring Convertible 2001<\/figcaption><\/figure>\n<div class=\"mceTemp\">&nbsp;<\/div>\n<p>&nbsp;<\/p>\n<p>Le lancement commercial du cabriolet Sebring en France intervient en mars 2001.<\/p>\n<p>Il dispose comme son pr\u00e9d\u00e9cesseur d&rsquo;une plate-forme sp\u00e9cifique et d&rsquo;une carrosserie sans arceau de s\u00e9curit\u00e9. L&rsquo;habitabilit\u00e9 est exceptionnelle gr\u00e2ce au concept <em>cab forward<\/em> et offre quatre places et un vrai coffre.<\/p>\n<p>Les m\u00e9caniques propos\u00e9es sont un moteur quatre cylindres 2 litres de 141 chevaux et un six cylindres 2,7 litres de 202 chevaux coupl\u00e9 \u00e0 une bo\u00eete automatique s\u00e9quentielle AutoStick.<\/p>\n<p>La capote \u00e9lectrique est dot\u00e9e d&rsquo;une lunette arri\u00e8re panoramique en verre \u00e0 d\u00e9givrage \u00e9lectrique et d&rsquo;un \u00e9pais doublage de pavillon en tissu.<\/p>\n<p>En 2003, la m\u00e9canique quatre cylindres n&rsquo;est plus propos\u00e9e pour laisser le champ libre au six cylindres jug\u00e9 plus d\u00e9sirable. La calandre est modifi\u00e9e selon un dessin plus agressif, commun aux autres nouvelles automobiles Chrysler.<\/p>\n<p>La fin de sa commercialisation \u00e0 court terme est annonc\u00e9e pendant l&rsquo;\u00e9t\u00e9 2004.<\/p>\n<figure id=\"attachment_1500\" aria-describedby=\"caption-attachment-1500\" style=\"width: 315px\" class=\"wp-caption aligncenter\"><img loading=\"lazy\" decoding=\"async\" class=\"wp-image-1500 size-full\" style=\"border: 0px; margin-top: 0px; margin-bottom: 0px;\" title=\"se_03_a1\" src=\"https:\/\/www.uscars.biz\/uscars.wordpress\/wp-content\/uploads\/2012\/12\/se_03_a1.jpg\" alt=\"\" width=\"315\" height=\"208\" srcset=\"https:\/\/www.uscars.biz\/uscars.wordpress\/wp-content\/uploads\/2012\/12\/se_03_a1.jpg 315w, https:\/\/www.uscars.biz\/uscars.wordpress\/wp-content\/uploads\/2012\/12\/se_03_a1-300x198.jpg 300w\" sizes=\"auto, (max-width: 315px) 100vw, 315px\" \/><figcaption id=\"caption-attachment-1500\" class=\"wp-caption-text\">Sebring Convertible 2003<\/figcaption><\/figure>\n<p>&nbsp;<\/p>\n<p>La nouvelle g\u00e9n\u00e9ration du cabriolet Sebring 2008 est pr\u00e9sent\u00e9e fin 2006 au salon de l&rsquo;auto de Los Angeles. Construit sur une plate-forme Daimler Chrysler \u00e0 l&rsquo;usine de Sterling Heights (Michigan) et compl\u00e8tement redessin\u00e9, il offre un design \u00e9lanc\u00e9, des performances enivrantes et un habitacle spacieux pour quatre adultes. Il arbore les traits distinctifs Chrysler, la calandre alv\u00e9ol\u00e9e et le capot stri\u00e9. La structure de la coque est consid\u00e9rablement plus rigide en flexion et en torsion que celle de la g\u00e9n\u00e9ration pr\u00e9c\u00e9dente. Le client peut choisir entre une capote en vinyle noir, une capote en tissu (trois couleurs propos\u00e9es) et un toit rigide r\u00e9tractable en acier couleur carrosserie. Ces toits en trois parties fournis par Karmann utilisent le m\u00eame m\u00e9canisme \u00e0 verrouillage automatique, occupent le m\u00eame volume une fois repli\u00e9s dans le coffre et peuvent \u00eatre ferm\u00e9s d&rsquo;une simple pression sur un bouton du tableau de bord ou de la t\u00e9l\u00e9commande. Le coffre est assez volumineux pour contenir deux sacs de golf m\u00eame quand la capote ou le toit sont abaiss\u00e9s. L&rsquo;ouverture ou la fermeture des capotes durent environ 24 secondes, celles du toit rigide environ 29 secondes.<\/p>\n<p>Outre-atlantique, les motorisations disponibles sont un quatre cylindres 2,4 litres (173 chevaux), un V6 2,7 litres (189 chevaux &#8211; SP95\/E85) et un V6 3,5 litres (235 chevaux) coupl\u00e9 \u00e0 une nouvelle transmission automatique AutoStick \u00e0 six vitesses. En Europe, les motorisations disponibles sont un moteur V6 2,7 litres avec bo\u00eete de vitesses automatique et un moteur 2 litres Turbo Diesel (140 chevaux) d&rsquo;origine Volkswagen avec bo\u00eete de vitesses manuelle. Quatre versions sont propos\u00e9es : Touring 2.0 CRD capote toile, Limited 2.0 CRD capote toile, Limited 2.0 CRD toit rigide et Limited 2.7 V6 toit rigide. Les mod\u00e8les V6 ne sont disponibles que sur commande sp\u00e9ciale.<\/p>\n<p>L&rsquo;\u00e9quipement de la finition Touring comprend six airbags, un syst\u00e8mes antiblocage et un dispositif de contr\u00f4le de stabilit\u00e9, le contr\u00f4le de la pression des pneus, le r\u00e9gulateur de vitesse, la climatisation automatique bizone, l&rsquo;ordinateur de bord, le si\u00e8ge conducteur \u00e9lectrique, l&rsquo;autoradio MP3 avec commandes au volant, le volant cuir et les jantes en aluminium de 17 pouces. L&rsquo;\u00e9quipement de la finition Limited inclut en plus le syst\u00e8me audio Boston Acoustics (amplificateur 276 W), la sellerie cuir, les si\u00e8ges chauffants et les jantes en aluminium de 18 pouces. Sont disponibles en option sur la version Touring un Pack Plus (jantes en aluminium de 18 pouces, porte-gobelets chauffants ou rafra\u00eechissants, filet anti-remous), le changeur 6 CD et la peinture m\u00e9tallis\u00e9e. Sont disponibles en option sur la version Limited le changeur 6 CD, la peinture m\u00e9tallis\u00e9e, les porte-gobelets chauffants ou rafra\u00eechissants et le syst\u00e8me de navigation multim\u00e9dia (GPS, cartographie Europe, \u00e9cran tactile 2D\/3D et disque dur de 20 Go). Le kit iPod, le radar de recul et le filet anti-remous sont des accessoires suppl\u00e9mentaires.<\/p>\n<p>\u00c0 partir de 2010, le cabriolet Sebring 2008 n&rsquo;est plus disponible en France que dans les versions Limited 2.0 CRD et 2.7 V6 \u00e0 toit rigide.<\/p>\n","protected":false},"excerpt":{"rendered":"<p>&nbsp; &nbsp; Le lancement commercial du cabriolet Sebring en France intervient en mars 2001. Il dispose comme son pr\u00e9d\u00e9cesseur d&rsquo;une plate-forme sp\u00e9cifique et d&rsquo;une carrosserie sans arceau de s\u00e9curit\u00e9. L&rsquo;habitabilit\u00e9 est exceptionnelle gr\u00e2ce au concept cab forward et offre quatre places et un vrai coffre. Les m\u00e9caniques propos\u00e9es sont un moteur quatre cylindres 2 litres [&hellip;]<\/p>\n","protected":false},"author":1,"featured_media":0,"parent":134,"menu_order":1,"comment_status":"closed","ping_status":"closed","template":"","meta":{"ngg_post_thumbnail":0,"footnotes":""},"class_list":["post-1072","page","type-page","status-publish","hentry"],"yoast_head":"<!-- This site is optimized with the Yoast SEO plugin v27.3 - https:\/\/yoast.com\/product\/yoast-seo-wordpress\/ -->\n<title>Historique - US Cars<\/title>\n<meta name=\"robots\" content=\"index, follow, max-snippet:-1, max-image-preview:large, max-video-preview:-1\" \/>\n<link rel=\"canonical\" href=\"https:\/\/www.uscars.biz\/uscars.wordpress\/chrysler\/sebring\/historique\/\" \/>\n<meta property=\"og:locale\" content=\"fr_FR\" \/>\n<meta property=\"og:type\" content=\"article\" \/>\n<meta property=\"og:title\" content=\"Historique - US Cars\" \/>\n<meta property=\"og:description\" content=\"&nbsp; &nbsp; Le lancement commercial du cabriolet Sebring en France intervient en mars 2001. Il dispose comme son pr\u00e9d\u00e9cesseur d&rsquo;une plate-forme sp\u00e9cifique et d&rsquo;une carrosserie sans arceau de s\u00e9curit\u00e9. L&rsquo;habitabilit\u00e9 est exceptionnelle gr\u00e2ce au concept cab forward et offre quatre places et un vrai coffre. Les m\u00e9caniques propos\u00e9es sont un moteur quatre cylindres 2 litres [&hellip;]\" \/>\n<meta property=\"og:url\" content=\"https:\/\/www.uscars.biz\/uscars.wordpress\/chrysler\/sebring\/historique\/\" \/>\n<meta property=\"og:site_name\" content=\"US Cars\" \/>\n<meta property=\"article:publisher\" content=\"https:\/\/www.facebook.com\/uscars.france\" \/>\n<meta property=\"article:modified_time\" content=\"2025-06-07T12:16:58+00:00\" \/>\n<meta property=\"og:image\" content=\"https:\/\/www.uscars.biz\/uscars.wordpress\/wp-content\/uploads\/2012\/12\/se_01_a1.jpg\" \/>\n\t<meta property=\"og:image:width\" content=\"315\" \/>\n\t<meta property=\"og:image:height\" content=\"208\" \/>\n\t<meta property=\"og:image:type\" content=\"image\/jpeg\" \/>\n<meta name=\"twitter:card\" content=\"summary_large_image\" \/>\n<meta name=\"twitter:site\" content=\"@uscarsfrance\" \/>\n<meta name=\"twitter:label1\" content=\"Dur\u00e9e de lecture estim\u00e9e\" \/>\n\t<meta name=\"twitter:data1\" content=\"4 minutes\" \/>\n<script type=\"application\/ld+json\" class=\"yoast-schema-graph\">{\"@context\":\"https:\\\/\\\/schema.org\",\"@graph\":[{\"@type\":\"WebPage\",\"@id\":\"https:\\\/\\\/www.uscars.biz\\\/uscars.wordpress\\\/chrysler\\\/sebring\\\/historique\\\/\",\"url\":\"https:\\\/\\\/www.uscars.biz\\\/uscars.wordpress\\\/chrysler\\\/sebring\\\/historique\\\/\",\"name\":\"Historique - US Cars\",\"isPartOf\":{\"@id\":\"https:\\\/\\\/www.uscars.biz\\\/uscars.wordpress\\\/#website\"},\"primaryImageOfPage\":{\"@id\":\"https:\\\/\\\/www.uscars.biz\\\/uscars.wordpress\\\/chrysler\\\/sebring\\\/historique\\\/#primaryimage\"},\"image\":{\"@id\":\"https:\\\/\\\/www.uscars.biz\\\/uscars.wordpress\\\/chrysler\\\/sebring\\\/historique\\\/#primaryimage\"},\"thumbnailUrl\":\"https:\\\/\\\/www.uscars.biz\\\/uscars.wordpress\\\/wp-content\\\/uploads\\\/2012\\\/12\\\/se_01_a1.jpg\",\"datePublished\":\"2012-11-18T00:21:32+00:00\",\"dateModified\":\"2025-06-07T12:16:58+00:00\",\"breadcrumb\":{\"@id\":\"https:\\\/\\\/www.uscars.biz\\\/uscars.wordpress\\\/chrysler\\\/sebring\\\/historique\\\/#breadcrumb\"},\"inLanguage\":\"fr-FR\",\"potentialAction\":[{\"@type\":\"ReadAction\",\"target\":[\"https:\\\/\\\/www.uscars.biz\\\/uscars.wordpress\\\/chrysler\\\/sebring\\\/historique\\\/\"]}]},{\"@type\":\"ImageObject\",\"inLanguage\":\"fr-FR\",\"@id\":\"https:\\\/\\\/www.uscars.biz\\\/uscars.wordpress\\\/chrysler\\\/sebring\\\/historique\\\/#primaryimage\",\"url\":\"https:\\\/\\\/www.uscars.biz\\\/uscars.wordpress\\\/wp-content\\\/uploads\\\/2012\\\/12\\\/se_01_a1.jpg\",\"contentUrl\":\"https:\\\/\\\/www.uscars.biz\\\/uscars.wordpress\\\/wp-content\\\/uploads\\\/2012\\\/12\\\/se_01_a1.jpg\",\"width\":\"315\",\"height\":\"208\"},{\"@type\":\"BreadcrumbList\",\"@id\":\"https:\\\/\\\/www.uscars.biz\\\/uscars.wordpress\\\/chrysler\\\/sebring\\\/historique\\\/#breadcrumb\",\"itemListElement\":[{\"@type\":\"ListItem\",\"position\":1,\"name\":\"Accueil\",\"item\":\"https:\\\/\\\/www.uscars.biz\\\/uscars.wordpress\\\/\"},{\"@type\":\"ListItem\",\"position\":2,\"name\":\"Chrysler\",\"item\":\"https:\\\/\\\/www.uscars.biz\\\/uscars.wordpress\\\/chrysler\\\/\"},{\"@type\":\"ListItem\",\"position\":3,\"name\":\"Chrysler Sebring de 2001 \u00e0 2011\",\"item\":\"https:\\\/\\\/www.uscars.biz\\\/uscars.wordpress\\\/chrysler\\\/sebring\\\/\"},{\"@type\":\"ListItem\",\"position\":4,\"name\":\"Historique\"}]},{\"@type\":\"WebSite\",\"@id\":\"https:\\\/\\\/www.uscars.biz\\\/uscars.wordpress\\\/#website\",\"url\":\"https:\\\/\\\/www.uscars.biz\\\/uscars.wordpress\\\/\",\"name\":\"US Cars\",\"description\":\"La passion des voitures am\u00e9ricaines\",\"publisher\":{\"@id\":\"https:\\\/\\\/www.uscars.biz\\\/uscars.wordpress\\\/#organization\"},\"potentialAction\":[{\"@type\":\"SearchAction\",\"target\":{\"@type\":\"EntryPoint\",\"urlTemplate\":\"https:\\\/\\\/www.uscars.biz\\\/uscars.wordpress\\\/?s={search_term_string}\"},\"query-input\":{\"@type\":\"PropertyValueSpecification\",\"valueRequired\":true,\"valueName\":\"search_term_string\"}}],\"inLanguage\":\"fr-FR\"},{\"@type\":\"Organization\",\"@id\":\"https:\\\/\\\/www.uscars.biz\\\/uscars.wordpress\\\/#organization\",\"name\":\"US Cars\",\"url\":\"https:\\\/\\\/www.uscars.biz\\\/uscars.wordpress\\\/\",\"logo\":{\"@type\":\"ImageObject\",\"inLanguage\":\"fr-FR\",\"@id\":\"https:\\\/\\\/www.uscars.biz\\\/uscars.wordpress\\\/#\\\/schema\\\/logo\\\/image\\\/\",\"url\":\"https:\\\/\\\/www.uscars.biz\\\/uscars.wordpress\\\/wp-content\\\/uploads\\\/2016\\\/09\\\/cropped-uscars_carre_512x512.png\",\"contentUrl\":\"https:\\\/\\\/www.uscars.biz\\\/uscars.wordpress\\\/wp-content\\\/uploads\\\/2016\\\/09\\\/cropped-uscars_carre_512x512.png\",\"width\":512,\"height\":512,\"caption\":\"US Cars\"},\"image\":{\"@id\":\"https:\\\/\\\/www.uscars.biz\\\/uscars.wordpress\\\/#\\\/schema\\\/logo\\\/image\\\/\"},\"sameAs\":[\"https:\\\/\\\/www.facebook.com\\\/uscars.france\",\"https:\\\/\\\/x.com\\\/uscarsfrance\",\"https:\\\/\\\/www.youtube.com\\\/user\\\/uscarsdotbiz\"]}]}<\/script>\n<!-- \/ Yoast SEO plugin. -->","yoast_head_json":{"title":"Historique - US Cars","robots":{"index":"index","follow":"follow","max-snippet":"max-snippet:-1","max-image-preview":"max-image-preview:large","max-video-preview":"max-video-preview:-1"},"canonical":"https:\/\/www.uscars.biz\/uscars.wordpress\/chrysler\/sebring\/historique\/","og_locale":"fr_FR","og_type":"article","og_title":"Historique - US Cars","og_description":"&nbsp; &nbsp; Le lancement commercial du cabriolet Sebring en France intervient en mars 2001. Il dispose comme son pr\u00e9d\u00e9cesseur d&rsquo;une plate-forme sp\u00e9cifique et d&rsquo;une carrosserie sans arceau de s\u00e9curit\u00e9. L&rsquo;habitabilit\u00e9 est exceptionnelle gr\u00e2ce au concept cab forward et offre quatre places et un vrai coffre. Les m\u00e9caniques propos\u00e9es sont un moteur quatre cylindres 2 litres [&hellip;]","og_url":"https:\/\/www.uscars.biz\/uscars.wordpress\/chrysler\/sebring\/historique\/","og_site_name":"US Cars","article_publisher":"https:\/\/www.facebook.com\/uscars.france","article_modified_time":"2025-06-07T12:16:58+00:00","og_image":[{"width":315,"height":208,"url":"https:\/\/www.uscars.biz\/uscars.wordpress\/wp-content\/uploads\/2012\/12\/se_01_a1.jpg","type":"image\/jpeg"}],"twitter_card":"summary_large_image","twitter_site":"@uscarsfrance","twitter_misc":{"Dur\u00e9e de lecture estim\u00e9e":"4 minutes"},"schema":{"@context":"https:\/\/schema.org","@graph":[{"@type":"WebPage","@id":"https:\/\/www.uscars.biz\/uscars.wordpress\/chrysler\/sebring\/historique\/","url":"https:\/\/www.uscars.biz\/uscars.wordpress\/chrysler\/sebring\/historique\/","name":"Historique - US Cars","isPartOf":{"@id":"https:\/\/www.uscars.biz\/uscars.wordpress\/#website"},"primaryImageOfPage":{"@id":"https:\/\/www.uscars.biz\/uscars.wordpress\/chrysler\/sebring\/historique\/#primaryimage"},"image":{"@id":"https:\/\/www.uscars.biz\/uscars.wordpress\/chrysler\/sebring\/historique\/#primaryimage"},"thumbnailUrl":"https:\/\/www.uscars.biz\/uscars.wordpress\/wp-content\/uploads\/2012\/12\/se_01_a1.jpg","datePublished":"2012-11-18T00:21:32+00:00","dateModified":"2025-06-07T12:16:58+00:00","breadcrumb":{"@id":"https:\/\/www.uscars.biz\/uscars.wordpress\/chrysler\/sebring\/historique\/#breadcrumb"},"inLanguage":"fr-FR","potentialAction":[{"@type":"ReadAction","target":["https:\/\/www.uscars.biz\/uscars.wordpress\/chrysler\/sebring\/historique\/"]}]},{"@type":"ImageObject","inLanguage":"fr-FR","@id":"https:\/\/www.uscars.biz\/uscars.wordpress\/chrysler\/sebring\/historique\/#primaryimage","url":"https:\/\/www.uscars.biz\/uscars.wordpress\/wp-content\/uploads\/2012\/12\/se_01_a1.jpg","contentUrl":"https:\/\/www.uscars.biz\/uscars.wordpress\/wp-content\/uploads\/2012\/12\/se_01_a1.jpg","width":"315","height":"208"},{"@type":"BreadcrumbList","@id":"https:\/\/www.uscars.biz\/uscars.wordpress\/chrysler\/sebring\/historique\/#breadcrumb","itemListElement":[{"@type":"ListItem","position":1,"name":"Accueil","item":"https:\/\/www.uscars.biz\/uscars.wordpress\/"},{"@type":"ListItem","position":2,"name":"Chrysler","item":"https:\/\/www.uscars.biz\/uscars.wordpress\/chrysler\/"},{"@type":"ListItem","position":3,"name":"Chrysler Sebring de 2001 \u00e0 2011","item":"https:\/\/www.uscars.biz\/uscars.wordpress\/chrysler\/sebring\/"},{"@type":"ListItem","position":4,"name":"Historique"}]},{"@type":"WebSite","@id":"https:\/\/www.uscars.biz\/uscars.wordpress\/#website","url":"https:\/\/www.uscars.biz\/uscars.wordpress\/","name":"US Cars","description":"La passion des voitures am\u00e9ricaines","publisher":{"@id":"https:\/\/www.uscars.biz\/uscars.wordpress\/#organization"},"potentialAction":[{"@type":"SearchAction","target":{"@type":"EntryPoint","urlTemplate":"https:\/\/www.uscars.biz\/uscars.wordpress\/?s={search_term_string}"},"query-input":{"@type":"PropertyValueSpecification","valueRequired":true,"valueName":"search_term_string"}}],"inLanguage":"fr-FR"},{"@type":"Organization","@id":"https:\/\/www.uscars.biz\/uscars.wordpress\/#organization","name":"US Cars","url":"https:\/\/www.uscars.biz\/uscars.wordpress\/","logo":{"@type":"ImageObject","inLanguage":"fr-FR","@id":"https:\/\/www.uscars.biz\/uscars.wordpress\/#\/schema\/logo\/image\/","url":"https:\/\/www.uscars.biz\/uscars.wordpress\/wp-content\/uploads\/2016\/09\/cropped-uscars_carre_512x512.png","contentUrl":"https:\/\/www.uscars.biz\/uscars.wordpress\/wp-content\/uploads\/2016\/09\/cropped-uscars_carre_512x512.png","width":512,"height":512,"caption":"US Cars"},"image":{"@id":"https:\/\/www.uscars.biz\/uscars.wordpress\/#\/schema\/logo\/image\/"},"sameAs":["https:\/\/www.facebook.com\/uscars.france","https:\/\/x.com\/uscarsfrance","https:\/\/www.youtube.com\/user\/uscarsdotbiz"]}]}},"jetpack_sharing_enabled":true,"jetpack_shortlink":"https:\/\/wp.me\/P2RQDg-hi","_links":{"self":[{"href":"https:\/\/www.uscars.biz\/uscars.wordpress\/wp-json\/wp\/v2\/pages\/1072","targetHints":{"allow":["GET"]}}],"collection":[{"href":"https:\/\/www.uscars.biz\/uscars.wordpress\/wp-json\/wp\/v2\/pages"}],"about":[{"href":"https:\/\/www.uscars.biz\/uscars.wordpress\/wp-json\/wp\/v2\/types\/page"}],"author":[{"embeddable":true,"href":"https:\/\/www.uscars.biz\/uscars.wordpress\/wp-json\/wp\/v2\/users\/1"}],"replies":[{"embeddable":true,"href":"https:\/\/www.uscars.biz\/uscars.wordpress\/wp-json\/wp\/v2\/comments?post=1072"}],"version-history":[{"count":23,"href":"https:\/\/www.uscars.biz\/uscars.wordpress\/wp-json\/wp\/v2\/pages\/1072\/revisions"}],"predecessor-version":[{"id":1021889,"href":"https:\/\/www.uscars.biz\/uscars.wordpress\/wp-json\/wp\/v2\/pages\/1072\/revisions\/1021889"}],"up":[{"embeddable":true,"href":"https:\/\/www.uscars.biz\/uscars.wordpress\/wp-json\/wp\/v2\/pages\/134"}],"wp:attachment":[{"href":"https:\/\/www.uscars.biz\/uscars.wordpress\/wp-json\/wp\/v2\/media?parent=1072"}],"curies":[{"name":"wp","href":"https:\/\/api.w.org\/{rel}","templated":true}]}}