{"id":1074,"date":"2012-11-18T01:22:12","date_gmt":"2012-11-18T00:22:12","guid":{"rendered":"http:\/\/www.uscars.biz\/uscars.wordpress\/?page_id=1074"},"modified":"2025-06-07T14:28:17","modified_gmt":"2025-06-07T12:28:17","slug":"historique","status":"publish","type":"page","link":"https:\/\/www.uscars.biz\/uscars.wordpress\/chrysler\/chrysler-200\/historique\/","title":{"rendered":"Historique"},"content":{"rendered":"<p>La production de la nouvelle Chrysler 200 Convertible d\u00e9bute au d\u00e9but de l&rsquo;ann\u00e9e 2011. Descendant direct du cabriolet Sebring 2008, la 200 b\u00e9n\u00e9ficie de nombreuses \u00e9volutions&#8230; en commen\u00e7ant bien s\u00fbr par son nom !<\/p>\n<p>La ligne g\u00e9n\u00e9rale se veut plus fluide. La 200 est \u00e9quip\u00e9e en standard d&rsquo;une capote souple mais il est possible d&rsquo;obtenir en option un toit rigide r\u00e9tractable. La 200 arbore une nouvelle calandre \u00e0 sept lames chrom\u00e9es surmont\u00e9es du logo Chrysler. Les feux avant et arri\u00e8re b\u00e9n\u00e9ficient de la technologie LED.<\/p>\n<p>Les motorisations disponibles sont le moteur V6 Pentastar de 3,6 litres offrant 283 chevaux (successeur du moteur 2,7 litres \u00e9quipant la Sebring) et le moteur 4 cylindres de 2,4 litres de 173 chevaux, toutes deux coupl\u00e9es en standard avec une bo\u00eete de vitesses automatique \u00e0 6 rapports.<\/p>\n<p>Gr\u00e2ce \u00e0 un ch\u00e2ssis plus rigide et un nouveau train roulant, la 200 offre un agr\u00e9ment de conduite sup\u00e9rieur sans sacrifier le confort. Par rapport \u00e0 la Sebring, la 200 est plus basse de 12 mm \u00e0 l&rsquo;avant et de 6 mm \u00e0 l&rsquo;arri\u00e8re pour une meilleure r\u00e9ponse de la direction. L&rsquo;\u00e9quipement de s\u00e9curit\u00e9 inclut l&rsquo;ABS (antiblocage), l&rsquo;ESP (contr\u00f4le \u00e9lectronique de la stabilit\u00e9), des airbags frontaux \u00e0 d\u00e9ploiement variable, des airbags lat\u00e9raux dans les si\u00e8ges avant, des appuie-t\u00eates actifs et le contr\u00f4le de la pression des pneus. L&rsquo;assistance au d\u00e9marrage en c\u00f4te maintient bri\u00e8vement les quatre freins \u00e0 disque le temps du passage du pied de la p\u00e9dale de freins \u00e0 celle d&rsquo;acc\u00e9lateur.<\/p>\n<p>La capote souple ou le toit rigide r\u00e9tractable sont d&rsquo;origine Karmann. Les deux se plient en trois sections et leur m\u00e9canisme est enti\u00e8rement automatiquement. Ils sont command\u00e9s par un interrupteur au tableau de bord ou un bouton sur la cl\u00e9 de contact. L&rsquo;ouvertue ou la fermeture de la capote souple dure 27 secondes contre 30 secondes pour celle du toit rigide r\u00e9tractable. Un cache d\u00e9limite automatiquement le haut du stockage possible dans le coffre lorsque le cabriolet est d\u00e9couvert. Le syst\u00e8me \u00ab\u00a0Smart Glass\u00a0\u00bb effectue une descente automatique des vitres de 1 cm lors d&rsquo;une ouverture du toit ou des porti\u00e8res afin de prot\u00e9ger les joints.<\/p>\n<p>Par rapport \u00e0 la Sebring 2008, l&rsquo;int\u00e9rieur est enti\u00e8rement revu et pr\u00e9sente des mat\u00e9riaux de meilleure qualit\u00e9. Les si\u00e8ges sont redessin\u00e9s. La bo\u00eete \u00e0 gants b\u00e9n\u00e9ficie d&rsquo;un \u00e9clairage LED.<\/p>\n<p>Aux \u00c9tats-Unis, les versions propos\u00e9es sont dans le sens de la mont\u00e9e en gamme Touring, Limited et S.<\/p>\n<p>La version Touring est \u00e9quip\u00e9e en standard de la motorisation 4 cylindres, de roues 17 pouces en aluminium, de l&rsquo;allumage automatique des feux, du r\u00e9gulateur de vitesse, des si\u00e8ges avant \u00e9lectriques et du volant cuir avec commandes du syst\u00e8me audio.<\/p>\n<p>Sur la base de la version Touring, la version Limited est \u00e9quip\u00e9e en standard de la motorisation 6 cylindres, de roues 18 pouces en aluminium, d&rsquo;une double sortie d&rsquo;\u00e9chappement chrom\u00e9e, de r\u00e9troviseurs et de poign\u00e9es de porte chrom\u00e9es, de si\u00e8ges en cuir chauffants, d&rsquo;un media center (\u00e9cran tactile de 6,5 pouces, disque dur de 40 Go dont 28 utiles, connectivit\u00e9 Bluetooth, port USB), d&rsquo;un r\u00e9troviseur int\u00e9rieur automatique, de la commande vocale Uconnect (Uconnect Navigation et Uconnect Phone), de la commande d&rsquo;ouverture de porte de garage, d&rsquo;un coupe-vent (prenant place au-dessus des places arri\u00e8re), de feux antibrouillard et du d\u00e9marrage \u00e0 distance.<\/p>\n<p>La version S se distingue de la version Limited par une sellerie cuir, un volant cuir, des inserts et une calandre sp\u00e9cifiques, un syst\u00e8me audio Boston Acoustics de 276 W et des roues 18 pouces en aluminium peintes.<\/p>\n<p>Au Canada, une version LX \u00e9quip\u00e9e de la motorisation 4 cylindres coupl\u00e9e en standard \u00e0 une bo\u00eete de vitesses automatique \u00e0 quatre rapports ou en option \u00e0 la bo\u00eete de vitesses automatique \u00e0 six rapports est disponible. Son \u00e9quipement inclut les roues 17 pouces en aluminum, les r\u00e9troviseurs chauffants et le r\u00e9gulateur de vitesse.<\/p>\n<p style=\"text-align: center;\"><img loading=\"lazy\" decoding=\"async\" class=\"size-full wp-image-1515 aligncenter\" style=\"border: 0px; margin-top: 0px; margin-bottom: 0px;\" title=\"200_11_a1\" src=\"https:\/\/www.uscars.biz\/uscars.wordpress\/wp-content\/uploads\/2012\/12\/200_11_a1.jpg\" alt=\"\" width=\"640\" height=\"416\" srcset=\"https:\/\/www.uscars.biz\/uscars.wordpress\/wp-content\/uploads\/2012\/12\/200_11_a1.jpg 640w, https:\/\/www.uscars.biz\/uscars.wordpress\/wp-content\/uploads\/2012\/12\/200_11_a1-300x195.jpg 300w\" sizes=\"auto, (max-width: 640px) 100vw, 640px\" \/><\/p>\n<p style=\"text-align: center;\"><img loading=\"lazy\" decoding=\"async\" class=\"size-full wp-image-1516 aligncenter\" style=\"border: 0px; margin-top: 0px; margin-bottom: 0px;\" title=\"200_11_a2\" src=\"https:\/\/www.uscars.biz\/uscars.wordpress\/wp-content\/uploads\/2012\/12\/200_11_a2.jpg\" alt=\"\" width=\"640\" height=\"416\" srcset=\"https:\/\/www.uscars.biz\/uscars.wordpress\/wp-content\/uploads\/2012\/12\/200_11_a2.jpg 640w, https:\/\/www.uscars.biz\/uscars.wordpress\/wp-content\/uploads\/2012\/12\/200_11_a2-300x195.jpg 300w\" sizes=\"auto, (max-width: 640px) 100vw, 640px\" \/><\/p>\n<p style=\"text-align: left;\">En Europe, la Chrysler 200 Convertible est commercialis\u00e9e \u00e0 l&rsquo;\u00e9t\u00e9 2012 par le groupe Fiat sous la marque Lancia et sous le nom Flavia, uniquement disponible avec la capote souple et la motorisation 4 cylindres.<\/p>\n<p style=\"text-align: left;\">\u00c0 l&rsquo;occasion du&nbsp;renouvellement de la 200 en 2014, Chrysler&nbsp;annonce que le mod\u00e8le Convertible dont la production avait \u00e9t\u00e9&nbsp;arr\u00eat\u00e9e fin 2013 est abandonn\u00e9. Le constructeur estime&nbsp;que les co\u00fbts requis pour rigidifier correctement la plate-forme utilis\u00e9e pour la nouvelle berline Chrysler 200 sont trop importants alors que la version cabriolet ne repr\u00e9sentait que 5% des ventes de l&rsquo;ancienne Chrysler 200. Cette d\u00e9cision&nbsp;est une mauvaise nouvelle pour les loueurs am\u00e9ricains de la \u00ab\u00a0Sun Belt\u00a0\u00bb ! La cons\u00e9quence en Europe de cette d\u00e9cision est la disparition de la&nbsp;Flavia du catalogue Lancia.<\/p>\n","protected":false},"excerpt":{"rendered":"<p>La production de la nouvelle Chrysler 200 Convertible d\u00e9bute au d\u00e9but de l&rsquo;ann\u00e9e 2011. Descendant direct du cabriolet Sebring 2008, la 200 b\u00e9n\u00e9ficie de nombreuses \u00e9volutions&#8230; en commen\u00e7ant bien s\u00fbr par son nom ! La ligne g\u00e9n\u00e9rale se veut plus fluide. La 200 est \u00e9quip\u00e9e en standard d&rsquo;une capote souple mais il est possible d&rsquo;obtenir [&hellip;]<\/p>\n","protected":false},"author":1,"featured_media":0,"parent":162,"menu_order":1,"comment_status":"closed","ping_status":"closed","template":"","meta":{"ngg_post_thumbnail":0,"footnotes":""},"class_list":["post-1074","page","type-page","status-publish","hentry"],"yoast_head":"<!-- This site is optimized with the Yoast SEO plugin v27.3 - https:\/\/yoast.com\/product\/yoast-seo-wordpress\/ -->\n<title>Historique - US Cars<\/title>\n<meta name=\"robots\" content=\"index, follow, max-snippet:-1, max-image-preview:large, max-video-preview:-1\" \/>\n<link rel=\"canonical\" href=\"https:\/\/www.uscars.biz\/uscars.wordpress\/chrysler\/chrysler-200\/historique\/\" \/>\n<meta property=\"og:locale\" content=\"fr_FR\" \/>\n<meta property=\"og:type\" content=\"article\" \/>\n<meta property=\"og:title\" content=\"Historique - US Cars\" \/>\n<meta property=\"og:description\" content=\"La production de la nouvelle Chrysler 200 Convertible d\u00e9bute au d\u00e9but de l&rsquo;ann\u00e9e 2011. Descendant direct du cabriolet Sebring 2008, la 200 b\u00e9n\u00e9ficie de nombreuses \u00e9volutions&#8230; en commen\u00e7ant bien s\u00fbr par son nom ! La ligne g\u00e9n\u00e9rale se veut plus fluide. La 200 est \u00e9quip\u00e9e en standard d&rsquo;une capote souple mais il est possible d&rsquo;obtenir [&hellip;]\" \/>\n<meta property=\"og:url\" content=\"https:\/\/www.uscars.biz\/uscars.wordpress\/chrysler\/chrysler-200\/historique\/\" \/>\n<meta property=\"og:site_name\" content=\"US Cars\" \/>\n<meta property=\"article:publisher\" content=\"https:\/\/www.facebook.com\/uscars.france\" \/>\n<meta property=\"article:modified_time\" content=\"2025-06-07T12:28:17+00:00\" \/>\n<meta property=\"og:image\" content=\"https:\/\/www.uscars.biz\/uscars.wordpress\/wp-content\/uploads\/2012\/12\/200_11_a1.jpg\" \/>\n\t<meta property=\"og:image:width\" content=\"640\" \/>\n\t<meta property=\"og:image:height\" content=\"416\" \/>\n\t<meta property=\"og:image:type\" content=\"image\/jpeg\" \/>\n<meta name=\"twitter:card\" content=\"summary_large_image\" \/>\n<meta name=\"twitter:site\" content=\"@uscarsfrance\" \/>\n<meta name=\"twitter:label1\" content=\"Dur\u00e9e de lecture estim\u00e9e\" \/>\n\t<meta name=\"twitter:data1\" content=\"5 minutes\" \/>\n<script type=\"application\/ld+json\" class=\"yoast-schema-graph\">{\"@context\":\"https:\\\/\\\/schema.org\",\"@graph\":[{\"@type\":\"WebPage\",\"@id\":\"https:\\\/\\\/www.uscars.biz\\\/uscars.wordpress\\\/chrysler\\\/chrysler-200\\\/historique\\\/\",\"url\":\"https:\\\/\\\/www.uscars.biz\\\/uscars.wordpress\\\/chrysler\\\/chrysler-200\\\/historique\\\/\",\"name\":\"Historique - US Cars\",\"isPartOf\":{\"@id\":\"https:\\\/\\\/www.uscars.biz\\\/uscars.wordpress\\\/#website\"},\"primaryImageOfPage\":{\"@id\":\"https:\\\/\\\/www.uscars.biz\\\/uscars.wordpress\\\/chrysler\\\/chrysler-200\\\/historique\\\/#primaryimage\"},\"image\":{\"@id\":\"https:\\\/\\\/www.uscars.biz\\\/uscars.wordpress\\\/chrysler\\\/chrysler-200\\\/historique\\\/#primaryimage\"},\"thumbnailUrl\":\"https:\\\/\\\/www.uscars.biz\\\/uscars.wordpress\\\/wp-content\\\/uploads\\\/2012\\\/12\\\/200_11_a1.jpg\",\"datePublished\":\"2012-11-18T00:22:12+00:00\",\"dateModified\":\"2025-06-07T12:28:17+00:00\",\"breadcrumb\":{\"@id\":\"https:\\\/\\\/www.uscars.biz\\\/uscars.wordpress\\\/chrysler\\\/chrysler-200\\\/historique\\\/#breadcrumb\"},\"inLanguage\":\"fr-FR\",\"potentialAction\":[{\"@type\":\"ReadAction\",\"target\":[\"https:\\\/\\\/www.uscars.biz\\\/uscars.wordpress\\\/chrysler\\\/chrysler-200\\\/historique\\\/\"]}]},{\"@type\":\"ImageObject\",\"inLanguage\":\"fr-FR\",\"@id\":\"https:\\\/\\\/www.uscars.biz\\\/uscars.wordpress\\\/chrysler\\\/chrysler-200\\\/historique\\\/#primaryimage\",\"url\":\"https:\\\/\\\/www.uscars.biz\\\/uscars.wordpress\\\/wp-content\\\/uploads\\\/2012\\\/12\\\/200_11_a1.jpg\",\"contentUrl\":\"https:\\\/\\\/www.uscars.biz\\\/uscars.wordpress\\\/wp-content\\\/uploads\\\/2012\\\/12\\\/200_11_a1.jpg\",\"width\":\"640\",\"height\":\"416\"},{\"@type\":\"BreadcrumbList\",\"@id\":\"https:\\\/\\\/www.uscars.biz\\\/uscars.wordpress\\\/chrysler\\\/chrysler-200\\\/historique\\\/#breadcrumb\",\"itemListElement\":[{\"@type\":\"ListItem\",\"position\":1,\"name\":\"Accueil\",\"item\":\"https:\\\/\\\/www.uscars.biz\\\/uscars.wordpress\\\/\"},{\"@type\":\"ListItem\",\"position\":2,\"name\":\"Chrysler\",\"item\":\"https:\\\/\\\/www.uscars.biz\\\/uscars.wordpress\\\/chrysler\\\/\"},{\"@type\":\"ListItem\",\"position\":3,\"name\":\"Chrysler 200 de 2011 \u00e0 2013\",\"item\":\"https:\\\/\\\/www.uscars.biz\\\/uscars.wordpress\\\/chrysler\\\/chrysler-200\\\/\"},{\"@type\":\"ListItem\",\"position\":4,\"name\":\"Historique\"}]},{\"@type\":\"WebSite\",\"@id\":\"https:\\\/\\\/www.uscars.biz\\\/uscars.wordpress\\\/#website\",\"url\":\"https:\\\/\\\/www.uscars.biz\\\/uscars.wordpress\\\/\",\"name\":\"US Cars\",\"description\":\"La passion des voitures am\u00e9ricaines\",\"publisher\":{\"@id\":\"https:\\\/\\\/www.uscars.biz\\\/uscars.wordpress\\\/#organization\"},\"potentialAction\":[{\"@type\":\"SearchAction\",\"target\":{\"@type\":\"EntryPoint\",\"urlTemplate\":\"https:\\\/\\\/www.uscars.biz\\\/uscars.wordpress\\\/?s={search_term_string}\"},\"query-input\":{\"@type\":\"PropertyValueSpecification\",\"valueRequired\":true,\"valueName\":\"search_term_string\"}}],\"inLanguage\":\"fr-FR\"},{\"@type\":\"Organization\",\"@id\":\"https:\\\/\\\/www.uscars.biz\\\/uscars.wordpress\\\/#organization\",\"name\":\"US Cars\",\"url\":\"https:\\\/\\\/www.uscars.biz\\\/uscars.wordpress\\\/\",\"logo\":{\"@type\":\"ImageObject\",\"inLanguage\":\"fr-FR\",\"@id\":\"https:\\\/\\\/www.uscars.biz\\\/uscars.wordpress\\\/#\\\/schema\\\/logo\\\/image\\\/\",\"url\":\"https:\\\/\\\/www.uscars.biz\\\/uscars.wordpress\\\/wp-content\\\/uploads\\\/2016\\\/09\\\/cropped-uscars_carre_512x512.png\",\"contentUrl\":\"https:\\\/\\\/www.uscars.biz\\\/uscars.wordpress\\\/wp-content\\\/uploads\\\/2016\\\/09\\\/cropped-uscars_carre_512x512.png\",\"width\":512,\"height\":512,\"caption\":\"US Cars\"},\"image\":{\"@id\":\"https:\\\/\\\/www.uscars.biz\\\/uscars.wordpress\\\/#\\\/schema\\\/logo\\\/image\\\/\"},\"sameAs\":[\"https:\\\/\\\/www.facebook.com\\\/uscars.france\",\"https:\\\/\\\/x.com\\\/uscarsfrance\",\"https:\\\/\\\/www.youtube.com\\\/user\\\/uscarsdotbiz\"]}]}<\/script>\n<!-- \/ Yoast SEO plugin. -->","yoast_head_json":{"title":"Historique - US Cars","robots":{"index":"index","follow":"follow","max-snippet":"max-snippet:-1","max-image-preview":"max-image-preview:large","max-video-preview":"max-video-preview:-1"},"canonical":"https:\/\/www.uscars.biz\/uscars.wordpress\/chrysler\/chrysler-200\/historique\/","og_locale":"fr_FR","og_type":"article","og_title":"Historique - US Cars","og_description":"La production de la nouvelle Chrysler 200 Convertible d\u00e9bute au d\u00e9but de l&rsquo;ann\u00e9e 2011. Descendant direct du cabriolet Sebring 2008, la 200 b\u00e9n\u00e9ficie de nombreuses \u00e9volutions&#8230; en commen\u00e7ant bien s\u00fbr par son nom ! La ligne g\u00e9n\u00e9rale se veut plus fluide. La 200 est \u00e9quip\u00e9e en standard d&rsquo;une capote souple mais il est possible d&rsquo;obtenir [&hellip;]","og_url":"https:\/\/www.uscars.biz\/uscars.wordpress\/chrysler\/chrysler-200\/historique\/","og_site_name":"US Cars","article_publisher":"https:\/\/www.facebook.com\/uscars.france","article_modified_time":"2025-06-07T12:28:17+00:00","og_image":[{"width":640,"height":416,"url":"https:\/\/www.uscars.biz\/uscars.wordpress\/wp-content\/uploads\/2012\/12\/200_11_a1.jpg","type":"image\/jpeg"}],"twitter_card":"summary_large_image","twitter_site":"@uscarsfrance","twitter_misc":{"Dur\u00e9e de lecture estim\u00e9e":"5 minutes"},"schema":{"@context":"https:\/\/schema.org","@graph":[{"@type":"WebPage","@id":"https:\/\/www.uscars.biz\/uscars.wordpress\/chrysler\/chrysler-200\/historique\/","url":"https:\/\/www.uscars.biz\/uscars.wordpress\/chrysler\/chrysler-200\/historique\/","name":"Historique - US Cars","isPartOf":{"@id":"https:\/\/www.uscars.biz\/uscars.wordpress\/#website"},"primaryImageOfPage":{"@id":"https:\/\/www.uscars.biz\/uscars.wordpress\/chrysler\/chrysler-200\/historique\/#primaryimage"},"image":{"@id":"https:\/\/www.uscars.biz\/uscars.wordpress\/chrysler\/chrysler-200\/historique\/#primaryimage"},"thumbnailUrl":"https:\/\/www.uscars.biz\/uscars.wordpress\/wp-content\/uploads\/2012\/12\/200_11_a1.jpg","datePublished":"2012-11-18T00:22:12+00:00","dateModified":"2025-06-07T12:28:17+00:00","breadcrumb":{"@id":"https:\/\/www.uscars.biz\/uscars.wordpress\/chrysler\/chrysler-200\/historique\/#breadcrumb"},"inLanguage":"fr-FR","potentialAction":[{"@type":"ReadAction","target":["https:\/\/www.uscars.biz\/uscars.wordpress\/chrysler\/chrysler-200\/historique\/"]}]},{"@type":"ImageObject","inLanguage":"fr-FR","@id":"https:\/\/www.uscars.biz\/uscars.wordpress\/chrysler\/chrysler-200\/historique\/#primaryimage","url":"https:\/\/www.uscars.biz\/uscars.wordpress\/wp-content\/uploads\/2012\/12\/200_11_a1.jpg","contentUrl":"https:\/\/www.uscars.biz\/uscars.wordpress\/wp-content\/uploads\/2012\/12\/200_11_a1.jpg","width":"640","height":"416"},{"@type":"BreadcrumbList","@id":"https:\/\/www.uscars.biz\/uscars.wordpress\/chrysler\/chrysler-200\/historique\/#breadcrumb","itemListElement":[{"@type":"ListItem","position":1,"name":"Accueil","item":"https:\/\/www.uscars.biz\/uscars.wordpress\/"},{"@type":"ListItem","position":2,"name":"Chrysler","item":"https:\/\/www.uscars.biz\/uscars.wordpress\/chrysler\/"},{"@type":"ListItem","position":3,"name":"Chrysler 200 de 2011 \u00e0 2013","item":"https:\/\/www.uscars.biz\/uscars.wordpress\/chrysler\/chrysler-200\/"},{"@type":"ListItem","position":4,"name":"Historique"}]},{"@type":"WebSite","@id":"https:\/\/www.uscars.biz\/uscars.wordpress\/#website","url":"https:\/\/www.uscars.biz\/uscars.wordpress\/","name":"US Cars","description":"La passion des voitures am\u00e9ricaines","publisher":{"@id":"https:\/\/www.uscars.biz\/uscars.wordpress\/#organization"},"potentialAction":[{"@type":"SearchAction","target":{"@type":"EntryPoint","urlTemplate":"https:\/\/www.uscars.biz\/uscars.wordpress\/?s={search_term_string}"},"query-input":{"@type":"PropertyValueSpecification","valueRequired":true,"valueName":"search_term_string"}}],"inLanguage":"fr-FR"},{"@type":"Organization","@id":"https:\/\/www.uscars.biz\/uscars.wordpress\/#organization","name":"US Cars","url":"https:\/\/www.uscars.biz\/uscars.wordpress\/","logo":{"@type":"ImageObject","inLanguage":"fr-FR","@id":"https:\/\/www.uscars.biz\/uscars.wordpress\/#\/schema\/logo\/image\/","url":"https:\/\/www.uscars.biz\/uscars.wordpress\/wp-content\/uploads\/2016\/09\/cropped-uscars_carre_512x512.png","contentUrl":"https:\/\/www.uscars.biz\/uscars.wordpress\/wp-content\/uploads\/2016\/09\/cropped-uscars_carre_512x512.png","width":512,"height":512,"caption":"US Cars"},"image":{"@id":"https:\/\/www.uscars.biz\/uscars.wordpress\/#\/schema\/logo\/image\/"},"sameAs":["https:\/\/www.facebook.com\/uscars.france","https:\/\/x.com\/uscarsfrance","https:\/\/www.youtube.com\/user\/uscarsdotbiz"]}]}},"jetpack_sharing_enabled":true,"jetpack_shortlink":"https:\/\/wp.me\/P2RQDg-hk","_links":{"self":[{"href":"https:\/\/www.uscars.biz\/uscars.wordpress\/wp-json\/wp\/v2\/pages\/1074","targetHints":{"allow":["GET"]}}],"collection":[{"href":"https:\/\/www.uscars.biz\/uscars.wordpress\/wp-json\/wp\/v2\/pages"}],"about":[{"href":"https:\/\/www.uscars.biz\/uscars.wordpress\/wp-json\/wp\/v2\/types\/page"}],"author":[{"embeddable":true,"href":"https:\/\/www.uscars.biz\/uscars.wordpress\/wp-json\/wp\/v2\/users\/1"}],"replies":[{"embeddable":true,"href":"https:\/\/www.uscars.biz\/uscars.wordpress\/wp-json\/wp\/v2\/comments?post=1074"}],"version-history":[{"count":12,"href":"https:\/\/www.uscars.biz\/uscars.wordpress\/wp-json\/wp\/v2\/pages\/1074\/revisions"}],"predecessor-version":[{"id":1021910,"href":"https:\/\/www.uscars.biz\/uscars.wordpress\/wp-json\/wp\/v2\/pages\/1074\/revisions\/1021910"}],"up":[{"embeddable":true,"href":"https:\/\/www.uscars.biz\/uscars.wordpress\/wp-json\/wp\/v2\/pages\/162"}],"wp:attachment":[{"href":"https:\/\/www.uscars.biz\/uscars.wordpress\/wp-json\/wp\/v2\/media?parent=1074"}],"curies":[{"name":"wp","href":"https:\/\/api.w.org\/{rel}","templated":true}]}}