{"id":1079,"date":"2012-11-18T10:44:42","date_gmt":"2012-11-18T09:44:42","guid":{"rendered":"http:\/\/www.uscars.biz\/uscars.wordpress\/?page_id=1079"},"modified":"2025-06-07T12:36:21","modified_gmt":"2025-06-07T10:36:21","slug":"motorisation","status":"publish","type":"page","link":"https:\/\/www.uscars.biz\/uscars.wordpress\/chrysler\/le-baron\/motorisation\/","title":{"rendered":"Motorisation"},"content":{"rendered":"<table style=\"width: 100%;\" border=\"0\">\n<tbody>\n<tr>\n<td width=\"50%\"><a href=\"#anchor1\">Moteur quatre cylindres 2,5 litres Chrysler<\/a><\/td>\n<td width=\"50%\">De 1986 \u00e0 1995 (Etats-Unis)<\/td>\n<\/tr>\n<tr>\n<td width=\"50%\"><a href=\"#anchor2\">Moteur quatre cylindres 2,5 litres Turbo Chrysler<\/a><\/td>\n<td width=\"50%\">De 1988 \u00e0 1992<\/td>\n<\/tr>\n<tr>\n<td width=\"50%\"><a href=\"#anchor3\">Moteur quatre cylindres 2,2 litres Turbo Chrysler<\/a><\/td>\n<td width=\"50%\">De 1989 \u00e0 1991<\/td>\n<\/tr>\n<tr>\n<td width=\"50%\"><a href=\"#anchor4\">Moteur six cylindres 3 litres Mitsubishi<\/a><\/td>\n<td width=\"50%\">De 1990 \u00e0 1995<\/td>\n<\/tr>\n<\/tbody>\n<\/table>\n<p><a name=\"anchor1\"><\/a><strong>Moteur quatre cylindres 2,5 litres Chrysler<\/strong> &#8211; De 1986 \u00e0 1995 (Etats-Unis)<\/p>\n<p><img loading=\"lazy\" decoding=\"async\" class=\"alignnone size-full wp-image-1086\" style=\"border: 0px; margin: 0px;\" title=\"lebaron_mot_4cyl_a1+a2\" src=\"https:\/\/www.uscars.biz\/uscars.wordpress\/wp-content\/uploads\/2012\/11\/lebaron_mot_4cyl_a1+a2.png\" alt=\"\" width=\"640\" height=\"224\" srcset=\"https:\/\/www.uscars.biz\/uscars.wordpress\/wp-content\/uploads\/2012\/11\/lebaron_mot_4cyl_a1+a2.png 640w, https:\/\/www.uscars.biz\/uscars.wordpress\/wp-content\/uploads\/2012\/11\/lebaron_mot_4cyl_a1+a2-300x105.png 300w\" sizes=\"auto, (max-width: 640px) 100vw, 640px\" \/><\/p>\n<p><img loading=\"lazy\" decoding=\"async\" class=\"alignnone size-full wp-image-1088\" style=\"border: 0px; margin: 0px;\" title=\"lebaron_mot_4cyl_b1\" src=\"https:\/\/www.uscars.biz\/uscars.wordpress\/wp-content\/uploads\/2012\/11\/lebaron_mot_4cyl_b1.jpg\" alt=\"\" width=\"640\" height=\"480\" srcset=\"https:\/\/www.uscars.biz\/uscars.wordpress\/wp-content\/uploads\/2012\/11\/lebaron_mot_4cyl_b1.jpg 640w, https:\/\/www.uscars.biz\/uscars.wordpress\/wp-content\/uploads\/2012\/11\/lebaron_mot_4cyl_b1-300x225.jpg 300w\" sizes=\"auto, (max-width: 640px) 100vw, 640px\" \/><\/p>\n<table style=\"width: 100%;\" border=\"0\">\n<tbody>\n<tr>\n<td width=\"25%\">Type<\/td>\n<td width=\"75%\">4 cylindres &#8211; En ligne &#8211; Transversal<\/td>\n<\/tr>\n<tr>\n<td width=\"25%\">Cylindr\u00e9e<\/td>\n<td width=\"75%\">2501 cm3<\/td>\n<\/tr>\n<tr>\n<td width=\"25%\">Puissance fiscale<\/td>\n<td width=\"75%\">&#8211;<\/td>\n<\/tr>\n<tr>\n<td width=\"25%\">Puissance<\/td>\n<td width=\"75%\">100 chevaux \u00e0 ? tr\/mn &#8211; 40 chevaux par litre<\/td>\n<\/tr>\n<tr>\n<td width=\"25%\">Couple<\/td>\n<td width=\"75%\">&#8211;<\/td>\n<\/tr>\n<tr>\n<td width=\"25%\">Distribution<\/td>\n<td width=\"75%\">Courroie<\/td>\n<\/tr>\n<tr>\n<td width=\"25%\">Arbre \u00e0 cames<\/td>\n<td width=\"75%\">Simple<\/td>\n<\/tr>\n<tr>\n<td width=\"25%\">Soupapes<\/td>\n<td width=\"75%\">8<\/td>\n<\/tr>\n<tr>\n<td width=\"25%\">Alimentation<\/td>\n<td width=\"75%\">EFI : Electronic Fuel Injection (injection monopoint)<\/td>\n<\/tr>\n<tr>\n<td width=\"25%\">Suralimentation<\/td>\n<td width=\"75%\">Non<\/td>\n<\/tr>\n<tr>\n<td width=\"25%\">Transmission<\/td>\n<td width=\"75%\">&#8211;<\/td>\n<\/tr>\n<tr>\n<td width=\"25%\">Vitesse<\/td>\n<td width=\"75%\">&#8211;<\/td>\n<\/tr>\n<\/tbody>\n<\/table>\n<p><a name=\"anchor2\"><\/a><strong>Moteur quatre cylindres 2,5 litres Turbo Chrysler<\/strong> &#8211; De 1988 \u00e0 1992 en France<\/p>\n<p><img loading=\"lazy\" decoding=\"async\" class=\"alignnone size-full wp-image-1089\" style=\"border: 0px; margin: 0px;\" title=\"lebaron_mot_4cyl_turboMFI_a1\" src=\"https:\/\/www.uscars.biz\/uscars.wordpress\/wp-content\/uploads\/2012\/11\/lebaron_mot_4cyl_turboMFI_a1.jpg\" alt=\"\" width=\"640\" height=\"480\" srcset=\"https:\/\/www.uscars.biz\/uscars.wordpress\/wp-content\/uploads\/2012\/11\/lebaron_mot_4cyl_turboMFI_a1.jpg 640w, https:\/\/www.uscars.biz\/uscars.wordpress\/wp-content\/uploads\/2012\/11\/lebaron_mot_4cyl_turboMFI_a1-300x225.jpg 300w\" sizes=\"auto, (max-width: 640px) 100vw, 640px\" \/><\/p>\n<table style=\"width: 100%;\" border=\"0\">\n<tbody>\n<tr>\n<td width=\"25%\">Type<\/td>\n<td width=\"75%\">4 cylindres &#8211; En ligne &#8211; Transversal<\/td>\n<\/tr>\n<tr>\n<td width=\"25%\">Cylindr\u00e9e<\/td>\n<td width=\"75%\">2501 cm3<\/td>\n<\/tr>\n<tr>\n<td width=\"25%\">Puissance fiscale<\/td>\n<td width=\"75%\">14<\/td>\n<\/tr>\n<tr>\n<td width=\"25%\">Puissance<\/td>\n<td width=\"75%\">146 chevaux \u00e0 5800 tr\/mn &#8211; 58,5 chevaux par litre<\/td>\n<\/tr>\n<tr>\n<td width=\"25%\">Couple<\/td>\n<td width=\"75%\">25,2 mkg \u00e0 2000 tr\/mn<\/td>\n<\/tr>\n<tr>\n<td width=\"25%\">Distribution<\/td>\n<td width=\"75%\">Courroie<\/td>\n<\/tr>\n<tr>\n<td width=\"25%\">Arbre \u00e0 cames<\/td>\n<td width=\"75%\">Simple<\/td>\n<\/tr>\n<tr>\n<td width=\"25%\">Soupapes<\/td>\n<td width=\"75%\">8<\/td>\n<\/tr>\n<tr>\n<td width=\"25%\">Alimentation<\/td>\n<td width=\"75%\">MFI : Multipoint Fuel Injection (injection multipoint)<\/td>\n<\/tr>\n<tr>\n<td width=\"25%\">Suralimentation<\/td>\n<td width=\"75%\">Turbo<\/td>\n<\/tr>\n<tr>\n<td width=\"25%\">Transmission<\/td>\n<td width=\"75%\">Bo\u00eete manuelle 5 rapports ou automatique 3 rapports (4 depuis 1990)<\/td>\n<\/tr>\n<tr>\n<td width=\"25%\">Vitesse<\/td>\n<td width=\"75%\">205 km\/h<\/td>\n<\/tr>\n<\/tbody>\n<\/table>\n<p><a name=\"anchor3\"><\/a><strong>Moteur quatre cylindres 2,2 litres Turbo Chrysler<\/strong> &#8211; De 1989 \u00e0 1991 en France<\/p>\n<table style=\"width: 100%;\" border=\"0\">\n<tbody>\n<tr>\n<td width=\"25%\">Type<\/td>\n<td width=\"75%\">4 cylindres &#8211; En ligne &#8211; Transversal<\/td>\n<\/tr>\n<tr>\n<td width=\"25%\">Cylindr\u00e9e<\/td>\n<td width=\"75%\">2213 cm3<\/td>\n<\/tr>\n<tr>\n<td width=\"25%\">Puissance fiscale<\/td>\n<td width=\"75%\">9<\/td>\n<\/tr>\n<tr>\n<td width=\"25%\">Puissance<\/td>\n<td width=\"75%\">177 chevaux \u00e0 5200 tr\/mn &#8211; 80 chevaux par litre<\/td>\n<\/tr>\n<tr>\n<td width=\"25%\">Couple<\/td>\n<td width=\"75%\">28,1 mkg \u00e0 3200 tr\/mn<\/td>\n<\/tr>\n<tr>\n<td width=\"25%\">Distribution<\/td>\n<td width=\"75%\">Courroie<\/td>\n<\/tr>\n<tr>\n<td width=\"25%\">Arbre \u00e0 cames<\/td>\n<td width=\"75%\">Simple<\/td>\n<\/tr>\n<tr>\n<td width=\"25%\">Soupapes<\/td>\n<td width=\"75%\">8<\/td>\n<\/tr>\n<tr>\n<td width=\"25%\">Alimentation<\/td>\n<td width=\"75%\">Injection &#8211; Gestion \u00e9lectronique int\u00e9grale<\/td>\n<\/tr>\n<tr>\n<td width=\"25%\">Suralimentation<\/td>\n<td width=\"75%\">Turbo Intercooler<\/td>\n<\/tr>\n<tr>\n<td width=\"25%\">Transmission<\/td>\n<td width=\"75%\">Bo\u00eete manuelle 5 rapports<\/td>\n<\/tr>\n<tr>\n<td width=\"25%\">Vitesse<\/td>\n<td width=\"75%\">211 km\/h<\/td>\n<\/tr>\n<tr>\n<td width=\"25%\">Mesures<\/td>\n<td width=\"75%\">0 \u00e0 100 km\/h : 9,3 s<\/td>\n<\/tr>\n<\/tbody>\n<\/table>\n<p><a name=\"anchor4\"><\/a><strong>Moteur six cylindres 3 litres Mitsubishi<\/strong> &#8211; De 1990 \u00e0 1995 en France<\/p>\n<p><img loading=\"lazy\" decoding=\"async\" class=\"alignnone size-full wp-image-1090\" style=\"border: 0px; margin: 0px;\" title=\"lebaron_mot_6cyl_a1\" src=\"https:\/\/www.uscars.biz\/uscars.wordpress\/wp-content\/uploads\/2012\/11\/lebaron_mot_6cyl_a1.jpg\" alt=\"\" width=\"640\" height=\"416\" srcset=\"https:\/\/www.uscars.biz\/uscars.wordpress\/wp-content\/uploads\/2012\/11\/lebaron_mot_6cyl_a1.jpg 640w, https:\/\/www.uscars.biz\/uscars.wordpress\/wp-content\/uploads\/2012\/11\/lebaron_mot_6cyl_a1-300x195.jpg 300w\" sizes=\"auto, (max-width: 640px) 100vw, 640px\" \/><\/p>\n<table style=\"width: 100%;\" border=\"0\">\n<tbody>\n<tr>\n<td width=\"25%\">Type<\/td>\n<td width=\"75%\">6 cylindres &#8211; En V \u00e0 60\u00b0 &#8211; Transversal<\/td>\n<\/tr>\n<tr>\n<td width=\"25%\">Cylindr\u00e9e<\/td>\n<td width=\"75%\">2972 cm3<\/td>\n<\/tr>\n<tr>\n<td width=\"25%\">Puissance fiscale<\/td>\n<td width=\"75%\">15 (14 avec bo\u00eete manuelle)<\/td>\n<\/tr>\n<tr>\n<td width=\"25%\">Puissance<\/td>\n<td width=\"75%\">136 chevaux \u00e0 5000 tr\/mn &#8211; 46 chevaux par litre<\/td>\n<\/tr>\n<tr>\n<td width=\"25%\">Couple<\/td>\n<td width=\"75%\">23,6 mkg \u00e0 2800 tr\/mn<\/td>\n<\/tr>\n<tr>\n<td width=\"25%\">Distribution<\/td>\n<td width=\"75%\">Courroie<\/td>\n<\/tr>\n<tr>\n<td width=\"25%\">Arbre \u00e0 cames<\/td>\n<td width=\"75%\">2 simples<\/td>\n<\/tr>\n<tr>\n<td width=\"25%\">Soupapes<\/td>\n<td width=\"75%\">8<\/td>\n<\/tr>\n<tr>\n<td width=\"25%\">Alimentation<\/td>\n<td width=\"75%\">Injection &#8211; Gestion \u00e9lectronique int\u00e9grale<\/td>\n<\/tr>\n<tr>\n<td width=\"25%\">Suralimentation<\/td>\n<td width=\"75%\">Non<\/td>\n<\/tr>\n<tr>\n<td width=\"25%\">Transmission<\/td>\n<td width=\"75%\">Bo\u00eete manuelle 5 rapports ou automatique 4 rapports<\/td>\n<\/tr>\n<tr>\n<td width=\"25%\">Vitesse<\/td>\n<td width=\"75%\">190 km\/h<\/td>\n<\/tr>\n<tr>\n<td width=\"25%\">Mesures<\/td>\n<td width=\"75%\">0 \u00e0 100 km\/h : 11,5 s &#8211; 1000 m : 34,2 s<\/td>\n<\/tr>\n<tr>\n<td width=\"25%\">Consommation<\/td>\n<td width=\"75%\">\u00e0 90 km\/h : 6,9 l\/100 km &#8211; \u00e0 120 km\/h : 8,9 l\/100 km &#8211; en ville : 14 l\/100 km<\/td>\n<\/tr>\n<\/tbody>\n<\/table>\n<hr \/>\n<p style=\"text-align: center;\"><img loading=\"lazy\" decoding=\"async\" class=\" wp-image-3193 aligncenter\" style=\"border: 0px; margin: 0px;\" src=\"https:\/\/www.uscars.biz\/uscars.wordpress\/wp-content\/uploads\/2012\/11\/lebaron_mot_ecorche.jpg\" alt=\"lebaron_mot_ecorche\" width=\"810\" height=\"476\" \/><\/p>\n","protected":false},"excerpt":{"rendered":"<p>Moteur quatre cylindres 2,5 litres Chrysler De 1986 \u00e0 1995 (Etats-Unis) Moteur quatre cylindres 2,5 litres Turbo Chrysler De 1988 \u00e0 1992 Moteur quatre cylindres 2,2 litres Turbo Chrysler De 1989 \u00e0 1991 Moteur six cylindres 3 litres Mitsubishi De 1990 \u00e0 1995 Moteur quatre cylindres 2,5 litres Chrysler &#8211; De 1986 \u00e0 1995 (Etats-Unis) [&hellip;]<\/p>\n","protected":false},"author":1,"featured_media":0,"parent":125,"menu_order":2,"comment_status":"closed","ping_status":"closed","template":"","meta":{"ngg_post_thumbnail":0,"footnotes":""},"class_list":["post-1079","page","type-page","status-publish","hentry"],"yoast_head":"<!-- This site is optimized with the Yoast SEO plugin v27.4 - https:\/\/yoast.com\/product\/yoast-seo-wordpress\/ -->\n<title>Motorisation - US Cars<\/title>\n<meta name=\"robots\" content=\"index, follow, max-snippet:-1, max-image-preview:large, max-video-preview:-1\" \/>\n<link rel=\"canonical\" href=\"https:\/\/www.uscars.biz\/uscars.wordpress\/chrysler\/le-baron\/motorisation\/\" \/>\n<meta property=\"og:locale\" content=\"fr_FR\" \/>\n<meta property=\"og:type\" content=\"article\" \/>\n<meta property=\"og:title\" content=\"Motorisation - US Cars\" \/>\n<meta property=\"og:description\" content=\"Moteur quatre cylindres 2,5 litres Chrysler De 1986 \u00e0 1995 (Etats-Unis) Moteur quatre cylindres 2,5 litres Turbo Chrysler De 1988 \u00e0 1992 Moteur quatre cylindres 2,2 litres Turbo Chrysler De 1989 \u00e0 1991 Moteur six cylindres 3 litres Mitsubishi De 1990 \u00e0 1995 Moteur quatre cylindres 2,5 litres Chrysler &#8211; De 1986 \u00e0 1995 (Etats-Unis) [&hellip;]\" \/>\n<meta property=\"og:url\" content=\"https:\/\/www.uscars.biz\/uscars.wordpress\/chrysler\/le-baron\/motorisation\/\" \/>\n<meta property=\"og:site_name\" content=\"US Cars\" \/>\n<meta property=\"article:publisher\" content=\"https:\/\/www.facebook.com\/uscars.france\" \/>\n<meta property=\"article:modified_time\" content=\"2025-06-07T10:36:21+00:00\" \/>\n<meta property=\"og:image\" content=\"https:\/\/www.uscars.biz\/uscars.wordpress\/wp-content\/uploads\/2012\/11\/lebaron_mot_4cyl_a1+a2.png\" \/>\n\t<meta property=\"og:image:width\" content=\"640\" \/>\n\t<meta property=\"og:image:height\" content=\"224\" \/>\n\t<meta property=\"og:image:type\" content=\"image\/png\" \/>\n<meta name=\"twitter:card\" content=\"summary_large_image\" \/>\n<meta name=\"twitter:site\" content=\"@uscarsfrance\" \/>\n<meta name=\"twitter:label1\" content=\"Dur\u00e9e de lecture estim\u00e9e\" \/>\n\t<meta name=\"twitter:data1\" content=\"1 minute\" \/>\n<script type=\"application\/ld+json\" class=\"yoast-schema-graph\">{\"@context\":\"https:\\\/\\\/schema.org\",\"@graph\":[{\"@type\":\"WebPage\",\"@id\":\"https:\\\/\\\/www.uscars.biz\\\/uscars.wordpress\\\/chrysler\\\/le-baron\\\/motorisation\\\/\",\"url\":\"https:\\\/\\\/www.uscars.biz\\\/uscars.wordpress\\\/chrysler\\\/le-baron\\\/motorisation\\\/\",\"name\":\"Motorisation - US Cars\",\"isPartOf\":{\"@id\":\"https:\\\/\\\/www.uscars.biz\\\/uscars.wordpress\\\/#website\"},\"primaryImageOfPage\":{\"@id\":\"https:\\\/\\\/www.uscars.biz\\\/uscars.wordpress\\\/chrysler\\\/le-baron\\\/motorisation\\\/#primaryimage\"},\"image\":{\"@id\":\"https:\\\/\\\/www.uscars.biz\\\/uscars.wordpress\\\/chrysler\\\/le-baron\\\/motorisation\\\/#primaryimage\"},\"thumbnailUrl\":\"https:\\\/\\\/www.uscars.biz\\\/uscars.wordpress\\\/wp-content\\\/uploads\\\/2012\\\/11\\\/lebaron_mot_4cyl_a1+a2.png\",\"datePublished\":\"2012-11-18T09:44:42+00:00\",\"dateModified\":\"2025-06-07T10:36:21+00:00\",\"breadcrumb\":{\"@id\":\"https:\\\/\\\/www.uscars.biz\\\/uscars.wordpress\\\/chrysler\\\/le-baron\\\/motorisation\\\/#breadcrumb\"},\"inLanguage\":\"fr-FR\",\"potentialAction\":[{\"@type\":\"ReadAction\",\"target\":[\"https:\\\/\\\/www.uscars.biz\\\/uscars.wordpress\\\/chrysler\\\/le-baron\\\/motorisation\\\/\"]}]},{\"@type\":\"ImageObject\",\"inLanguage\":\"fr-FR\",\"@id\":\"https:\\\/\\\/www.uscars.biz\\\/uscars.wordpress\\\/chrysler\\\/le-baron\\\/motorisation\\\/#primaryimage\",\"url\":\"https:\\\/\\\/www.uscars.biz\\\/uscars.wordpress\\\/wp-content\\\/uploads\\\/2012\\\/11\\\/lebaron_mot_4cyl_a1+a2.png\",\"contentUrl\":\"https:\\\/\\\/www.uscars.biz\\\/uscars.wordpress\\\/wp-content\\\/uploads\\\/2012\\\/11\\\/lebaron_mot_4cyl_a1+a2.png\",\"width\":\"640\",\"height\":\"224\"},{\"@type\":\"BreadcrumbList\",\"@id\":\"https:\\\/\\\/www.uscars.biz\\\/uscars.wordpress\\\/chrysler\\\/le-baron\\\/motorisation\\\/#breadcrumb\",\"itemListElement\":[{\"@type\":\"ListItem\",\"position\":1,\"name\":\"Accueil\",\"item\":\"https:\\\/\\\/www.uscars.biz\\\/uscars.wordpress\\\/\"},{\"@type\":\"ListItem\",\"position\":2,\"name\":\"Chrysler\",\"item\":\"https:\\\/\\\/www.uscars.biz\\\/uscars.wordpress\\\/chrysler\\\/\"},{\"@type\":\"ListItem\",\"position\":3,\"name\":\"Chrysler Le Baron de 1986 \u00e0 1996\",\"item\":\"https:\\\/\\\/www.uscars.biz\\\/uscars.wordpress\\\/chrysler\\\/le-baron\\\/\"},{\"@type\":\"ListItem\",\"position\":4,\"name\":\"Motorisation\"}]},{\"@type\":\"WebSite\",\"@id\":\"https:\\\/\\\/www.uscars.biz\\\/uscars.wordpress\\\/#website\",\"url\":\"https:\\\/\\\/www.uscars.biz\\\/uscars.wordpress\\\/\",\"name\":\"US Cars\",\"description\":\"La passion des voitures am\u00e9ricaines\",\"publisher\":{\"@id\":\"https:\\\/\\\/www.uscars.biz\\\/uscars.wordpress\\\/#organization\"},\"potentialAction\":[{\"@type\":\"SearchAction\",\"target\":{\"@type\":\"EntryPoint\",\"urlTemplate\":\"https:\\\/\\\/www.uscars.biz\\\/uscars.wordpress\\\/?s={search_term_string}\"},\"query-input\":{\"@type\":\"PropertyValueSpecification\",\"valueRequired\":true,\"valueName\":\"search_term_string\"}}],\"inLanguage\":\"fr-FR\"},{\"@type\":\"Organization\",\"@id\":\"https:\\\/\\\/www.uscars.biz\\\/uscars.wordpress\\\/#organization\",\"name\":\"US Cars\",\"url\":\"https:\\\/\\\/www.uscars.biz\\\/uscars.wordpress\\\/\",\"logo\":{\"@type\":\"ImageObject\",\"inLanguage\":\"fr-FR\",\"@id\":\"https:\\\/\\\/www.uscars.biz\\\/uscars.wordpress\\\/#\\\/schema\\\/logo\\\/image\\\/\",\"url\":\"https:\\\/\\\/www.uscars.biz\\\/uscars.wordpress\\\/wp-content\\\/uploads\\\/2016\\\/09\\\/cropped-uscars_carre_512x512.png\",\"contentUrl\":\"https:\\\/\\\/www.uscars.biz\\\/uscars.wordpress\\\/wp-content\\\/uploads\\\/2016\\\/09\\\/cropped-uscars_carre_512x512.png\",\"width\":512,\"height\":512,\"caption\":\"US Cars\"},\"image\":{\"@id\":\"https:\\\/\\\/www.uscars.biz\\\/uscars.wordpress\\\/#\\\/schema\\\/logo\\\/image\\\/\"},\"sameAs\":[\"https:\\\/\\\/www.facebook.com\\\/uscars.france\",\"https:\\\/\\\/x.com\\\/uscarsfrance\",\"https:\\\/\\\/www.youtube.com\\\/user\\\/uscarsdotbiz\"]}]}<\/script>\n<!-- \/ Yoast SEO plugin. -->","yoast_head_json":{"title":"Motorisation - US Cars","robots":{"index":"index","follow":"follow","max-snippet":"max-snippet:-1","max-image-preview":"max-image-preview:large","max-video-preview":"max-video-preview:-1"},"canonical":"https:\/\/www.uscars.biz\/uscars.wordpress\/chrysler\/le-baron\/motorisation\/","og_locale":"fr_FR","og_type":"article","og_title":"Motorisation - US Cars","og_description":"Moteur quatre cylindres 2,5 litres Chrysler De 1986 \u00e0 1995 (Etats-Unis) Moteur quatre cylindres 2,5 litres Turbo Chrysler De 1988 \u00e0 1992 Moteur quatre cylindres 2,2 litres Turbo Chrysler De 1989 \u00e0 1991 Moteur six cylindres 3 litres Mitsubishi De 1990 \u00e0 1995 Moteur quatre cylindres 2,5 litres Chrysler &#8211; De 1986 \u00e0 1995 (Etats-Unis) [&hellip;]","og_url":"https:\/\/www.uscars.biz\/uscars.wordpress\/chrysler\/le-baron\/motorisation\/","og_site_name":"US Cars","article_publisher":"https:\/\/www.facebook.com\/uscars.france","article_modified_time":"2025-06-07T10:36:21+00:00","og_image":[{"width":640,"height":224,"url":"https:\/\/www.uscars.biz\/uscars.wordpress\/wp-content\/uploads\/2012\/11\/lebaron_mot_4cyl_a1+a2.png","type":"image\/png"}],"twitter_card":"summary_large_image","twitter_site":"@uscarsfrance","twitter_misc":{"Dur\u00e9e de lecture estim\u00e9e":"1 minute"},"schema":{"@context":"https:\/\/schema.org","@graph":[{"@type":"WebPage","@id":"https:\/\/www.uscars.biz\/uscars.wordpress\/chrysler\/le-baron\/motorisation\/","url":"https:\/\/www.uscars.biz\/uscars.wordpress\/chrysler\/le-baron\/motorisation\/","name":"Motorisation - US Cars","isPartOf":{"@id":"https:\/\/www.uscars.biz\/uscars.wordpress\/#website"},"primaryImageOfPage":{"@id":"https:\/\/www.uscars.biz\/uscars.wordpress\/chrysler\/le-baron\/motorisation\/#primaryimage"},"image":{"@id":"https:\/\/www.uscars.biz\/uscars.wordpress\/chrysler\/le-baron\/motorisation\/#primaryimage"},"thumbnailUrl":"https:\/\/www.uscars.biz\/uscars.wordpress\/wp-content\/uploads\/2012\/11\/lebaron_mot_4cyl_a1+a2.png","datePublished":"2012-11-18T09:44:42+00:00","dateModified":"2025-06-07T10:36:21+00:00","breadcrumb":{"@id":"https:\/\/www.uscars.biz\/uscars.wordpress\/chrysler\/le-baron\/motorisation\/#breadcrumb"},"inLanguage":"fr-FR","potentialAction":[{"@type":"ReadAction","target":["https:\/\/www.uscars.biz\/uscars.wordpress\/chrysler\/le-baron\/motorisation\/"]}]},{"@type":"ImageObject","inLanguage":"fr-FR","@id":"https:\/\/www.uscars.biz\/uscars.wordpress\/chrysler\/le-baron\/motorisation\/#primaryimage","url":"https:\/\/www.uscars.biz\/uscars.wordpress\/wp-content\/uploads\/2012\/11\/lebaron_mot_4cyl_a1+a2.png","contentUrl":"https:\/\/www.uscars.biz\/uscars.wordpress\/wp-content\/uploads\/2012\/11\/lebaron_mot_4cyl_a1+a2.png","width":"640","height":"224"},{"@type":"BreadcrumbList","@id":"https:\/\/www.uscars.biz\/uscars.wordpress\/chrysler\/le-baron\/motorisation\/#breadcrumb","itemListElement":[{"@type":"ListItem","position":1,"name":"Accueil","item":"https:\/\/www.uscars.biz\/uscars.wordpress\/"},{"@type":"ListItem","position":2,"name":"Chrysler","item":"https:\/\/www.uscars.biz\/uscars.wordpress\/chrysler\/"},{"@type":"ListItem","position":3,"name":"Chrysler Le Baron de 1986 \u00e0 1996","item":"https:\/\/www.uscars.biz\/uscars.wordpress\/chrysler\/le-baron\/"},{"@type":"ListItem","position":4,"name":"Motorisation"}]},{"@type":"WebSite","@id":"https:\/\/www.uscars.biz\/uscars.wordpress\/#website","url":"https:\/\/www.uscars.biz\/uscars.wordpress\/","name":"US Cars","description":"La passion des voitures am\u00e9ricaines","publisher":{"@id":"https:\/\/www.uscars.biz\/uscars.wordpress\/#organization"},"potentialAction":[{"@type":"SearchAction","target":{"@type":"EntryPoint","urlTemplate":"https:\/\/www.uscars.biz\/uscars.wordpress\/?s={search_term_string}"},"query-input":{"@type":"PropertyValueSpecification","valueRequired":true,"valueName":"search_term_string"}}],"inLanguage":"fr-FR"},{"@type":"Organization","@id":"https:\/\/www.uscars.biz\/uscars.wordpress\/#organization","name":"US Cars","url":"https:\/\/www.uscars.biz\/uscars.wordpress\/","logo":{"@type":"ImageObject","inLanguage":"fr-FR","@id":"https:\/\/www.uscars.biz\/uscars.wordpress\/#\/schema\/logo\/image\/","url":"https:\/\/www.uscars.biz\/uscars.wordpress\/wp-content\/uploads\/2016\/09\/cropped-uscars_carre_512x512.png","contentUrl":"https:\/\/www.uscars.biz\/uscars.wordpress\/wp-content\/uploads\/2016\/09\/cropped-uscars_carre_512x512.png","width":512,"height":512,"caption":"US Cars"},"image":{"@id":"https:\/\/www.uscars.biz\/uscars.wordpress\/#\/schema\/logo\/image\/"},"sameAs":["https:\/\/www.facebook.com\/uscars.france","https:\/\/x.com\/uscarsfrance","https:\/\/www.youtube.com\/user\/uscarsdotbiz"]}]}},"jetpack_sharing_enabled":true,"jetpack_shortlink":"https:\/\/wp.me\/P2RQDg-hp","_links":{"self":[{"href":"https:\/\/www.uscars.biz\/uscars.wordpress\/wp-json\/wp\/v2\/pages\/1079","targetHints":{"allow":["GET"]}}],"collection":[{"href":"https:\/\/www.uscars.biz\/uscars.wordpress\/wp-json\/wp\/v2\/pages"}],"about":[{"href":"https:\/\/www.uscars.biz\/uscars.wordpress\/wp-json\/wp\/v2\/types\/page"}],"author":[{"embeddable":true,"href":"https:\/\/www.uscars.biz\/uscars.wordpress\/wp-json\/wp\/v2\/users\/1"}],"replies":[{"embeddable":true,"href":"https:\/\/www.uscars.biz\/uscars.wordpress\/wp-json\/wp\/v2\/comments?post=1079"}],"version-history":[{"count":22,"href":"https:\/\/www.uscars.biz\/uscars.wordpress\/wp-json\/wp\/v2\/pages\/1079\/revisions"}],"predecessor-version":[{"id":1021813,"href":"https:\/\/www.uscars.biz\/uscars.wordpress\/wp-json\/wp\/v2\/pages\/1079\/revisions\/1021813"}],"up":[{"embeddable":true,"href":"https:\/\/www.uscars.biz\/uscars.wordpress\/wp-json\/wp\/v2\/pages\/125"}],"wp:attachment":[{"href":"https:\/\/www.uscars.biz\/uscars.wordpress\/wp-json\/wp\/v2\/media?parent=1079"}],"curies":[{"name":"wp","href":"https:\/\/api.w.org\/{rel}","templated":true}]}}