{"id":1099,"date":"2012-11-18T11:30:52","date_gmt":"2012-11-18T10:30:52","guid":{"rendered":"http:\/\/www.uscars.biz\/uscars.wordpress\/?page_id=1099"},"modified":"2025-06-07T14:17:32","modified_gmt":"2025-06-07T12:17:32","slug":"motorisation","status":"publish","type":"page","link":"https:\/\/www.uscars.biz\/uscars.wordpress\/chrysler\/sebring\/motorisation\/","title":{"rendered":"Motorisation"},"content":{"rendered":"<table style=\"width: 100%;\" border=\"0\">\n<tbody>\n<tr>\n<td width=\"20%\">Sebring<\/td>\n<td width=\"50%\"><a href=\"https:\/\/www.uscars.biz\/uscars.wordpress\/chrysler\/sebring\/motorisation\/#anchor1\">Moteur quatre cylindres 2 litres<\/a><\/td>\n<td width=\"30%\"><span style=\"color: black;\">De 2001 \u00e0 2003<\/span><\/td>\n<\/tr>\n<tr>\n<td width=\"20%\">Sebring<\/td>\n<td width=\"50%\"><a href=\"https:\/\/www.uscars.biz\/uscars.wordpress\/chrysler\/sebring\/motorisation\/#anchor2\">Moteur six cylindres 2,7 litres<\/a><\/td>\n<td width=\"30%\"><span style=\"color: black;\">De 2001 \u00e0 2004<\/span><\/td>\n<\/tr>\n<tr>\n<td width=\"20%\">Sebring 2008<\/td>\n<td width=\"50%\"><a href=\"https:\/\/www.uscars.biz\/uscars.wordpress\/chrysler\/sebring\/motorisation\/#anchor3\">Moteur quatre cylindres 2 litres<\/a><\/td>\n<td width=\"30%\">De 2007 \u00e0 2011<\/td>\n<\/tr>\n<tr>\n<td width=\"20%\">Sebring 2008<\/td>\n<td width=\"50%\"><a href=\"https:\/\/www.uscars.biz\/uscars.wordpress\/chrysler\/sebring\/motorisation\/#anchor4\">Moteur six cylindres 2,7 litres<\/a><\/td>\n<td width=\"30%\">De 2007 \u00e0 2011<\/td>\n<\/tr>\n<\/tbody>\n<\/table>\n<p><a name=\"anchor1\"><\/a><strong>Sebring &#8211; Moteur quatre cylindres 2 litres<\/strong> &#8211; De 2001 \u00e0 2003<\/p>\n<table style=\"width: 100%;\" border=\"0\">\n<tbody>\n<tr>\n<td width=\"25%\">Type<\/td>\n<td width=\"75%\">4 cylindres &#8211; En ligne &#8211; Transversal<\/td>\n<\/tr>\n<tr>\n<td width=\"25%\">Cylindr\u00e9e<\/td>\n<td width=\"75%\">1996 cm3<\/td>\n<\/tr>\n<tr>\n<td width=\"25%\">Puissance<\/td>\n<td width=\"75%\">141 chevaux \u00e0 5700 tr\/mn &#8211; 71 chevaux par litre<\/td>\n<\/tr>\n<tr>\n<td width=\"25%\">Couple<\/td>\n<td width=\"75%\">18,8 mkg \u00e0 4350 tr\/mn<\/td>\n<\/tr>\n<tr>\n<td width=\"25%\">Distribution<\/td>\n<td width=\"75%\">Courroie<\/td>\n<\/tr>\n<tr>\n<td width=\"25%\">Arbre \u00e0 cames<\/td>\n<td width=\"75%\">2<\/td>\n<\/tr>\n<tr>\n<td width=\"25%\">Soupapes<\/td>\n<td width=\"75%\">16<\/td>\n<\/tr>\n<tr>\n<td width=\"25%\">Alimentation<\/td>\n<td width=\"75%\">Injection &#8211; Gestion \u00e9lectronique int\u00e9grale<\/td>\n<\/tr>\n<tr>\n<td width=\"25%\">Suralimentation<\/td>\n<td width=\"75%\">Non<\/td>\n<\/tr>\n<tr>\n<td width=\"25%\">\u00c9chappement<\/td>\n<td width=\"75%\">Pot catalytique<\/td>\n<\/tr>\n<tr>\n<td width=\"25%\">Transmission<\/td>\n<td width=\"75%\">Bo\u00eete manuelle 5 rapports<\/td>\n<\/tr>\n<tr>\n<td width=\"25%\">Vitesse<\/td>\n<td width=\"75%\">200 km\/h<\/td>\n<\/tr>\n<tr>\n<td width=\"25%\">Mesures<\/td>\n<td width=\"75%\"><span style=\"color: black;\">0 \u00e0 100 km\/h : 13,5 s<\/span><\/td>\n<\/tr>\n<tr>\n<td width=\"25%\">Consommation<\/td>\n<td width=\"75%\">Extra-urbain : 6,8 l\/100 km &#8211; Urbain : 11,1 l\/100 km &#8211; Mixte : 8,4 l\/100 km<\/td>\n<\/tr>\n<\/tbody>\n<\/table>\n<p><a name=\"anchor2\"><\/a><strong>Sebring &#8211; Moteur six cylindres 2,7 litres<\/strong> &#8211; De 2001 \u00e0 2004<\/p>\n<table style=\"width: 100%;\" border=\"0\">\n<tbody>\n<tr>\n<td width=\"25%\">Type<\/td>\n<td width=\"75%\">6 cylindres &#8211; En V \u00e0 60\u00b0 &#8211; Transversal<\/td>\n<\/tr>\n<tr>\n<td width=\"25%\">Cylindr\u00e9e<\/td>\n<td width=\"75%\">2736 cm3<\/td>\n<\/tr>\n<tr>\n<td width=\"25%\">Puissance<\/td>\n<td width=\"75%\">202 chevaux \u00e0 5900 tr\/mn &#8211; 74 chevaux par litre<\/td>\n<\/tr>\n<tr>\n<td width=\"25%\">Couple<\/td>\n<td width=\"75%\">26,2 mkg \u00e0 4300 tr\/mn<\/td>\n<\/tr>\n<tr>\n<td width=\"25%\">Distribution<\/td>\n<td width=\"75%\">Cha\u00eene<\/td>\n<\/tr>\n<tr>\n<td width=\"25%\">Arbre \u00e0 cames<\/td>\n<td width=\"75%\">2 doubles<\/td>\n<\/tr>\n<tr>\n<td width=\"25%\">Soupapes<\/td>\n<td width=\"75%\">24<\/td>\n<\/tr>\n<tr>\n<td width=\"25%\">Alimentation<\/td>\n<td width=\"75%\">Injection &#8211; Gestion \u00e9lectronique int\u00e9grale<\/td>\n<\/tr>\n<tr>\n<td width=\"25%\">Suralimentation<\/td>\n<td width=\"75%\">Non<\/td>\n<\/tr>\n<tr>\n<td width=\"25%\">\u00c9chappement<\/td>\n<td width=\"75%\">Pot catalytique<\/td>\n<\/tr>\n<tr>\n<td width=\"25%\">Transmission<\/td>\n<td width=\"75%\">Bo\u00eete automatique s\u00e9quentielle 4 rapports Autostick<\/td>\n<\/tr>\n<tr>\n<td width=\"25%\">Vitesse<\/td>\n<td width=\"75%\">210 km\/h<\/td>\n<\/tr>\n<tr>\n<td width=\"25%\">Mesures<\/td>\n<td width=\"75%\"><span style=\"color: black;\">0 \u00e0 100 km\/h : 11,4 s<\/span><\/td>\n<\/tr>\n<tr>\n<td width=\"25%\">Consommation<\/td>\n<td width=\"75%\">Extra-urbain : 8,4 l\/100 km &#8211; Urbain : 14,9 l\/100 km &#8211; Mixte : 10,8 l\/100 km<\/td>\n<\/tr>\n<\/tbody>\n<\/table>\n<p><a name=\"anchor3\"><\/a><strong>Sebring 2008 &#8211; Moteur quatre cylindres 2 litres<\/strong> &#8211; De 2007 \u00e0 2011<\/p>\n<table style=\"width: 100%;\" border=\"0\">\n<tbody>\n<tr>\n<td width=\"25%\">Type<\/td>\n<td width=\"75%\">4 cylindres &#8211; En ligne &#8211; Transversal<\/td>\n<\/tr>\n<tr>\n<td width=\"25%\">Cylindr\u00e9e<\/td>\n<td width=\"75%\">1968 cm3<\/td>\n<\/tr>\n<tr>\n<td width=\"25%\">Puissance fiscale<\/td>\n<td width=\"75%\">9<\/td>\n<\/tr>\n<tr>\n<td width=\"25%\">Puissance<\/td>\n<td width=\"75%\">140 chevaux \u00e0 4000 tr\/mn &#8211; 71 chevaux par litre<\/td>\n<\/tr>\n<tr>\n<td width=\"25%\">Couple<\/td>\n<td width=\"75%\">31,6 mkg \u00e0 1750 tr\/mn<\/td>\n<\/tr>\n<tr>\n<td width=\"25%\">Distribution<\/td>\n<td width=\"75%\">Courroie<\/td>\n<\/tr>\n<tr>\n<td width=\"25%\">Arbre \u00e0 cames<\/td>\n<td width=\"75%\">2<\/td>\n<\/tr>\n<tr>\n<td width=\"25%\">Soupapes<\/td>\n<td width=\"75%\">16<\/td>\n<\/tr>\n<tr>\n<td width=\"25%\">Alimentation<\/td>\n<td width=\"75%\">Injecteurs-pompes<\/td>\n<\/tr>\n<tr>\n<td width=\"25%\">Suralimentation<\/td>\n<td width=\"75%\">Turbo<\/td>\n<\/tr>\n<tr>\n<td width=\"25%\">\u00c9chappement<\/td>\n<td width=\"75%\">Pot catalytique<\/td>\n<\/tr>\n<tr>\n<td width=\"25%\">Transmission<\/td>\n<td width=\"75%\">Bo\u00eete manuelle 6 rapports<\/td>\n<\/tr>\n<tr>\n<td width=\"25%\">Vitesse<\/td>\n<td width=\"75%\">195 km\/h toit rigide, 185 km\/h capote toile<\/td>\n<\/tr>\n<tr>\n<td width=\"25%\">Mesures<\/td>\n<td width=\"75%\"><span style=\"color: black;\">&#8211;<\/span><\/td>\n<\/tr>\n<tr>\n<td width=\"25%\">Consommation<\/td>\n<td width=\"75%\">Extra-urbain : 5,6 l\/100 km &#8211; Urbain : 8,7 l\/100 km &#8211; Mixte : 6,8 l\/100 km<\/td>\n<\/tr>\n<tr>\n<td width=\"25%\">Rejets de CO\u00b2<\/td>\n<td width=\"75%\">183 g\/km<\/td>\n<\/tr>\n<\/tbody>\n<\/table>\n<p><a name=\"anchor4\"><\/a><strong>Sebring 2008 &#8211; Moteur six cylindres 2,7 litres<\/strong> &#8211; De 2007 \u00e0 2011<\/p>\n<table style=\"width: 100%;\" border=\"0\">\n<tbody>\n<tr>\n<td width=\"25%\">Type<\/td>\n<td width=\"75%\">6 cylindres &#8211; En V \u00e0 60\u00b0 &#8211; Transversal<\/td>\n<\/tr>\n<tr>\n<td width=\"25%\">Cylindr\u00e9e<\/td>\n<td width=\"75%\">2736 cm3<\/td>\n<\/tr>\n<tr>\n<td width=\"25%\">Puissance<\/td>\n<td width=\"75%\">13<\/td>\n<\/tr>\n<tr>\n<td width=\"25%\">Puissance<\/td>\n<td width=\"75%\">186 chevaux \u00e0 5500 tr\/mn &#8211; 68 chevaux par litre<\/td>\n<\/tr>\n<tr>\n<td width=\"25%\">Couple<\/td>\n<td width=\"75%\">25,6 mkg \u00e0 4000 tr\/mn<\/td>\n<\/tr>\n<tr>\n<td width=\"25%\">Distribution<\/td>\n<td width=\"75%\">Cha\u00eene<\/td>\n<\/tr>\n<tr>\n<td width=\"25%\">Arbre \u00e0 cames<\/td>\n<td width=\"75%\">2<\/td>\n<\/tr>\n<tr>\n<td width=\"25%\">Soupapes<\/td>\n<td width=\"75%\">24<\/td>\n<\/tr>\n<tr>\n<td width=\"25%\">Alimentation<\/td>\n<td width=\"75%\">Injection &#8211; Gestion \u00e9lectronique int\u00e9grale<\/td>\n<\/tr>\n<tr>\n<td width=\"25%\">Suralimentation<\/td>\n<td width=\"75%\">Non<\/td>\n<\/tr>\n<tr>\n<td width=\"25%\">\u00c9chappement<\/td>\n<td width=\"75%\">Pot catalytique<\/td>\n<\/tr>\n<tr>\n<td width=\"25%\">Transmission<\/td>\n<td width=\"75%\">Bo\u00eete automatique s\u00e9quentielle 6 rapports Autostick<\/td>\n<\/tr>\n<tr>\n<td width=\"25%\">Vitesse<\/td>\n<td width=\"75%\">196 km\/h<\/td>\n<\/tr>\n<tr>\n<td width=\"25%\">Mesures<\/td>\n<td width=\"75%\"><span style=\"color: black;\">&#8211;<\/span><\/td>\n<\/tr>\n<tr>\n<td width=\"25%\">Consommation<\/td>\n<td width=\"75%\">Extra-urbain : 7,7 l\/100 km &#8211; Urbain : 15,2 l\/100 km &#8211; Mixte : 10,5 l\/100 km<\/td>\n<\/tr>\n<tr>\n<td width=\"25%\">Rejets de CO\u00b2<\/td>\n<td width=\"75%\">248 g\/km<\/td>\n<\/tr>\n<\/tbody>\n<\/table>\n","protected":false},"excerpt":{"rendered":"<p>Sebring Moteur quatre cylindres 2 litres De 2001 \u00e0 2003 Sebring Moteur six cylindres 2,7 litres De 2001 \u00e0 2004 Sebring 2008 Moteur quatre cylindres 2 litres De 2007 \u00e0 2011 Sebring 2008 Moteur six cylindres 2,7 litres De 2007 \u00e0 2011 Sebring &#8211; Moteur quatre cylindres 2 litres &#8211; De 2001 \u00e0 2003 Type [&hellip;]<\/p>\n","protected":false},"author":1,"featured_media":0,"parent":134,"menu_order":2,"comment_status":"closed","ping_status":"closed","template":"","meta":{"ngg_post_thumbnail":0,"footnotes":""},"class_list":["post-1099","page","type-page","status-publish","hentry"],"yoast_head":"<!-- This site is optimized with the Yoast SEO plugin v27.3 - https:\/\/yoast.com\/product\/yoast-seo-wordpress\/ -->\n<title>Motorisation - US Cars<\/title>\n<meta name=\"robots\" content=\"index, follow, max-snippet:-1, max-image-preview:large, max-video-preview:-1\" \/>\n<link rel=\"canonical\" href=\"https:\/\/www.uscars.biz\/uscars.wordpress\/chrysler\/sebring\/motorisation\/\" \/>\n<meta property=\"og:locale\" content=\"fr_FR\" \/>\n<meta property=\"og:type\" content=\"article\" \/>\n<meta property=\"og:title\" content=\"Motorisation - US Cars\" \/>\n<meta property=\"og:description\" content=\"Sebring Moteur quatre cylindres 2 litres De 2001 \u00e0 2003 Sebring Moteur six cylindres 2,7 litres De 2001 \u00e0 2004 Sebring 2008 Moteur quatre cylindres 2 litres De 2007 \u00e0 2011 Sebring 2008 Moteur six cylindres 2,7 litres De 2007 \u00e0 2011 Sebring &#8211; Moteur quatre cylindres 2 litres &#8211; De 2001 \u00e0 2003 Type [&hellip;]\" \/>\n<meta property=\"og:url\" content=\"https:\/\/www.uscars.biz\/uscars.wordpress\/chrysler\/sebring\/motorisation\/\" \/>\n<meta property=\"og:site_name\" content=\"US Cars\" \/>\n<meta property=\"article:publisher\" content=\"https:\/\/www.facebook.com\/uscars.france\" \/>\n<meta property=\"article:modified_time\" content=\"2025-06-07T12:17:32+00:00\" \/>\n<meta name=\"twitter:card\" content=\"summary_large_image\" \/>\n<meta name=\"twitter:site\" content=\"@uscarsfrance\" \/>\n<meta name=\"twitter:label1\" content=\"Dur\u00e9e de lecture estim\u00e9e\" \/>\n\t<meta name=\"twitter:data1\" content=\"2 minutes\" \/>\n<script type=\"application\/ld+json\" class=\"yoast-schema-graph\">{\"@context\":\"https:\\\/\\\/schema.org\",\"@graph\":[{\"@type\":\"WebPage\",\"@id\":\"https:\\\/\\\/www.uscars.biz\\\/uscars.wordpress\\\/chrysler\\\/sebring\\\/motorisation\\\/\",\"url\":\"https:\\\/\\\/www.uscars.biz\\\/uscars.wordpress\\\/chrysler\\\/sebring\\\/motorisation\\\/\",\"name\":\"Motorisation - US Cars\",\"isPartOf\":{\"@id\":\"https:\\\/\\\/www.uscars.biz\\\/uscars.wordpress\\\/#website\"},\"datePublished\":\"2012-11-18T10:30:52+00:00\",\"dateModified\":\"2025-06-07T12:17:32+00:00\",\"breadcrumb\":{\"@id\":\"https:\\\/\\\/www.uscars.biz\\\/uscars.wordpress\\\/chrysler\\\/sebring\\\/motorisation\\\/#breadcrumb\"},\"inLanguage\":\"fr-FR\",\"potentialAction\":[{\"@type\":\"ReadAction\",\"target\":[\"https:\\\/\\\/www.uscars.biz\\\/uscars.wordpress\\\/chrysler\\\/sebring\\\/motorisation\\\/\"]}]},{\"@type\":\"BreadcrumbList\",\"@id\":\"https:\\\/\\\/www.uscars.biz\\\/uscars.wordpress\\\/chrysler\\\/sebring\\\/motorisation\\\/#breadcrumb\",\"itemListElement\":[{\"@type\":\"ListItem\",\"position\":1,\"name\":\"Accueil\",\"item\":\"https:\\\/\\\/www.uscars.biz\\\/uscars.wordpress\\\/\"},{\"@type\":\"ListItem\",\"position\":2,\"name\":\"Chrysler\",\"item\":\"https:\\\/\\\/www.uscars.biz\\\/uscars.wordpress\\\/chrysler\\\/\"},{\"@type\":\"ListItem\",\"position\":3,\"name\":\"Chrysler Sebring de 2001 \u00e0 2011\",\"item\":\"https:\\\/\\\/www.uscars.biz\\\/uscars.wordpress\\\/chrysler\\\/sebring\\\/\"},{\"@type\":\"ListItem\",\"position\":4,\"name\":\"Motorisation\"}]},{\"@type\":\"WebSite\",\"@id\":\"https:\\\/\\\/www.uscars.biz\\\/uscars.wordpress\\\/#website\",\"url\":\"https:\\\/\\\/www.uscars.biz\\\/uscars.wordpress\\\/\",\"name\":\"US Cars\",\"description\":\"La passion des voitures am\u00e9ricaines\",\"publisher\":{\"@id\":\"https:\\\/\\\/www.uscars.biz\\\/uscars.wordpress\\\/#organization\"},\"potentialAction\":[{\"@type\":\"SearchAction\",\"target\":{\"@type\":\"EntryPoint\",\"urlTemplate\":\"https:\\\/\\\/www.uscars.biz\\\/uscars.wordpress\\\/?s={search_term_string}\"},\"query-input\":{\"@type\":\"PropertyValueSpecification\",\"valueRequired\":true,\"valueName\":\"search_term_string\"}}],\"inLanguage\":\"fr-FR\"},{\"@type\":\"Organization\",\"@id\":\"https:\\\/\\\/www.uscars.biz\\\/uscars.wordpress\\\/#organization\",\"name\":\"US Cars\",\"url\":\"https:\\\/\\\/www.uscars.biz\\\/uscars.wordpress\\\/\",\"logo\":{\"@type\":\"ImageObject\",\"inLanguage\":\"fr-FR\",\"@id\":\"https:\\\/\\\/www.uscars.biz\\\/uscars.wordpress\\\/#\\\/schema\\\/logo\\\/image\\\/\",\"url\":\"https:\\\/\\\/www.uscars.biz\\\/uscars.wordpress\\\/wp-content\\\/uploads\\\/2016\\\/09\\\/cropped-uscars_carre_512x512.png\",\"contentUrl\":\"https:\\\/\\\/www.uscars.biz\\\/uscars.wordpress\\\/wp-content\\\/uploads\\\/2016\\\/09\\\/cropped-uscars_carre_512x512.png\",\"width\":512,\"height\":512,\"caption\":\"US Cars\"},\"image\":{\"@id\":\"https:\\\/\\\/www.uscars.biz\\\/uscars.wordpress\\\/#\\\/schema\\\/logo\\\/image\\\/\"},\"sameAs\":[\"https:\\\/\\\/www.facebook.com\\\/uscars.france\",\"https:\\\/\\\/x.com\\\/uscarsfrance\",\"https:\\\/\\\/www.youtube.com\\\/user\\\/uscarsdotbiz\"]}]}<\/script>\n<!-- \/ Yoast SEO plugin. -->","yoast_head_json":{"title":"Motorisation - US Cars","robots":{"index":"index","follow":"follow","max-snippet":"max-snippet:-1","max-image-preview":"max-image-preview:large","max-video-preview":"max-video-preview:-1"},"canonical":"https:\/\/www.uscars.biz\/uscars.wordpress\/chrysler\/sebring\/motorisation\/","og_locale":"fr_FR","og_type":"article","og_title":"Motorisation - US Cars","og_description":"Sebring Moteur quatre cylindres 2 litres De 2001 \u00e0 2003 Sebring Moteur six cylindres 2,7 litres De 2001 \u00e0 2004 Sebring 2008 Moteur quatre cylindres 2 litres De 2007 \u00e0 2011 Sebring 2008 Moteur six cylindres 2,7 litres De 2007 \u00e0 2011 Sebring &#8211; Moteur quatre cylindres 2 litres &#8211; De 2001 \u00e0 2003 Type [&hellip;]","og_url":"https:\/\/www.uscars.biz\/uscars.wordpress\/chrysler\/sebring\/motorisation\/","og_site_name":"US Cars","article_publisher":"https:\/\/www.facebook.com\/uscars.france","article_modified_time":"2025-06-07T12:17:32+00:00","twitter_card":"summary_large_image","twitter_site":"@uscarsfrance","twitter_misc":{"Dur\u00e9e de lecture estim\u00e9e":"2 minutes"},"schema":{"@context":"https:\/\/schema.org","@graph":[{"@type":"WebPage","@id":"https:\/\/www.uscars.biz\/uscars.wordpress\/chrysler\/sebring\/motorisation\/","url":"https:\/\/www.uscars.biz\/uscars.wordpress\/chrysler\/sebring\/motorisation\/","name":"Motorisation - US Cars","isPartOf":{"@id":"https:\/\/www.uscars.biz\/uscars.wordpress\/#website"},"datePublished":"2012-11-18T10:30:52+00:00","dateModified":"2025-06-07T12:17:32+00:00","breadcrumb":{"@id":"https:\/\/www.uscars.biz\/uscars.wordpress\/chrysler\/sebring\/motorisation\/#breadcrumb"},"inLanguage":"fr-FR","potentialAction":[{"@type":"ReadAction","target":["https:\/\/www.uscars.biz\/uscars.wordpress\/chrysler\/sebring\/motorisation\/"]}]},{"@type":"BreadcrumbList","@id":"https:\/\/www.uscars.biz\/uscars.wordpress\/chrysler\/sebring\/motorisation\/#breadcrumb","itemListElement":[{"@type":"ListItem","position":1,"name":"Accueil","item":"https:\/\/www.uscars.biz\/uscars.wordpress\/"},{"@type":"ListItem","position":2,"name":"Chrysler","item":"https:\/\/www.uscars.biz\/uscars.wordpress\/chrysler\/"},{"@type":"ListItem","position":3,"name":"Chrysler Sebring de 2001 \u00e0 2011","item":"https:\/\/www.uscars.biz\/uscars.wordpress\/chrysler\/sebring\/"},{"@type":"ListItem","position":4,"name":"Motorisation"}]},{"@type":"WebSite","@id":"https:\/\/www.uscars.biz\/uscars.wordpress\/#website","url":"https:\/\/www.uscars.biz\/uscars.wordpress\/","name":"US Cars","description":"La passion des voitures am\u00e9ricaines","publisher":{"@id":"https:\/\/www.uscars.biz\/uscars.wordpress\/#organization"},"potentialAction":[{"@type":"SearchAction","target":{"@type":"EntryPoint","urlTemplate":"https:\/\/www.uscars.biz\/uscars.wordpress\/?s={search_term_string}"},"query-input":{"@type":"PropertyValueSpecification","valueRequired":true,"valueName":"search_term_string"}}],"inLanguage":"fr-FR"},{"@type":"Organization","@id":"https:\/\/www.uscars.biz\/uscars.wordpress\/#organization","name":"US Cars","url":"https:\/\/www.uscars.biz\/uscars.wordpress\/","logo":{"@type":"ImageObject","inLanguage":"fr-FR","@id":"https:\/\/www.uscars.biz\/uscars.wordpress\/#\/schema\/logo\/image\/","url":"https:\/\/www.uscars.biz\/uscars.wordpress\/wp-content\/uploads\/2016\/09\/cropped-uscars_carre_512x512.png","contentUrl":"https:\/\/www.uscars.biz\/uscars.wordpress\/wp-content\/uploads\/2016\/09\/cropped-uscars_carre_512x512.png","width":512,"height":512,"caption":"US Cars"},"image":{"@id":"https:\/\/www.uscars.biz\/uscars.wordpress\/#\/schema\/logo\/image\/"},"sameAs":["https:\/\/www.facebook.com\/uscars.france","https:\/\/x.com\/uscarsfrance","https:\/\/www.youtube.com\/user\/uscarsdotbiz"]}]}},"jetpack_sharing_enabled":true,"jetpack_shortlink":"https:\/\/wp.me\/P2RQDg-hJ","_links":{"self":[{"href":"https:\/\/www.uscars.biz\/uscars.wordpress\/wp-json\/wp\/v2\/pages\/1099","targetHints":{"allow":["GET"]}}],"collection":[{"href":"https:\/\/www.uscars.biz\/uscars.wordpress\/wp-json\/wp\/v2\/pages"}],"about":[{"href":"https:\/\/www.uscars.biz\/uscars.wordpress\/wp-json\/wp\/v2\/types\/page"}],"author":[{"embeddable":true,"href":"https:\/\/www.uscars.biz\/uscars.wordpress\/wp-json\/wp\/v2\/users\/1"}],"replies":[{"embeddable":true,"href":"https:\/\/www.uscars.biz\/uscars.wordpress\/wp-json\/wp\/v2\/comments?post=1099"}],"version-history":[{"count":16,"href":"https:\/\/www.uscars.biz\/uscars.wordpress\/wp-json\/wp\/v2\/pages\/1099\/revisions"}],"predecessor-version":[{"id":1021893,"href":"https:\/\/www.uscars.biz\/uscars.wordpress\/wp-json\/wp\/v2\/pages\/1099\/revisions\/1021893"}],"up":[{"embeddable":true,"href":"https:\/\/www.uscars.biz\/uscars.wordpress\/wp-json\/wp\/v2\/pages\/134"}],"wp:attachment":[{"href":"https:\/\/www.uscars.biz\/uscars.wordpress\/wp-json\/wp\/v2\/media?parent=1099"}],"curies":[{"name":"wp","href":"https:\/\/api.w.org\/{rel}","templated":true}]}}