{"id":1107,"date":"2012-11-18T12:02:12","date_gmt":"2012-11-18T11:02:12","guid":{"rendered":"http:\/\/www.uscars.biz\/uscars.wordpress\/?page_id=1107"},"modified":"2025-06-07T12:36:28","modified_gmt":"2025-06-07T10:36:28","slug":"chassis","status":"publish","type":"page","link":"https:\/\/www.uscars.biz\/uscars.wordpress\/chrysler\/le-baron\/chassis\/","title":{"rendered":"Ch\u00e2ssis"},"content":{"rendered":"<table style=\"width: 100%;\" border=\"0\">\n<tbody>\n<tr>\n<td width=\"25%\">Freins 4 cylindres<\/td>\n<td width=\"75%\">Assist\u00e9s &#8211; Disques ventil\u00e9s \u00e0 l&rsquo;avant &#8211; Tambours \u00e0 l&rsquo;arri\u00e8re<\/td>\n<\/tr>\n<tr>\n<td width=\"25%\">Freins 6 cylindres<\/td>\n<td width=\"75%\">Assist\u00e9s &#8211; Disques ventil\u00e9s \u00e0 l&rsquo;avant &#8211; Disques \u00e0 l&rsquo;arri\u00e8re<\/td>\n<\/tr>\n<tr>\n<td width=\"25%\">Direction<\/td>\n<td width=\"75%\">Assist\u00e9e &#8211; Cr\u00e9maill\u00e8re<\/td>\n<\/tr>\n<tr>\n<td width=\"25%\">Suspension avant<\/td>\n<td width=\"75%\">McPherson (triangles) &#8211; Barre antiroulis &#8211; Ressorts h\u00e9lico\u00efdaux<\/td>\n<\/tr>\n<tr>\n<td width=\"25%\">Suspension arri\u00e8re<\/td>\n<td width=\"75%\">Essieu rigide &#8211; Barre Panhard &#8211; Barre antiroulis &#8211; Ressorts h\u00e9lico\u00efdaux<\/td>\n<\/tr>\n<tr>\n<td width=\"25%\">Pneus<\/td>\n<td width=\"75%\">205\/60 HR 15 (2,5 litres Turbo et 3 litres) &#8211; 205\/55 VR 16 (2,2 litres Turbo)<\/td>\n<\/tr>\n<tr>\n<td width=\"25%\">Poids<\/td>\n<td width=\"75%\">1336 kg (2,5 litres Turbo) &#8211; 1375 kg (2,2 litres Turbo) &#8211; 1405 kg (3 litres)<\/td>\n<\/tr>\n<tr>\n<td width=\"25%\">Dimensions<\/td>\n<td width=\"75%\">Longueur 469 cm &#8211; Largeur 173 cm &#8211; Hauteur 132 cm &#8211; Empattement 254 cm<\/td>\n<\/tr>\n<tr>\n<td width=\"25%\">R\u00e9servoir<\/td>\n<td width=\"75%\">53 litres<\/td>\n<\/tr>\n<\/tbody>\n<\/table>\n<div align=\"center\">    <video-js id=\"videojs69eb40a2cd933\" class=\"vjs-big-play-centered\" controls preload=\"auto\" playsinline data-setup='{\"fluid\": true}'>\n        <source src=\"https:\/\/www.uscars.biz\/uscars\/chrysler-le-baron-movies\/convertible1.mp4\" type=\"video\/mp4\" \/>\n    <\/video-js>\n           <\/div>\n<div align=\"center\">&nbsp;<\/div>\n<div align=\"center\">    <video-js id=\"videojs69eb40a2cd94d\" class=\"vjs-big-play-centered\" controls preload=\"auto\" playsinline data-setup='{\"fluid\": true}'>\n        <source src=\"https:\/\/www.uscars.biz\/uscars\/chrysler-le-baron-movies\/convertible2.mp4\" type=\"video\/mp4\" \/>\n    <\/video-js>\n           <\/div>\n<div align=\"center\">&nbsp;<\/div>\n<div align=\"center\">&nbsp;<\/div>\n<figure id=\"attachment_1142\" aria-describedby=\"caption-attachment-1142\" style=\"width: 640px\" class=\"wp-caption aligncenter\"><img loading=\"lazy\" decoding=\"async\" class=\"size-full wp-image-1142 \" style=\"margin-top: 0px; margin-bottom: 0px; border: 0px;\" title=\"lebaron_roadster_mercedes_sl_82\" src=\"https:\/\/www.uscars.biz\/uscars.wordpress\/wp-content\/uploads\/2012\/11\/lebaron_roadster_mercedes_sl_82.jpg\" alt=\"\" width=\"640\" height=\"624\" srcset=\"https:\/\/www.uscars.biz\/uscars.wordpress\/wp-content\/uploads\/2012\/11\/lebaron_roadster_mercedes_sl_82.jpg 640w, https:\/\/www.uscars.biz\/uscars.wordpress\/wp-content\/uploads\/2012\/11\/lebaron_roadster_mercedes_sl_82-300x292.jpg 300w\" sizes=\"auto, (max-width: 640px) 100vw, 640px\" \/><figcaption id=\"caption-attachment-1142\" class=\"wp-caption-text\">Une \u00e9tude de style pour le Roadster Mercedes SL en 1982&#8230; et un cabriolet Le Baron 1986<\/figcaption><\/figure>\n<p>&nbsp;<\/p>\n<figure id=\"attachment_1138\" aria-describedby=\"caption-attachment-1138\" style=\"width: 640px\" class=\"wp-caption aligncenter\"><img loading=\"lazy\" decoding=\"async\" class=\"size-full wp-image-1138 \" style=\"border: 0px; margin-top: 0px; margin-bottom: 0px;\" title=\"lebaron_airbag36mph\" src=\"https:\/\/www.uscars.biz\/uscars.wordpress\/wp-content\/uploads\/2012\/11\/lebaron_airbag36mph.jpg\" alt=\"\" width=\"640\" height=\"240\" srcset=\"https:\/\/www.uscars.biz\/uscars.wordpress\/wp-content\/uploads\/2012\/11\/lebaron_airbag36mph.jpg 640w, https:\/\/www.uscars.biz\/uscars.wordpress\/wp-content\/uploads\/2012\/11\/lebaron_airbag36mph-300x112.jpg 300w\" sizes=\"auto, (max-width: 640px) 100vw, 640px\" \/><figcaption id=\"caption-attachment-1138\" class=\"wp-caption-text\">D\u00e9ploiement de l&rsquo;airbag lors d&rsquo;un choc \u00e0 une vitesse de 58 km\/h<\/figcaption><\/figure>\n<p>&nbsp;<\/p>\n<div align=\"center\">    <video-js id=\"videojs69eb40a2cd998\" class=\"vjs-big-play-centered\" controls preload=\"auto\" playsinline data-setup='{\"fluid\": true}'>\n        <source src=\"https:\/\/www.uscars.biz\/uscars\/chrysler-le-baron-movies\/crash_test_coupe_vs_convertible.mp4\" type=\"video\/mp4\" \/>\n    <\/video-js>\n            <style>\n        #videojs69eb40a2cd998 {\n            max-width:320px;   \n        }\n        <\/style>       <\/p>\n<\/div>\n<p style=\"text-align: center;\"><em>Crash test entre une Le Baron Coupe et une Le Baron Convertible<\/em><\/p>\n<p>&nbsp;<\/p>\n<p><img loading=\"lazy\" decoding=\"async\" class=\"size-full wp-image-1141 aligncenter\" style=\"border: 0px; margin-top: 0px; margin-bottom: 0px;\" title=\"lebaron_dreamcars\" src=\"https:\/\/www.uscars.biz\/uscars.wordpress\/wp-content\/uploads\/2012\/11\/lebaron_dreamcars.jpg\" alt=\"\" width=\"320\" height=\"163\" srcset=\"https:\/\/www.uscars.biz\/uscars.wordpress\/wp-content\/uploads\/2012\/11\/lebaron_dreamcars.jpg 315w, https:\/\/www.uscars.biz\/uscars.wordpress\/wp-content\/uploads\/2012\/11\/lebaron_dreamcars-300x152.jpg 300w\" sizes=\"auto, (max-width: 320px) 100vw, 320px\" \/><\/p>\n<p style=\"text-align: center;\"><em>La soci\u00e9t\u00e9 allemande Dreamcars a propos\u00e9 un kit carrosserie SL-Replica R230 pour Chrysler Le Baron<\/em><\/p>\n","protected":false},"excerpt":{"rendered":"<p>Freins 4 cylindres Assist\u00e9s &#8211; Disques ventil\u00e9s \u00e0 l&rsquo;avant &#8211; Tambours \u00e0 l&rsquo;arri\u00e8re Freins 6 cylindres Assist\u00e9s &#8211; Disques ventil\u00e9s \u00e0 l&rsquo;avant &#8211; Disques \u00e0 l&rsquo;arri\u00e8re Direction Assist\u00e9e &#8211; Cr\u00e9maill\u00e8re Suspension avant McPherson (triangles) &#8211; Barre antiroulis &#8211; Ressorts h\u00e9lico\u00efdaux Suspension arri\u00e8re Essieu rigide &#8211; Barre Panhard &#8211; Barre antiroulis &#8211; Ressorts h\u00e9lico\u00efdaux Pneus 205\/60 [&hellip;]<\/p>\n","protected":false},"author":1,"featured_media":0,"parent":125,"menu_order":3,"comment_status":"closed","ping_status":"closed","template":"","meta":{"ngg_post_thumbnail":0,"footnotes":""},"class_list":["post-1107","page","type-page","status-publish","hentry"],"yoast_head":"<!-- This site is optimized with the Yoast SEO plugin v27.4 - https:\/\/yoast.com\/product\/yoast-seo-wordpress\/ -->\n<title>Ch\u00e2ssis - US Cars<\/title>\n<meta name=\"robots\" content=\"index, follow, max-snippet:-1, max-image-preview:large, max-video-preview:-1\" \/>\n<link rel=\"canonical\" href=\"https:\/\/www.uscars.biz\/uscars.wordpress\/chrysler\/le-baron\/chassis\/\" \/>\n<meta property=\"og:locale\" content=\"fr_FR\" \/>\n<meta property=\"og:type\" content=\"article\" \/>\n<meta property=\"og:title\" content=\"Ch\u00e2ssis - US Cars\" \/>\n<meta property=\"og:description\" content=\"Freins 4 cylindres Assist\u00e9s &#8211; Disques ventil\u00e9s \u00e0 l&rsquo;avant &#8211; Tambours \u00e0 l&rsquo;arri\u00e8re Freins 6 cylindres Assist\u00e9s &#8211; Disques ventil\u00e9s \u00e0 l&rsquo;avant &#8211; Disques \u00e0 l&rsquo;arri\u00e8re Direction Assist\u00e9e &#8211; Cr\u00e9maill\u00e8re Suspension avant McPherson (triangles) &#8211; Barre antiroulis &#8211; Ressorts h\u00e9lico\u00efdaux Suspension arri\u00e8re Essieu rigide &#8211; Barre Panhard &#8211; Barre antiroulis &#8211; Ressorts h\u00e9lico\u00efdaux Pneus 205\/60 [&hellip;]\" \/>\n<meta property=\"og:url\" content=\"https:\/\/www.uscars.biz\/uscars.wordpress\/chrysler\/le-baron\/chassis\/\" \/>\n<meta property=\"og:site_name\" content=\"US Cars\" \/>\n<meta property=\"article:publisher\" content=\"https:\/\/www.facebook.com\/uscars.france\" \/>\n<meta property=\"article:modified_time\" content=\"2025-06-07T10:36:28+00:00\" \/>\n<meta property=\"og:image\" content=\"https:\/\/www.uscars.biz\/uscars.wordpress\/wp-content\/uploads\/2012\/11\/lebaron_roadster_mercedes_sl_82.jpg\" \/>\n\t<meta property=\"og:image:width\" content=\"640\" \/>\n\t<meta property=\"og:image:height\" content=\"624\" \/>\n\t<meta property=\"og:image:type\" content=\"image\/jpeg\" \/>\n<meta name=\"twitter:card\" content=\"summary_large_image\" \/>\n<meta name=\"twitter:site\" content=\"@uscarsfrance\" \/>\n<meta name=\"twitter:label1\" content=\"Dur\u00e9e de lecture estim\u00e9e\" \/>\n\t<meta name=\"twitter:data1\" content=\"2 minutes\" \/>\n<script type=\"application\/ld+json\" class=\"yoast-schema-graph\">{\"@context\":\"https:\\\/\\\/schema.org\",\"@graph\":[{\"@type\":\"WebPage\",\"@id\":\"https:\\\/\\\/www.uscars.biz\\\/uscars.wordpress\\\/chrysler\\\/le-baron\\\/chassis\\\/\",\"url\":\"https:\\\/\\\/www.uscars.biz\\\/uscars.wordpress\\\/chrysler\\\/le-baron\\\/chassis\\\/\",\"name\":\"Ch\u00e2ssis - US Cars\",\"isPartOf\":{\"@id\":\"https:\\\/\\\/www.uscars.biz\\\/uscars.wordpress\\\/#website\"},\"primaryImageOfPage\":{\"@id\":\"https:\\\/\\\/www.uscars.biz\\\/uscars.wordpress\\\/chrysler\\\/le-baron\\\/chassis\\\/#primaryimage\"},\"image\":{\"@id\":\"https:\\\/\\\/www.uscars.biz\\\/uscars.wordpress\\\/chrysler\\\/le-baron\\\/chassis\\\/#primaryimage\"},\"thumbnailUrl\":\"https:\\\/\\\/www.uscars.biz\\\/uscars.wordpress\\\/wp-content\\\/uploads\\\/2012\\\/11\\\/lebaron_roadster_mercedes_sl_82.jpg\",\"datePublished\":\"2012-11-18T11:02:12+00:00\",\"dateModified\":\"2025-06-07T10:36:28+00:00\",\"breadcrumb\":{\"@id\":\"https:\\\/\\\/www.uscars.biz\\\/uscars.wordpress\\\/chrysler\\\/le-baron\\\/chassis\\\/#breadcrumb\"},\"inLanguage\":\"fr-FR\",\"potentialAction\":[{\"@type\":\"ReadAction\",\"target\":[\"https:\\\/\\\/www.uscars.biz\\\/uscars.wordpress\\\/chrysler\\\/le-baron\\\/chassis\\\/\"]}]},{\"@type\":\"ImageObject\",\"inLanguage\":\"fr-FR\",\"@id\":\"https:\\\/\\\/www.uscars.biz\\\/uscars.wordpress\\\/chrysler\\\/le-baron\\\/chassis\\\/#primaryimage\",\"url\":\"https:\\\/\\\/www.uscars.biz\\\/uscars.wordpress\\\/wp-content\\\/uploads\\\/2012\\\/11\\\/lebaron_roadster_mercedes_sl_82.jpg\",\"contentUrl\":\"https:\\\/\\\/www.uscars.biz\\\/uscars.wordpress\\\/wp-content\\\/uploads\\\/2012\\\/11\\\/lebaron_roadster_mercedes_sl_82.jpg\",\"width\":\"640\",\"height\":\"624\"},{\"@type\":\"BreadcrumbList\",\"@id\":\"https:\\\/\\\/www.uscars.biz\\\/uscars.wordpress\\\/chrysler\\\/le-baron\\\/chassis\\\/#breadcrumb\",\"itemListElement\":[{\"@type\":\"ListItem\",\"position\":1,\"name\":\"Accueil\",\"item\":\"https:\\\/\\\/www.uscars.biz\\\/uscars.wordpress\\\/\"},{\"@type\":\"ListItem\",\"position\":2,\"name\":\"Chrysler\",\"item\":\"https:\\\/\\\/www.uscars.biz\\\/uscars.wordpress\\\/chrysler\\\/\"},{\"@type\":\"ListItem\",\"position\":3,\"name\":\"Chrysler Le Baron de 1986 \u00e0 1996\",\"item\":\"https:\\\/\\\/www.uscars.biz\\\/uscars.wordpress\\\/chrysler\\\/le-baron\\\/\"},{\"@type\":\"ListItem\",\"position\":4,\"name\":\"Ch\u00e2ssis\"}]},{\"@type\":\"WebSite\",\"@id\":\"https:\\\/\\\/www.uscars.biz\\\/uscars.wordpress\\\/#website\",\"url\":\"https:\\\/\\\/www.uscars.biz\\\/uscars.wordpress\\\/\",\"name\":\"US Cars\",\"description\":\"La passion des voitures am\u00e9ricaines\",\"publisher\":{\"@id\":\"https:\\\/\\\/www.uscars.biz\\\/uscars.wordpress\\\/#organization\"},\"potentialAction\":[{\"@type\":\"SearchAction\",\"target\":{\"@type\":\"EntryPoint\",\"urlTemplate\":\"https:\\\/\\\/www.uscars.biz\\\/uscars.wordpress\\\/?s={search_term_string}\"},\"query-input\":{\"@type\":\"PropertyValueSpecification\",\"valueRequired\":true,\"valueName\":\"search_term_string\"}}],\"inLanguage\":\"fr-FR\"},{\"@type\":\"Organization\",\"@id\":\"https:\\\/\\\/www.uscars.biz\\\/uscars.wordpress\\\/#organization\",\"name\":\"US Cars\",\"url\":\"https:\\\/\\\/www.uscars.biz\\\/uscars.wordpress\\\/\",\"logo\":{\"@type\":\"ImageObject\",\"inLanguage\":\"fr-FR\",\"@id\":\"https:\\\/\\\/www.uscars.biz\\\/uscars.wordpress\\\/#\\\/schema\\\/logo\\\/image\\\/\",\"url\":\"https:\\\/\\\/www.uscars.biz\\\/uscars.wordpress\\\/wp-content\\\/uploads\\\/2016\\\/09\\\/cropped-uscars_carre_512x512.png\",\"contentUrl\":\"https:\\\/\\\/www.uscars.biz\\\/uscars.wordpress\\\/wp-content\\\/uploads\\\/2016\\\/09\\\/cropped-uscars_carre_512x512.png\",\"width\":512,\"height\":512,\"caption\":\"US Cars\"},\"image\":{\"@id\":\"https:\\\/\\\/www.uscars.biz\\\/uscars.wordpress\\\/#\\\/schema\\\/logo\\\/image\\\/\"},\"sameAs\":[\"https:\\\/\\\/www.facebook.com\\\/uscars.france\",\"https:\\\/\\\/x.com\\\/uscarsfrance\",\"https:\\\/\\\/www.youtube.com\\\/user\\\/uscarsdotbiz\"]}]}<\/script>\n<!-- \/ Yoast SEO plugin. -->","yoast_head_json":{"title":"Ch\u00e2ssis - US Cars","robots":{"index":"index","follow":"follow","max-snippet":"max-snippet:-1","max-image-preview":"max-image-preview:large","max-video-preview":"max-video-preview:-1"},"canonical":"https:\/\/www.uscars.biz\/uscars.wordpress\/chrysler\/le-baron\/chassis\/","og_locale":"fr_FR","og_type":"article","og_title":"Ch\u00e2ssis - US Cars","og_description":"Freins 4 cylindres Assist\u00e9s &#8211; Disques ventil\u00e9s \u00e0 l&rsquo;avant &#8211; Tambours \u00e0 l&rsquo;arri\u00e8re Freins 6 cylindres Assist\u00e9s &#8211; Disques ventil\u00e9s \u00e0 l&rsquo;avant &#8211; Disques \u00e0 l&rsquo;arri\u00e8re Direction Assist\u00e9e &#8211; Cr\u00e9maill\u00e8re Suspension avant McPherson (triangles) &#8211; Barre antiroulis &#8211; Ressorts h\u00e9lico\u00efdaux Suspension arri\u00e8re Essieu rigide &#8211; Barre Panhard &#8211; Barre antiroulis &#8211; Ressorts h\u00e9lico\u00efdaux Pneus 205\/60 [&hellip;]","og_url":"https:\/\/www.uscars.biz\/uscars.wordpress\/chrysler\/le-baron\/chassis\/","og_site_name":"US Cars","article_publisher":"https:\/\/www.facebook.com\/uscars.france","article_modified_time":"2025-06-07T10:36:28+00:00","og_image":[{"width":640,"height":624,"url":"https:\/\/www.uscars.biz\/uscars.wordpress\/wp-content\/uploads\/2012\/11\/lebaron_roadster_mercedes_sl_82.jpg","type":"image\/jpeg"}],"twitter_card":"summary_large_image","twitter_site":"@uscarsfrance","twitter_misc":{"Dur\u00e9e de lecture estim\u00e9e":"2 minutes"},"schema":{"@context":"https:\/\/schema.org","@graph":[{"@type":"WebPage","@id":"https:\/\/www.uscars.biz\/uscars.wordpress\/chrysler\/le-baron\/chassis\/","url":"https:\/\/www.uscars.biz\/uscars.wordpress\/chrysler\/le-baron\/chassis\/","name":"Ch\u00e2ssis - US Cars","isPartOf":{"@id":"https:\/\/www.uscars.biz\/uscars.wordpress\/#website"},"primaryImageOfPage":{"@id":"https:\/\/www.uscars.biz\/uscars.wordpress\/chrysler\/le-baron\/chassis\/#primaryimage"},"image":{"@id":"https:\/\/www.uscars.biz\/uscars.wordpress\/chrysler\/le-baron\/chassis\/#primaryimage"},"thumbnailUrl":"https:\/\/www.uscars.biz\/uscars.wordpress\/wp-content\/uploads\/2012\/11\/lebaron_roadster_mercedes_sl_82.jpg","datePublished":"2012-11-18T11:02:12+00:00","dateModified":"2025-06-07T10:36:28+00:00","breadcrumb":{"@id":"https:\/\/www.uscars.biz\/uscars.wordpress\/chrysler\/le-baron\/chassis\/#breadcrumb"},"inLanguage":"fr-FR","potentialAction":[{"@type":"ReadAction","target":["https:\/\/www.uscars.biz\/uscars.wordpress\/chrysler\/le-baron\/chassis\/"]}]},{"@type":"ImageObject","inLanguage":"fr-FR","@id":"https:\/\/www.uscars.biz\/uscars.wordpress\/chrysler\/le-baron\/chassis\/#primaryimage","url":"https:\/\/www.uscars.biz\/uscars.wordpress\/wp-content\/uploads\/2012\/11\/lebaron_roadster_mercedes_sl_82.jpg","contentUrl":"https:\/\/www.uscars.biz\/uscars.wordpress\/wp-content\/uploads\/2012\/11\/lebaron_roadster_mercedes_sl_82.jpg","width":"640","height":"624"},{"@type":"BreadcrumbList","@id":"https:\/\/www.uscars.biz\/uscars.wordpress\/chrysler\/le-baron\/chassis\/#breadcrumb","itemListElement":[{"@type":"ListItem","position":1,"name":"Accueil","item":"https:\/\/www.uscars.biz\/uscars.wordpress\/"},{"@type":"ListItem","position":2,"name":"Chrysler","item":"https:\/\/www.uscars.biz\/uscars.wordpress\/chrysler\/"},{"@type":"ListItem","position":3,"name":"Chrysler Le Baron de 1986 \u00e0 1996","item":"https:\/\/www.uscars.biz\/uscars.wordpress\/chrysler\/le-baron\/"},{"@type":"ListItem","position":4,"name":"Ch\u00e2ssis"}]},{"@type":"WebSite","@id":"https:\/\/www.uscars.biz\/uscars.wordpress\/#website","url":"https:\/\/www.uscars.biz\/uscars.wordpress\/","name":"US Cars","description":"La passion des voitures am\u00e9ricaines","publisher":{"@id":"https:\/\/www.uscars.biz\/uscars.wordpress\/#organization"},"potentialAction":[{"@type":"SearchAction","target":{"@type":"EntryPoint","urlTemplate":"https:\/\/www.uscars.biz\/uscars.wordpress\/?s={search_term_string}"},"query-input":{"@type":"PropertyValueSpecification","valueRequired":true,"valueName":"search_term_string"}}],"inLanguage":"fr-FR"},{"@type":"Organization","@id":"https:\/\/www.uscars.biz\/uscars.wordpress\/#organization","name":"US Cars","url":"https:\/\/www.uscars.biz\/uscars.wordpress\/","logo":{"@type":"ImageObject","inLanguage":"fr-FR","@id":"https:\/\/www.uscars.biz\/uscars.wordpress\/#\/schema\/logo\/image\/","url":"https:\/\/www.uscars.biz\/uscars.wordpress\/wp-content\/uploads\/2016\/09\/cropped-uscars_carre_512x512.png","contentUrl":"https:\/\/www.uscars.biz\/uscars.wordpress\/wp-content\/uploads\/2016\/09\/cropped-uscars_carre_512x512.png","width":512,"height":512,"caption":"US Cars"},"image":{"@id":"https:\/\/www.uscars.biz\/uscars.wordpress\/#\/schema\/logo\/image\/"},"sameAs":["https:\/\/www.facebook.com\/uscars.france","https:\/\/x.com\/uscarsfrance","https:\/\/www.youtube.com\/user\/uscarsdotbiz"]}]}},"jetpack_sharing_enabled":true,"jetpack_shortlink":"https:\/\/wp.me\/P2RQDg-hR","_links":{"self":[{"href":"https:\/\/www.uscars.biz\/uscars.wordpress\/wp-json\/wp\/v2\/pages\/1107","targetHints":{"allow":["GET"]}}],"collection":[{"href":"https:\/\/www.uscars.biz\/uscars.wordpress\/wp-json\/wp\/v2\/pages"}],"about":[{"href":"https:\/\/www.uscars.biz\/uscars.wordpress\/wp-json\/wp\/v2\/types\/page"}],"author":[{"embeddable":true,"href":"https:\/\/www.uscars.biz\/uscars.wordpress\/wp-json\/wp\/v2\/users\/1"}],"replies":[{"embeddable":true,"href":"https:\/\/www.uscars.biz\/uscars.wordpress\/wp-json\/wp\/v2\/comments?post=1107"}],"version-history":[{"count":62,"href":"https:\/\/www.uscars.biz\/uscars.wordpress\/wp-json\/wp\/v2\/pages\/1107\/revisions"}],"predecessor-version":[{"id":1021814,"href":"https:\/\/www.uscars.biz\/uscars.wordpress\/wp-json\/wp\/v2\/pages\/1107\/revisions\/1021814"}],"up":[{"embeddable":true,"href":"https:\/\/www.uscars.biz\/uscars.wordpress\/wp-json\/wp\/v2\/pages\/125"}],"wp:attachment":[{"href":"https:\/\/www.uscars.biz\/uscars.wordpress\/wp-json\/wp\/v2\/media?parent=1107"}],"curies":[{"name":"wp","href":"https:\/\/api.w.org\/{rel}","templated":true}]}}