{"id":1133,"date":"2012-11-18T17:46:56","date_gmt":"2012-11-18T16:46:56","guid":{"rendered":"http:\/\/www.uscars.biz\/uscars.wordpress\/?page_id=1133"},"modified":"2025-06-07T14:17:26","modified_gmt":"2025-06-07T12:17:26","slug":"chassis","status":"publish","type":"page","link":"https:\/\/www.uscars.biz\/uscars.wordpress\/chrysler\/sebring\/chassis\/","title":{"rendered":"Ch\u00e2ssis"},"content":{"rendered":"<table style=\"width: 100%;\" border=\"0\">\n<tbody>\n<tr>\n<td width=\"25%\"><strong>Mod\u00e8le<\/strong><\/td>\n<td width=\"75%\"><strong>Sebring &#8211; De 2001 \u00e0 2004<\/strong><\/td>\n<\/tr>\n<tr>\n<td width=\"25%\">Freins<\/td>\n<td width=\"75%\">Assist\u00e9s &#8211; Disques ventil\u00e9s \u00e0 l&rsquo;avant &#8211; Disques \u00e0 l&rsquo;arri\u00e8re<\/td>\n<\/tr>\n<tr>\n<td width=\"25%\">Direction<\/td>\n<td width=\"75%\">Cr\u00e9maill\u00e8re &#8211; Assistance variable<\/td>\n<\/tr>\n<tr>\n<td width=\"25%\">Suspension avant<\/td>\n<td width=\"75%\">Roues ind\u00e9pendantes &#8211; Double bras &#8211; Ressorts h\u00e9lico\u00efdaux &#8211; Barre stabilisatrice<\/td>\n<\/tr>\n<tr>\n<td width=\"25%\">Suspension arri\u00e8re<\/td>\n<td width=\"75%\">Roues ind\u00e9pendantes &#8211; Multibras &#8211; Ressorts h\u00e9lico\u00efdaux &#8211; Barre stabilisatrice<\/td>\n<\/tr>\n<tr>\n<td width=\"25%\">Pneus<\/td>\n<td width=\"75%\">205\/60 VR 16 &#8211; Roue de secours galette<\/td>\n<\/tr>\n<tr>\n<td width=\"25%\">Poids<\/td>\n<td width=\"75%\">1530 kg (2,0 litres) &#8211; 1600 kg (2,7 litres)<\/td>\n<\/tr>\n<tr>\n<td width=\"25%\">Dimensions<\/td>\n<td width=\"75%\">Longueur 492 cm &#8211; Largeur 179 cm &#8211; Hauteur 140 cm &#8211; Empattement 269 cm<\/td>\n<\/tr>\n<tr>\n<td width=\"25%\">Capacit\u00e9 du coffre<\/td>\n<td width=\"75%\">320 dm3<\/td>\n<\/tr>\n<tr>\n<td width=\"25%\">R\u00e9servoir<\/td>\n<td width=\"75%\">60 litres<\/td>\n<\/tr>\n<\/tbody>\n<\/table>\n<table style=\"width: 100%; border-style: none;\" border=\"0\">\n<tbody>\n<tr>\n<td width=\"25%\"><strong>Mod\u00e8le<\/strong><\/td>\n<td width=\"75%\"><strong>Sebring 2008 &#8211; De 2007 \u00e0 2011<\/strong><\/td>\n<\/tr>\n<tr>\n<td width=\"25%\">Freins<\/td>\n<td width=\"75%\">Assist\u00e9s &#8211; Disques ventil\u00e9s \u00e0 l&rsquo;avant &#8211; Disques \u00e0 l&rsquo;arri\u00e8re &#8211; Assistance freinage d&rsquo;urgence<\/td>\n<\/tr>\n<tr>\n<td width=\"25%\">Direction<\/td>\n<td width=\"75%\">Cr\u00e9maill\u00e8re &#8211; Assistance variable<\/td>\n<\/tr>\n<tr>\n<td width=\"25%\">Diam\u00e8tre de braquage<\/td>\n<td width=\"75%\">11,3 m<\/td>\n<\/tr>\n<tr>\n<td width=\"25%\">Suspension avant<\/td>\n<td width=\"75%\">McPherson (triangulaire) &#8211; Barre antiroulis<\/td>\n<\/tr>\n<tr>\n<td width=\"25%\">Suspension arri\u00e8re<\/td>\n<td width=\"75%\">Multibras &#8211; Barre antiroulis<\/td>\n<\/tr>\n<tr>\n<td width=\"25%\">Pneus<\/td>\n<td width=\"75%\">215\/69 R 17 (2,0 litres) &#8211; 215\/55 R 18 (2,7 litres)<\/td>\n<\/tr>\n<tr>\n<td width=\"25%\">Poids<\/td>\n<td width=\"75%\">1850 kg (2,0 litres) &#8211; 1820 kg (2,7 litres)<\/td>\n<\/tr>\n<tr>\n<td width=\"25%\">Dimensions<\/td>\n<td width=\"75%\">Longueur 493 cm &#8211; Largeur 185 cm &#8211; Hauteur 150 cm &#8211; Empattement 277 cm<\/td>\n<\/tr>\n<tr>\n<td width=\"25%\">Capacit\u00e9 du coffre<\/td>\n<td width=\"75%\">De 193 (capot\u00e9) \u00e0 356 dm3 (d\u00e9capot\u00e9)<\/td>\n<\/tr>\n<tr>\n<td width=\"25%\">R\u00e9servoir<\/td>\n<td width=\"75%\">64 litres<\/td>\n<\/tr>\n<\/tbody>\n<\/table>\n","protected":false},"excerpt":{"rendered":"<p>Mod\u00e8le Sebring &#8211; De 2001 \u00e0 2004 Freins Assist\u00e9s &#8211; Disques ventil\u00e9s \u00e0 l&rsquo;avant &#8211; Disques \u00e0 l&rsquo;arri\u00e8re Direction Cr\u00e9maill\u00e8re &#8211; Assistance variable Suspension avant Roues ind\u00e9pendantes &#8211; Double bras &#8211; Ressorts h\u00e9lico\u00efdaux &#8211; Barre stabilisatrice Suspension arri\u00e8re Roues ind\u00e9pendantes &#8211; Multibras &#8211; Ressorts h\u00e9lico\u00efdaux &#8211; Barre stabilisatrice Pneus 205\/60 VR 16 &#8211; Roue de [&hellip;]<\/p>\n","protected":false},"author":1,"featured_media":0,"parent":134,"menu_order":3,"comment_status":"closed","ping_status":"closed","template":"","meta":{"ngg_post_thumbnail":0,"footnotes":""},"class_list":["post-1133","page","type-page","status-publish","hentry"],"yoast_head":"<!-- This site is optimized with the Yoast SEO plugin v27.5 - https:\/\/yoast.com\/product\/yoast-seo-wordpress\/ -->\n<title>Ch\u00e2ssis - US Cars<\/title>\n<meta name=\"robots\" content=\"index, follow, max-snippet:-1, max-image-preview:large, max-video-preview:-1\" \/>\n<link rel=\"canonical\" href=\"https:\/\/www.uscars.biz\/uscars.wordpress\/chrysler\/sebring\/chassis\/\" \/>\n<meta property=\"og:locale\" content=\"fr_FR\" \/>\n<meta property=\"og:type\" content=\"article\" \/>\n<meta property=\"og:title\" content=\"Ch\u00e2ssis - US Cars\" \/>\n<meta property=\"og:description\" content=\"Mod\u00e8le Sebring &#8211; De 2001 \u00e0 2004 Freins Assist\u00e9s &#8211; Disques ventil\u00e9s \u00e0 l&rsquo;avant &#8211; Disques \u00e0 l&rsquo;arri\u00e8re Direction Cr\u00e9maill\u00e8re &#8211; Assistance variable Suspension avant Roues ind\u00e9pendantes &#8211; Double bras &#8211; Ressorts h\u00e9lico\u00efdaux &#8211; Barre stabilisatrice Suspension arri\u00e8re Roues ind\u00e9pendantes &#8211; Multibras &#8211; Ressorts h\u00e9lico\u00efdaux &#8211; Barre stabilisatrice Pneus 205\/60 VR 16 &#8211; Roue de [&hellip;]\" \/>\n<meta property=\"og:url\" content=\"https:\/\/www.uscars.biz\/uscars.wordpress\/chrysler\/sebring\/chassis\/\" \/>\n<meta property=\"og:site_name\" content=\"US Cars\" \/>\n<meta property=\"article:publisher\" content=\"https:\/\/www.facebook.com\/uscars.france\" \/>\n<meta property=\"article:modified_time\" content=\"2025-06-07T12:17:26+00:00\" \/>\n<meta name=\"twitter:card\" content=\"summary_large_image\" \/>\n<meta name=\"twitter:site\" content=\"@uscarsfrance\" \/>\n<meta name=\"twitter:label1\" content=\"Dur\u00e9e de lecture estim\u00e9e\" \/>\n\t<meta name=\"twitter:data1\" content=\"1 minute\" \/>\n<script type=\"application\/ld+json\" class=\"yoast-schema-graph\">{\"@context\":\"https:\\\/\\\/schema.org\",\"@graph\":[{\"@type\":\"WebPage\",\"@id\":\"https:\\\/\\\/www.uscars.biz\\\/uscars.wordpress\\\/chrysler\\\/sebring\\\/chassis\\\/\",\"url\":\"https:\\\/\\\/www.uscars.biz\\\/uscars.wordpress\\\/chrysler\\\/sebring\\\/chassis\\\/\",\"name\":\"Ch\u00e2ssis - US Cars\",\"isPartOf\":{\"@id\":\"https:\\\/\\\/www.uscars.biz\\\/uscars.wordpress\\\/#website\"},\"datePublished\":\"2012-11-18T16:46:56+00:00\",\"dateModified\":\"2025-06-07T12:17:26+00:00\",\"breadcrumb\":{\"@id\":\"https:\\\/\\\/www.uscars.biz\\\/uscars.wordpress\\\/chrysler\\\/sebring\\\/chassis\\\/#breadcrumb\"},\"inLanguage\":\"fr-FR\",\"potentialAction\":[{\"@type\":\"ReadAction\",\"target\":[\"https:\\\/\\\/www.uscars.biz\\\/uscars.wordpress\\\/chrysler\\\/sebring\\\/chassis\\\/\"]}]},{\"@type\":\"BreadcrumbList\",\"@id\":\"https:\\\/\\\/www.uscars.biz\\\/uscars.wordpress\\\/chrysler\\\/sebring\\\/chassis\\\/#breadcrumb\",\"itemListElement\":[{\"@type\":\"ListItem\",\"position\":1,\"name\":\"Accueil\",\"item\":\"https:\\\/\\\/www.uscars.biz\\\/uscars.wordpress\\\/\"},{\"@type\":\"ListItem\",\"position\":2,\"name\":\"Chrysler\",\"item\":\"https:\\\/\\\/www.uscars.biz\\\/uscars.wordpress\\\/chrysler\\\/\"},{\"@type\":\"ListItem\",\"position\":3,\"name\":\"Chrysler Sebring de 2001 \u00e0 2011\",\"item\":\"https:\\\/\\\/www.uscars.biz\\\/uscars.wordpress\\\/chrysler\\\/sebring\\\/\"},{\"@type\":\"ListItem\",\"position\":4,\"name\":\"Ch\u00e2ssis\"}]},{\"@type\":\"WebSite\",\"@id\":\"https:\\\/\\\/www.uscars.biz\\\/uscars.wordpress\\\/#website\",\"url\":\"https:\\\/\\\/www.uscars.biz\\\/uscars.wordpress\\\/\",\"name\":\"US Cars\",\"description\":\"La passion des voitures am\u00e9ricaines\",\"publisher\":{\"@id\":\"https:\\\/\\\/www.uscars.biz\\\/uscars.wordpress\\\/#organization\"},\"potentialAction\":[{\"@type\":\"SearchAction\",\"target\":{\"@type\":\"EntryPoint\",\"urlTemplate\":\"https:\\\/\\\/www.uscars.biz\\\/uscars.wordpress\\\/?s={search_term_string}\"},\"query-input\":{\"@type\":\"PropertyValueSpecification\",\"valueRequired\":true,\"valueName\":\"search_term_string\"}}],\"inLanguage\":\"fr-FR\"},{\"@type\":\"Organization\",\"@id\":\"https:\\\/\\\/www.uscars.biz\\\/uscars.wordpress\\\/#organization\",\"name\":\"US Cars\",\"url\":\"https:\\\/\\\/www.uscars.biz\\\/uscars.wordpress\\\/\",\"logo\":{\"@type\":\"ImageObject\",\"inLanguage\":\"fr-FR\",\"@id\":\"https:\\\/\\\/www.uscars.biz\\\/uscars.wordpress\\\/#\\\/schema\\\/logo\\\/image\\\/\",\"url\":\"https:\\\/\\\/www.uscars.biz\\\/uscars.wordpress\\\/wp-content\\\/uploads\\\/2016\\\/09\\\/cropped-uscars_carre_512x512.png\",\"contentUrl\":\"https:\\\/\\\/www.uscars.biz\\\/uscars.wordpress\\\/wp-content\\\/uploads\\\/2016\\\/09\\\/cropped-uscars_carre_512x512.png\",\"width\":512,\"height\":512,\"caption\":\"US Cars\"},\"image\":{\"@id\":\"https:\\\/\\\/www.uscars.biz\\\/uscars.wordpress\\\/#\\\/schema\\\/logo\\\/image\\\/\"},\"sameAs\":[\"https:\\\/\\\/www.facebook.com\\\/uscars.france\",\"https:\\\/\\\/x.com\\\/uscarsfrance\",\"https:\\\/\\\/www.youtube.com\\\/user\\\/uscarsdotbiz\"]}]}<\/script>\n<!-- \/ Yoast SEO plugin. -->","yoast_head_json":{"title":"Ch\u00e2ssis - US Cars","robots":{"index":"index","follow":"follow","max-snippet":"max-snippet:-1","max-image-preview":"max-image-preview:large","max-video-preview":"max-video-preview:-1"},"canonical":"https:\/\/www.uscars.biz\/uscars.wordpress\/chrysler\/sebring\/chassis\/","og_locale":"fr_FR","og_type":"article","og_title":"Ch\u00e2ssis - US Cars","og_description":"Mod\u00e8le Sebring &#8211; De 2001 \u00e0 2004 Freins Assist\u00e9s &#8211; Disques ventil\u00e9s \u00e0 l&rsquo;avant &#8211; Disques \u00e0 l&rsquo;arri\u00e8re Direction Cr\u00e9maill\u00e8re &#8211; Assistance variable Suspension avant Roues ind\u00e9pendantes &#8211; Double bras &#8211; Ressorts h\u00e9lico\u00efdaux &#8211; Barre stabilisatrice Suspension arri\u00e8re Roues ind\u00e9pendantes &#8211; Multibras &#8211; Ressorts h\u00e9lico\u00efdaux &#8211; Barre stabilisatrice Pneus 205\/60 VR 16 &#8211; Roue de [&hellip;]","og_url":"https:\/\/www.uscars.biz\/uscars.wordpress\/chrysler\/sebring\/chassis\/","og_site_name":"US Cars","article_publisher":"https:\/\/www.facebook.com\/uscars.france","article_modified_time":"2025-06-07T12:17:26+00:00","twitter_card":"summary_large_image","twitter_site":"@uscarsfrance","twitter_misc":{"Dur\u00e9e de lecture estim\u00e9e":"1 minute"},"schema":{"@context":"https:\/\/schema.org","@graph":[{"@type":"WebPage","@id":"https:\/\/www.uscars.biz\/uscars.wordpress\/chrysler\/sebring\/chassis\/","url":"https:\/\/www.uscars.biz\/uscars.wordpress\/chrysler\/sebring\/chassis\/","name":"Ch\u00e2ssis - US Cars","isPartOf":{"@id":"https:\/\/www.uscars.biz\/uscars.wordpress\/#website"},"datePublished":"2012-11-18T16:46:56+00:00","dateModified":"2025-06-07T12:17:26+00:00","breadcrumb":{"@id":"https:\/\/www.uscars.biz\/uscars.wordpress\/chrysler\/sebring\/chassis\/#breadcrumb"},"inLanguage":"fr-FR","potentialAction":[{"@type":"ReadAction","target":["https:\/\/www.uscars.biz\/uscars.wordpress\/chrysler\/sebring\/chassis\/"]}]},{"@type":"BreadcrumbList","@id":"https:\/\/www.uscars.biz\/uscars.wordpress\/chrysler\/sebring\/chassis\/#breadcrumb","itemListElement":[{"@type":"ListItem","position":1,"name":"Accueil","item":"https:\/\/www.uscars.biz\/uscars.wordpress\/"},{"@type":"ListItem","position":2,"name":"Chrysler","item":"https:\/\/www.uscars.biz\/uscars.wordpress\/chrysler\/"},{"@type":"ListItem","position":3,"name":"Chrysler Sebring de 2001 \u00e0 2011","item":"https:\/\/www.uscars.biz\/uscars.wordpress\/chrysler\/sebring\/"},{"@type":"ListItem","position":4,"name":"Ch\u00e2ssis"}]},{"@type":"WebSite","@id":"https:\/\/www.uscars.biz\/uscars.wordpress\/#website","url":"https:\/\/www.uscars.biz\/uscars.wordpress\/","name":"US Cars","description":"La passion des voitures am\u00e9ricaines","publisher":{"@id":"https:\/\/www.uscars.biz\/uscars.wordpress\/#organization"},"potentialAction":[{"@type":"SearchAction","target":{"@type":"EntryPoint","urlTemplate":"https:\/\/www.uscars.biz\/uscars.wordpress\/?s={search_term_string}"},"query-input":{"@type":"PropertyValueSpecification","valueRequired":true,"valueName":"search_term_string"}}],"inLanguage":"fr-FR"},{"@type":"Organization","@id":"https:\/\/www.uscars.biz\/uscars.wordpress\/#organization","name":"US Cars","url":"https:\/\/www.uscars.biz\/uscars.wordpress\/","logo":{"@type":"ImageObject","inLanguage":"fr-FR","@id":"https:\/\/www.uscars.biz\/uscars.wordpress\/#\/schema\/logo\/image\/","url":"https:\/\/www.uscars.biz\/uscars.wordpress\/wp-content\/uploads\/2016\/09\/cropped-uscars_carre_512x512.png","contentUrl":"https:\/\/www.uscars.biz\/uscars.wordpress\/wp-content\/uploads\/2016\/09\/cropped-uscars_carre_512x512.png","width":512,"height":512,"caption":"US Cars"},"image":{"@id":"https:\/\/www.uscars.biz\/uscars.wordpress\/#\/schema\/logo\/image\/"},"sameAs":["https:\/\/www.facebook.com\/uscars.france","https:\/\/x.com\/uscarsfrance","https:\/\/www.youtube.com\/user\/uscarsdotbiz"]}]}},"jetpack_sharing_enabled":true,"jetpack_shortlink":"https:\/\/wp.me\/P2RQDg-ih","_links":{"self":[{"href":"https:\/\/www.uscars.biz\/uscars.wordpress\/wp-json\/wp\/v2\/pages\/1133","targetHints":{"allow":["GET"]}}],"collection":[{"href":"https:\/\/www.uscars.biz\/uscars.wordpress\/wp-json\/wp\/v2\/pages"}],"about":[{"href":"https:\/\/www.uscars.biz\/uscars.wordpress\/wp-json\/wp\/v2\/types\/page"}],"author":[{"embeddable":true,"href":"https:\/\/www.uscars.biz\/uscars.wordpress\/wp-json\/wp\/v2\/users\/1"}],"replies":[{"embeddable":true,"href":"https:\/\/www.uscars.biz\/uscars.wordpress\/wp-json\/wp\/v2\/comments?post=1133"}],"version-history":[{"count":7,"href":"https:\/\/www.uscars.biz\/uscars.wordpress\/wp-json\/wp\/v2\/pages\/1133\/revisions"}],"predecessor-version":[{"id":1021892,"href":"https:\/\/www.uscars.biz\/uscars.wordpress\/wp-json\/wp\/v2\/pages\/1133\/revisions\/1021892"}],"up":[{"embeddable":true,"href":"https:\/\/www.uscars.biz\/uscars.wordpress\/wp-json\/wp\/v2\/pages\/134"}],"wp:attachment":[{"href":"https:\/\/www.uscars.biz\/uscars.wordpress\/wp-json\/wp\/v2\/media?parent=1133"}],"curies":[{"name":"wp","href":"https:\/\/api.w.org\/{rel}","templated":true}]}}