{"id":1159,"date":"2012-11-18T19:13:27","date_gmt":"2012-11-18T18:13:27","guid":{"rendered":"http:\/\/www.uscars.biz\/uscars.wordpress\/?page_id=1159"},"modified":"2025-06-07T14:17:39","modified_gmt":"2025-06-07T12:17:39","slug":"equipement","status":"publish","type":"page","link":"https:\/\/www.uscars.biz\/uscars.wordpress\/chrysler\/sebring\/equipement\/","title":{"rendered":"\u00c9quipement"},"content":{"rendered":"<table style=\"width: 100%;\" border=\"0\">\n<tbody>\n<tr>\n<td width=\"28%\"><strong>Sebring<\/strong><\/td>\n<td width=\"36%\"><strong>Convertible 2,0 l. LX<\/strong><\/td>\n<td width=\"36%\"><strong>Convertible 2,7 l. LX<\/strong><\/td>\n<\/tr>\n<tr>\n<td width=\"28%\"><strong>Mill\u00e9simes<\/strong><\/td>\n<td width=\"36%\"><strong>De 2001 \u00e0 2003<\/strong><\/td>\n<td width=\"36%\"><strong>De 2001 \u00e0 2004<\/strong><\/td>\n<\/tr>\n<tr>\n<td width=\"28%\">ABS<\/td>\n<td width=\"36%\">S\u00e9rie<\/td>\n<td width=\"36%\">S\u00e9rie<\/td>\n<\/tr>\n<tr>\n<td width=\"28%\">Airbags conducteur \/ passager<\/td>\n<td width=\"36%\">S\u00e9rie<\/td>\n<td width=\"36%\">S\u00e9rie<\/td>\n<\/tr>\n<tr>\n<td width=\"28%\">Autoradio CD<\/td>\n<td width=\"36%\">S\u00e9rie<\/td>\n<td width=\"36%\">S\u00e9rie<\/td>\n<\/tr>\n<tr>\n<td width=\"28%\">Bo\u00eete automatique<\/td>\n<td width=\"36%\">Non<\/td>\n<td width=\"36%\">S\u00e9rie<\/td>\n<\/tr>\n<tr>\n<td width=\"28%\">Bo\u00eete manuelle<\/td>\n<td width=\"36%\">S\u00e9rie<\/td>\n<td width=\"36%\">Non<\/td>\n<\/tr>\n<tr>\n<td width=\"28%\">Climatisation<\/td>\n<td width=\"36%\">S\u00e9rie<\/td>\n<td width=\"36%\">S\u00e9rie<\/td>\n<\/tr>\n<tr>\n<td width=\"28%\">R\u00e9gulateur de vitesse<\/td>\n<td width=\"36%\">S\u00e9rie<\/td>\n<td width=\"36%\">S\u00e9rie<\/td>\n<\/tr>\n<tr>\n<td width=\"28%\">R\u00e9tros \u00e9lectriques<\/td>\n<td width=\"36%\">S\u00e9rie<\/td>\n<td width=\"36%\">S\u00e9rie<\/td>\n<\/tr>\n<tr>\n<td width=\"28%\">Roues alliage<\/td>\n<td width=\"36%\">S\u00e9rie<\/td>\n<td width=\"36%\">S\u00e9rie<\/td>\n<\/tr>\n<tr>\n<td width=\"28%\">Sellerie cuir<\/td>\n<td width=\"36%\">S\u00e9rie<\/td>\n<td width=\"36%\">S\u00e9rie<\/td>\n<\/tr>\n<tr>\n<td width=\"28%\">Si\u00e8ge conducteur \u00e9lectrique<\/td>\n<td width=\"36%\">S\u00e9rie<\/td>\n<td width=\"36%\">S\u00e9rie<\/td>\n<\/tr>\n<tr>\n<td width=\"28%\">Verrouillage centralis\u00e9<\/td>\n<td width=\"36%\">S\u00e9rie<\/td>\n<td width=\"36%\">S\u00e9rie<\/td>\n<\/tr>\n<tr>\n<td width=\"28%\">Vitres \u00e9lectriques<\/td>\n<td width=\"36%\">S\u00e9rie<\/td>\n<td width=\"36%\">S\u00e9rie<\/td>\n<\/tr>\n<\/tbody>\n<\/table>\n<table style=\"width: 100%;\" border=\"0\">\n<tbody>\n<tr>\n<td style=\"width: 50%;\"><strong>Int\u00e9rieur<\/strong><\/td>\n<\/tr>\n<tr>\n<td style=\"width: 50%;\"><img loading=\"lazy\" decoding=\"async\" class=\"size-full wp-image-1193 aligncenter\" style=\"border: 0px; margin-top: 0px; margin-bottom: 0px;\" title=\"se_int_03_a1\" src=\"https:\/\/www.uscars.biz\/uscars.wordpress\/wp-content\/uploads\/2012\/11\/se_int_03_a1.jpg\" alt=\"\" width=\"640\" height=\"320\" srcset=\"https:\/\/www.uscars.biz\/uscars.wordpress\/wp-content\/uploads\/2012\/11\/se_int_03_a1.jpg 640w, https:\/\/www.uscars.biz\/uscars.wordpress\/wp-content\/uploads\/2012\/11\/se_int_03_a1-300x150.jpg 300w\" sizes=\"auto, (max-width: 640px) 100vw, 640px\" \/><\/td>\n<\/tr>\n<\/tbody>\n<\/table>\n<table style=\"width: 100%;\" border=\"0\">\n<tbody>\n<tr>\n<td><strong>Tableau de bord<\/strong><\/td>\n<\/tr>\n<tr>\n<td><img loading=\"lazy\" decoding=\"async\" class=\"size-full wp-image-1194 aligncenter\" style=\"border: 0px; margin-top: 0px; margin-bottom: 0px;\" title=\"se_int_xx_a1\" src=\"https:\/\/www.uscars.biz\/uscars.wordpress\/wp-content\/uploads\/2012\/11\/se_int_xx_a1.jpg\" alt=\"\" width=\"640\" height=\"416\" srcset=\"https:\/\/www.uscars.biz\/uscars.wordpress\/wp-content\/uploads\/2012\/11\/se_int_xx_a1.jpg 640w, https:\/\/www.uscars.biz\/uscars.wordpress\/wp-content\/uploads\/2012\/11\/se_int_xx_a1-300x195.jpg 300w\" sizes=\"auto, (max-width: 640px) 100vw, 640px\" \/><\/td>\n<\/tr>\n<\/tbody>\n<\/table>\n<hr \/>\n<table style=\"width: 100%;\" border=\"0\">\n<tbody>\n<tr>\n<td width=\"28%\"><strong>Sebring 2008<\/strong><\/td>\n<td width=\"36%\"><strong>2.0 CRD Touring<\/strong><\/td>\n<td width=\"36%\"><strong>2.7 V6 \/ 2.0 CRD Limited<\/strong><\/td>\n<\/tr>\n<tr>\n<td width=\"28%\"><strong>Mill\u00e9simes<\/strong><\/td>\n<td width=\"36%\"><strong>De 2007 \u00e0 2009<\/strong><\/td>\n<td width=\"36%\"><strong>De 2007 \u00e0 2011<\/strong><\/td>\n<\/tr>\n<tr>\n<td width=\"28%\">ABS<\/td>\n<td width=\"36%\">S\u00e9rie<\/td>\n<td width=\"36%\">S\u00e9rie<\/td>\n<\/tr>\n<tr>\n<td width=\"28%\">Airbags frontaux<\/td>\n<td width=\"36%\">S\u00e9rie<\/td>\n<td width=\"36%\">S\u00e9rie<\/td>\n<\/tr>\n<tr>\n<td width=\"28%\">Airbags lat\u00e9raux<\/td>\n<td width=\"36%\">S\u00e9rie<\/td>\n<td width=\"36%\">S\u00e9rie<\/td>\n<\/tr>\n<tr>\n<td width=\"28%\">Airbags rideaux<\/td>\n<td width=\"36%\">S\u00e9rie<\/td>\n<td width=\"36%\">S\u00e9rie<\/td>\n<\/tr>\n<tr>\n<td width=\"28%\">Autoradio CD MP3<\/td>\n<td width=\"36%\">S\u00e9rie<\/td>\n<td width=\"36%\">S\u00e9rie (Boston avec ampli 276 W)<\/td>\n<\/tr>\n<tr>\n<td width=\"28%\">Bo\u00eete automatique<\/td>\n<td width=\"36%\">Non<\/td>\n<td width=\"36%\">S\u00e9rie sur 2.7 V6<\/td>\n<\/tr>\n<tr>\n<td width=\"28%\">Bo\u00eete manuelle<\/td>\n<td width=\"36%\">S\u00e9rie<\/td>\n<td width=\"36%\">S\u00e9rie sur 2.0 CRD<\/td>\n<\/tr>\n<tr>\n<td width=\"28%\">Changeur 6 CD<\/td>\n<td width=\"36%\">Option<\/td>\n<td width=\"36%\">Option<\/td>\n<\/tr>\n<tr>\n<td width=\"28%\">Climatisation auto. bizone<\/td>\n<td width=\"36%\">S\u00e9rie<\/td>\n<td width=\"36%\">S\u00e9rie<\/td>\n<\/tr>\n<tr>\n<td width=\"28%\">Contr\u00f4le pression pneus<\/td>\n<td width=\"36%\">S\u00e9rie<\/td>\n<td width=\"36%\">S\u00e9rie<\/td>\n<\/tr>\n<tr>\n<td width=\"28%\">ESP<\/td>\n<td width=\"36%\">S\u00e9rie<\/td>\n<td width=\"36%\">S\u00e9rie<\/td>\n<\/tr>\n<tr>\n<td width=\"28%\">Filet anti-remous<\/td>\n<td width=\"36%\">Option<\/td>\n<td width=\"36%\">Accessoire<\/td>\n<\/tr>\n<tr>\n<td width=\"28%\">Lave-phares haute pression<\/td>\n<td width=\"36%\">Non<\/td>\n<td width=\"36%\">S\u00e9rie<\/td>\n<\/tr>\n<tr>\n<td width=\"28%\">Ordinateur de bord<\/td>\n<td width=\"36%\">S\u00e9rie<\/td>\n<td width=\"36%\">S\u00e9rie<\/td>\n<\/tr>\n<tr>\n<td width=\"28%\">Porte-gobelets chaud\/froid<\/td>\n<td width=\"36%\">Option<\/td>\n<td width=\"36%\">Option<\/td>\n<\/tr>\n<tr>\n<td width=\"28%\">Radar de recul<\/td>\n<td width=\"36%\">Accessoire<\/td>\n<td width=\"36%\">Accessoire<\/td>\n<\/tr>\n<tr>\n<td width=\"28%\">R\u00e9gulateur de vitesse<\/td>\n<td width=\"36%\">S\u00e9rie<\/td>\n<td width=\"36%\">S\u00e9rie<\/td>\n<\/tr>\n<tr>\n<td width=\"28%\">R\u00e9tros \u00e9lectriques<\/td>\n<td width=\"36%\">S\u00e9rie<\/td>\n<td width=\"36%\">S\u00e9rie<\/td>\n<\/tr>\n<tr>\n<td width=\"28%\">Roues alliage<\/td>\n<td width=\"36%\">S\u00e9rie 17 pouces (Option 18 pouces)<\/td>\n<td width=\"36%\">S\u00e9rie 17 pouces (Option 18 pouces)<\/td>\n<\/tr>\n<tr>\n<td width=\"28%\">Sellerie cuir<\/td>\n<td width=\"36%\">Non<\/td>\n<td width=\"36%\">S\u00e9rie<\/td>\n<\/tr>\n<tr>\n<td width=\"28%\">Si\u00e8ge conducteur \u00e9lectrique<\/td>\n<td width=\"36%\">S\u00e9rie<\/td>\n<td width=\"36%\">S\u00e9rie<\/td>\n<\/tr>\n<tr>\n<td width=\"28%\">Si\u00e8ges chauffants<\/td>\n<td width=\"36%\">Non<\/td>\n<td width=\"36%\">S\u00e9rie<\/td>\n<\/tr>\n<tr>\n<td width=\"28%\">Syst\u00e8me de navigation<\/td>\n<td width=\"36%\">Non<\/td>\n<td width=\"36%\">Option<\/td>\n<\/tr>\n<tr>\n<td width=\"28%\">Verrouillage centralis\u00e9<\/td>\n<td width=\"36%\">S\u00e9rie<\/td>\n<td width=\"36%\">S\u00e9rie<\/td>\n<\/tr>\n<tr>\n<td width=\"28%\">Vitres \u00e9lectriques<\/td>\n<td width=\"36%\">S\u00e9rie<\/td>\n<td width=\"36%\">S\u00e9rie<\/td>\n<\/tr>\n<tr>\n<td width=\"28%\">Volant gain\u00e9 cuir<\/td>\n<td width=\"36%\">S\u00e9rie<\/td>\n<td width=\"36%\">S\u00e9rie<\/td>\n<\/tr>\n<\/tbody>\n<\/table>\n","protected":false},"excerpt":{"rendered":"<p>Sebring Convertible 2,0 l. LX Convertible 2,7 l. LX Mill\u00e9simes De 2001 \u00e0 2003 De 2001 \u00e0 2004 ABS S\u00e9rie S\u00e9rie Airbags conducteur \/ passager S\u00e9rie S\u00e9rie Autoradio CD S\u00e9rie S\u00e9rie Bo\u00eete automatique Non S\u00e9rie Bo\u00eete manuelle S\u00e9rie Non Climatisation S\u00e9rie S\u00e9rie R\u00e9gulateur de vitesse S\u00e9rie S\u00e9rie R\u00e9tros \u00e9lectriques S\u00e9rie S\u00e9rie Roues alliage S\u00e9rie S\u00e9rie [&hellip;]<\/p>\n","protected":false},"author":1,"featured_media":0,"parent":134,"menu_order":4,"comment_status":"closed","ping_status":"closed","template":"","meta":{"ngg_post_thumbnail":0,"footnotes":""},"class_list":["post-1159","page","type-page","status-publish","hentry"],"yoast_head":"<!-- This site is optimized with the Yoast SEO plugin v27.3 - https:\/\/yoast.com\/product\/yoast-seo-wordpress\/ -->\n<title>\u00c9quipement - US Cars<\/title>\n<meta name=\"robots\" content=\"index, follow, max-snippet:-1, max-image-preview:large, max-video-preview:-1\" \/>\n<link rel=\"canonical\" href=\"https:\/\/www.uscars.biz\/uscars.wordpress\/chrysler\/sebring\/equipement\/\" \/>\n<meta property=\"og:locale\" content=\"fr_FR\" \/>\n<meta property=\"og:type\" content=\"article\" \/>\n<meta property=\"og:title\" content=\"\u00c9quipement - US Cars\" \/>\n<meta property=\"og:description\" content=\"Sebring Convertible 2,0 l. LX Convertible 2,7 l. LX Mill\u00e9simes De 2001 \u00e0 2003 De 2001 \u00e0 2004 ABS S\u00e9rie S\u00e9rie Airbags conducteur \/ passager S\u00e9rie S\u00e9rie Autoradio CD S\u00e9rie S\u00e9rie Bo\u00eete automatique Non S\u00e9rie Bo\u00eete manuelle S\u00e9rie Non Climatisation S\u00e9rie S\u00e9rie R\u00e9gulateur de vitesse S\u00e9rie S\u00e9rie R\u00e9tros \u00e9lectriques S\u00e9rie S\u00e9rie Roues alliage S\u00e9rie S\u00e9rie [&hellip;]\" \/>\n<meta property=\"og:url\" content=\"https:\/\/www.uscars.biz\/uscars.wordpress\/chrysler\/sebring\/equipement\/\" \/>\n<meta property=\"og:site_name\" content=\"US Cars\" \/>\n<meta property=\"article:publisher\" content=\"https:\/\/www.facebook.com\/uscars.france\" \/>\n<meta property=\"article:modified_time\" content=\"2025-06-07T12:17:39+00:00\" \/>\n<meta property=\"og:image\" content=\"https:\/\/www.uscars.biz\/uscars.wordpress\/wp-content\/uploads\/2012\/11\/se_int_03_a1.jpg\" \/>\n\t<meta property=\"og:image:width\" content=\"640\" \/>\n\t<meta property=\"og:image:height\" content=\"320\" \/>\n\t<meta property=\"og:image:type\" content=\"image\/jpeg\" \/>\n<meta name=\"twitter:card\" content=\"summary_large_image\" \/>\n<meta name=\"twitter:site\" content=\"@uscarsfrance\" \/>\n<meta name=\"twitter:label1\" content=\"Dur\u00e9e de lecture estim\u00e9e\" \/>\n\t<meta name=\"twitter:data1\" content=\"1 minute\" \/>\n<script type=\"application\/ld+json\" class=\"yoast-schema-graph\">{\"@context\":\"https:\\\/\\\/schema.org\",\"@graph\":[{\"@type\":\"WebPage\",\"@id\":\"https:\\\/\\\/www.uscars.biz\\\/uscars.wordpress\\\/chrysler\\\/sebring\\\/equipement\\\/\",\"url\":\"https:\\\/\\\/www.uscars.biz\\\/uscars.wordpress\\\/chrysler\\\/sebring\\\/equipement\\\/\",\"name\":\"\u00c9quipement - US Cars\",\"isPartOf\":{\"@id\":\"https:\\\/\\\/www.uscars.biz\\\/uscars.wordpress\\\/#website\"},\"primaryImageOfPage\":{\"@id\":\"https:\\\/\\\/www.uscars.biz\\\/uscars.wordpress\\\/chrysler\\\/sebring\\\/equipement\\\/#primaryimage\"},\"image\":{\"@id\":\"https:\\\/\\\/www.uscars.biz\\\/uscars.wordpress\\\/chrysler\\\/sebring\\\/equipement\\\/#primaryimage\"},\"thumbnailUrl\":\"https:\\\/\\\/www.uscars.biz\\\/uscars.wordpress\\\/wp-content\\\/uploads\\\/2012\\\/11\\\/se_int_03_a1.jpg\",\"datePublished\":\"2012-11-18T18:13:27+00:00\",\"dateModified\":\"2025-06-07T12:17:39+00:00\",\"breadcrumb\":{\"@id\":\"https:\\\/\\\/www.uscars.biz\\\/uscars.wordpress\\\/chrysler\\\/sebring\\\/equipement\\\/#breadcrumb\"},\"inLanguage\":\"fr-FR\",\"potentialAction\":[{\"@type\":\"ReadAction\",\"target\":[\"https:\\\/\\\/www.uscars.biz\\\/uscars.wordpress\\\/chrysler\\\/sebring\\\/equipement\\\/\"]}]},{\"@type\":\"ImageObject\",\"inLanguage\":\"fr-FR\",\"@id\":\"https:\\\/\\\/www.uscars.biz\\\/uscars.wordpress\\\/chrysler\\\/sebring\\\/equipement\\\/#primaryimage\",\"url\":\"https:\\\/\\\/www.uscars.biz\\\/uscars.wordpress\\\/wp-content\\\/uploads\\\/2012\\\/11\\\/se_int_03_a1.jpg\",\"contentUrl\":\"https:\\\/\\\/www.uscars.biz\\\/uscars.wordpress\\\/wp-content\\\/uploads\\\/2012\\\/11\\\/se_int_03_a1.jpg\",\"width\":\"640\",\"height\":\"320\"},{\"@type\":\"BreadcrumbList\",\"@id\":\"https:\\\/\\\/www.uscars.biz\\\/uscars.wordpress\\\/chrysler\\\/sebring\\\/equipement\\\/#breadcrumb\",\"itemListElement\":[{\"@type\":\"ListItem\",\"position\":1,\"name\":\"Accueil\",\"item\":\"https:\\\/\\\/www.uscars.biz\\\/uscars.wordpress\\\/\"},{\"@type\":\"ListItem\",\"position\":2,\"name\":\"Chrysler\",\"item\":\"https:\\\/\\\/www.uscars.biz\\\/uscars.wordpress\\\/chrysler\\\/\"},{\"@type\":\"ListItem\",\"position\":3,\"name\":\"Chrysler Sebring de 2001 \u00e0 2011\",\"item\":\"https:\\\/\\\/www.uscars.biz\\\/uscars.wordpress\\\/chrysler\\\/sebring\\\/\"},{\"@type\":\"ListItem\",\"position\":4,\"name\":\"\u00c9quipement\"}]},{\"@type\":\"WebSite\",\"@id\":\"https:\\\/\\\/www.uscars.biz\\\/uscars.wordpress\\\/#website\",\"url\":\"https:\\\/\\\/www.uscars.biz\\\/uscars.wordpress\\\/\",\"name\":\"US Cars\",\"description\":\"La passion des voitures am\u00e9ricaines\",\"publisher\":{\"@id\":\"https:\\\/\\\/www.uscars.biz\\\/uscars.wordpress\\\/#organization\"},\"potentialAction\":[{\"@type\":\"SearchAction\",\"target\":{\"@type\":\"EntryPoint\",\"urlTemplate\":\"https:\\\/\\\/www.uscars.biz\\\/uscars.wordpress\\\/?s={search_term_string}\"},\"query-input\":{\"@type\":\"PropertyValueSpecification\",\"valueRequired\":true,\"valueName\":\"search_term_string\"}}],\"inLanguage\":\"fr-FR\"},{\"@type\":\"Organization\",\"@id\":\"https:\\\/\\\/www.uscars.biz\\\/uscars.wordpress\\\/#organization\",\"name\":\"US Cars\",\"url\":\"https:\\\/\\\/www.uscars.biz\\\/uscars.wordpress\\\/\",\"logo\":{\"@type\":\"ImageObject\",\"inLanguage\":\"fr-FR\",\"@id\":\"https:\\\/\\\/www.uscars.biz\\\/uscars.wordpress\\\/#\\\/schema\\\/logo\\\/image\\\/\",\"url\":\"https:\\\/\\\/www.uscars.biz\\\/uscars.wordpress\\\/wp-content\\\/uploads\\\/2016\\\/09\\\/cropped-uscars_carre_512x512.png\",\"contentUrl\":\"https:\\\/\\\/www.uscars.biz\\\/uscars.wordpress\\\/wp-content\\\/uploads\\\/2016\\\/09\\\/cropped-uscars_carre_512x512.png\",\"width\":512,\"height\":512,\"caption\":\"US Cars\"},\"image\":{\"@id\":\"https:\\\/\\\/www.uscars.biz\\\/uscars.wordpress\\\/#\\\/schema\\\/logo\\\/image\\\/\"},\"sameAs\":[\"https:\\\/\\\/www.facebook.com\\\/uscars.france\",\"https:\\\/\\\/x.com\\\/uscarsfrance\",\"https:\\\/\\\/www.youtube.com\\\/user\\\/uscarsdotbiz\"]}]}<\/script>\n<!-- \/ Yoast SEO plugin. -->","yoast_head_json":{"title":"\u00c9quipement - US Cars","robots":{"index":"index","follow":"follow","max-snippet":"max-snippet:-1","max-image-preview":"max-image-preview:large","max-video-preview":"max-video-preview:-1"},"canonical":"https:\/\/www.uscars.biz\/uscars.wordpress\/chrysler\/sebring\/equipement\/","og_locale":"fr_FR","og_type":"article","og_title":"\u00c9quipement - US Cars","og_description":"Sebring Convertible 2,0 l. LX Convertible 2,7 l. LX Mill\u00e9simes De 2001 \u00e0 2003 De 2001 \u00e0 2004 ABS S\u00e9rie S\u00e9rie Airbags conducteur \/ passager S\u00e9rie S\u00e9rie Autoradio CD S\u00e9rie S\u00e9rie Bo\u00eete automatique Non S\u00e9rie Bo\u00eete manuelle S\u00e9rie Non Climatisation S\u00e9rie S\u00e9rie R\u00e9gulateur de vitesse S\u00e9rie S\u00e9rie R\u00e9tros \u00e9lectriques S\u00e9rie S\u00e9rie Roues alliage S\u00e9rie S\u00e9rie [&hellip;]","og_url":"https:\/\/www.uscars.biz\/uscars.wordpress\/chrysler\/sebring\/equipement\/","og_site_name":"US Cars","article_publisher":"https:\/\/www.facebook.com\/uscars.france","article_modified_time":"2025-06-07T12:17:39+00:00","og_image":[{"width":640,"height":320,"url":"https:\/\/www.uscars.biz\/uscars.wordpress\/wp-content\/uploads\/2012\/11\/se_int_03_a1.jpg","type":"image\/jpeg"}],"twitter_card":"summary_large_image","twitter_site":"@uscarsfrance","twitter_misc":{"Dur\u00e9e de lecture estim\u00e9e":"1 minute"},"schema":{"@context":"https:\/\/schema.org","@graph":[{"@type":"WebPage","@id":"https:\/\/www.uscars.biz\/uscars.wordpress\/chrysler\/sebring\/equipement\/","url":"https:\/\/www.uscars.biz\/uscars.wordpress\/chrysler\/sebring\/equipement\/","name":"\u00c9quipement - US Cars","isPartOf":{"@id":"https:\/\/www.uscars.biz\/uscars.wordpress\/#website"},"primaryImageOfPage":{"@id":"https:\/\/www.uscars.biz\/uscars.wordpress\/chrysler\/sebring\/equipement\/#primaryimage"},"image":{"@id":"https:\/\/www.uscars.biz\/uscars.wordpress\/chrysler\/sebring\/equipement\/#primaryimage"},"thumbnailUrl":"https:\/\/www.uscars.biz\/uscars.wordpress\/wp-content\/uploads\/2012\/11\/se_int_03_a1.jpg","datePublished":"2012-11-18T18:13:27+00:00","dateModified":"2025-06-07T12:17:39+00:00","breadcrumb":{"@id":"https:\/\/www.uscars.biz\/uscars.wordpress\/chrysler\/sebring\/equipement\/#breadcrumb"},"inLanguage":"fr-FR","potentialAction":[{"@type":"ReadAction","target":["https:\/\/www.uscars.biz\/uscars.wordpress\/chrysler\/sebring\/equipement\/"]}]},{"@type":"ImageObject","inLanguage":"fr-FR","@id":"https:\/\/www.uscars.biz\/uscars.wordpress\/chrysler\/sebring\/equipement\/#primaryimage","url":"https:\/\/www.uscars.biz\/uscars.wordpress\/wp-content\/uploads\/2012\/11\/se_int_03_a1.jpg","contentUrl":"https:\/\/www.uscars.biz\/uscars.wordpress\/wp-content\/uploads\/2012\/11\/se_int_03_a1.jpg","width":"640","height":"320"},{"@type":"BreadcrumbList","@id":"https:\/\/www.uscars.biz\/uscars.wordpress\/chrysler\/sebring\/equipement\/#breadcrumb","itemListElement":[{"@type":"ListItem","position":1,"name":"Accueil","item":"https:\/\/www.uscars.biz\/uscars.wordpress\/"},{"@type":"ListItem","position":2,"name":"Chrysler","item":"https:\/\/www.uscars.biz\/uscars.wordpress\/chrysler\/"},{"@type":"ListItem","position":3,"name":"Chrysler Sebring de 2001 \u00e0 2011","item":"https:\/\/www.uscars.biz\/uscars.wordpress\/chrysler\/sebring\/"},{"@type":"ListItem","position":4,"name":"\u00c9quipement"}]},{"@type":"WebSite","@id":"https:\/\/www.uscars.biz\/uscars.wordpress\/#website","url":"https:\/\/www.uscars.biz\/uscars.wordpress\/","name":"US Cars","description":"La passion des voitures am\u00e9ricaines","publisher":{"@id":"https:\/\/www.uscars.biz\/uscars.wordpress\/#organization"},"potentialAction":[{"@type":"SearchAction","target":{"@type":"EntryPoint","urlTemplate":"https:\/\/www.uscars.biz\/uscars.wordpress\/?s={search_term_string}"},"query-input":{"@type":"PropertyValueSpecification","valueRequired":true,"valueName":"search_term_string"}}],"inLanguage":"fr-FR"},{"@type":"Organization","@id":"https:\/\/www.uscars.biz\/uscars.wordpress\/#organization","name":"US Cars","url":"https:\/\/www.uscars.biz\/uscars.wordpress\/","logo":{"@type":"ImageObject","inLanguage":"fr-FR","@id":"https:\/\/www.uscars.biz\/uscars.wordpress\/#\/schema\/logo\/image\/","url":"https:\/\/www.uscars.biz\/uscars.wordpress\/wp-content\/uploads\/2016\/09\/cropped-uscars_carre_512x512.png","contentUrl":"https:\/\/www.uscars.biz\/uscars.wordpress\/wp-content\/uploads\/2016\/09\/cropped-uscars_carre_512x512.png","width":512,"height":512,"caption":"US Cars"},"image":{"@id":"https:\/\/www.uscars.biz\/uscars.wordpress\/#\/schema\/logo\/image\/"},"sameAs":["https:\/\/www.facebook.com\/uscars.france","https:\/\/x.com\/uscarsfrance","https:\/\/www.youtube.com\/user\/uscarsdotbiz"]}]}},"jetpack_sharing_enabled":true,"jetpack_shortlink":"https:\/\/wp.me\/P2RQDg-iH","_links":{"self":[{"href":"https:\/\/www.uscars.biz\/uscars.wordpress\/wp-json\/wp\/v2\/pages\/1159","targetHints":{"allow":["GET"]}}],"collection":[{"href":"https:\/\/www.uscars.biz\/uscars.wordpress\/wp-json\/wp\/v2\/pages"}],"about":[{"href":"https:\/\/www.uscars.biz\/uscars.wordpress\/wp-json\/wp\/v2\/types\/page"}],"author":[{"embeddable":true,"href":"https:\/\/www.uscars.biz\/uscars.wordpress\/wp-json\/wp\/v2\/users\/1"}],"replies":[{"embeddable":true,"href":"https:\/\/www.uscars.biz\/uscars.wordpress\/wp-json\/wp\/v2\/comments?post=1159"}],"version-history":[{"count":17,"href":"https:\/\/www.uscars.biz\/uscars.wordpress\/wp-json\/wp\/v2\/pages\/1159\/revisions"}],"predecessor-version":[{"id":1021894,"href":"https:\/\/www.uscars.biz\/uscars.wordpress\/wp-json\/wp\/v2\/pages\/1159\/revisions\/1021894"}],"up":[{"embeddable":true,"href":"https:\/\/www.uscars.biz\/uscars.wordpress\/wp-json\/wp\/v2\/pages\/134"}],"wp:attachment":[{"href":"https:\/\/www.uscars.biz\/uscars.wordpress\/wp-json\/wp\/v2\/media?parent=1159"}],"curies":[{"name":"wp","href":"https:\/\/api.w.org\/{rel}","templated":true}]}}