{"id":1199,"date":"2012-11-18T22:13:36","date_gmt":"2012-11-18T21:13:36","guid":{"rendered":"http:\/\/www.uscars.biz\/uscars.wordpress\/?page_id=1199"},"modified":"2025-06-07T12:36:44","modified_gmt":"2025-06-07T10:36:44","slug":"entretien","status":"publish","type":"page","link":"https:\/\/www.uscars.biz\/uscars.wordpress\/chrysler\/le-baron\/entretien\/","title":{"rendered":"Entretien"},"content":{"rendered":"<table style=\"width: 100%;\" border=\"0\">\n<tbody>\n<tr>\n<td width=\"44%\"><strong>Le Baron<\/strong><\/td>\n<td width=\"40%\"><strong>Pr\u00e9conisation<\/strong><\/td>\n<td width=\"16%\"><strong>P\u00e9riodicit\u00e9<\/strong><\/td>\n<\/tr>\n<tr>\n<td width=\"44%\">Huile moteur 4 cylindres<\/td>\n<td width=\"40%\">Huile multigrade SAE 5W30 ou 5W40<\/td>\n<td width=\"16%\">7500 km<\/td>\n<\/tr>\n<tr>\n<td width=\"44%\">Huile moteur 6 cylindres<\/td>\n<td width=\"40%\">Huile multigrade SAE 10W30 ou 10W40<\/td>\n<td width=\"16%\">7500 km<\/td>\n<\/tr>\n<tr>\n<td width=\"44%\">Huile bo\u00eete de vitesses manuelle 5 rapports<\/td>\n<td width=\"40%\">Huile multigrade SAE 5W30 ou 5W40<\/td>\n<td width=\"16%\">40000 km<\/td>\n<\/tr>\n<tr>\n<td width=\"44%\">Huile bo\u00eete de vitesses automatique 3 rapports<\/td>\n<td width=\"40%\">Huile ATF Dexron II<\/td>\n<td width=\"16%\">20000 km<\/td>\n<\/tr>\n<tr>\n<td width=\"44%\">Huile bo\u00eete de vitesses automatique 4 rapports<\/td>\n<td width=\"40%\">Huile ATF +3 ou ATF +4<\/td>\n<td width=\"16%\">20000 km<\/td>\n<\/tr>\n<tr>\n<td width=\"44%\">Huile direction assist\u00e9e (v\u00e9rification)<\/td>\n<td width=\"40%\">Huile MOPAR 4-253 ou \u00e9quivalent<\/td>\n<td width=\"16%\">10000 km<\/td>\n<\/tr>\n<tr>\n<td width=\"44%\">Liquide de freins<\/td>\n<td width=\"40%\">Liquide synth\u00e9tique SAE J 1703 DOT 3<\/td>\n<td width=\"16%\">Tous les 2 ans<\/td>\n<\/tr>\n<tr>\n<td width=\"44%\">Liquide de refroidissement<\/td>\n<td width=\"40%\">M\u00e9lange eau + antigel \u00e0 50 %<\/td>\n<td width=\"16%\">30000 km<\/td>\n<\/tr>\n<tr>\n<td width=\"44%\">Filtre \u00e0 air<\/td>\n<td width=\"40%\">&#8211;<\/td>\n<td width=\"16%\">15000 km<\/td>\n<\/tr>\n<tr>\n<td width=\"44%\">Filtre \u00e0 essence<\/td>\n<td width=\"40%\">Disponible chez Chrysler<\/td>\n<td width=\"16%\">35000 km<\/td>\n<\/tr>\n<tr>\n<td width=\"44%\">Filtre \u00e0 huile moteur<\/td>\n<td width=\"40%\">Purflux LS149<\/td>\n<td width=\"16%\">7500 km<\/td>\n<\/tr>\n<tr>\n<td width=\"44%\">Filtre \u00e0 huile bo\u00eete de vitesses automatique<\/td>\n<td width=\"40%\">Disponible chez Chrysler<\/td>\n<td width=\"16%\">20000 km<\/td>\n<\/tr>\n<tr>\n<td width=\"44%\">Bougies moteur 4 cylindres<\/td>\n<td width=\"40%\">Champion RN12YC \u00e9cartement 0,9 mm<\/td>\n<td width=\"16%\">20000 km<\/td>\n<\/tr>\n<tr>\n<td width=\"44%\">Bougies moteur 6 cylindres<\/td>\n<td width=\"40%\">Champion RN11YC4 \u00e9cartement 1,1 mm<\/td>\n<td width=\"16%\">20000 km<\/td>\n<\/tr>\n<tr>\n<td width=\"44%\">Faisceau d&rsquo;allumage<\/td>\n<td width=\"40%\">Disponible chez Chrysler<\/td>\n<td width=\"16%\">50000 km<\/td>\n<\/tr>\n<tr>\n<td width=\"44%\">Capteur d&rsquo;oxyg\u00e8ne<\/td>\n<td width=\"40%\">Disponible chez Chrysler<\/td>\n<td width=\"16%\">60000 km<\/td>\n<\/tr>\n<tr>\n<td width=\"44%\">Courroie de distribution<\/td>\n<td width=\"40%\">Disponible chez Chrysler<\/td>\n<td width=\"16%\">80000 km<\/td>\n<\/tr>\n<\/tbody>\n<\/table>\n<p>Rappel : Il est <span style=\"color: #ff0000;\">obligatoire<\/span> de changer le filtre \u00e0 huile de la bo\u00eete de vitesses automatique \u00e0 chaque vidange.<\/p>\n<p>Pour en savoir plus, vous pouvez consulter ce <a href=\"https:\/\/www.uscars.biz\/uscars\/chrysler-documents\/carnet_entretien_chrysler.pdf\" target=\"_blank\" rel=\"noopener\">Carnet d&rsquo;entretien pour v\u00e9hicule de marque Chrysler<\/a> (source : Christophe Dupuis).<\/p>\n<hr>\n<p><strong>Documentation<\/strong><\/p>\n<p>Les Le Baron sont \u00e9quip\u00e9s \u00e0 l&rsquo;instar des autres v\u00e9hicules Chrysler de la m\u00eame \u00e9poque d&rsquo;un syst\u00e8me automatique de diagnostic. Pour vous renseigner sur la proc\u00e9dure d&rsquo;obtention de l&rsquo;auto-test ainsi que sur l&rsquo;interpr\u00e9tation des codes obtenus, consultez l&rsquo;article <a href=\"https:\/\/www.allpar.com\/fix\/80s-codes.html\" target=\"_blank\" rel=\"noopener\">The 1980s-1990s Chrysler Computer Codes<\/a> du site <a href=\"https:\/\/www.allpar.com\" target=\"_blank\" rel=\"noopener\">Allpar<\/a> qui propose de nombreux articles sur les Chrysler Le Baron.<\/p>\n<p>T\u00e9l\u00e9chargez les guides complets avec photographies concernant :<br \/>\n&#8211; <a href=\"https:\/\/www.uscars.biz\/uscars\/chrysler-documents\/guide_barre_stabilisatrice.pdf\" target=\"_blank\" rel=\"noopener\">la r\u00e9vision de la barre stabilisatrice<\/a> (source : <a href=\"https:\/\/www.uscars.biz\/uscars.forum.phpBB3\/memberlist.php?mode=viewprofile&amp;u=2045\" target=\"_blank\" rel=\"noopener\">Franck Heidmann<\/a>)<br \/>\n&#8211; <a href=\"https:\/\/www.uscars.biz\/uscars\/chrysler-documents\/guide_demontage_compteur_lb2_v1.00.pdf\" target=\"_blank\" rel=\"noopener\">le d\u00e9montage du compteur de Le Baron version 2<\/a> (source : <a href=\"https:\/\/www.uscars.biz\/uscars.forum.phpBB3\/memberlist.php?mode=viewprofile&amp;u=10\" target=\"_blank\" rel=\"noopener\">Paul Daussin<\/a>)<br \/>\n&#8211; <a href=\"https:\/\/www.uscars.biz\/uscars\/chrysler-documents\/guide_d_arr_lbconv_v1.00.pdf\" target=\"_blank\" rel=\"noopener\">la d\u00e9pose du dossier et des accoudoirs arri\u00e8re<\/a>&nbsp;(source : Xavier Vincent)<br \/>\n&#8211; <a href=\"https:\/\/www.uscars.biz\/uscars\/chrysler-documents\/guide_lv_vitre_arr_lbconv_v1.00.pdf\" target=\"_blank\" rel=\"noopener\">le d\u00e9montage du m\u00e9canisme de l\u00e8ve vitre arri\u00e8re<\/a>&nbsp;(source : Xavier Vincent).<\/p>\n","protected":false},"excerpt":{"rendered":"<p>Le Baron Pr\u00e9conisation P\u00e9riodicit\u00e9 Huile moteur 4 cylindres Huile multigrade SAE 5W30 ou 5W40 7500 km Huile moteur 6 cylindres Huile multigrade SAE 10W30 ou 10W40 7500 km Huile bo\u00eete de vitesses manuelle 5 rapports Huile multigrade SAE 5W30 ou 5W40 40000 km Huile bo\u00eete de vitesses automatique 3 rapports Huile ATF Dexron II 20000 [&hellip;]<\/p>\n","protected":false},"author":1,"featured_media":0,"parent":125,"menu_order":5,"comment_status":"closed","ping_status":"closed","template":"","meta":{"ngg_post_thumbnail":0,"footnotes":""},"class_list":["post-1199","page","type-page","status-publish","hentry"],"yoast_head":"<!-- This site is optimized with the Yoast SEO plugin v27.3 - https:\/\/yoast.com\/product\/yoast-seo-wordpress\/ -->\n<title>Entretien Chrysler Le Baron - US Cars<\/title>\n<meta name=\"description\" content=\"L&#039;entretien de votre Chrysler Le Baron : pr\u00e9conisations, documentation\" \/>\n<meta name=\"robots\" content=\"index, follow, max-snippet:-1, max-image-preview:large, max-video-preview:-1\" \/>\n<link rel=\"canonical\" href=\"https:\/\/www.uscars.biz\/uscars.wordpress\/chrysler\/le-baron\/entretien\/\" \/>\n<meta property=\"og:locale\" content=\"fr_FR\" \/>\n<meta property=\"og:type\" content=\"article\" \/>\n<meta property=\"og:title\" content=\"Entretien Chrysler Le Baron - US Cars\" \/>\n<meta property=\"og:description\" content=\"L&#039;entretien de votre Chrysler Le Baron : pr\u00e9conisations, documentation\" \/>\n<meta property=\"og:url\" content=\"https:\/\/www.uscars.biz\/uscars.wordpress\/chrysler\/le-baron\/entretien\/\" \/>\n<meta property=\"og:site_name\" content=\"US Cars\" \/>\n<meta property=\"article:publisher\" content=\"https:\/\/www.facebook.com\/uscars.france\" \/>\n<meta property=\"article:modified_time\" content=\"2025-06-07T10:36:44+00:00\" \/>\n<meta name=\"twitter:card\" content=\"summary_large_image\" \/>\n<meta name=\"twitter:site\" content=\"@uscarsfrance\" \/>\n<meta name=\"twitter:label1\" content=\"Dur\u00e9e de lecture estim\u00e9e\" \/>\n\t<meta name=\"twitter:data1\" content=\"2 minutes\" \/>\n<script type=\"application\/ld+json\" class=\"yoast-schema-graph\">{\"@context\":\"https:\\\/\\\/schema.org\",\"@graph\":[{\"@type\":\"WebPage\",\"@id\":\"https:\\\/\\\/www.uscars.biz\\\/uscars.wordpress\\\/chrysler\\\/le-baron\\\/entretien\\\/\",\"url\":\"https:\\\/\\\/www.uscars.biz\\\/uscars.wordpress\\\/chrysler\\\/le-baron\\\/entretien\\\/\",\"name\":\"Entretien Chrysler Le Baron - US Cars\",\"isPartOf\":{\"@id\":\"https:\\\/\\\/www.uscars.biz\\\/uscars.wordpress\\\/#website\"},\"datePublished\":\"2012-11-18T21:13:36+00:00\",\"dateModified\":\"2025-06-07T10:36:44+00:00\",\"description\":\"L'entretien de votre Chrysler Le Baron : pr\u00e9conisations, documentation\",\"breadcrumb\":{\"@id\":\"https:\\\/\\\/www.uscars.biz\\\/uscars.wordpress\\\/chrysler\\\/le-baron\\\/entretien\\\/#breadcrumb\"},\"inLanguage\":\"fr-FR\",\"potentialAction\":[{\"@type\":\"ReadAction\",\"target\":[\"https:\\\/\\\/www.uscars.biz\\\/uscars.wordpress\\\/chrysler\\\/le-baron\\\/entretien\\\/\"]}]},{\"@type\":\"BreadcrumbList\",\"@id\":\"https:\\\/\\\/www.uscars.biz\\\/uscars.wordpress\\\/chrysler\\\/le-baron\\\/entretien\\\/#breadcrumb\",\"itemListElement\":[{\"@type\":\"ListItem\",\"position\":1,\"name\":\"Accueil\",\"item\":\"https:\\\/\\\/www.uscars.biz\\\/uscars.wordpress\\\/\"},{\"@type\":\"ListItem\",\"position\":2,\"name\":\"Chrysler\",\"item\":\"https:\\\/\\\/www.uscars.biz\\\/uscars.wordpress\\\/chrysler\\\/\"},{\"@type\":\"ListItem\",\"position\":3,\"name\":\"Chrysler Le Baron de 1986 \u00e0 1996\",\"item\":\"https:\\\/\\\/www.uscars.biz\\\/uscars.wordpress\\\/chrysler\\\/le-baron\\\/\"},{\"@type\":\"ListItem\",\"position\":4,\"name\":\"Entretien\"}]},{\"@type\":\"WebSite\",\"@id\":\"https:\\\/\\\/www.uscars.biz\\\/uscars.wordpress\\\/#website\",\"url\":\"https:\\\/\\\/www.uscars.biz\\\/uscars.wordpress\\\/\",\"name\":\"US Cars\",\"description\":\"La passion des voitures am\u00e9ricaines\",\"publisher\":{\"@id\":\"https:\\\/\\\/www.uscars.biz\\\/uscars.wordpress\\\/#organization\"},\"potentialAction\":[{\"@type\":\"SearchAction\",\"target\":{\"@type\":\"EntryPoint\",\"urlTemplate\":\"https:\\\/\\\/www.uscars.biz\\\/uscars.wordpress\\\/?s={search_term_string}\"},\"query-input\":{\"@type\":\"PropertyValueSpecification\",\"valueRequired\":true,\"valueName\":\"search_term_string\"}}],\"inLanguage\":\"fr-FR\"},{\"@type\":\"Organization\",\"@id\":\"https:\\\/\\\/www.uscars.biz\\\/uscars.wordpress\\\/#organization\",\"name\":\"US Cars\",\"url\":\"https:\\\/\\\/www.uscars.biz\\\/uscars.wordpress\\\/\",\"logo\":{\"@type\":\"ImageObject\",\"inLanguage\":\"fr-FR\",\"@id\":\"https:\\\/\\\/www.uscars.biz\\\/uscars.wordpress\\\/#\\\/schema\\\/logo\\\/image\\\/\",\"url\":\"https:\\\/\\\/www.uscars.biz\\\/uscars.wordpress\\\/wp-content\\\/uploads\\\/2016\\\/09\\\/cropped-uscars_carre_512x512.png\",\"contentUrl\":\"https:\\\/\\\/www.uscars.biz\\\/uscars.wordpress\\\/wp-content\\\/uploads\\\/2016\\\/09\\\/cropped-uscars_carre_512x512.png\",\"width\":512,\"height\":512,\"caption\":\"US Cars\"},\"image\":{\"@id\":\"https:\\\/\\\/www.uscars.biz\\\/uscars.wordpress\\\/#\\\/schema\\\/logo\\\/image\\\/\"},\"sameAs\":[\"https:\\\/\\\/www.facebook.com\\\/uscars.france\",\"https:\\\/\\\/x.com\\\/uscarsfrance\",\"https:\\\/\\\/www.youtube.com\\\/user\\\/uscarsdotbiz\"]}]}<\/script>\n<!-- \/ Yoast SEO plugin. -->","yoast_head_json":{"title":"Entretien Chrysler Le Baron - US Cars","description":"L'entretien de votre Chrysler Le Baron : pr\u00e9conisations, documentation","robots":{"index":"index","follow":"follow","max-snippet":"max-snippet:-1","max-image-preview":"max-image-preview:large","max-video-preview":"max-video-preview:-1"},"canonical":"https:\/\/www.uscars.biz\/uscars.wordpress\/chrysler\/le-baron\/entretien\/","og_locale":"fr_FR","og_type":"article","og_title":"Entretien Chrysler Le Baron - US Cars","og_description":"L'entretien de votre Chrysler Le Baron : pr\u00e9conisations, documentation","og_url":"https:\/\/www.uscars.biz\/uscars.wordpress\/chrysler\/le-baron\/entretien\/","og_site_name":"US Cars","article_publisher":"https:\/\/www.facebook.com\/uscars.france","article_modified_time":"2025-06-07T10:36:44+00:00","twitter_card":"summary_large_image","twitter_site":"@uscarsfrance","twitter_misc":{"Dur\u00e9e de lecture estim\u00e9e":"2 minutes"},"schema":{"@context":"https:\/\/schema.org","@graph":[{"@type":"WebPage","@id":"https:\/\/www.uscars.biz\/uscars.wordpress\/chrysler\/le-baron\/entretien\/","url":"https:\/\/www.uscars.biz\/uscars.wordpress\/chrysler\/le-baron\/entretien\/","name":"Entretien Chrysler Le Baron - US Cars","isPartOf":{"@id":"https:\/\/www.uscars.biz\/uscars.wordpress\/#website"},"datePublished":"2012-11-18T21:13:36+00:00","dateModified":"2025-06-07T10:36:44+00:00","description":"L'entretien de votre Chrysler Le Baron : pr\u00e9conisations, documentation","breadcrumb":{"@id":"https:\/\/www.uscars.biz\/uscars.wordpress\/chrysler\/le-baron\/entretien\/#breadcrumb"},"inLanguage":"fr-FR","potentialAction":[{"@type":"ReadAction","target":["https:\/\/www.uscars.biz\/uscars.wordpress\/chrysler\/le-baron\/entretien\/"]}]},{"@type":"BreadcrumbList","@id":"https:\/\/www.uscars.biz\/uscars.wordpress\/chrysler\/le-baron\/entretien\/#breadcrumb","itemListElement":[{"@type":"ListItem","position":1,"name":"Accueil","item":"https:\/\/www.uscars.biz\/uscars.wordpress\/"},{"@type":"ListItem","position":2,"name":"Chrysler","item":"https:\/\/www.uscars.biz\/uscars.wordpress\/chrysler\/"},{"@type":"ListItem","position":3,"name":"Chrysler Le Baron de 1986 \u00e0 1996","item":"https:\/\/www.uscars.biz\/uscars.wordpress\/chrysler\/le-baron\/"},{"@type":"ListItem","position":4,"name":"Entretien"}]},{"@type":"WebSite","@id":"https:\/\/www.uscars.biz\/uscars.wordpress\/#website","url":"https:\/\/www.uscars.biz\/uscars.wordpress\/","name":"US Cars","description":"La passion des voitures am\u00e9ricaines","publisher":{"@id":"https:\/\/www.uscars.biz\/uscars.wordpress\/#organization"},"potentialAction":[{"@type":"SearchAction","target":{"@type":"EntryPoint","urlTemplate":"https:\/\/www.uscars.biz\/uscars.wordpress\/?s={search_term_string}"},"query-input":{"@type":"PropertyValueSpecification","valueRequired":true,"valueName":"search_term_string"}}],"inLanguage":"fr-FR"},{"@type":"Organization","@id":"https:\/\/www.uscars.biz\/uscars.wordpress\/#organization","name":"US Cars","url":"https:\/\/www.uscars.biz\/uscars.wordpress\/","logo":{"@type":"ImageObject","inLanguage":"fr-FR","@id":"https:\/\/www.uscars.biz\/uscars.wordpress\/#\/schema\/logo\/image\/","url":"https:\/\/www.uscars.biz\/uscars.wordpress\/wp-content\/uploads\/2016\/09\/cropped-uscars_carre_512x512.png","contentUrl":"https:\/\/www.uscars.biz\/uscars.wordpress\/wp-content\/uploads\/2016\/09\/cropped-uscars_carre_512x512.png","width":512,"height":512,"caption":"US Cars"},"image":{"@id":"https:\/\/www.uscars.biz\/uscars.wordpress\/#\/schema\/logo\/image\/"},"sameAs":["https:\/\/www.facebook.com\/uscars.france","https:\/\/x.com\/uscarsfrance","https:\/\/www.youtube.com\/user\/uscarsdotbiz"]}]}},"jetpack_sharing_enabled":true,"jetpack_shortlink":"https:\/\/wp.me\/P2RQDg-jl","_links":{"self":[{"href":"https:\/\/www.uscars.biz\/uscars.wordpress\/wp-json\/wp\/v2\/pages\/1199","targetHints":{"allow":["GET"]}}],"collection":[{"href":"https:\/\/www.uscars.biz\/uscars.wordpress\/wp-json\/wp\/v2\/pages"}],"about":[{"href":"https:\/\/www.uscars.biz\/uscars.wordpress\/wp-json\/wp\/v2\/types\/page"}],"author":[{"embeddable":true,"href":"https:\/\/www.uscars.biz\/uscars.wordpress\/wp-json\/wp\/v2\/users\/1"}],"replies":[{"embeddable":true,"href":"https:\/\/www.uscars.biz\/uscars.wordpress\/wp-json\/wp\/v2\/comments?post=1199"}],"version-history":[{"count":66,"href":"https:\/\/www.uscars.biz\/uscars.wordpress\/wp-json\/wp\/v2\/pages\/1199\/revisions"}],"predecessor-version":[{"id":1021816,"href":"https:\/\/www.uscars.biz\/uscars.wordpress\/wp-json\/wp\/v2\/pages\/1199\/revisions\/1021816"}],"up":[{"embeddable":true,"href":"https:\/\/www.uscars.biz\/uscars.wordpress\/wp-json\/wp\/v2\/pages\/125"}],"wp:attachment":[{"href":"https:\/\/www.uscars.biz\/uscars.wordpress\/wp-json\/wp\/v2\/media?parent=1199"}],"curies":[{"name":"wp","href":"https:\/\/api.w.org\/{rel}","templated":true}]}}