{"id":1583,"date":"2012-12-02T02:08:55","date_gmt":"2012-12-02T01:08:55","guid":{"rendered":"http:\/\/www.uscars.biz\/uscars.wordpress\/?page_id=1583"},"modified":"2025-06-07T17:49:26","modified_gmt":"2025-06-07T15:49:26","slug":"chassis","status":"publish","type":"page","link":"https:\/\/www.uscars.biz\/uscars.wordpress\/jeep\/sj-wagoneer-cherokee\/chassis\/","title":{"rendered":"Ch\u00e2ssis"},"content":{"rendered":"<table style=\"width: 100%;\" border=\"1\" cellspacing=\"2\" cellpadding=\"0\">\n<tbody>\n<tr>\n<td width=\"20%\">Ch\u00e2ssis<\/td>\n<td width=\"80%\">S\u00e9par\u00e9 en acier<\/td>\n<\/tr>\n<tr>\n<td width=\"20%\">Freins avant<\/td>\n<td width=\"80%\">Assist\u00e9s &#8211; Tambours de 1963 \u00e0 1973 &#8211; Disques \u00e0 partir de 1974<\/td>\n<\/tr>\n<tr>\n<td width=\"20%\"><span style=\"color: black;\">Freins arri\u00e8re<\/span><\/td>\n<td width=\"80%\"><span style=\"color: black;\">Assist\u00e9s &#8211; Tambours<\/span><\/td>\n<\/tr>\n<tr>\n<td width=\"20%\">Direction<\/td>\n<td width=\"80%\">A circuit de billes &#8211; Assistance en option de 1963 \u00e0 1973 et de s\u00e9rie \u00e0 partir de 1974<\/td>\n<\/tr>\n<tr>\n<td valign=\"top\" width=\"20%\">Suspension avant<\/td>\n<td width=\"80%\">Essieu rigide avec barre Panhard et ressorts \u00e0 lames &#8211; Barre anti-roulis \u00e0 partir de 1976 &#8211; Suspension \u00e0 roues ind\u00e9pendantes en option de 1963 \u00e0 1968<\/td>\n<\/tr>\n<tr>\n<td width=\"20%\">Suspension arri\u00e8re<\/td>\n<td width=\"80%\">Essieu rigide avec barre Panhard et ressorts \u00e0 lames<\/td>\n<\/tr>\n<tr>\n<td width=\"20%\">Pneus<\/td>\n<td width=\"80%\">En 1984 : Michelin P235\/75R-15<\/td>\n<\/tr>\n<tr>\n<td width=\"20%\">Poids<\/td>\n<td width=\"80%\">1900 kg<\/td>\n<\/tr>\n<tr>\n<td width=\"20%\">Dimensions<\/td>\n<td width=\"80%\">Longueur 473 cm &#8211; Largeur 190 cm &#8211; Hauteur 168 cm &#8211; Empattement 276 cm<\/td>\n<\/tr>\n<tr>\n<td width=\"20%\"><span style=\"color: black;\">R\u00e9servoir<\/span><\/td>\n<td width=\"80%\"><span style=\"color: black;\">83 litres<\/span><\/td>\n<\/tr>\n<\/tbody>\n<\/table>\n","protected":false},"excerpt":{"rendered":"<p>Ch\u00e2ssis S\u00e9par\u00e9 en acier Freins avant Assist\u00e9s &#8211; Tambours de 1963 \u00e0 1973 &#8211; Disques \u00e0 partir de 1974 Freins arri\u00e8re Assist\u00e9s &#8211; Tambours Direction A circuit de billes &#8211; Assistance en option de 1963 \u00e0 1973 et de s\u00e9rie \u00e0 partir de 1974 Suspension avant Essieu rigide avec barre Panhard et ressorts \u00e0 lames [&hellip;]<\/p>\n","protected":false},"author":1,"featured_media":0,"parent":173,"menu_order":4,"comment_status":"closed","ping_status":"closed","template":"","meta":{"ngg_post_thumbnail":0,"footnotes":""},"class_list":["post-1583","page","type-page","status-publish","hentry"],"yoast_head":"<!-- This site is optimized with the Yoast SEO plugin v27.3 - https:\/\/yoast.com\/product\/yoast-seo-wordpress\/ -->\n<title>Ch\u00e2ssis - US Cars<\/title>\n<meta name=\"robots\" content=\"index, follow, max-snippet:-1, max-image-preview:large, max-video-preview:-1\" \/>\n<link rel=\"canonical\" href=\"https:\/\/www.uscars.biz\/uscars.wordpress\/jeep\/sj-wagoneer-cherokee\/chassis\/\" \/>\n<meta property=\"og:locale\" content=\"fr_FR\" \/>\n<meta property=\"og:type\" content=\"article\" \/>\n<meta property=\"og:title\" content=\"Ch\u00e2ssis - US Cars\" \/>\n<meta property=\"og:description\" content=\"Ch\u00e2ssis S\u00e9par\u00e9 en acier Freins avant Assist\u00e9s &#8211; Tambours de 1963 \u00e0 1973 &#8211; Disques \u00e0 partir de 1974 Freins arri\u00e8re Assist\u00e9s &#8211; Tambours Direction A circuit de billes &#8211; Assistance en option de 1963 \u00e0 1973 et de s\u00e9rie \u00e0 partir de 1974 Suspension avant Essieu rigide avec barre Panhard et ressorts \u00e0 lames [&hellip;]\" \/>\n<meta property=\"og:url\" content=\"https:\/\/www.uscars.biz\/uscars.wordpress\/jeep\/sj-wagoneer-cherokee\/chassis\/\" \/>\n<meta property=\"og:site_name\" content=\"US Cars\" \/>\n<meta property=\"article:publisher\" content=\"https:\/\/www.facebook.com\/uscars.france\" \/>\n<meta property=\"article:modified_time\" content=\"2025-06-07T15:49:26+00:00\" \/>\n<meta name=\"twitter:card\" content=\"summary_large_image\" \/>\n<meta name=\"twitter:site\" content=\"@uscarsfrance\" \/>\n<script type=\"application\/ld+json\" class=\"yoast-schema-graph\">{\"@context\":\"https:\\\/\\\/schema.org\",\"@graph\":[{\"@type\":\"WebPage\",\"@id\":\"https:\\\/\\\/www.uscars.biz\\\/uscars.wordpress\\\/jeep\\\/sj-wagoneer-cherokee\\\/chassis\\\/\",\"url\":\"https:\\\/\\\/www.uscars.biz\\\/uscars.wordpress\\\/jeep\\\/sj-wagoneer-cherokee\\\/chassis\\\/\",\"name\":\"Ch\u00e2ssis - US Cars\",\"isPartOf\":{\"@id\":\"https:\\\/\\\/www.uscars.biz\\\/uscars.wordpress\\\/#website\"},\"datePublished\":\"2012-12-02T01:08:55+00:00\",\"dateModified\":\"2025-06-07T15:49:26+00:00\",\"breadcrumb\":{\"@id\":\"https:\\\/\\\/www.uscars.biz\\\/uscars.wordpress\\\/jeep\\\/sj-wagoneer-cherokee\\\/chassis\\\/#breadcrumb\"},\"inLanguage\":\"fr-FR\",\"potentialAction\":[{\"@type\":\"ReadAction\",\"target\":[\"https:\\\/\\\/www.uscars.biz\\\/uscars.wordpress\\\/jeep\\\/sj-wagoneer-cherokee\\\/chassis\\\/\"]}]},{\"@type\":\"BreadcrumbList\",\"@id\":\"https:\\\/\\\/www.uscars.biz\\\/uscars.wordpress\\\/jeep\\\/sj-wagoneer-cherokee\\\/chassis\\\/#breadcrumb\",\"itemListElement\":[{\"@type\":\"ListItem\",\"position\":1,\"name\":\"Accueil\",\"item\":\"https:\\\/\\\/www.uscars.biz\\\/uscars.wordpress\\\/\"},{\"@type\":\"ListItem\",\"position\":2,\"name\":\"Jeep\",\"item\":\"https:\\\/\\\/www.uscars.biz\\\/uscars.wordpress\\\/jeep\\\/\"},{\"@type\":\"ListItem\",\"position\":3,\"name\":\"Jeep SJ Wagoneer et Cherokee de 1963 \u00e0 1991\",\"item\":\"https:\\\/\\\/www.uscars.biz\\\/uscars.wordpress\\\/jeep\\\/sj-wagoneer-cherokee\\\/\"},{\"@type\":\"ListItem\",\"position\":4,\"name\":\"Ch\u00e2ssis\"}]},{\"@type\":\"WebSite\",\"@id\":\"https:\\\/\\\/www.uscars.biz\\\/uscars.wordpress\\\/#website\",\"url\":\"https:\\\/\\\/www.uscars.biz\\\/uscars.wordpress\\\/\",\"name\":\"US Cars\",\"description\":\"La passion des voitures am\u00e9ricaines\",\"publisher\":{\"@id\":\"https:\\\/\\\/www.uscars.biz\\\/uscars.wordpress\\\/#organization\"},\"potentialAction\":[{\"@type\":\"SearchAction\",\"target\":{\"@type\":\"EntryPoint\",\"urlTemplate\":\"https:\\\/\\\/www.uscars.biz\\\/uscars.wordpress\\\/?s={search_term_string}\"},\"query-input\":{\"@type\":\"PropertyValueSpecification\",\"valueRequired\":true,\"valueName\":\"search_term_string\"}}],\"inLanguage\":\"fr-FR\"},{\"@type\":\"Organization\",\"@id\":\"https:\\\/\\\/www.uscars.biz\\\/uscars.wordpress\\\/#organization\",\"name\":\"US Cars\",\"url\":\"https:\\\/\\\/www.uscars.biz\\\/uscars.wordpress\\\/\",\"logo\":{\"@type\":\"ImageObject\",\"inLanguage\":\"fr-FR\",\"@id\":\"https:\\\/\\\/www.uscars.biz\\\/uscars.wordpress\\\/#\\\/schema\\\/logo\\\/image\\\/\",\"url\":\"https:\\\/\\\/www.uscars.biz\\\/uscars.wordpress\\\/wp-content\\\/uploads\\\/2016\\\/09\\\/cropped-uscars_carre_512x512.png\",\"contentUrl\":\"https:\\\/\\\/www.uscars.biz\\\/uscars.wordpress\\\/wp-content\\\/uploads\\\/2016\\\/09\\\/cropped-uscars_carre_512x512.png\",\"width\":512,\"height\":512,\"caption\":\"US Cars\"},\"image\":{\"@id\":\"https:\\\/\\\/www.uscars.biz\\\/uscars.wordpress\\\/#\\\/schema\\\/logo\\\/image\\\/\"},\"sameAs\":[\"https:\\\/\\\/www.facebook.com\\\/uscars.france\",\"https:\\\/\\\/x.com\\\/uscarsfrance\",\"https:\\\/\\\/www.youtube.com\\\/user\\\/uscarsdotbiz\"]}]}<\/script>\n<!-- \/ Yoast SEO plugin. -->","yoast_head_json":{"title":"Ch\u00e2ssis - US Cars","robots":{"index":"index","follow":"follow","max-snippet":"max-snippet:-1","max-image-preview":"max-image-preview:large","max-video-preview":"max-video-preview:-1"},"canonical":"https:\/\/www.uscars.biz\/uscars.wordpress\/jeep\/sj-wagoneer-cherokee\/chassis\/","og_locale":"fr_FR","og_type":"article","og_title":"Ch\u00e2ssis - US Cars","og_description":"Ch\u00e2ssis S\u00e9par\u00e9 en acier Freins avant Assist\u00e9s &#8211; Tambours de 1963 \u00e0 1973 &#8211; Disques \u00e0 partir de 1974 Freins arri\u00e8re Assist\u00e9s &#8211; Tambours Direction A circuit de billes &#8211; Assistance en option de 1963 \u00e0 1973 et de s\u00e9rie \u00e0 partir de 1974 Suspension avant Essieu rigide avec barre Panhard et ressorts \u00e0 lames [&hellip;]","og_url":"https:\/\/www.uscars.biz\/uscars.wordpress\/jeep\/sj-wagoneer-cherokee\/chassis\/","og_site_name":"US Cars","article_publisher":"https:\/\/www.facebook.com\/uscars.france","article_modified_time":"2025-06-07T15:49:26+00:00","twitter_card":"summary_large_image","twitter_site":"@uscarsfrance","schema":{"@context":"https:\/\/schema.org","@graph":[{"@type":"WebPage","@id":"https:\/\/www.uscars.biz\/uscars.wordpress\/jeep\/sj-wagoneer-cherokee\/chassis\/","url":"https:\/\/www.uscars.biz\/uscars.wordpress\/jeep\/sj-wagoneer-cherokee\/chassis\/","name":"Ch\u00e2ssis - US Cars","isPartOf":{"@id":"https:\/\/www.uscars.biz\/uscars.wordpress\/#website"},"datePublished":"2012-12-02T01:08:55+00:00","dateModified":"2025-06-07T15:49:26+00:00","breadcrumb":{"@id":"https:\/\/www.uscars.biz\/uscars.wordpress\/jeep\/sj-wagoneer-cherokee\/chassis\/#breadcrumb"},"inLanguage":"fr-FR","potentialAction":[{"@type":"ReadAction","target":["https:\/\/www.uscars.biz\/uscars.wordpress\/jeep\/sj-wagoneer-cherokee\/chassis\/"]}]},{"@type":"BreadcrumbList","@id":"https:\/\/www.uscars.biz\/uscars.wordpress\/jeep\/sj-wagoneer-cherokee\/chassis\/#breadcrumb","itemListElement":[{"@type":"ListItem","position":1,"name":"Accueil","item":"https:\/\/www.uscars.biz\/uscars.wordpress\/"},{"@type":"ListItem","position":2,"name":"Jeep","item":"https:\/\/www.uscars.biz\/uscars.wordpress\/jeep\/"},{"@type":"ListItem","position":3,"name":"Jeep SJ Wagoneer et Cherokee de 1963 \u00e0 1991","item":"https:\/\/www.uscars.biz\/uscars.wordpress\/jeep\/sj-wagoneer-cherokee\/"},{"@type":"ListItem","position":4,"name":"Ch\u00e2ssis"}]},{"@type":"WebSite","@id":"https:\/\/www.uscars.biz\/uscars.wordpress\/#website","url":"https:\/\/www.uscars.biz\/uscars.wordpress\/","name":"US Cars","description":"La passion des voitures am\u00e9ricaines","publisher":{"@id":"https:\/\/www.uscars.biz\/uscars.wordpress\/#organization"},"potentialAction":[{"@type":"SearchAction","target":{"@type":"EntryPoint","urlTemplate":"https:\/\/www.uscars.biz\/uscars.wordpress\/?s={search_term_string}"},"query-input":{"@type":"PropertyValueSpecification","valueRequired":true,"valueName":"search_term_string"}}],"inLanguage":"fr-FR"},{"@type":"Organization","@id":"https:\/\/www.uscars.biz\/uscars.wordpress\/#organization","name":"US Cars","url":"https:\/\/www.uscars.biz\/uscars.wordpress\/","logo":{"@type":"ImageObject","inLanguage":"fr-FR","@id":"https:\/\/www.uscars.biz\/uscars.wordpress\/#\/schema\/logo\/image\/","url":"https:\/\/www.uscars.biz\/uscars.wordpress\/wp-content\/uploads\/2016\/09\/cropped-uscars_carre_512x512.png","contentUrl":"https:\/\/www.uscars.biz\/uscars.wordpress\/wp-content\/uploads\/2016\/09\/cropped-uscars_carre_512x512.png","width":512,"height":512,"caption":"US Cars"},"image":{"@id":"https:\/\/www.uscars.biz\/uscars.wordpress\/#\/schema\/logo\/image\/"},"sameAs":["https:\/\/www.facebook.com\/uscars.france","https:\/\/x.com\/uscarsfrance","https:\/\/www.youtube.com\/user\/uscarsdotbiz"]}]}},"jetpack_sharing_enabled":true,"jetpack_shortlink":"https:\/\/wp.me\/P2RQDg-px","_links":{"self":[{"href":"https:\/\/www.uscars.biz\/uscars.wordpress\/wp-json\/wp\/v2\/pages\/1583","targetHints":{"allow":["GET"]}}],"collection":[{"href":"https:\/\/www.uscars.biz\/uscars.wordpress\/wp-json\/wp\/v2\/pages"}],"about":[{"href":"https:\/\/www.uscars.biz\/uscars.wordpress\/wp-json\/wp\/v2\/types\/page"}],"author":[{"embeddable":true,"href":"https:\/\/www.uscars.biz\/uscars.wordpress\/wp-json\/wp\/v2\/users\/1"}],"replies":[{"embeddable":true,"href":"https:\/\/www.uscars.biz\/uscars.wordpress\/wp-json\/wp\/v2\/comments?post=1583"}],"version-history":[{"count":5,"href":"https:\/\/www.uscars.biz\/uscars.wordpress\/wp-json\/wp\/v2\/pages\/1583\/revisions"}],"predecessor-version":[{"id":1022065,"href":"https:\/\/www.uscars.biz\/uscars.wordpress\/wp-json\/wp\/v2\/pages\/1583\/revisions\/1022065"}],"up":[{"embeddable":true,"href":"https:\/\/www.uscars.biz\/uscars.wordpress\/wp-json\/wp\/v2\/pages\/173"}],"wp:attachment":[{"href":"https:\/\/www.uscars.biz\/uscars.wordpress\/wp-json\/wp\/v2\/media?parent=1583"}],"curies":[{"name":"wp","href":"https:\/\/api.w.org\/{rel}","templated":true}]}}