{"id":1588,"date":"2012-12-02T02:13:53","date_gmt":"2012-12-02T01:13:53","guid":{"rendered":"http:\/\/www.uscars.biz\/uscars.wordpress\/?page_id=1588"},"modified":"2025-06-07T17:49:37","modified_gmt":"2025-06-07T15:49:37","slug":"equipement","status":"publish","type":"page","link":"https:\/\/www.uscars.biz\/uscars.wordpress\/jeep\/sj-wagoneer-cherokee\/equipement\/","title":{"rendered":"\u00c9quipement"},"content":{"rendered":"<p>Pas de donn\u00e9es disponibles pour les Wagoneer commercialis\u00e9s apr\u00e8s 1978 ni pour les Cherokee. L&rsquo;int\u00e9rieur de la finition Custom est mieux fini que celui de la finition Standard en ce qui concerne les habillages, les selleries et les tapis. Les \u00e9quipements sp\u00e9cifiques des Super Wagoneer (1966-1969), des Wagoneer Special (1971) et des Wagoneer Limited (1978) sont pr\u00e9cis\u00e9s dans cette <a href=\"https:\/\/www.uscars.biz\/uscars.wordpress\/jeep\/sj-wagoneer-cherokee\/historique\/\">page<\/a>.<\/p>\n<table style=\"width: 100%;\" border=\"1\" cellspacing=\"2\" cellpadding=\"0\">\n<tbody>\n<tr>\n<td width=\"44%\">&nbsp;<\/td>\n<td width=\"28%\"><strong>Wagoneer 63 \u00e0 64<\/strong><\/td>\n<td width=\"28%\"><strong>Wagoneer 65 \u00e0 69<\/strong><\/td>\n<\/tr>\n<tr>\n<td width=\"44%\"><strong>Equipements de s\u00e9curit\u00e9<\/strong><\/td>\n<td width=\"28%\"><strong>Standard &#8211; Custom<\/strong><\/td>\n<td width=\"28%\"><strong>Standard &#8211; Custom<\/strong><\/td>\n<\/tr>\n<tr>\n<td width=\"44%\">Ceintures de s\u00e9curit\u00e9<\/td>\n<td width=\"28%\">Option<\/td>\n<td width=\"28%\">Oui<\/td>\n<\/tr>\n<tr>\n<td width=\"44%\">Direction assist\u00e9e<\/td>\n<td width=\"28%\">Option<\/td>\n<td width=\"28%\">Option<\/td>\n<\/tr>\n<tr>\n<td width=\"44%\">Diff\u00e9rentiel arri\u00e8re glissement limit\u00e9<\/td>\n<td width=\"28%\">Option<\/td>\n<td width=\"28%\">Option<\/td>\n<\/tr>\n<tr>\n<td width=\"44%\">Feux de d\u00e9tresse<\/td>\n<td width=\"28%\">Non<\/td>\n<td width=\"28%\">Oui<\/td>\n<\/tr>\n<tr>\n<td width=\"44%\">Feux de recul<\/td>\n<td width=\"28%\">Option<\/td>\n<td width=\"28%\">Oui<\/td>\n<\/tr>\n<tr>\n<td width=\"44%\">Freinage \u00e0 double circuit<\/td>\n<td width=\"28%\">Non<\/td>\n<td width=\"28%\">Oui<\/td>\n<\/tr>\n<tr>\n<td width=\"44%\">Freinage assist\u00e9<\/td>\n<td width=\"28%\">Option<\/td>\n<td width=\"28%\">Option<\/td>\n<\/tr>\n<tr>\n<td width=\"44%\">Freins \u00e0 disques \u00e0 l&rsquo;avant<\/td>\n<td width=\"28%\">Non<\/td>\n<td width=\"28%\">Non<\/td>\n<\/tr>\n<tr>\n<td width=\"44%\">Suspension avant ind\u00e9pendante<\/td>\n<td width=\"28%\">Option<\/td>\n<td width=\"28%\">Option de 65 \u00e0 68<\/td>\n<\/tr>\n<tr>\n<td width=\"44%\"><strong>Equipements tout-terrain<\/strong><\/td>\n<td width=\"28%\"><strong>Standard &#8211; Custom<\/strong><\/td>\n<td width=\"28%\"><strong>Standard &#8211; Custom<\/strong><\/td>\n<\/tr>\n<tr>\n<td width=\"44%\">Embrayage renforc\u00e9<\/td>\n<td width=\"28%\">Non<\/td>\n<td width=\"28%\">Option<\/td>\n<\/tr>\n<tr>\n<td width=\"44%\">Plaque de protection du r\u00e9servoir<\/td>\n<td width=\"28%\">Non<\/td>\n<td width=\"28%\">Non<\/td>\n<\/tr>\n<tr>\n<td width=\"44%\">Refroidissement renforc\u00e9<\/td>\n<td width=\"28%\">Non<\/td>\n<td width=\"28%\">Non<\/td>\n<\/tr>\n<tr>\n<td width=\"44%\">Suspension renforc\u00e9e<\/td>\n<td width=\"28%\">Non<\/td>\n<td width=\"28%\">Option<\/td>\n<\/tr>\n<tr>\n<td width=\"44%\">Transmission Quadra Trac<\/td>\n<td width=\"28%\">Non<\/td>\n<td width=\"28%\">Non<\/td>\n<\/tr>\n<tr>\n<td width=\"44%\">Treuil avant<\/td>\n<td width=\"28%\">Option<\/td>\n<td width=\"28%\">Option<\/td>\n<\/tr>\n<tr>\n<td width=\"44%\"><strong>Equipements de confort<\/strong><\/td>\n<td width=\"28%\"><strong>Standard &#8211; Custom<\/strong><\/td>\n<td width=\"28%\"><strong>Standard &#8211; Custom<\/strong><\/td>\n<\/tr>\n<tr>\n<td width=\"44%\">Autoradio AM<\/td>\n<td width=\"28%\">Option<\/td>\n<td width=\"28%\">Option<\/td>\n<\/tr>\n<tr>\n<td width=\"44%\">Autoradio AM\/FM Stereo<\/td>\n<td width=\"28%\">Non<\/td>\n<td width=\"28%\">Non<\/td>\n<\/tr>\n<tr>\n<td width=\"44%\">Chauffage et d\u00e9givrage<\/td>\n<td width=\"28%\">Option<\/td>\n<td width=\"28%\">Option<\/td>\n<\/tr>\n<tr>\n<td width=\"44%\">Climatisation<\/td>\n<td width=\"28%\">Option en 64<\/td>\n<td width=\"28%\">Option<\/td>\n<\/tr>\n<tr>\n<td width=\"44%\">D\u00e9coration lat\u00e9rale vinyle bois<\/td>\n<td width=\"28%\">Non<\/td>\n<td width=\"28%\">Non<\/td>\n<\/tr>\n<tr>\n<td width=\"44%\">Essuie-glaces \u00e9lectriques \u00e0 1 vitesse<\/td>\n<td width=\"28%\">Oui<\/td>\n<td width=\"28%\">Non<\/td>\n<\/tr>\n<tr>\n<td width=\"44%\">Essuie-glaces \u00e9lectriques \u00e0 2 vitesses<\/td>\n<td width=\"28%\">Non<\/td>\n<td width=\"28%\">Oui<\/td>\n<\/tr>\n<tr>\n<td width=\"44%\">Pneus \u00e0 liser\u00e9 blanc<\/td>\n<td width=\"28%\">Non<\/td>\n<td width=\"28%\">Non<\/td>\n<\/tr>\n<tr>\n<td width=\"44%\">Pneus radiaux \u00e0 liser\u00e9 blanc<\/td>\n<td width=\"28%\">Non<\/td>\n<td width=\"28%\">Non<\/td>\n<\/tr>\n<tr>\n<td width=\"44%\">Radio CB<\/td>\n<td width=\"28%\">Non<\/td>\n<td width=\"28%\">Non<\/td>\n<\/tr>\n<tr>\n<td width=\"44%\">R\u00e9gulateur de vitesse<\/td>\n<td width=\"28%\">Non<\/td>\n<td width=\"28%\">Non<\/td>\n<\/tr>\n<tr>\n<td width=\"44%\">R\u00e9troviseur ext\u00e9rieur droit<\/td>\n<td width=\"28%\">Non<\/td>\n<td width=\"28%\">Option<\/td>\n<\/tr>\n<tr>\n<td width=\"44%\">Roues en aluminium<\/td>\n<td width=\"28%\">Non<\/td>\n<td width=\"28%\">Non<\/td>\n<\/tr>\n<tr>\n<td width=\"44%\">Si\u00e8ges baquets<\/td>\n<td width=\"28%\">Non<\/td>\n<td width=\"28%\">Non<\/td>\n<\/tr>\n<tr>\n<td width=\"44%\">Toit ouvrant<\/td>\n<td width=\"28%\">Non<\/td>\n<td width=\"28%\">Non<\/td>\n<\/tr>\n<tr>\n<td width=\"44%\">Toit en vinyle<\/td>\n<td width=\"28%\">Non<\/td>\n<td width=\"28%\">Non<\/td>\n<\/tr>\n<tr>\n<td width=\"44%\">Verrouillage centralis\u00e9<\/td>\n<td width=\"28%\">Non<\/td>\n<td width=\"28%\">Non<\/td>\n<\/tr>\n<tr>\n<td width=\"44%\">Vitre du hayon avec d\u00e9givrage<\/td>\n<td width=\"28%\">Non<\/td>\n<td width=\"28%\">Non<\/td>\n<\/tr>\n<tr>\n<td width=\"44%\">Vitre du hayon \u00e9lectrique<\/td>\n<td width=\"28%\">Option<\/td>\n<td width=\"28%\">Option<\/td>\n<\/tr>\n<tr>\n<td width=\"44%\">Vitres teint\u00e9es<\/td>\n<td width=\"28%\">Non<\/td>\n<td width=\"28%\">Non<\/td>\n<\/tr>\n<tr>\n<td width=\"44%\">Volant r\u00e9glable en hauteur<\/td>\n<td width=\"28%\">Non<\/td>\n<td width=\"28%\">Non<\/td>\n<\/tr>\n<\/tbody>\n<\/table>\n<table style=\"width: 100%;\" border=\"1\" cellspacing=\"2\" cellpadding=\"0\">\n<tbody>\n<tr>\n<td width=\"44%\">&nbsp;<\/td>\n<td width=\"28%\"><strong>Wagoneer 70 \u00e0 73<\/strong><\/td>\n<td width=\"28%\"><strong>Wagoneer 74 \u00e0 78<\/strong><\/td>\n<\/tr>\n<tr>\n<td width=\"44%\"><strong>Equipements de s\u00e9curit\u00e9<\/strong><\/td>\n<td width=\"28%\"><strong>Standard &#8211; Custom<\/strong><\/td>\n<td width=\"28%\"><strong>Standard &#8211; Custom<\/strong><\/td>\n<\/tr>\n<tr>\n<td width=\"44%\">Ceintures de s\u00e9curit\u00e9<\/td>\n<td width=\"28%\">Oui<\/td>\n<td width=\"28%\">Oui<\/td>\n<\/tr>\n<tr>\n<td width=\"44%\">Direction assist\u00e9e<\/td>\n<td width=\"28%\">Option<\/td>\n<td width=\"28%\">Oui<\/td>\n<\/tr>\n<tr>\n<td width=\"44%\">Diff\u00e9rentiel arri\u00e8re glissement limit\u00e9<\/td>\n<td width=\"28%\">Option<\/td>\n<td width=\"28%\">Oui<\/td>\n<\/tr>\n<tr>\n<td width=\"44%\">Feux de d\u00e9tresse<\/td>\n<td width=\"28%\">Oui<\/td>\n<td width=\"28%\">Oui<\/td>\n<\/tr>\n<tr>\n<td width=\"44%\">Feux de recul<\/td>\n<td width=\"28%\">Oui<\/td>\n<td width=\"28%\">Oui<\/td>\n<\/tr>\n<tr>\n<td width=\"44%\">Freinage \u00e0 double circuit<\/td>\n<td width=\"28%\">Oui<\/td>\n<td width=\"28%\">Oui<\/td>\n<\/tr>\n<tr>\n<td width=\"44%\">Freinage assist\u00e9<\/td>\n<td width=\"28%\">Option<\/td>\n<td width=\"28%\">Oui<\/td>\n<\/tr>\n<tr>\n<td width=\"44%\">Freins \u00e0 disques \u00e0 l&rsquo;avant<\/td>\n<td width=\"28%\">Non<\/td>\n<td width=\"28%\">Oui<\/td>\n<\/tr>\n<tr>\n<td width=\"44%\">Suspension avant ind\u00e9pendante<\/td>\n<td width=\"28%\">Non<\/td>\n<td width=\"28%\">Non<\/td>\n<\/tr>\n<tr>\n<td width=\"44%\"><strong>Equipements tout-terrain<\/strong><\/td>\n<td width=\"28%\"><strong>Standard &#8211; Custom<\/strong><\/td>\n<td width=\"28%\"><strong>Standard &#8211; Custom<\/strong><\/td>\n<\/tr>\n<tr>\n<td width=\"44%\">Embrayage renforc\u00e9<\/td>\n<td width=\"28%\">Option<\/td>\n<td width=\"28%\">Non<\/td>\n<\/tr>\n<tr>\n<td width=\"44%\">Plaque de protection du r\u00e9servoir<\/td>\n<td width=\"28%\">Non<\/td>\n<td width=\"28%\">Option de 75 \u00e0 78<\/td>\n<\/tr>\n<tr>\n<td width=\"44%\">Refroidissement renforc\u00e9<\/td>\n<td width=\"28%\">Option<\/td>\n<td width=\"28%\">Option<\/td>\n<\/tr>\n<tr>\n<td width=\"44%\">Suspension renforc\u00e9e<\/td>\n<td width=\"28%\">Option<\/td>\n<td width=\"28%\">Option<\/td>\n<\/tr>\n<tr>\n<td width=\"44%\">Transmission Quadra Trac<\/td>\n<td width=\"28%\">Option en 73<\/td>\n<td width=\"28%\">Oui<\/td>\n<\/tr>\n<tr>\n<td width=\"44%\">Treuil avant<\/td>\n<td width=\"28%\">Option<\/td>\n<td width=\"28%\">Option<\/td>\n<\/tr>\n<tr>\n<td width=\"44%\"><strong>Equipements de confort<\/strong><\/td>\n<td width=\"28%\"><strong>Standard &#8211; Custom<\/strong><\/td>\n<td width=\"28%\"><strong>Standard &#8211; Custom<\/strong><\/td>\n<\/tr>\n<tr>\n<td width=\"44%\">Autoradio AM<\/td>\n<td width=\"28%\">Option<\/td>\n<td width=\"28%\">Option<\/td>\n<\/tr>\n<tr>\n<td width=\"44%\">Autoradio AM\/FM Stereo<\/td>\n<td width=\"28%\">Non<\/td>\n<td width=\"28%\">Option<\/td>\n<\/tr>\n<tr>\n<td width=\"44%\">Chauffage et d\u00e9givrage<\/td>\n<td width=\"28%\">Oui<\/td>\n<td width=\"28%\">Oui<\/td>\n<\/tr>\n<tr>\n<td width=\"44%\">Climatisation<\/td>\n<td width=\"28%\">Option<\/td>\n<td width=\"28%\">Option<\/td>\n<\/tr>\n<tr>\n<td width=\"44%\">D\u00e9coration lat\u00e9rale vinyle bois<\/td>\n<td width=\"28%\">Option<\/td>\n<td width=\"28%\">Option<\/td>\n<\/tr>\n<tr>\n<td width=\"44%\">Essuie-glaces \u00e9lectriques \u00e0 1 vitesse<\/td>\n<td width=\"28%\">Non<\/td>\n<td width=\"28%\">Non<\/td>\n<\/tr>\n<tr>\n<td width=\"44%\">Essuie-glaces \u00e9lectriques \u00e0 2 vitesses<\/td>\n<td width=\"28%\">Oui<\/td>\n<td width=\"28%\">Oui<\/td>\n<\/tr>\n<tr>\n<td width=\"44%\">Pneus \u00e0 liser\u00e9 blanc<\/td>\n<td width=\"28%\">Option<\/td>\n<td width=\"28%\">Option<\/td>\n<\/tr>\n<tr>\n<td width=\"44%\">Pneus radiaux \u00e0 liser\u00e9 blanc<\/td>\n<td width=\"28%\">Non<\/td>\n<td width=\"28%\">Option de 75 \u00e0 78<\/td>\n<\/tr>\n<tr>\n<td width=\"44%\">Radio CB<\/td>\n<td width=\"28%\">Non<\/td>\n<td width=\"28%\">Option de 75 \u00e0 78<\/td>\n<\/tr>\n<tr>\n<td width=\"44%\">R\u00e9gulateur de vitesse<\/td>\n<td width=\"28%\">Non<\/td>\n<td width=\"28%\">Option de 75 \u00e0 78<\/td>\n<\/tr>\n<tr>\n<td width=\"44%\">R\u00e9troviseur ext\u00e9rieur droit<\/td>\n<td width=\"28%\">Option<\/td>\n<td width=\"28%\">Option<\/td>\n<\/tr>\n<tr>\n<td width=\"44%\">Roues en aluminium<\/td>\n<td width=\"28%\">Non<\/td>\n<td width=\"28%\">Option<\/td>\n<\/tr>\n<tr>\n<td width=\"44%\">Si\u00e8ges baquets<\/td>\n<td width=\"28%\">Option de 72 \u00e0 73<\/td>\n<td width=\"28%\">Option<\/td>\n<\/tr>\n<tr>\n<td width=\"44%\">Toit ouvrant<\/td>\n<td width=\"28%\">Option de 70 \u00e0 71<\/td>\n<td width=\"28%\">Non<\/td>\n<\/tr>\n<tr>\n<td width=\"44%\">Toit en vinyle<\/td>\n<td width=\"28%\">Option de 70 \u00e0 71<\/td>\n<td width=\"28%\">Non<\/td>\n<\/tr>\n<tr>\n<td width=\"44%\">Verrouillage centralis\u00e9<\/td>\n<td width=\"28%\">Option<\/td>\n<td width=\"28%\">Option<\/td>\n<\/tr>\n<tr>\n<td width=\"44%\">Vitre du hayon avec d\u00e9givrage<\/td>\n<td width=\"28%\">Non<\/td>\n<td width=\"28%\">Option de 75 \u00e0 78<\/td>\n<\/tr>\n<tr>\n<td width=\"44%\">Vitre du hayon \u00e9lectrique<\/td>\n<td width=\"28%\">Option<\/td>\n<td width=\"28%\">Option<\/td>\n<\/tr>\n<tr>\n<td width=\"44%\">Vitres teint\u00e9es<\/td>\n<td width=\"28%\">Option de 72 \u00e0 73<\/td>\n<td width=\"28%\">Option<\/td>\n<\/tr>\n<tr>\n<td width=\"44%\">Volant r\u00e9glable en hauteur<\/td>\n<td width=\"28%\">Non<\/td>\n<td width=\"28%\">Option<\/td>\n<\/tr>\n<\/tbody>\n<\/table>\n<p>&nbsp;<\/p>\n<figure id=\"attachment_1595\" aria-describedby=\"caption-attachment-1595\" style=\"width: 640px\" class=\"wp-caption aligncenter\"><img loading=\"lazy\" decoding=\"async\" class=\"size-full wp-image-1595 \" style=\"border: 0px; margin-top: 0px; margin-bottom: 0px;\" title=\"tdb_1984\" src=\"https:\/\/www.uscars.biz\/uscars.wordpress\/wp-content\/uploads\/2012\/12\/tdb_1984.jpg\" alt=\"\" width=\"640\" height=\"480\" srcset=\"https:\/\/www.uscars.biz\/uscars.wordpress\/wp-content\/uploads\/2012\/12\/tdb_1984.jpg 640w, https:\/\/www.uscars.biz\/uscars.wordpress\/wp-content\/uploads\/2012\/12\/tdb_1984-300x225.jpg 300w\" sizes=\"auto, (max-width: 640px) 100vw, 640px\" \/><figcaption id=\"caption-attachment-1595\" class=\"wp-caption-text\">Planche de bord Grand Wagoneer 1984<\/figcaption><\/figure>\n<p>&nbsp;<\/p>\n<figure id=\"attachment_1596\" aria-describedby=\"caption-attachment-1596\" style=\"width: 640px\" class=\"wp-caption aligncenter\"><img loading=\"lazy\" decoding=\"async\" class=\"size-full wp-image-1596 \" style=\"border: 0px; margin-top: 0px; margin-bottom: 0px;\" title=\"tdb_1988\" src=\"https:\/\/www.uscars.biz\/uscars.wordpress\/wp-content\/uploads\/2012\/12\/tdb_1988.jpg\" alt=\"\" width=\"640\" height=\"480\" srcset=\"https:\/\/www.uscars.biz\/uscars.wordpress\/wp-content\/uploads\/2012\/12\/tdb_1988.jpg 640w, https:\/\/www.uscars.biz\/uscars.wordpress\/wp-content\/uploads\/2012\/12\/tdb_1988-300x225.jpg 300w\" sizes=\"auto, (max-width: 640px) 100vw, 640px\" \/><figcaption id=\"caption-attachment-1596\" class=\"wp-caption-text\">Planche de bord Grand Wagoneer 1988<\/figcaption><\/figure>\n<p style=\"text-align: center;\">&nbsp;<\/p>\n\n","protected":false},"excerpt":{"rendered":"<p>Pas de donn\u00e9es disponibles pour les Wagoneer commercialis\u00e9s apr\u00e8s 1978 ni pour les Cherokee. L&rsquo;int\u00e9rieur de la finition Custom est mieux fini que celui de la finition Standard en ce qui concerne les habillages, les selleries et les tapis. Les \u00e9quipements sp\u00e9cifiques des Super Wagoneer (1966-1969), des Wagoneer Special (1971) et des Wagoneer Limited (1978) [&hellip;]<\/p>\n","protected":false},"author":1,"featured_media":0,"parent":173,"menu_order":5,"comment_status":"closed","ping_status":"closed","template":"","meta":{"ngg_post_thumbnail":0,"footnotes":""},"class_list":["post-1588","page","type-page","status-publish","hentry"],"yoast_head":"<!-- This site is optimized with the Yoast SEO plugin v27.4 - https:\/\/yoast.com\/product\/yoast-seo-wordpress\/ -->\n<title>\u00c9quipement - US Cars<\/title>\n<meta name=\"robots\" content=\"index, follow, max-snippet:-1, max-image-preview:large, max-video-preview:-1\" \/>\n<link rel=\"canonical\" href=\"https:\/\/www.uscars.biz\/uscars.wordpress\/jeep\/sj-wagoneer-cherokee\/equipement\/\" \/>\n<meta property=\"og:locale\" content=\"fr_FR\" \/>\n<meta property=\"og:type\" content=\"article\" \/>\n<meta property=\"og:title\" content=\"\u00c9quipement - US Cars\" \/>\n<meta property=\"og:description\" content=\"Pas de donn\u00e9es disponibles pour les Wagoneer commercialis\u00e9s apr\u00e8s 1978 ni pour les Cherokee. L&rsquo;int\u00e9rieur de la finition Custom est mieux fini que celui de la finition Standard en ce qui concerne les habillages, les selleries et les tapis. Les \u00e9quipements sp\u00e9cifiques des Super Wagoneer (1966-1969), des Wagoneer Special (1971) et des Wagoneer Limited (1978) [&hellip;]\" \/>\n<meta property=\"og:url\" content=\"https:\/\/www.uscars.biz\/uscars.wordpress\/jeep\/sj-wagoneer-cherokee\/equipement\/\" \/>\n<meta property=\"og:site_name\" content=\"US Cars\" \/>\n<meta property=\"article:publisher\" content=\"https:\/\/www.facebook.com\/uscars.france\" \/>\n<meta property=\"article:modified_time\" content=\"2025-06-07T15:49:37+00:00\" \/>\n<meta property=\"og:image\" content=\"https:\/\/www.uscars.biz\/uscars.wordpress\/wp-content\/uploads\/2012\/12\/tdb_1984.jpg\" \/>\n\t<meta property=\"og:image:width\" content=\"640\" \/>\n\t<meta property=\"og:image:height\" content=\"480\" \/>\n\t<meta property=\"og:image:type\" content=\"image\/jpeg\" \/>\n<meta name=\"twitter:card\" content=\"summary_large_image\" \/>\n<meta name=\"twitter:site\" content=\"@uscarsfrance\" \/>\n<meta name=\"twitter:label1\" content=\"Dur\u00e9e de lecture estim\u00e9e\" \/>\n\t<meta name=\"twitter:data1\" content=\"4 minutes\" \/>\n<script type=\"application\/ld+json\" class=\"yoast-schema-graph\">{\"@context\":\"https:\\\/\\\/schema.org\",\"@graph\":[{\"@type\":\"WebPage\",\"@id\":\"https:\\\/\\\/www.uscars.biz\\\/uscars.wordpress\\\/jeep\\\/sj-wagoneer-cherokee\\\/equipement\\\/\",\"url\":\"https:\\\/\\\/www.uscars.biz\\\/uscars.wordpress\\\/jeep\\\/sj-wagoneer-cherokee\\\/equipement\\\/\",\"name\":\"\u00c9quipement - US Cars\",\"isPartOf\":{\"@id\":\"https:\\\/\\\/www.uscars.biz\\\/uscars.wordpress\\\/#website\"},\"primaryImageOfPage\":{\"@id\":\"https:\\\/\\\/www.uscars.biz\\\/uscars.wordpress\\\/jeep\\\/sj-wagoneer-cherokee\\\/equipement\\\/#primaryimage\"},\"image\":{\"@id\":\"https:\\\/\\\/www.uscars.biz\\\/uscars.wordpress\\\/jeep\\\/sj-wagoneer-cherokee\\\/equipement\\\/#primaryimage\"},\"thumbnailUrl\":\"https:\\\/\\\/www.uscars.biz\\\/uscars.wordpress\\\/wp-content\\\/uploads\\\/2012\\\/12\\\/tdb_1984.jpg\",\"datePublished\":\"2012-12-02T01:13:53+00:00\",\"dateModified\":\"2025-06-07T15:49:37+00:00\",\"breadcrumb\":{\"@id\":\"https:\\\/\\\/www.uscars.biz\\\/uscars.wordpress\\\/jeep\\\/sj-wagoneer-cherokee\\\/equipement\\\/#breadcrumb\"},\"inLanguage\":\"fr-FR\",\"potentialAction\":[{\"@type\":\"ReadAction\",\"target\":[\"https:\\\/\\\/www.uscars.biz\\\/uscars.wordpress\\\/jeep\\\/sj-wagoneer-cherokee\\\/equipement\\\/\"]}]},{\"@type\":\"ImageObject\",\"inLanguage\":\"fr-FR\",\"@id\":\"https:\\\/\\\/www.uscars.biz\\\/uscars.wordpress\\\/jeep\\\/sj-wagoneer-cherokee\\\/equipement\\\/#primaryimage\",\"url\":\"https:\\\/\\\/www.uscars.biz\\\/uscars.wordpress\\\/wp-content\\\/uploads\\\/2012\\\/12\\\/tdb_1984.jpg\",\"contentUrl\":\"https:\\\/\\\/www.uscars.biz\\\/uscars.wordpress\\\/wp-content\\\/uploads\\\/2012\\\/12\\\/tdb_1984.jpg\",\"width\":\"640\",\"height\":\"480\"},{\"@type\":\"BreadcrumbList\",\"@id\":\"https:\\\/\\\/www.uscars.biz\\\/uscars.wordpress\\\/jeep\\\/sj-wagoneer-cherokee\\\/equipement\\\/#breadcrumb\",\"itemListElement\":[{\"@type\":\"ListItem\",\"position\":1,\"name\":\"Accueil\",\"item\":\"https:\\\/\\\/www.uscars.biz\\\/uscars.wordpress\\\/\"},{\"@type\":\"ListItem\",\"position\":2,\"name\":\"Jeep\",\"item\":\"https:\\\/\\\/www.uscars.biz\\\/uscars.wordpress\\\/jeep\\\/\"},{\"@type\":\"ListItem\",\"position\":3,\"name\":\"Jeep SJ Wagoneer et Cherokee de 1963 \u00e0 1991\",\"item\":\"https:\\\/\\\/www.uscars.biz\\\/uscars.wordpress\\\/jeep\\\/sj-wagoneer-cherokee\\\/\"},{\"@type\":\"ListItem\",\"position\":4,\"name\":\"\u00c9quipement\"}]},{\"@type\":\"WebSite\",\"@id\":\"https:\\\/\\\/www.uscars.biz\\\/uscars.wordpress\\\/#website\",\"url\":\"https:\\\/\\\/www.uscars.biz\\\/uscars.wordpress\\\/\",\"name\":\"US Cars\",\"description\":\"La passion des voitures am\u00e9ricaines\",\"publisher\":{\"@id\":\"https:\\\/\\\/www.uscars.biz\\\/uscars.wordpress\\\/#organization\"},\"potentialAction\":[{\"@type\":\"SearchAction\",\"target\":{\"@type\":\"EntryPoint\",\"urlTemplate\":\"https:\\\/\\\/www.uscars.biz\\\/uscars.wordpress\\\/?s={search_term_string}\"},\"query-input\":{\"@type\":\"PropertyValueSpecification\",\"valueRequired\":true,\"valueName\":\"search_term_string\"}}],\"inLanguage\":\"fr-FR\"},{\"@type\":\"Organization\",\"@id\":\"https:\\\/\\\/www.uscars.biz\\\/uscars.wordpress\\\/#organization\",\"name\":\"US Cars\",\"url\":\"https:\\\/\\\/www.uscars.biz\\\/uscars.wordpress\\\/\",\"logo\":{\"@type\":\"ImageObject\",\"inLanguage\":\"fr-FR\",\"@id\":\"https:\\\/\\\/www.uscars.biz\\\/uscars.wordpress\\\/#\\\/schema\\\/logo\\\/image\\\/\",\"url\":\"https:\\\/\\\/www.uscars.biz\\\/uscars.wordpress\\\/wp-content\\\/uploads\\\/2016\\\/09\\\/cropped-uscars_carre_512x512.png\",\"contentUrl\":\"https:\\\/\\\/www.uscars.biz\\\/uscars.wordpress\\\/wp-content\\\/uploads\\\/2016\\\/09\\\/cropped-uscars_carre_512x512.png\",\"width\":512,\"height\":512,\"caption\":\"US Cars\"},\"image\":{\"@id\":\"https:\\\/\\\/www.uscars.biz\\\/uscars.wordpress\\\/#\\\/schema\\\/logo\\\/image\\\/\"},\"sameAs\":[\"https:\\\/\\\/www.facebook.com\\\/uscars.france\",\"https:\\\/\\\/x.com\\\/uscarsfrance\",\"https:\\\/\\\/www.youtube.com\\\/user\\\/uscarsdotbiz\"]}]}<\/script>\n<!-- \/ Yoast SEO plugin. -->","yoast_head_json":{"title":"\u00c9quipement - US Cars","robots":{"index":"index","follow":"follow","max-snippet":"max-snippet:-1","max-image-preview":"max-image-preview:large","max-video-preview":"max-video-preview:-1"},"canonical":"https:\/\/www.uscars.biz\/uscars.wordpress\/jeep\/sj-wagoneer-cherokee\/equipement\/","og_locale":"fr_FR","og_type":"article","og_title":"\u00c9quipement - US Cars","og_description":"Pas de donn\u00e9es disponibles pour les Wagoneer commercialis\u00e9s apr\u00e8s 1978 ni pour les Cherokee. L&rsquo;int\u00e9rieur de la finition Custom est mieux fini que celui de la finition Standard en ce qui concerne les habillages, les selleries et les tapis. Les \u00e9quipements sp\u00e9cifiques des Super Wagoneer (1966-1969), des Wagoneer Special (1971) et des Wagoneer Limited (1978) [&hellip;]","og_url":"https:\/\/www.uscars.biz\/uscars.wordpress\/jeep\/sj-wagoneer-cherokee\/equipement\/","og_site_name":"US Cars","article_publisher":"https:\/\/www.facebook.com\/uscars.france","article_modified_time":"2025-06-07T15:49:37+00:00","og_image":[{"width":640,"height":480,"url":"https:\/\/www.uscars.biz\/uscars.wordpress\/wp-content\/uploads\/2012\/12\/tdb_1984.jpg","type":"image\/jpeg"}],"twitter_card":"summary_large_image","twitter_site":"@uscarsfrance","twitter_misc":{"Dur\u00e9e de lecture estim\u00e9e":"4 minutes"},"schema":{"@context":"https:\/\/schema.org","@graph":[{"@type":"WebPage","@id":"https:\/\/www.uscars.biz\/uscars.wordpress\/jeep\/sj-wagoneer-cherokee\/equipement\/","url":"https:\/\/www.uscars.biz\/uscars.wordpress\/jeep\/sj-wagoneer-cherokee\/equipement\/","name":"\u00c9quipement - US Cars","isPartOf":{"@id":"https:\/\/www.uscars.biz\/uscars.wordpress\/#website"},"primaryImageOfPage":{"@id":"https:\/\/www.uscars.biz\/uscars.wordpress\/jeep\/sj-wagoneer-cherokee\/equipement\/#primaryimage"},"image":{"@id":"https:\/\/www.uscars.biz\/uscars.wordpress\/jeep\/sj-wagoneer-cherokee\/equipement\/#primaryimage"},"thumbnailUrl":"https:\/\/www.uscars.biz\/uscars.wordpress\/wp-content\/uploads\/2012\/12\/tdb_1984.jpg","datePublished":"2012-12-02T01:13:53+00:00","dateModified":"2025-06-07T15:49:37+00:00","breadcrumb":{"@id":"https:\/\/www.uscars.biz\/uscars.wordpress\/jeep\/sj-wagoneer-cherokee\/equipement\/#breadcrumb"},"inLanguage":"fr-FR","potentialAction":[{"@type":"ReadAction","target":["https:\/\/www.uscars.biz\/uscars.wordpress\/jeep\/sj-wagoneer-cherokee\/equipement\/"]}]},{"@type":"ImageObject","inLanguage":"fr-FR","@id":"https:\/\/www.uscars.biz\/uscars.wordpress\/jeep\/sj-wagoneer-cherokee\/equipement\/#primaryimage","url":"https:\/\/www.uscars.biz\/uscars.wordpress\/wp-content\/uploads\/2012\/12\/tdb_1984.jpg","contentUrl":"https:\/\/www.uscars.biz\/uscars.wordpress\/wp-content\/uploads\/2012\/12\/tdb_1984.jpg","width":"640","height":"480"},{"@type":"BreadcrumbList","@id":"https:\/\/www.uscars.biz\/uscars.wordpress\/jeep\/sj-wagoneer-cherokee\/equipement\/#breadcrumb","itemListElement":[{"@type":"ListItem","position":1,"name":"Accueil","item":"https:\/\/www.uscars.biz\/uscars.wordpress\/"},{"@type":"ListItem","position":2,"name":"Jeep","item":"https:\/\/www.uscars.biz\/uscars.wordpress\/jeep\/"},{"@type":"ListItem","position":3,"name":"Jeep SJ Wagoneer et Cherokee de 1963 \u00e0 1991","item":"https:\/\/www.uscars.biz\/uscars.wordpress\/jeep\/sj-wagoneer-cherokee\/"},{"@type":"ListItem","position":4,"name":"\u00c9quipement"}]},{"@type":"WebSite","@id":"https:\/\/www.uscars.biz\/uscars.wordpress\/#website","url":"https:\/\/www.uscars.biz\/uscars.wordpress\/","name":"US Cars","description":"La passion des voitures am\u00e9ricaines","publisher":{"@id":"https:\/\/www.uscars.biz\/uscars.wordpress\/#organization"},"potentialAction":[{"@type":"SearchAction","target":{"@type":"EntryPoint","urlTemplate":"https:\/\/www.uscars.biz\/uscars.wordpress\/?s={search_term_string}"},"query-input":{"@type":"PropertyValueSpecification","valueRequired":true,"valueName":"search_term_string"}}],"inLanguage":"fr-FR"},{"@type":"Organization","@id":"https:\/\/www.uscars.biz\/uscars.wordpress\/#organization","name":"US Cars","url":"https:\/\/www.uscars.biz\/uscars.wordpress\/","logo":{"@type":"ImageObject","inLanguage":"fr-FR","@id":"https:\/\/www.uscars.biz\/uscars.wordpress\/#\/schema\/logo\/image\/","url":"https:\/\/www.uscars.biz\/uscars.wordpress\/wp-content\/uploads\/2016\/09\/cropped-uscars_carre_512x512.png","contentUrl":"https:\/\/www.uscars.biz\/uscars.wordpress\/wp-content\/uploads\/2016\/09\/cropped-uscars_carre_512x512.png","width":512,"height":512,"caption":"US Cars"},"image":{"@id":"https:\/\/www.uscars.biz\/uscars.wordpress\/#\/schema\/logo\/image\/"},"sameAs":["https:\/\/www.facebook.com\/uscars.france","https:\/\/x.com\/uscarsfrance","https:\/\/www.youtube.com\/user\/uscarsdotbiz"]}]}},"jetpack_sharing_enabled":true,"jetpack_shortlink":"https:\/\/wp.me\/P2RQDg-pC","_links":{"self":[{"href":"https:\/\/www.uscars.biz\/uscars.wordpress\/wp-json\/wp\/v2\/pages\/1588","targetHints":{"allow":["GET"]}}],"collection":[{"href":"https:\/\/www.uscars.biz\/uscars.wordpress\/wp-json\/wp\/v2\/pages"}],"about":[{"href":"https:\/\/www.uscars.biz\/uscars.wordpress\/wp-json\/wp\/v2\/types\/page"}],"author":[{"embeddable":true,"href":"https:\/\/www.uscars.biz\/uscars.wordpress\/wp-json\/wp\/v2\/users\/1"}],"replies":[{"embeddable":true,"href":"https:\/\/www.uscars.biz\/uscars.wordpress\/wp-json\/wp\/v2\/comments?post=1588"}],"version-history":[{"count":16,"href":"https:\/\/www.uscars.biz\/uscars.wordpress\/wp-json\/wp\/v2\/pages\/1588\/revisions"}],"predecessor-version":[{"id":1022067,"href":"https:\/\/www.uscars.biz\/uscars.wordpress\/wp-json\/wp\/v2\/pages\/1588\/revisions\/1022067"}],"up":[{"embeddable":true,"href":"https:\/\/www.uscars.biz\/uscars.wordpress\/wp-json\/wp\/v2\/pages\/173"}],"wp:attachment":[{"href":"https:\/\/www.uscars.biz\/uscars.wordpress\/wp-json\/wp\/v2\/media?parent=1588"}],"curies":[{"name":"wp","href":"https:\/\/api.w.org\/{rel}","templated":true}]}}