{"id":1690,"date":"2012-12-02T13:06:40","date_gmt":"2012-12-02T12:06:40","guid":{"rendered":"http:\/\/www.uscars.biz\/uscars.wordpress\/?page_id=1690"},"modified":"2025-06-07T19:03:22","modified_gmt":"2025-06-07T17:03:22","slug":"articles","status":"publish","type":"page","link":"https:\/\/www.uscars.biz\/uscars.wordpress\/jeep\/cherokee\/articles\/","title":{"rendered":"Articles"},"content":{"rendered":"<p><strong>Renault Cherokee &#8211; France-US : excellent cocktail<\/strong> \u2014 L&rsquo;Auto-Journal Prestige 5H \u2014 1991<\/p>\n<p><img loading=\"lazy\" decoding=\"async\" class=\"size-full wp-image-1699 aligncenter\" style=\"border: 0px; margin-top: 0px; margin-bottom: 0px;\" title=\"cherokee_article01_photo1\" src=\"https:\/\/www.uscars.biz\/uscars.wordpress\/wp-content\/uploads\/2012\/12\/cherokee_article01_photo1.jpg\" alt=\"\" width=\"160\" height=\"208\"><\/p>\n<p>&nbsp;<\/p>\n<p>Les formes sont simples, bien proportionn\u00e9es mais d\u00e9pourvues de l\u2019aspect \u00ab bio \u00bb, c\u2019est \u00e0 dire des angles arrondis qui caract\u00e9risent les carrosseries nouvelles telles que le Toyota Previa ou le Pontiac Trans Sport, et que le nouvel espace est venu rejoindre tr\u00e8s opportun\u00e9ment. En revanche, ces formes que d\u2019aucuns jugeront d\u00e9pass\u00e9es engendrent, pour un encombrement hors-tout donn\u00e9, des cotes d\u2019habitabilit\u00e9 particuli\u00e8rement int\u00e9ressantes. Enfin, les performances ainsi que les grandes qualit\u00e9s de la transmission sont celles d\u2019un engin dont l\u2019int\u00e9r\u00eat n\u2019est absolument pas niable.<\/p>\n<p><em>La silhouette est maintenant bien connue sur les routes fran\u00e7aises mais, lorsque le gros six cylindres 4 litres r\u00e9pond pr\u00e9sent sous le capot, le r\u00e9sultat ne manque certainement pas d\u2019int\u00e9r\u00eat.<\/em><\/p>\n<p><img loading=\"lazy\" decoding=\"async\" class=\"size-full wp-image-1711 aligncenter\" style=\"border: 0px; margin-top: 0px; margin-bottom: 0px;\" title=\"cherokee_article01_photo2+3\" src=\"https:\/\/www.uscars.biz\/uscars.wordpress\/wp-content\/uploads\/2012\/12\/cherokee_article01_photo2+3.png\" alt=\"\" width=\"640\" height=\"304\" srcset=\"https:\/\/www.uscars.biz\/uscars.wordpress\/wp-content\/uploads\/2012\/12\/cherokee_article01_photo2+3.png 640w, https:\/\/www.uscars.biz\/uscars.wordpress\/wp-content\/uploads\/2012\/12\/cherokee_article01_photo2+3-300x142.png 300w\" sizes=\"auto, (max-width: 640px) 100vw, 640px\" \/><\/p>\n<p>&nbsp;<\/p>\n<p>Au moins en ce qui concerne son aspect, le Cherokee ne date pas d\u2019aujourd\u2019hui. Le nom est connu aux USA depuis des lustres et c\u2019est en 1984 que l\u2019\u00e9norme carrosserie ancien mod\u00e8le a \u00e9t\u00e9 remplac\u00e9e par une cr\u00e9ation nouvelle, aux dimensions plus r\u00e9duites, et qui, en fait, avait \u00e9t\u00e9 \u00e9tudi\u00e9e sous l\u2019impulsion des directives de la R\u00e9gie Renault, \u00e0 l\u2019\u00e9poque ma\u00eetresse \u00e0 Detroit d\u2019American Motors\u2026<\/p>\n<p>En bref, le succ\u00e8s fut quasi imm\u00e9diat des deux c\u00f4t\u00e9s de l\u2019Atlantique, le march\u00e9 fran\u00e7ais b\u00e9n\u00e9ficiant en priorit\u00e9 d\u2019une version turbo diesel qui, aujourd\u2019hui encore, conna\u00eet un succ\u00e8s certain. Mais, aux c\u00f4t\u00e9s de ce mod\u00e8le aux normes purement hexagonales, le Cherokee est \u00e9galement en mesure de recevoir une m\u00e9canique plus noble, ou tout au moins plus vigoureuse, \u00e9tudi\u00e9e avant toutes choses pour satisfaire aux normes am\u00e9ricaines, tout de m\u00eame nettement moins sourcilleuses que les n\u00f4tres en mati\u00e8re de consommation et de puissance administrative.<\/p>\n<p>Le Limited, puisque c\u2019est de lui qu\u2019il s\u2019agit, se distingue donc par l\u2019adoption d\u2019un robuste six-cylindres en ligne qui n\u2019h\u00e9site pas \u00e0 exhiber une cylindr\u00e9e de 3956 cm3, avec un al\u00e9sage de 98 mm et une course de 86, le rapport supercarr\u00e9 soulignant la conception moderne d\u2019un moteur qui, en apparence du moins, ne s\u2019\u00e9carte pas du classicisme le plus strict. Toutefois, le comportement est fort satisfaisant. La puissance d\u00e9velopp\u00e9e \u2013 193 ch \u2013 est celle d\u2019une puissante berline et le r\u00e9gime auquel elle est obtenue \u2013 4750 tr\/mn \u2013 permet d\u2019escompter, et d\u2019appr\u00e9cier, un moelleux extr\u00eamement agr\u00e9able. De plus, le couple maximal de 31 mkg est situ\u00e9 \u00e0 4000 tr\/mn, avec une plage tr\u00e8s plate garantissant une souplesse digne de la r\u00e9putation des am\u00e9ricaines d\u2019antan.<\/p>\n<p>En ce qui concerne la transmission, la Limited est la voiture de tous les agr\u00e9ments. Livrable avec une bo\u00eete automatique \u00e0 quatre rapports, elle convient de la sorte aussi bien au goudron qu\u2019au tous-terrains, domaine o\u00f9, contrairement \u00e0 ce que craignent certains profanes, la transmission automatique repr\u00e9sente la meilleure solution.<\/p>\n<p><img loading=\"lazy\" decoding=\"async\" class=\"size-full wp-image-1702 aligncenter\" style=\"border: 0px; margin-top: 0px; margin-bottom: 0px;\" title=\"cherokee_article01_photo4\" src=\"https:\/\/www.uscars.biz\/uscars.wordpress\/wp-content\/uploads\/2012\/12\/cherokee_article01_photo4.jpg\" alt=\"\" width=\"640\" height=\"288\" srcset=\"https:\/\/www.uscars.biz\/uscars.wordpress\/wp-content\/uploads\/2012\/12\/cherokee_article01_photo4.jpg 640w, https:\/\/www.uscars.biz\/uscars.wordpress\/wp-content\/uploads\/2012\/12\/cherokee_article01_photo4-300x135.jpg 300w\" sizes=\"auto, (max-width: 640px) 100vw, 640px\" \/><\/p>\n<p><img loading=\"lazy\" decoding=\"async\" class=\"size-full wp-image-1703 aligncenter\" style=\"border: 0px; margin-top: 0px; margin-bottom: 0px;\" title=\"cherokee_article01_photo5\" src=\"https:\/\/www.uscars.biz\/uscars.wordpress\/wp-content\/uploads\/2012\/12\/cherokee_article01_photo5.jpg\" alt=\"\" width=\"315\" height=\"192\" srcset=\"https:\/\/www.uscars.biz\/uscars.wordpress\/wp-content\/uploads\/2012\/12\/cherokee_article01_photo5.jpg 315w, https:\/\/www.uscars.biz\/uscars.wordpress\/wp-content\/uploads\/2012\/12\/cherokee_article01_photo5-300x182.jpg 300w\" sizes=\"auto, (max-width: 315px) 100vw, 315px\" \/><\/p>\n<p><img loading=\"lazy\" decoding=\"async\" class=\"size-full wp-image-1704 aligncenter\" style=\"border: 0px; margin-top: 0px; margin-bottom: 0px;\" title=\"cherokee_article01_photo6\" src=\"https:\/\/www.uscars.biz\/uscars.wordpress\/wp-content\/uploads\/2012\/12\/cherokee_article01_photo6.jpg\" alt=\"\" width=\"315\" height=\"192\" srcset=\"https:\/\/www.uscars.biz\/uscars.wordpress\/wp-content\/uploads\/2012\/12\/cherokee_article01_photo6.jpg 315w, https:\/\/www.uscars.biz\/uscars.wordpress\/wp-content\/uploads\/2012\/12\/cherokee_article01_photo6-300x182.jpg 300w\" sizes=\"auto, (max-width: 315px) 100vw, 315px\" \/><\/p>\n<p>&nbsp;<\/p>\n<p><em>Les mains toujours sur le volant<\/em><\/p>\n<p>En effet, la bo\u00eete auto permet de garder toujours les deux mains sur le volant, interdit au plus pi\u00e8tre conducteur de fatiguer le moteur \u00e0 trop faible r\u00e9gime et aussi de caler, tout cela en supprimant purement et simplement le probl\u00e8me parfois \u00e9pineux du d\u00e9marrage en c\u00f4te.<\/p>\n<p>De surcro\u00eet, diverses solutions s\u2019offrent \u00e0 l\u2019utilisateur. En deux roues motrices, ce sont les roues arri\u00e8re qui entra\u00eenent le v\u00e9hicule mais il suffit de pousser un levier pour se retrouver en 4&#215;4 int\u00e9grale, avec un diff\u00e9rentiel central lui-m\u00eame blocable manuellement, de mani\u00e8re \u00e0 faciliter la conduite sur sols peu adh\u00e9rents. Enfin, le diff\u00e9rentiel arri\u00e8re est lui aussi blocable \u00e0 la demande, permettant de la sorte d\u2019envisager tous les cas de figures possibles, la bo\u00eete affichant de toute mani\u00e8re une bonne maniabilit\u00e9.<\/p>\n<p>Avec ses deux essieux rigides, tout comme une vulgaire Range, la Limited poss\u00e8de n\u00e9anmoins une suspension ferme mais capable de s\u2019accommoder aussi bien d\u2019une autoroute que d\u2019un sol raboteux. Compte tenu des diverses possibilit\u00e9s offertes par la suspension, la tenue de route ne pose pas de probl\u00e8me \u00e0 grande vitesse \u2013 un 180 vrai \u2013 et le freinage est d\u2019une efficacit\u00e9 normale, avec une direction puissamment assist\u00e9e.<\/p>\n<figure id=\"attachment_1705\" aria-describedby=\"caption-attachment-1705\" style=\"width: 320px\" class=\"wp-caption aligncenter\"><img loading=\"lazy\" decoding=\"async\" class=\"size-full wp-image-1705 \" style=\"border: 0px; margin-top: 0px; margin-bottom: 0px;\" title=\"cherokee_article01_photo7\" src=\"https:\/\/www.uscars.biz\/uscars.wordpress\/wp-content\/uploads\/2012\/12\/cherokee_article01_photo7.jpg\" alt=\"\" width=\"320\" height=\"464\" srcset=\"https:\/\/www.uscars.biz\/uscars.wordpress\/wp-content\/uploads\/2012\/12\/cherokee_article01_photo7.jpg 320w, https:\/\/www.uscars.biz\/uscars.wordpress\/wp-content\/uploads\/2012\/12\/cherokee_article01_photo7-206x300.jpg 206w\" sizes=\"auto, (max-width: 320px) 100vw, 320px\" \/><figcaption id=\"caption-attachment-1705\" class=\"wp-caption-text\">Le levier de s\u00e9lection de la bo\u00eete de vitesses automatique est doubl\u00e9 ici, sur sa gauche, d\u2019un second levier contr\u00f4lant la transmission elle-m\u00eame. Sur le goudron, seules les roues arri\u00e8re peuvent \u00eatre motrices. Mais, que l\u2019adh\u00e9rence diminue et quatre roues motrices permanentes sont \u00e0 disposition, le diff\u00e9rentiel central pouvant lui-m\u00eame \u00eatre bloqu\u00e9.<\/figcaption><\/figure>\n<p>&nbsp;<\/p>\n<p>N\u00e9e avec une d\u00e9coration int\u00e9rieure et une planche de bord sp\u00e9cifiquement Middle West \u2013 strass, chromes et bak\u00e9lite \u2013, la Limited a su \u00e9voluer d\u2019autant plus ais\u00e9ment que les go\u00fbts du public am\u00e9ricain ont fait progressivement de m\u00eame, sous la double pression des voitures europ\u00e9ennes et japonaises.<\/p>\n<p>Aujourd\u2019hui, le r\u00e9sultat devrait satisfaire une large client\u00e8le, sans doute moins soucieuse d\u2019\u00e9l\u00e9gance et de prestige que celle de la Range, moins friande de m\u00e9canique que celle de Mercedes mais appr\u00e9ciant la puissance, le souffle\u2026 et \u00e9ventuellement les facilit\u00e9s d\u2019entretien offertes par le r\u00e9seau Renault.<\/p>\n<figure id=\"attachment_1706\" aria-describedby=\"caption-attachment-1706\" style=\"width: 304px\" class=\"wp-caption aligncenter\"><img loading=\"lazy\" decoding=\"async\" class=\"size-full wp-image-1706 \" style=\"border: 0px; margin-top: 0px; margin-bottom: 0px;\" title=\"cherokee_article01_photo8\" src=\"https:\/\/www.uscars.biz\/uscars.wordpress\/wp-content\/uploads\/2012\/12\/cherokee_article01_photo8.jpg\" alt=\"\" width=\"304\" height=\"128\" srcset=\"https:\/\/www.uscars.biz\/uscars.wordpress\/wp-content\/uploads\/2012\/12\/cherokee_article01_photo8.jpg 304w, https:\/\/www.uscars.biz\/uscars.wordpress\/wp-content\/uploads\/2012\/12\/cherokee_article01_photo8-300x126.jpg 300w\" sizes=\"auto, (max-width: 304px) 100vw, 304px\" \/><figcaption id=\"caption-attachment-1706\" class=\"wp-caption-text\">Du Middle West au seizi\u00e8me arrondissement parisien, le Cherokee a su \u00e9voluer<\/figcaption><\/figure>\n<p>&nbsp;<\/p>\n<p><img loading=\"lazy\" decoding=\"async\" class=\"size-full wp-image-1707 aligncenter\" style=\"border: 0px; margin-top: 0px; margin-bottom: 0px;\" title=\"cherokee_article01_photo9\" src=\"https:\/\/www.uscars.biz\/uscars.wordpress\/wp-content\/uploads\/2012\/12\/cherokee_article01_photo9.jpg\" alt=\"\" width=\"640\" height=\"416\" srcset=\"https:\/\/www.uscars.biz\/uscars.wordpress\/wp-content\/uploads\/2012\/12\/cherokee_article01_photo9.jpg 640w, https:\/\/www.uscars.biz\/uscars.wordpress\/wp-content\/uploads\/2012\/12\/cherokee_article01_photo9-300x195.jpg 300w\" sizes=\"auto, (max-width: 640px) 100vw, 640px\" \/><\/p>\n<p>&nbsp;<\/p>\n<hr>\n<table style=\"width: 100%;\" border=\"0\">\n<tbody>\n<tr>\n<td style=\"width: 40%; vertical-align: middle;\"><strong>Contenu<\/strong><\/td>\n<td style=\"width: 30%; vertical-align: middle;\"><strong>Source<\/strong><\/td>\n<td style=\"width: 30%; vertical-align: middle; text-align: center;\"><strong>Lien de t\u00e9l\u00e9chargement<\/strong><\/td>\n<\/tr>\n<tr>\n<td style=\"width: 40%; vertical-align: middle;\">Pr\u00e9sentation Cherokee XJ 97<\/td>\n<td style=\"width: 30%; vertical-align: middle;\">4&#215;4 Tout Terrain \u2014 04\/1997<\/td>\n<td style=\"width: 30%; vertical-align: middle; text-align: center;\">\n<p><a class=\"custom-button\" href=\"https:\/\/www.uscars.biz\/uscars\/jeep-documents\/article_cherokee_4x4TT_1997.pdf\">Voir cet article<\/a><\/p>\n<\/td>\n<\/tr>\n<tr>\n<td style=\"width: 40%; vertical-align: middle;\">Essai Cherokee V6 Limited<\/td>\n<td style=\"width: 30%; vertical-align: middle;\">Auto-Verte \u2014 04\/2001<\/td>\n<td style=\"width: 30%; vertical-align: middle; text-align: center;\">\n<p><a class=\"custom-button\" href=\"https:\/\/www.uscars.biz\/uscars\/jeep-documents\/article_cherokee_v6_2001.pdf\">Voir cet article<\/a><\/p>\n<\/td>\n<\/tr>\n<tr>\n<td style=\"width: 40%; vertical-align: middle;\">Pr\u00e9sentation Cherokee XJ 97<\/td>\n<td style=\"width: 30%; vertical-align: middle;\">4&#215;4 Tout-terrain \u2014 05\/2001<\/td>\n<td style=\"width: 30%; vertical-align: middle; text-align: center;\">\n<p><a class=\"custom-button\" href=\"https:\/\/www.uscars.biz\/uscars\/jeep-documents\/article_cherokee_4x4TT_2001.pdf\">Voir cet article<\/a><\/p>\n<\/td>\n<\/tr>\n<tr>\n<td style=\"width: 40%; vertical-align: middle;\">Essai Cherokee KJ 2,5 litres CRD<\/td>\n<td style=\"width: 30%; vertical-align: middle;\">4&#215;4 Magazine &#8211; 08\/2001<\/td>\n<td style=\"width: 30%; vertical-align: middle; text-align: center;\">\n<p><a class=\"custom-button\" href=\"https:\/\/www.uscars.biz\/uscars\/jeep-documents\/article_cherokee_4x4Magazine_2001.pdf\">Voir cet article<\/a><\/p>\n<\/td>\n<\/tr>\n<tr>\n<td style=\"width: 40%; vertical-align: middle;\">Pr\u00e9sentation Cherokee KJ<\/td>\n<td style=\"width: 30%; vertical-align: middle;\">Action Auto Moto \u2014 11\/2001<\/td>\n<td style=\"width: 30%; vertical-align: middle; text-align: center;\">\n<p><a class=\"custom-button\" href=\"https:\/\/www.uscars.biz\/uscars\/jeep-documents\/article_cherokee_AAM_2001.pdf\">Voir cet article<\/a><\/p>\n<\/td>\n<\/tr>\n<\/tbody>\n<\/table>\n\n","protected":false},"excerpt":{"rendered":"<p>Renault Cherokee &#8211; France-US : excellent cocktail \u2014 L&rsquo;Auto-Journal Prestige 5H \u2014 1991 &nbsp; Les formes sont simples, bien proportionn\u00e9es mais d\u00e9pourvues de l\u2019aspect \u00ab bio \u00bb, c\u2019est \u00e0 dire des angles arrondis qui caract\u00e9risent les carrosseries nouvelles telles que le Toyota Previa ou le Pontiac Trans Sport, et que le nouvel espace est venu [&hellip;]<\/p>\n","protected":false},"author":1,"featured_media":0,"parent":155,"menu_order":10,"comment_status":"closed","ping_status":"closed","template":"","meta":{"ngg_post_thumbnail":0,"footnotes":""},"class_list":["post-1690","page","type-page","status-publish","hentry"],"yoast_head":"<!-- This site is optimized with the Yoast SEO plugin v27.3 - https:\/\/yoast.com\/product\/yoast-seo-wordpress\/ -->\n<title>Articles - US Cars<\/title>\n<meta name=\"robots\" content=\"index, follow, max-snippet:-1, max-image-preview:large, max-video-preview:-1\" \/>\n<link rel=\"canonical\" href=\"https:\/\/www.uscars.biz\/uscars.wordpress\/jeep\/cherokee\/articles\/\" \/>\n<meta property=\"og:locale\" content=\"fr_FR\" \/>\n<meta property=\"og:type\" content=\"article\" \/>\n<meta property=\"og:title\" content=\"Articles - US Cars\" \/>\n<meta property=\"og:description\" content=\"Renault Cherokee &#8211; France-US : excellent cocktail \u2014 L&rsquo;Auto-Journal Prestige 5H \u2014 1991 &nbsp; Les formes sont simples, bien proportionn\u00e9es mais d\u00e9pourvues de l\u2019aspect \u00ab bio \u00bb, c\u2019est \u00e0 dire des angles arrondis qui caract\u00e9risent les carrosseries nouvelles telles que le Toyota Previa ou le Pontiac Trans Sport, et que le nouvel espace est venu [&hellip;]\" \/>\n<meta property=\"og:url\" content=\"https:\/\/www.uscars.biz\/uscars.wordpress\/jeep\/cherokee\/articles\/\" \/>\n<meta property=\"og:site_name\" content=\"US Cars\" \/>\n<meta property=\"article:publisher\" content=\"https:\/\/www.facebook.com\/uscars.france\" \/>\n<meta property=\"article:modified_time\" content=\"2025-06-07T17:03:22+00:00\" \/>\n<meta property=\"og:image\" content=\"https:\/\/www.uscars.biz\/uscars.wordpress\/wp-content\/uploads\/2012\/12\/cherokee_article01_photo1.jpg\" \/>\n\t<meta property=\"og:image:width\" content=\"160\" \/>\n\t<meta property=\"og:image:height\" content=\"208\" \/>\n\t<meta property=\"og:image:type\" content=\"image\/jpeg\" \/>\n<meta name=\"twitter:card\" content=\"summary_large_image\" \/>\n<meta name=\"twitter:site\" content=\"@uscarsfrance\" \/>\n<meta name=\"twitter:label1\" content=\"Dur\u00e9e de lecture estim\u00e9e\" \/>\n\t<meta name=\"twitter:data1\" content=\"7 minutes\" \/>\n<script type=\"application\/ld+json\" class=\"yoast-schema-graph\">{\"@context\":\"https:\\\/\\\/schema.org\",\"@graph\":[{\"@type\":\"WebPage\",\"@id\":\"https:\\\/\\\/www.uscars.biz\\\/uscars.wordpress\\\/jeep\\\/cherokee\\\/articles\\\/\",\"url\":\"https:\\\/\\\/www.uscars.biz\\\/uscars.wordpress\\\/jeep\\\/cherokee\\\/articles\\\/\",\"name\":\"Articles - US Cars\",\"isPartOf\":{\"@id\":\"https:\\\/\\\/www.uscars.biz\\\/uscars.wordpress\\\/#website\"},\"primaryImageOfPage\":{\"@id\":\"https:\\\/\\\/www.uscars.biz\\\/uscars.wordpress\\\/jeep\\\/cherokee\\\/articles\\\/#primaryimage\"},\"image\":{\"@id\":\"https:\\\/\\\/www.uscars.biz\\\/uscars.wordpress\\\/jeep\\\/cherokee\\\/articles\\\/#primaryimage\"},\"thumbnailUrl\":\"https:\\\/\\\/www.uscars.biz\\\/uscars.wordpress\\\/wp-content\\\/uploads\\\/2012\\\/12\\\/cherokee_article01_photo1.jpg\",\"datePublished\":\"2012-12-02T12:06:40+00:00\",\"dateModified\":\"2025-06-07T17:03:22+00:00\",\"breadcrumb\":{\"@id\":\"https:\\\/\\\/www.uscars.biz\\\/uscars.wordpress\\\/jeep\\\/cherokee\\\/articles\\\/#breadcrumb\"},\"inLanguage\":\"fr-FR\",\"potentialAction\":[{\"@type\":\"ReadAction\",\"target\":[\"https:\\\/\\\/www.uscars.biz\\\/uscars.wordpress\\\/jeep\\\/cherokee\\\/articles\\\/\"]}]},{\"@type\":\"ImageObject\",\"inLanguage\":\"fr-FR\",\"@id\":\"https:\\\/\\\/www.uscars.biz\\\/uscars.wordpress\\\/jeep\\\/cherokee\\\/articles\\\/#primaryimage\",\"url\":\"https:\\\/\\\/www.uscars.biz\\\/uscars.wordpress\\\/wp-content\\\/uploads\\\/2012\\\/12\\\/cherokee_article01_photo1.jpg\",\"contentUrl\":\"https:\\\/\\\/www.uscars.biz\\\/uscars.wordpress\\\/wp-content\\\/uploads\\\/2012\\\/12\\\/cherokee_article01_photo1.jpg\",\"width\":\"160\",\"height\":\"208\"},{\"@type\":\"BreadcrumbList\",\"@id\":\"https:\\\/\\\/www.uscars.biz\\\/uscars.wordpress\\\/jeep\\\/cherokee\\\/articles\\\/#breadcrumb\",\"itemListElement\":[{\"@type\":\"ListItem\",\"position\":1,\"name\":\"Accueil\",\"item\":\"https:\\\/\\\/www.uscars.biz\\\/uscars.wordpress\\\/\"},{\"@type\":\"ListItem\",\"position\":2,\"name\":\"Jeep\",\"item\":\"https:\\\/\\\/www.uscars.biz\\\/uscars.wordpress\\\/jeep\\\/\"},{\"@type\":\"ListItem\",\"position\":3,\"name\":\"Jeep Cherokee de 1984 \u00e0 2013\",\"item\":\"https:\\\/\\\/www.uscars.biz\\\/uscars.wordpress\\\/jeep\\\/cherokee\\\/\"},{\"@type\":\"ListItem\",\"position\":4,\"name\":\"Articles\"}]},{\"@type\":\"WebSite\",\"@id\":\"https:\\\/\\\/www.uscars.biz\\\/uscars.wordpress\\\/#website\",\"url\":\"https:\\\/\\\/www.uscars.biz\\\/uscars.wordpress\\\/\",\"name\":\"US Cars\",\"description\":\"La passion des voitures am\u00e9ricaines\",\"publisher\":{\"@id\":\"https:\\\/\\\/www.uscars.biz\\\/uscars.wordpress\\\/#organization\"},\"potentialAction\":[{\"@type\":\"SearchAction\",\"target\":{\"@type\":\"EntryPoint\",\"urlTemplate\":\"https:\\\/\\\/www.uscars.biz\\\/uscars.wordpress\\\/?s={search_term_string}\"},\"query-input\":{\"@type\":\"PropertyValueSpecification\",\"valueRequired\":true,\"valueName\":\"search_term_string\"}}],\"inLanguage\":\"fr-FR\"},{\"@type\":\"Organization\",\"@id\":\"https:\\\/\\\/www.uscars.biz\\\/uscars.wordpress\\\/#organization\",\"name\":\"US Cars\",\"url\":\"https:\\\/\\\/www.uscars.biz\\\/uscars.wordpress\\\/\",\"logo\":{\"@type\":\"ImageObject\",\"inLanguage\":\"fr-FR\",\"@id\":\"https:\\\/\\\/www.uscars.biz\\\/uscars.wordpress\\\/#\\\/schema\\\/logo\\\/image\\\/\",\"url\":\"https:\\\/\\\/www.uscars.biz\\\/uscars.wordpress\\\/wp-content\\\/uploads\\\/2016\\\/09\\\/cropped-uscars_carre_512x512.png\",\"contentUrl\":\"https:\\\/\\\/www.uscars.biz\\\/uscars.wordpress\\\/wp-content\\\/uploads\\\/2016\\\/09\\\/cropped-uscars_carre_512x512.png\",\"width\":512,\"height\":512,\"caption\":\"US Cars\"},\"image\":{\"@id\":\"https:\\\/\\\/www.uscars.biz\\\/uscars.wordpress\\\/#\\\/schema\\\/logo\\\/image\\\/\"},\"sameAs\":[\"https:\\\/\\\/www.facebook.com\\\/uscars.france\",\"https:\\\/\\\/x.com\\\/uscarsfrance\",\"https:\\\/\\\/www.youtube.com\\\/user\\\/uscarsdotbiz\"]}]}<\/script>\n<!-- \/ Yoast SEO plugin. -->","yoast_head_json":{"title":"Articles - US Cars","robots":{"index":"index","follow":"follow","max-snippet":"max-snippet:-1","max-image-preview":"max-image-preview:large","max-video-preview":"max-video-preview:-1"},"canonical":"https:\/\/www.uscars.biz\/uscars.wordpress\/jeep\/cherokee\/articles\/","og_locale":"fr_FR","og_type":"article","og_title":"Articles - US Cars","og_description":"Renault Cherokee &#8211; France-US : excellent cocktail \u2014 L&rsquo;Auto-Journal Prestige 5H \u2014 1991 &nbsp; Les formes sont simples, bien proportionn\u00e9es mais d\u00e9pourvues de l\u2019aspect \u00ab bio \u00bb, c\u2019est \u00e0 dire des angles arrondis qui caract\u00e9risent les carrosseries nouvelles telles que le Toyota Previa ou le Pontiac Trans Sport, et que le nouvel espace est venu [&hellip;]","og_url":"https:\/\/www.uscars.biz\/uscars.wordpress\/jeep\/cherokee\/articles\/","og_site_name":"US Cars","article_publisher":"https:\/\/www.facebook.com\/uscars.france","article_modified_time":"2025-06-07T17:03:22+00:00","og_image":[{"width":160,"height":208,"url":"https:\/\/www.uscars.biz\/uscars.wordpress\/wp-content\/uploads\/2012\/12\/cherokee_article01_photo1.jpg","type":"image\/jpeg"}],"twitter_card":"summary_large_image","twitter_site":"@uscarsfrance","twitter_misc":{"Dur\u00e9e de lecture estim\u00e9e":"7 minutes"},"schema":{"@context":"https:\/\/schema.org","@graph":[{"@type":"WebPage","@id":"https:\/\/www.uscars.biz\/uscars.wordpress\/jeep\/cherokee\/articles\/","url":"https:\/\/www.uscars.biz\/uscars.wordpress\/jeep\/cherokee\/articles\/","name":"Articles - US Cars","isPartOf":{"@id":"https:\/\/www.uscars.biz\/uscars.wordpress\/#website"},"primaryImageOfPage":{"@id":"https:\/\/www.uscars.biz\/uscars.wordpress\/jeep\/cherokee\/articles\/#primaryimage"},"image":{"@id":"https:\/\/www.uscars.biz\/uscars.wordpress\/jeep\/cherokee\/articles\/#primaryimage"},"thumbnailUrl":"https:\/\/www.uscars.biz\/uscars.wordpress\/wp-content\/uploads\/2012\/12\/cherokee_article01_photo1.jpg","datePublished":"2012-12-02T12:06:40+00:00","dateModified":"2025-06-07T17:03:22+00:00","breadcrumb":{"@id":"https:\/\/www.uscars.biz\/uscars.wordpress\/jeep\/cherokee\/articles\/#breadcrumb"},"inLanguage":"fr-FR","potentialAction":[{"@type":"ReadAction","target":["https:\/\/www.uscars.biz\/uscars.wordpress\/jeep\/cherokee\/articles\/"]}]},{"@type":"ImageObject","inLanguage":"fr-FR","@id":"https:\/\/www.uscars.biz\/uscars.wordpress\/jeep\/cherokee\/articles\/#primaryimage","url":"https:\/\/www.uscars.biz\/uscars.wordpress\/wp-content\/uploads\/2012\/12\/cherokee_article01_photo1.jpg","contentUrl":"https:\/\/www.uscars.biz\/uscars.wordpress\/wp-content\/uploads\/2012\/12\/cherokee_article01_photo1.jpg","width":"160","height":"208"},{"@type":"BreadcrumbList","@id":"https:\/\/www.uscars.biz\/uscars.wordpress\/jeep\/cherokee\/articles\/#breadcrumb","itemListElement":[{"@type":"ListItem","position":1,"name":"Accueil","item":"https:\/\/www.uscars.biz\/uscars.wordpress\/"},{"@type":"ListItem","position":2,"name":"Jeep","item":"https:\/\/www.uscars.biz\/uscars.wordpress\/jeep\/"},{"@type":"ListItem","position":3,"name":"Jeep Cherokee de 1984 \u00e0 2013","item":"https:\/\/www.uscars.biz\/uscars.wordpress\/jeep\/cherokee\/"},{"@type":"ListItem","position":4,"name":"Articles"}]},{"@type":"WebSite","@id":"https:\/\/www.uscars.biz\/uscars.wordpress\/#website","url":"https:\/\/www.uscars.biz\/uscars.wordpress\/","name":"US Cars","description":"La passion des voitures am\u00e9ricaines","publisher":{"@id":"https:\/\/www.uscars.biz\/uscars.wordpress\/#organization"},"potentialAction":[{"@type":"SearchAction","target":{"@type":"EntryPoint","urlTemplate":"https:\/\/www.uscars.biz\/uscars.wordpress\/?s={search_term_string}"},"query-input":{"@type":"PropertyValueSpecification","valueRequired":true,"valueName":"search_term_string"}}],"inLanguage":"fr-FR"},{"@type":"Organization","@id":"https:\/\/www.uscars.biz\/uscars.wordpress\/#organization","name":"US Cars","url":"https:\/\/www.uscars.biz\/uscars.wordpress\/","logo":{"@type":"ImageObject","inLanguage":"fr-FR","@id":"https:\/\/www.uscars.biz\/uscars.wordpress\/#\/schema\/logo\/image\/","url":"https:\/\/www.uscars.biz\/uscars.wordpress\/wp-content\/uploads\/2016\/09\/cropped-uscars_carre_512x512.png","contentUrl":"https:\/\/www.uscars.biz\/uscars.wordpress\/wp-content\/uploads\/2016\/09\/cropped-uscars_carre_512x512.png","width":512,"height":512,"caption":"US Cars"},"image":{"@id":"https:\/\/www.uscars.biz\/uscars.wordpress\/#\/schema\/logo\/image\/"},"sameAs":["https:\/\/www.facebook.com\/uscars.france","https:\/\/x.com\/uscarsfrance","https:\/\/www.youtube.com\/user\/uscarsdotbiz"]}]}},"jetpack_sharing_enabled":true,"jetpack_shortlink":"https:\/\/wp.me\/P2RQDg-rg","_links":{"self":[{"href":"https:\/\/www.uscars.biz\/uscars.wordpress\/wp-json\/wp\/v2\/pages\/1690","targetHints":{"allow":["GET"]}}],"collection":[{"href":"https:\/\/www.uscars.biz\/uscars.wordpress\/wp-json\/wp\/v2\/pages"}],"about":[{"href":"https:\/\/www.uscars.biz\/uscars.wordpress\/wp-json\/wp\/v2\/types\/page"}],"author":[{"embeddable":true,"href":"https:\/\/www.uscars.biz\/uscars.wordpress\/wp-json\/wp\/v2\/users\/1"}],"replies":[{"embeddable":true,"href":"https:\/\/www.uscars.biz\/uscars.wordpress\/wp-json\/wp\/v2\/comments?post=1690"}],"version-history":[{"count":41,"href":"https:\/\/www.uscars.biz\/uscars.wordpress\/wp-json\/wp\/v2\/pages\/1690\/revisions"}],"predecessor-version":[{"id":1022127,"href":"https:\/\/www.uscars.biz\/uscars.wordpress\/wp-json\/wp\/v2\/pages\/1690\/revisions\/1022127"}],"up":[{"embeddable":true,"href":"https:\/\/www.uscars.biz\/uscars.wordpress\/wp-json\/wp\/v2\/pages\/155"}],"wp:attachment":[{"href":"https:\/\/www.uscars.biz\/uscars.wordpress\/wp-json\/wp\/v2\/media?parent=1690"}],"curies":[{"name":"wp","href":"https:\/\/api.w.org\/{rel}","templated":true}]}}