{"id":1857,"date":"2012-12-14T23:26:39","date_gmt":"2012-12-14T22:26:39","guid":{"rendered":"http:\/\/www.uscars.biz\/uscars.wordpress\/?page_id=1857"},"modified":"2025-06-07T20:51:02","modified_gmt":"2025-06-07T18:51:02","slug":"historique-gc-zj-zg","status":"publish","type":"page","link":"https:\/\/www.uscars.biz\/uscars.wordpress\/jeep\/grand-cherokee\/historique-gc-zj-zg\/","title":{"rendered":"Historique des mod\u00e8les ZJ &#038; ZG"},"content":{"rendered":"<p><img loading=\"lazy\" decoding=\"async\" class=\"size-full wp-image-1973 aligncenter\" style=\"border: 0px; margin-top: 0px; margin-bottom: 0px;\" src=\"https:\/\/www.uscars.biz\/uscars.wordpress\/wp-content\/uploads\/2012\/12\/gchee_concept1.jpg\" alt=\"gchee_concept1\" width=\"320\" height=\"192\" srcset=\"https:\/\/www.uscars.biz\/uscars.wordpress\/wp-content\/uploads\/2012\/12\/gchee_concept1.jpg 320w, https:\/\/www.uscars.biz\/uscars.wordpress\/wp-content\/uploads\/2012\/12\/gchee_concept1-300x180.jpg 300w\" sizes=\"auto, (max-width: 320px) 100vw, 320px\" \/><\/p>\n<p>&nbsp;<\/p>\n<p>Le Jeep Concept 1, pens\u00e9 \u00e0 l&rsquo;origine par AMC comme le rempla\u00e7ant du Cherokee, \u00e9volue pour devenir son partenaire dans le haut de gamme.Les premiers exemplaires du Grand Cherokee <strong>mod\u00e8le ZJ<\/strong>, pr\u00e9sent\u00e9 au Salon de Detroit en janvier 1992, sortent de l&rsquo;usine de Jefferson dans l&rsquo;Etat du Michigan. Il vient prendre la succession du Grand Wagoneer. D\u00e9riv\u00e9 du Cherokee, le Grand Cherokee s&rsquo;en d\u00e9marque par une carrosserie plus moderne et plus longue de 30 centim\u00e8tres autorisant plus de place \u00e0 l&rsquo;arri\u00e8re.<\/p>\n<p>Les trois niveaux de finition base, Laredo et Limited comprennent un airbag conducteur et un dispositif antiblocage fonctionnant sur les quatre roues motrices. La version de base offre une bo\u00eete de vitesses manuelle \u00e0 cinq rapports, une sellerie en tissu et une instrumentation compl\u00e8te. La version Laredo ajoute des protections lat\u00e9rales, des si\u00e8ges mieux finis, des r\u00e9troviseurs \u00e9lectriques et le r\u00e9gulateur de vitesse. Le haut de gamme Limited b\u00e9n\u00e9ficie d&rsquo;une bo\u00eete de vitesses automatique \u00e0 quatre rapports, d&rsquo;une sellerie cuir, de la climatisation, des si\u00e8ges avant \u00e9lectriques et d&rsquo;une installation audio renforc\u00e9e. Dans le courant de l&rsquo;ann\u00e9e 1993 est commercialis\u00e9 le Grand Wagonner qui reprend les \u00e9quipements de la version Limited en y ajoutant une d\u00e9coration lat\u00e9rale en vinyle imitation bois.<\/p>\n<p><img loading=\"lazy\" decoding=\"async\" class=\"size-full wp-image-1944 aligncenter\" style=\"border: 0px; margin-top: 0px; margin-bottom: 0px;\" src=\"https:\/\/www.uscars.biz\/uscars.wordpress\/wp-content\/uploads\/2012\/12\/gchee_1992_1.jpg\" alt=\"gchee_1992_1\" width=\"640\" height=\"288\" srcset=\"https:\/\/www.uscars.biz\/uscars.wordpress\/wp-content\/uploads\/2012\/12\/gchee_1992_1.jpg 640w, https:\/\/www.uscars.biz\/uscars.wordpress\/wp-content\/uploads\/2012\/12\/gchee_1992_1-300x135.jpg 300w\" sizes=\"auto, (max-width: 640px) 100vw, 640px\" \/><\/p>\n<p><img loading=\"lazy\" decoding=\"async\" class=\"size-full wp-image-1945 aligncenter\" style=\"border: 0px; margin-top: 0px; margin-bottom: 0px;\" src=\"https:\/\/www.uscars.biz\/uscars.wordpress\/wp-content\/uploads\/2012\/12\/gchee_1992_2.jpg\" alt=\"gchee_1992_2\" width=\"224\" height=\"144\"><\/p>\n<p>&nbsp;<\/p>\n<p>Le Grand Cherokee reprend le moteur six cylindres en ligne essence de 4 litres et 184 chevaux qui anime le Cherokee.Il est aussi propos\u00e9 avec un tout nouveau moteur V8 essence de 5,2 litres et 215 chevaux qui porte la capacit\u00e9 de remorquage \u00e0 3 tonnes et rend le Grand Cherokee id\u00e9al pour tracter une caravane Airstream.<\/p>\n<p><img loading=\"lazy\" decoding=\"async\" class=\"size-full wp-image-1946 aligncenter\" style=\"border: 0px; margin-top: 0px; margin-bottom: 0px;\" src=\"https:\/\/www.uscars.biz\/uscars.wordpress\/wp-content\/uploads\/2012\/12\/gchee_1992_3.jpg\" alt=\"gchee_1992_3\" width=\"128\" height=\"144\"><\/p>\n<p>&nbsp;<\/p>\n<figure id=\"attachment_1947\" aria-describedby=\"caption-attachment-1947\" style=\"width: 352px\" class=\"wp-caption aligncenter\"><img loading=\"lazy\" decoding=\"async\" class=\"size-full wp-image-1947 \" style=\"border: 0px; margin-top: 0px; margin-bottom: 0px;\" src=\"https:\/\/www.uscars.biz\/uscars.wordpress\/wp-content\/uploads\/2012\/12\/gchee_1993_1.jpg\" alt=\"gchee_1993_1\" width=\"352\" height=\"176\" srcset=\"https:\/\/www.uscars.biz\/uscars.wordpress\/wp-content\/uploads\/2012\/12\/gchee_1993_1.jpg 352w, https:\/\/www.uscars.biz\/uscars.wordpress\/wp-content\/uploads\/2012\/12\/gchee_1993_1-300x150.jpg 300w\" sizes=\"auto, (max-width: 352px) 100vw, 352px\" \/><figcaption id=\"caption-attachment-1947\" class=\"wp-caption-text\">Grand Cherokee 1993 (France)<\/figcaption><\/figure>\n<p>&nbsp;<\/p>\n<figure id=\"attachment_2006\" aria-describedby=\"caption-attachment-2006\" style=\"width: 272px\" class=\"wp-caption aligncenter\"><img loading=\"lazy\" decoding=\"async\" class=\"size-full wp-image-2006 \" style=\"border: 0px; margin-top: 0px; margin-bottom: 0px;\" src=\"https:\/\/www.uscars.biz\/uscars.wordpress\/wp-content\/uploads\/2012\/12\/gchee_1993_2.jpg\" alt=\"gchee_1993_2\" width=\"272\" height=\"176\"><figcaption id=\"caption-attachment-2006\" class=\"wp-caption-text\">Grand Cherokee 1993 (France)<\/figcaption><\/figure>\n<p>&nbsp;<\/p>\n<p>Quatre transmissions sont disponibles. La premi\u00e8re, baptis\u00e9e \u00ab\u00a0Command Trac\u00a0\u00bb est une transmission 4&#215;4 enclenchable mont\u00e9e sur les versions de base et Laredo. La deuxi\u00e8me, baptis\u00e9e \u00ab\u00a0Selec Trac\u00a0\u00bb est une transmission 4&#215;4 permanente, avec possibilit\u00e9 de rouler en propulsion uniquement, mont\u00e9e en option sur la version Laredo. La troisi\u00e8me, baptis\u00e9e \u00ab\u00a0Quadra Trac\u00a0\u00bb, est une stricte transmission 4&#215;4 permanente mont\u00e9e en option sur la version Laredo et en s\u00e9rie sur les versions Limited et Grand Wagoneer, accoupl\u00e9e \u00e0 une bo\u00eete de vitesses automatique \u00e0 trois rapports plus overdrive. Un peu plus tard est commercialis\u00e9e une version Laredo deux roues motrices avec le moteur six cylindres.La suspension \u00ab\u00a0Quadra Coil\u00a0\u00bb, compos\u00e9e de deux essieux rigides suspendus chacun par quatre bras et deux ressorts h\u00e9lico\u00efdaux, donne au Cherokee de tr\u00e8s bonnes aptitudes au tout-terrain et aux longs parcours routiers.Succ\u00e9dant \u00e0 Renault, Sonauto reprend l&rsquo;importation en France des Jeep \u00e0 partir de janvier 1993. Quatre versions du Grand Cherokee sont commercialis\u00e9es. Les Grand Cherokee Laredo, Laredo Luxe et Limited sont dot\u00e9s du moteur six cylindres tandis que le Grand Cherokee Limited V8 h\u00e9rite du bloc de 5,2 litres.Pour l&rsquo;ann\u00e9e 1994, la version Limited adopte les freins \u00e0 disques \u00e0 l&rsquo;arri\u00e8re. Des barres de renfort sont int\u00e9gr\u00e9es dans les porti\u00e8res, l&rsquo;installation audio est am\u00e9lior\u00e9e, les si\u00e8ges arri\u00e8re re\u00e7oivent des appui-t\u00eate et un toit ouvrant \u00e9lectrique est disponible en option. La finition de base est rebadg\u00e9e SE et le Grand Wagonner est abandonn\u00e9.<\/p>\n<p>En France, place est faite au Luxe. Seules les deux versions Limited 6 cylindres ou V8 sont disponibles. A partir d&rsquo;octobre 1994, les mod\u00e8les europ\u00e9ens sont d\u00e9sormais assembl\u00e9s chez Steyr-Daimler-Puch \u00e0 Graz en Autriche.<\/p>\n<p>Pour l&rsquo;ann\u00e9e 1995, les freins \u00e0 disques \u00e0 l&rsquo;arri\u00e8re sont mont\u00e9s sur toute la gamme. Le couple du moteur V8 est sensiblement am\u00e9lior\u00e9. Les vitres lat\u00e9rales et arri\u00e8re sont teint\u00e9es plus sombre. Deux options font leur apparition : le si\u00e8ge enfant int\u00e9gr\u00e9 et la vitre arri\u00e8re amovible. La finition Limited est disponible en deux roues motrices avec le moteur six cylindres. En r\u00e9ponse \u00e0 Ford avec son Explorer Eddie Bauer, Jeep pr\u00e9sente le Grand Cherokee Orvis qui rev\u00eat une peinture verte soulign\u00e9e de rouge et d&rsquo;or et qui re\u00e7oit un int\u00e9rieur vert et champagne soulign\u00e9 de rouge.<\/p>\n<p>Le Grand Cherokee b\u00e9n\u00e9ficie de nombreuses am\u00e9liorations pour 1996 et devient le&nbsp;<strong>mod\u00e8le ZG<\/strong>.<\/p>\n<p>La motorisations six cylindres est retravaill\u00e9e dans le sens d&rsquo;une meilleure insonorisation et d&rsquo;un couple plus important. Par rapport au pr\u00e9c\u00e9dent V8, l&rsquo;arbres \u00e0 cames est modifi\u00e9, le moteur gagne deux chevaux et le couple diminue d&rsquo;un mkg. Les deux premiers rapports de la bo\u00eete automatique sont raccourcis et l&rsquo;\u00e9norme couple \u00e9vite d&rsquo;avoir \u00e0 r\u00e9trograder en montagne. Les points de maintenance sous le capot sont surlign\u00e9s de jaune.<\/p>\n<p>La transmission On Demand Quadra Trac transmet d&rsquo;abord toute la puissance aux roues arri\u00e8re. La puissance ne se r\u00e9partit entre les deux essieux \u00e0 l&rsquo;aide d&rsquo;un diff\u00e9rentiel central \u00e9picyclo\u00efdal \u00e0 visco-coupleur que lorsque les circonstances l&rsquo;exigent. Ce syst\u00e8me se coupe d\u00e8s que la bo\u00eete courte est enclench\u00e9e pour revenir \u00e0 un blocage m\u00e9canique du diff\u00e9rentiel.<\/p>\n<p>La calandre perd une ouverture pour un total de sept. Les roues, les boucliers et les protections lat\u00e9rales sont redessin\u00e9s. Les plaques d\u00e9signant le mod\u00e8le sont d\u00e9plac\u00e9es des ailes vers les porti\u00e8res avant. Les feux de brouillard sont int\u00e9gr\u00e9s au pare-choc. L&rsquo;int\u00e9rieur re\u00e7oit de nouveaux si\u00e8ges, une nouvelle planche de bord dot\u00e9e de deux airbags et des ceintures ajustables. La finition Limited re\u00e7oit une direction \u00e0 assistance variable, une t\u00e9l\u00e9commande de l&rsquo;installation audio au volant, des r\u00e9troviseurs int\u00e9rieur et ext\u00e9rieur basculant automatiquement en position nuit, un syst\u00e8me de m\u00e9morisation pour deux personnes de la position du si\u00e8ge conducteur, des r\u00e9troviseurs et des stations radio et en option des si\u00e8ges chauffants \u00e0 l&rsquo;avant. La transmission Command Trac et la finition SE sont abandonn\u00e9es sur les mod\u00e8les am\u00e9ricains.<\/p>\n<p>Afin de relancer la carri\u00e8re commerciale du Grand Cherokee, le d\u00e9but de l&rsquo;ann\u00e9e 1996 est marqu\u00e9 par le retour de la version Laredo dot\u00e9e d&rsquo;un moteur quatre cylindres Turbo Diesel VM de 2,5 litres d\u00e9veloppant 115 chevaux accoupl\u00e9e \u00e0 une transmission 4&#215;4 enclenchable Command Trac.<\/p>\n<figure id=\"attachment_1949\" aria-describedby=\"caption-attachment-1949\" style=\"width: 315px\" class=\"wp-caption aligncenter\"><img loading=\"lazy\" decoding=\"async\" class=\"  wp-image-1949 size-full\" style=\"border: 0px; margin-top: 0px; margin-bottom: 0px;\" src=\"https:\/\/www.uscars.biz\/uscars.wordpress\/wp-content\/uploads\/2012\/12\/gchee_1997_1.jpg\" alt=\"gchee_1997_1\" width=\"315\" height=\"176\" srcset=\"https:\/\/www.uscars.biz\/uscars.wordpress\/wp-content\/uploads\/2012\/12\/gchee_1997_1.jpg 315w, https:\/\/www.uscars.biz\/uscars.wordpress\/wp-content\/uploads\/2012\/12\/gchee_1997_1-300x167.jpg 300w\" sizes=\"auto, (max-width: 315px) 100vw, 315px\" \/><figcaption id=\"caption-attachment-1949\" class=\"wp-caption-text\">Grand Cherokee Limited 5,2 litres 1997 (France)<\/figcaption><\/figure>\n<div class=\"mceTemp\">&nbsp;<\/div>\n<p>&nbsp;<\/p>\n<figure id=\"attachment_1950\" aria-describedby=\"caption-attachment-1950\" style=\"width: 315px\" class=\"wp-caption aligncenter\"><img loading=\"lazy\" decoding=\"async\" class=\"size-full wp-image-1950 \" style=\"border: 0px; margin-top: 0px; margin-bottom: 0px;\" src=\"https:\/\/www.uscars.biz\/uscars.wordpress\/wp-content\/uploads\/2012\/12\/gchee_1998_1.jpg\" alt=\"gchee_1998_1\" width=\"315\" height=\"176\" srcset=\"https:\/\/www.uscars.biz\/uscars.wordpress\/wp-content\/uploads\/2012\/12\/gchee_1998_1.jpg 315w, https:\/\/www.uscars.biz\/uscars.wordpress\/wp-content\/uploads\/2012\/12\/gchee_1998_1-300x167.jpg 300w\" sizes=\"auto, (max-width: 315px) 100vw, 315px\" \/><figcaption id=\"caption-attachment-1950\" class=\"wp-caption-text\">Grand Cherokee V8 LX 1997<\/figcaption><\/figure>\n<p>&nbsp;<\/p>\n<p>Pour 1997, le moteur V8 est disponible sur les Grand Cherokee deux roues motrices. Le dispositif antiblocage est revu pour offrir une plus grande souplesse de fonctionnement. La qualit\u00e9 de la moquette est am\u00e9lior\u00e9e. De nouveaux coloris tels Deep Amethyst Pearl et Bright Platinum sont introduits. Est d\u00e9voil\u00e9e une version TSi avec des roues de 16 pouces chauss\u00e9es en 225\/70 R 16, un int\u00e9rieur cuir et une installation audio haut de gamme.En France, la version 6 cylindres dispara\u00eet et les mod\u00e8les commercialis\u00e9s sont les Grand Cherokee Turbo Diesel en finitions Laredo ou Limited ainsi que le Grand Cherokee Limited V8. Fin 1997, la transmission On Demand Quadra Trac \u00e9quipe tous les mod\u00e8les.Pour l&rsquo;ann\u00e9e 1998 est d\u00e9voil\u00e9e une version dot\u00e9e d&rsquo;un bloc de 5,9 litres fort de 237 chevaux qui catapulte le Grand Cherokee de 0 \u00e0 100 km\/h en seulement 7,3 secondes et qui en fait le SUV le plus rapide du march\u00e9. Cette version se distingue par ses grilles sur le capot, sa calandre, ses roues et sa sellerie cuir sp\u00e9cifiques et son installation audio de 180 W. Les autres versions re\u00e7oivent un \u00e9clairage sous le capot et un nouveau syst\u00e8me antid\u00e9marrage. La finition Orvis sort du catalogue.<\/p>\n<p>La gamme fran\u00e7aise de l&rsquo;ann\u00e9e pr\u00e9c\u00e9dente est reconduite avec les Grand Cherokee TD TSi, TD Limited et Limited V8 bient\u00f4t remplac\u00e9 par le V8 5,9 litres LX en s\u00e9rie num\u00e9rot\u00e9e.<\/p>\n<p>Le WJ succ\u00e8de au ZG l&rsquo;ann\u00e9e suivante.<\/p>\n","protected":false},"excerpt":{"rendered":"<p>&nbsp; Le Jeep Concept 1, pens\u00e9 \u00e0 l&rsquo;origine par AMC comme le rempla\u00e7ant du Cherokee, \u00e9volue pour devenir son partenaire dans le haut de gamme.Les premiers exemplaires du Grand Cherokee mod\u00e8le ZJ, pr\u00e9sent\u00e9 au Salon de Detroit en janvier 1992, sortent de l&rsquo;usine de Jefferson dans l&rsquo;Etat du Michigan. Il vient prendre la succession du [&hellip;]<\/p>\n","protected":false},"author":1,"featured_media":0,"parent":157,"menu_order":1,"comment_status":"closed","ping_status":"closed","template":"","meta":{"ngg_post_thumbnail":0,"footnotes":""},"class_list":["post-1857","page","type-page","status-publish","hentry"],"yoast_head":"<!-- This site is optimized with the Yoast SEO plugin v27.4 - https:\/\/yoast.com\/product\/yoast-seo-wordpress\/ -->\n<title>Historique des mod\u00e8les ZJ &amp; ZG - US Cars<\/title>\n<meta name=\"robots\" content=\"index, follow, max-snippet:-1, max-image-preview:large, max-video-preview:-1\" \/>\n<link rel=\"canonical\" href=\"https:\/\/www.uscars.biz\/uscars.wordpress\/jeep\/grand-cherokee\/historique-gc-zj-zg\/\" \/>\n<meta property=\"og:locale\" content=\"fr_FR\" \/>\n<meta property=\"og:type\" content=\"article\" \/>\n<meta property=\"og:title\" content=\"Historique des mod\u00e8les ZJ &amp; ZG - US Cars\" \/>\n<meta property=\"og:description\" content=\"&nbsp; Le Jeep Concept 1, pens\u00e9 \u00e0 l&rsquo;origine par AMC comme le rempla\u00e7ant du Cherokee, \u00e9volue pour devenir son partenaire dans le haut de gamme.Les premiers exemplaires du Grand Cherokee mod\u00e8le ZJ, pr\u00e9sent\u00e9 au Salon de Detroit en janvier 1992, sortent de l&rsquo;usine de Jefferson dans l&rsquo;Etat du Michigan. Il vient prendre la succession du [&hellip;]\" \/>\n<meta property=\"og:url\" content=\"https:\/\/www.uscars.biz\/uscars.wordpress\/jeep\/grand-cherokee\/historique-gc-zj-zg\/\" \/>\n<meta property=\"og:site_name\" content=\"US Cars\" \/>\n<meta property=\"article:publisher\" content=\"https:\/\/www.facebook.com\/uscars.france\" \/>\n<meta property=\"article:modified_time\" content=\"2025-06-07T18:51:02+00:00\" \/>\n<meta property=\"og:image\" content=\"https:\/\/www.uscars.biz\/uscars.wordpress\/wp-content\/uploads\/2012\/12\/gchee_concept1.jpg\" \/>\n\t<meta property=\"og:image:width\" content=\"320\" \/>\n\t<meta property=\"og:image:height\" content=\"192\" \/>\n\t<meta property=\"og:image:type\" content=\"image\/jpeg\" \/>\n<meta name=\"twitter:card\" content=\"summary_large_image\" \/>\n<meta name=\"twitter:site\" content=\"@uscarsfrance\" \/>\n<meta name=\"twitter:label1\" content=\"Dur\u00e9e de lecture estim\u00e9e\" \/>\n\t<meta name=\"twitter:data1\" content=\"8 minutes\" \/>\n<script type=\"application\/ld+json\" class=\"yoast-schema-graph\">{\"@context\":\"https:\\\/\\\/schema.org\",\"@graph\":[{\"@type\":\"WebPage\",\"@id\":\"https:\\\/\\\/www.uscars.biz\\\/uscars.wordpress\\\/jeep\\\/grand-cherokee\\\/historique-gc-zj-zg\\\/\",\"url\":\"https:\\\/\\\/www.uscars.biz\\\/uscars.wordpress\\\/jeep\\\/grand-cherokee\\\/historique-gc-zj-zg\\\/\",\"name\":\"Historique des mod\u00e8les ZJ & ZG - US Cars\",\"isPartOf\":{\"@id\":\"https:\\\/\\\/www.uscars.biz\\\/uscars.wordpress\\\/#website\"},\"primaryImageOfPage\":{\"@id\":\"https:\\\/\\\/www.uscars.biz\\\/uscars.wordpress\\\/jeep\\\/grand-cherokee\\\/historique-gc-zj-zg\\\/#primaryimage\"},\"image\":{\"@id\":\"https:\\\/\\\/www.uscars.biz\\\/uscars.wordpress\\\/jeep\\\/grand-cherokee\\\/historique-gc-zj-zg\\\/#primaryimage\"},\"thumbnailUrl\":\"https:\\\/\\\/www.uscars.biz\\\/uscars.wordpress\\\/wp-content\\\/uploads\\\/2012\\\/12\\\/gchee_concept1.jpg\",\"datePublished\":\"2012-12-14T22:26:39+00:00\",\"dateModified\":\"2025-06-07T18:51:02+00:00\",\"breadcrumb\":{\"@id\":\"https:\\\/\\\/www.uscars.biz\\\/uscars.wordpress\\\/jeep\\\/grand-cherokee\\\/historique-gc-zj-zg\\\/#breadcrumb\"},\"inLanguage\":\"fr-FR\",\"potentialAction\":[{\"@type\":\"ReadAction\",\"target\":[\"https:\\\/\\\/www.uscars.biz\\\/uscars.wordpress\\\/jeep\\\/grand-cherokee\\\/historique-gc-zj-zg\\\/\"]}]},{\"@type\":\"ImageObject\",\"inLanguage\":\"fr-FR\",\"@id\":\"https:\\\/\\\/www.uscars.biz\\\/uscars.wordpress\\\/jeep\\\/grand-cherokee\\\/historique-gc-zj-zg\\\/#primaryimage\",\"url\":\"https:\\\/\\\/www.uscars.biz\\\/uscars.wordpress\\\/wp-content\\\/uploads\\\/2012\\\/12\\\/gchee_concept1.jpg\",\"contentUrl\":\"https:\\\/\\\/www.uscars.biz\\\/uscars.wordpress\\\/wp-content\\\/uploads\\\/2012\\\/12\\\/gchee_concept1.jpg\",\"width\":320,\"height\":192},{\"@type\":\"BreadcrumbList\",\"@id\":\"https:\\\/\\\/www.uscars.biz\\\/uscars.wordpress\\\/jeep\\\/grand-cherokee\\\/historique-gc-zj-zg\\\/#breadcrumb\",\"itemListElement\":[{\"@type\":\"ListItem\",\"position\":1,\"name\":\"Accueil\",\"item\":\"https:\\\/\\\/www.uscars.biz\\\/uscars.wordpress\\\/\"},{\"@type\":\"ListItem\",\"position\":2,\"name\":\"Jeep\",\"item\":\"https:\\\/\\\/www.uscars.biz\\\/uscars.wordpress\\\/jeep\\\/\"},{\"@type\":\"ListItem\",\"position\":3,\"name\":\"Jeep Grand Cherokee de 1992 \u00e0 2021\",\"item\":\"https:\\\/\\\/www.uscars.biz\\\/uscars.wordpress\\\/jeep\\\/grand-cherokee\\\/\"},{\"@type\":\"ListItem\",\"position\":4,\"name\":\"Historique des mod\u00e8les ZJ &#038; ZG\"}]},{\"@type\":\"WebSite\",\"@id\":\"https:\\\/\\\/www.uscars.biz\\\/uscars.wordpress\\\/#website\",\"url\":\"https:\\\/\\\/www.uscars.biz\\\/uscars.wordpress\\\/\",\"name\":\"US Cars\",\"description\":\"La passion des voitures am\u00e9ricaines\",\"publisher\":{\"@id\":\"https:\\\/\\\/www.uscars.biz\\\/uscars.wordpress\\\/#organization\"},\"potentialAction\":[{\"@type\":\"SearchAction\",\"target\":{\"@type\":\"EntryPoint\",\"urlTemplate\":\"https:\\\/\\\/www.uscars.biz\\\/uscars.wordpress\\\/?s={search_term_string}\"},\"query-input\":{\"@type\":\"PropertyValueSpecification\",\"valueRequired\":true,\"valueName\":\"search_term_string\"}}],\"inLanguage\":\"fr-FR\"},{\"@type\":\"Organization\",\"@id\":\"https:\\\/\\\/www.uscars.biz\\\/uscars.wordpress\\\/#organization\",\"name\":\"US Cars\",\"url\":\"https:\\\/\\\/www.uscars.biz\\\/uscars.wordpress\\\/\",\"logo\":{\"@type\":\"ImageObject\",\"inLanguage\":\"fr-FR\",\"@id\":\"https:\\\/\\\/www.uscars.biz\\\/uscars.wordpress\\\/#\\\/schema\\\/logo\\\/image\\\/\",\"url\":\"https:\\\/\\\/www.uscars.biz\\\/uscars.wordpress\\\/wp-content\\\/uploads\\\/2016\\\/09\\\/cropped-uscars_carre_512x512.png\",\"contentUrl\":\"https:\\\/\\\/www.uscars.biz\\\/uscars.wordpress\\\/wp-content\\\/uploads\\\/2016\\\/09\\\/cropped-uscars_carre_512x512.png\",\"width\":512,\"height\":512,\"caption\":\"US Cars\"},\"image\":{\"@id\":\"https:\\\/\\\/www.uscars.biz\\\/uscars.wordpress\\\/#\\\/schema\\\/logo\\\/image\\\/\"},\"sameAs\":[\"https:\\\/\\\/www.facebook.com\\\/uscars.france\",\"https:\\\/\\\/x.com\\\/uscarsfrance\",\"https:\\\/\\\/www.youtube.com\\\/user\\\/uscarsdotbiz\"]}]}<\/script>\n<!-- \/ Yoast SEO plugin. -->","yoast_head_json":{"title":"Historique des mod\u00e8les ZJ & ZG - US Cars","robots":{"index":"index","follow":"follow","max-snippet":"max-snippet:-1","max-image-preview":"max-image-preview:large","max-video-preview":"max-video-preview:-1"},"canonical":"https:\/\/www.uscars.biz\/uscars.wordpress\/jeep\/grand-cherokee\/historique-gc-zj-zg\/","og_locale":"fr_FR","og_type":"article","og_title":"Historique des mod\u00e8les ZJ & ZG - US Cars","og_description":"&nbsp; Le Jeep Concept 1, pens\u00e9 \u00e0 l&rsquo;origine par AMC comme le rempla\u00e7ant du Cherokee, \u00e9volue pour devenir son partenaire dans le haut de gamme.Les premiers exemplaires du Grand Cherokee mod\u00e8le ZJ, pr\u00e9sent\u00e9 au Salon de Detroit en janvier 1992, sortent de l&rsquo;usine de Jefferson dans l&rsquo;Etat du Michigan. Il vient prendre la succession du [&hellip;]","og_url":"https:\/\/www.uscars.biz\/uscars.wordpress\/jeep\/grand-cherokee\/historique-gc-zj-zg\/","og_site_name":"US Cars","article_publisher":"https:\/\/www.facebook.com\/uscars.france","article_modified_time":"2025-06-07T18:51:02+00:00","og_image":[{"width":320,"height":192,"url":"https:\/\/www.uscars.biz\/uscars.wordpress\/wp-content\/uploads\/2012\/12\/gchee_concept1.jpg","type":"image\/jpeg"}],"twitter_card":"summary_large_image","twitter_site":"@uscarsfrance","twitter_misc":{"Dur\u00e9e de lecture estim\u00e9e":"8 minutes"},"schema":{"@context":"https:\/\/schema.org","@graph":[{"@type":"WebPage","@id":"https:\/\/www.uscars.biz\/uscars.wordpress\/jeep\/grand-cherokee\/historique-gc-zj-zg\/","url":"https:\/\/www.uscars.biz\/uscars.wordpress\/jeep\/grand-cherokee\/historique-gc-zj-zg\/","name":"Historique des mod\u00e8les ZJ & ZG - US Cars","isPartOf":{"@id":"https:\/\/www.uscars.biz\/uscars.wordpress\/#website"},"primaryImageOfPage":{"@id":"https:\/\/www.uscars.biz\/uscars.wordpress\/jeep\/grand-cherokee\/historique-gc-zj-zg\/#primaryimage"},"image":{"@id":"https:\/\/www.uscars.biz\/uscars.wordpress\/jeep\/grand-cherokee\/historique-gc-zj-zg\/#primaryimage"},"thumbnailUrl":"https:\/\/www.uscars.biz\/uscars.wordpress\/wp-content\/uploads\/2012\/12\/gchee_concept1.jpg","datePublished":"2012-12-14T22:26:39+00:00","dateModified":"2025-06-07T18:51:02+00:00","breadcrumb":{"@id":"https:\/\/www.uscars.biz\/uscars.wordpress\/jeep\/grand-cherokee\/historique-gc-zj-zg\/#breadcrumb"},"inLanguage":"fr-FR","potentialAction":[{"@type":"ReadAction","target":["https:\/\/www.uscars.biz\/uscars.wordpress\/jeep\/grand-cherokee\/historique-gc-zj-zg\/"]}]},{"@type":"ImageObject","inLanguage":"fr-FR","@id":"https:\/\/www.uscars.biz\/uscars.wordpress\/jeep\/grand-cherokee\/historique-gc-zj-zg\/#primaryimage","url":"https:\/\/www.uscars.biz\/uscars.wordpress\/wp-content\/uploads\/2012\/12\/gchee_concept1.jpg","contentUrl":"https:\/\/www.uscars.biz\/uscars.wordpress\/wp-content\/uploads\/2012\/12\/gchee_concept1.jpg","width":320,"height":192},{"@type":"BreadcrumbList","@id":"https:\/\/www.uscars.biz\/uscars.wordpress\/jeep\/grand-cherokee\/historique-gc-zj-zg\/#breadcrumb","itemListElement":[{"@type":"ListItem","position":1,"name":"Accueil","item":"https:\/\/www.uscars.biz\/uscars.wordpress\/"},{"@type":"ListItem","position":2,"name":"Jeep","item":"https:\/\/www.uscars.biz\/uscars.wordpress\/jeep\/"},{"@type":"ListItem","position":3,"name":"Jeep Grand Cherokee de 1992 \u00e0 2021","item":"https:\/\/www.uscars.biz\/uscars.wordpress\/jeep\/grand-cherokee\/"},{"@type":"ListItem","position":4,"name":"Historique des mod\u00e8les ZJ &#038; ZG"}]},{"@type":"WebSite","@id":"https:\/\/www.uscars.biz\/uscars.wordpress\/#website","url":"https:\/\/www.uscars.biz\/uscars.wordpress\/","name":"US Cars","description":"La passion des voitures am\u00e9ricaines","publisher":{"@id":"https:\/\/www.uscars.biz\/uscars.wordpress\/#organization"},"potentialAction":[{"@type":"SearchAction","target":{"@type":"EntryPoint","urlTemplate":"https:\/\/www.uscars.biz\/uscars.wordpress\/?s={search_term_string}"},"query-input":{"@type":"PropertyValueSpecification","valueRequired":true,"valueName":"search_term_string"}}],"inLanguage":"fr-FR"},{"@type":"Organization","@id":"https:\/\/www.uscars.biz\/uscars.wordpress\/#organization","name":"US Cars","url":"https:\/\/www.uscars.biz\/uscars.wordpress\/","logo":{"@type":"ImageObject","inLanguage":"fr-FR","@id":"https:\/\/www.uscars.biz\/uscars.wordpress\/#\/schema\/logo\/image\/","url":"https:\/\/www.uscars.biz\/uscars.wordpress\/wp-content\/uploads\/2016\/09\/cropped-uscars_carre_512x512.png","contentUrl":"https:\/\/www.uscars.biz\/uscars.wordpress\/wp-content\/uploads\/2016\/09\/cropped-uscars_carre_512x512.png","width":512,"height":512,"caption":"US Cars"},"image":{"@id":"https:\/\/www.uscars.biz\/uscars.wordpress\/#\/schema\/logo\/image\/"},"sameAs":["https:\/\/www.facebook.com\/uscars.france","https:\/\/x.com\/uscarsfrance","https:\/\/www.youtube.com\/user\/uscarsdotbiz"]}]}},"jetpack_sharing_enabled":true,"jetpack_shortlink":"https:\/\/wp.me\/P2RQDg-tX","_links":{"self":[{"href":"https:\/\/www.uscars.biz\/uscars.wordpress\/wp-json\/wp\/v2\/pages\/1857","targetHints":{"allow":["GET"]}}],"collection":[{"href":"https:\/\/www.uscars.biz\/uscars.wordpress\/wp-json\/wp\/v2\/pages"}],"about":[{"href":"https:\/\/www.uscars.biz\/uscars.wordpress\/wp-json\/wp\/v2\/types\/page"}],"author":[{"embeddable":true,"href":"https:\/\/www.uscars.biz\/uscars.wordpress\/wp-json\/wp\/v2\/users\/1"}],"replies":[{"embeddable":true,"href":"https:\/\/www.uscars.biz\/uscars.wordpress\/wp-json\/wp\/v2\/comments?post=1857"}],"version-history":[{"count":103,"href":"https:\/\/www.uscars.biz\/uscars.wordpress\/wp-json\/wp\/v2\/pages\/1857\/revisions"}],"predecessor-version":[{"id":1022201,"href":"https:\/\/www.uscars.biz\/uscars.wordpress\/wp-json\/wp\/v2\/pages\/1857\/revisions\/1022201"}],"up":[{"embeddable":true,"href":"https:\/\/www.uscars.biz\/uscars.wordpress\/wp-json\/wp\/v2\/pages\/157"}],"wp:attachment":[{"href":"https:\/\/www.uscars.biz\/uscars.wordpress\/wp-json\/wp\/v2\/media?parent=1857"}],"curies":[{"name":"wp","href":"https:\/\/api.w.org\/{rel}","templated":true}]}}