{"id":260,"date":"2012-11-05T23:46:33","date_gmt":"2012-11-05T22:46:33","guid":{"rendered":"http:\/\/www.uscars.biz\/uscars.wordpress\/?page_id=260"},"modified":"2026-03-31T20:22:17","modified_gmt":"2026-03-31T18:22:17","slug":"actualites-recentes","status":"publish","type":"page","link":"https:\/\/www.uscars.biz\/uscars.wordpress\/","title":{"rendered":"Accueil"},"content":{"rendered":"\n<p class=\"p1\"><em>Depuis de nombreuses ann\u00e9es, le site et le forum US Cars rassemblent des passionn\u00e9s de v\u00e9hicules am\u00e9ricains. Mais au fil du temps, de nombreux membres et visiteurs ont \u00e9largi leurs centres d\u2019int\u00e9r\u00eat \u00e0 d\u2019autres marques et horizons automobiles. Pour accompagner cette \u00e9volution naturelle et rester un lieu d\u2019\u00e9change vivant et pertinent, le site et le forum s\u2019ouvrent d\u00e9sormais aux marques europ\u00e9ennes, tout en conservant leur passion et leur ancrage d\u2019origine. Le nom \u201cUS Cars\u201d ne change pas : il reste le t\u00e9moin de notre histoire et de la communaut\u00e9 qui fait vivre ce lieu. Le contenu, lui, \u00e9volue avec vos envies et vos discussions.<\/em><\/p>\n\n\n\n<div class=\"wp-block-columns is-layout-flex wp-container-core-columns-is-layout-28f84493 wp-block-columns-is-layout-flex\">\n<div class=\"wp-block-column is-layout-flow wp-block-column-is-layout-flow\">\n<p><strong>Le repaire des passionn\u00e9s<\/strong><\/p>\n<p><a class=\"custom-button\" href=\"https:\/\/www.uscars.biz\/uscars.forum.phpBB3\/index.php\" target=\"_blank\" rel=\"noopener\">LE FORUM USCARS<\/a><\/p>\n\n\n\n<div style=\"height:15px\" aria-hidden=\"true\" class=\"wp-block-spacer\"><\/div>\n\n\n\n<hr class=\"wp-block-separator has-alpha-channel-opacity is-style-wide\"\/>\n\n\n\n<p><strong>Prochaines manifestations<\/strong><\/p>\n<p>Consultez l&rsquo;<a href=\"https:\/\/www.uscars.biz\/uscars.forum.phpBB3\/viewforum.php?f=6\">agenda des manifestations<\/a> et ajoutez les \u00e9v\u00e9nements dont vous avez connaissance et dont vous souhaitez faire la promotion.<\/p>\n\n\n\n<div style=\"height:15px\" aria-hidden=\"true\" class=\"wp-block-spacer\"><\/div>\n\n\n\n<hr class=\"wp-block-separator has-alpha-channel-opacity is-style-wide\"\/>\n\n\n\n<p><strong>Financement du site et du forum<\/strong><\/p>\n<p>Le co\u00fbt de fonctionnement annuel est de 119 \u20ac pour le nom de domaine et l&rsquo;h\u00e9bergement. \u00c0 ce jour, le solde de la caisse est cr\u00e9diteur de 81 \u20ac et la prochaine d\u00e9pense de 95 \u20ac aura lieu en mai 2026. Vous pouvez participer au financement en effectuant un don.<\/p>\n<p>Virement bancaire : <a href=\"mailto:contact@uscars.biz?subject=Donation%20au%20site%20et%20au%20forum%20US%20Cars&amp;body=Demande%20du%20RIB\">demande du RIB<\/a><br><br><!-- Begin PayPal Donations by https:\/\/www.tipsandtricks-hq.com\/paypal-donations-widgets-plugin -->\n\n<form action=\"https:\/\/www.paypal.com\/cgi-bin\/webscr\" method=\"post\" target=\"_blank\">\n    <div class=\"paypal-donations\">\n        <input type=\"hidden\" name=\"cmd\" value=\"_donations\" \/>\n        <input type=\"hidden\" name=\"bn\" value=\"TipsandTricks_SP\" \/>\n        <input type=\"hidden\" name=\"business\" value=\"contact@uscars.biz\" \/>\n        <input type=\"hidden\" name=\"item_name\" value=\"Donation au site et au forum US Cars\" \/>\n        <input type=\"hidden\" name=\"rm\" value=\"0\" \/>\n        <input type=\"hidden\" name=\"currency_code\" value=\"EUR\" \/>\n        <input type=\"image\" style=\"cursor: pointer;\" src=\"https:\/\/www.paypalobjects.com\/fr_FR\/FR\/i\/btn\/btn_donateCC_LG.gif\" name=\"submit\" alt=\"PayPal - The safer, easier way to pay online.\" \/>\n    <\/div>\n<\/form>\n<!-- End PayPal Donations -->\n<\/p>\n<\/div>\n\n\n\n<div class=\"wp-block-column is-layout-flow wp-block-column-is-layout-flow\">\n<div id=\"text-3\" class=\"widget widget_text\"><strong>Au hasard des galeries<br><\/strong><\/div>\n\n\n\nngg_shortcode_0_placeholder\n<\/div>\n<\/div>\n","protected":false},"excerpt":{"rendered":"<p>Depuis de nombreuses ann\u00e9es, le site et le forum US Cars rassemblent des passionn\u00e9s de v\u00e9hicules am\u00e9ricains. Mais au fil du temps, de nombreux membres et visiteurs ont \u00e9largi leurs centres d\u2019int\u00e9r\u00eat \u00e0 d\u2019autres marques et horizons automobiles. Pour accompagner cette \u00e9volution naturelle et rester un lieu d\u2019\u00e9change vivant et pertinent, le site et le [&hellip;]<\/p>\n","protected":false},"author":1,"featured_media":0,"parent":0,"menu_order":1,"comment_status":"closed","ping_status":"closed","template":"","meta":{"ngg_post_thumbnail":0,"footnotes":""},"class_list":["post-260","page","type-page","status-publish","hentry"],"yoast_head":"<!-- This site is optimized with the Yoast SEO plugin v27.3 - https:\/\/yoast.com\/product\/yoast-seo-wordpress\/ -->\n<title>US Cars - La passion des voitures am\u00e9ricaines<\/title>\n<meta name=\"description\" content=\"Une mine d&#039;informations pour les passionn\u00e9s des marques Cadillac, Chrysler et Jeep : h\u00e9ritage, sp\u00e9cifications, entretien, documentation, photos et vid\u00e9os\" \/>\n<meta name=\"robots\" content=\"index, follow, max-snippet:-1, max-image-preview:large, max-video-preview:-1\" \/>\n<link rel=\"canonical\" href=\"https:\/\/www.uscars.biz\/uscars.wordpress\/\" \/>\n<meta property=\"og:locale\" content=\"fr_FR\" \/>\n<meta property=\"og:type\" content=\"article\" \/>\n<meta property=\"og:title\" content=\"US Cars - La passion des voitures am\u00e9ricaines\" \/>\n<meta property=\"og:description\" content=\"Une mine d&#039;informations pour les passionn\u00e9s des marques Cadillac, Chrysler et Jeep : h\u00e9ritage, sp\u00e9cifications, entretien, documentation, photos et vid\u00e9os\" \/>\n<meta property=\"og:url\" content=\"https:\/\/www.uscars.biz\/uscars.wordpress\/\" \/>\n<meta property=\"og:site_name\" content=\"US Cars\" \/>\n<meta property=\"article:publisher\" content=\"https:\/\/www.facebook.com\/uscars.france\" \/>\n<meta property=\"article:modified_time\" content=\"2026-03-31T18:22:17+00:00\" \/>\n<meta name=\"twitter:card\" content=\"summary_large_image\" \/>\n<meta name=\"twitter:site\" content=\"@uscarsfrance\" \/>\n<meta name=\"twitter:label1\" content=\"Dur\u00e9e de lecture estim\u00e9e\" \/>\n\t<meta name=\"twitter:data1\" content=\"2 minutes\" \/>\n<script type=\"application\/ld+json\" class=\"yoast-schema-graph\">{\"@context\":\"https:\\\/\\\/schema.org\",\"@graph\":[{\"@type\":\"WebPage\",\"@id\":\"https:\\\/\\\/www.uscars.biz\\\/uscars.wordpress\\\/\",\"url\":\"https:\\\/\\\/www.uscars.biz\\\/uscars.wordpress\\\/\",\"name\":\"US Cars - La passion des voitures am\u00e9ricaines\",\"isPartOf\":{\"@id\":\"https:\\\/\\\/www.uscars.biz\\\/uscars.wordpress\\\/#website\"},\"datePublished\":\"2012-11-05T22:46:33+00:00\",\"dateModified\":\"2026-03-31T18:22:17+00:00\",\"description\":\"Une mine d'informations pour les passionn\u00e9s des marques Cadillac, Chrysler et Jeep : h\u00e9ritage, sp\u00e9cifications, entretien, documentation, photos et vid\u00e9os\",\"breadcrumb\":{\"@id\":\"https:\\\/\\\/www.uscars.biz\\\/uscars.wordpress\\\/#breadcrumb\"},\"inLanguage\":\"fr-FR\",\"potentialAction\":[{\"@type\":\"ReadAction\",\"target\":[\"https:\\\/\\\/www.uscars.biz\\\/uscars.wordpress\\\/\"]}]},{\"@type\":\"BreadcrumbList\",\"@id\":\"https:\\\/\\\/www.uscars.biz\\\/uscars.wordpress\\\/#breadcrumb\",\"itemListElement\":[{\"@type\":\"ListItem\",\"position\":1,\"name\":\"Accueil\",\"item\":\"https:\\\/\\\/www.uscars.biz\\\/uscars.wordpress\\\/\"},{\"@type\":\"ListItem\",\"position\":2,\"name\":\"Accueil\"}]},{\"@type\":\"WebSite\",\"@id\":\"https:\\\/\\\/www.uscars.biz\\\/uscars.wordpress\\\/#website\",\"url\":\"https:\\\/\\\/www.uscars.biz\\\/uscars.wordpress\\\/\",\"name\":\"US Cars\",\"description\":\"La passion des voitures am\u00e9ricaines\",\"publisher\":{\"@id\":\"https:\\\/\\\/www.uscars.biz\\\/uscars.wordpress\\\/#organization\"},\"potentialAction\":[{\"@type\":\"SearchAction\",\"target\":{\"@type\":\"EntryPoint\",\"urlTemplate\":\"https:\\\/\\\/www.uscars.biz\\\/uscars.wordpress\\\/?s={search_term_string}\"},\"query-input\":{\"@type\":\"PropertyValueSpecification\",\"valueRequired\":true,\"valueName\":\"search_term_string\"}}],\"inLanguage\":\"fr-FR\"},{\"@type\":\"Organization\",\"@id\":\"https:\\\/\\\/www.uscars.biz\\\/uscars.wordpress\\\/#organization\",\"name\":\"US Cars\",\"url\":\"https:\\\/\\\/www.uscars.biz\\\/uscars.wordpress\\\/\",\"logo\":{\"@type\":\"ImageObject\",\"inLanguage\":\"fr-FR\",\"@id\":\"https:\\\/\\\/www.uscars.biz\\\/uscars.wordpress\\\/#\\\/schema\\\/logo\\\/image\\\/\",\"url\":\"https:\\\/\\\/www.uscars.biz\\\/uscars.wordpress\\\/wp-content\\\/uploads\\\/2016\\\/09\\\/cropped-uscars_carre_512x512.png\",\"contentUrl\":\"https:\\\/\\\/www.uscars.biz\\\/uscars.wordpress\\\/wp-content\\\/uploads\\\/2016\\\/09\\\/cropped-uscars_carre_512x512.png\",\"width\":512,\"height\":512,\"caption\":\"US Cars\"},\"image\":{\"@id\":\"https:\\\/\\\/www.uscars.biz\\\/uscars.wordpress\\\/#\\\/schema\\\/logo\\\/image\\\/\"},\"sameAs\":[\"https:\\\/\\\/www.facebook.com\\\/uscars.france\",\"https:\\\/\\\/x.com\\\/uscarsfrance\",\"https:\\\/\\\/www.youtube.com\\\/user\\\/uscarsdotbiz\"]}]}<\/script>\n<!-- \/ Yoast SEO plugin. -->","yoast_head_json":{"title":"US Cars - La passion des voitures am\u00e9ricaines","description":"Une mine d'informations pour les passionn\u00e9s des marques Cadillac, Chrysler et Jeep : h\u00e9ritage, sp\u00e9cifications, entretien, documentation, photos et vid\u00e9os","robots":{"index":"index","follow":"follow","max-snippet":"max-snippet:-1","max-image-preview":"max-image-preview:large","max-video-preview":"max-video-preview:-1"},"canonical":"https:\/\/www.uscars.biz\/uscars.wordpress\/","og_locale":"fr_FR","og_type":"article","og_title":"US Cars - La passion des voitures am\u00e9ricaines","og_description":"Une mine d'informations pour les passionn\u00e9s des marques Cadillac, Chrysler et Jeep : h\u00e9ritage, sp\u00e9cifications, entretien, documentation, photos et vid\u00e9os","og_url":"https:\/\/www.uscars.biz\/uscars.wordpress\/","og_site_name":"US Cars","article_publisher":"https:\/\/www.facebook.com\/uscars.france","article_modified_time":"2026-03-31T18:22:17+00:00","twitter_card":"summary_large_image","twitter_site":"@uscarsfrance","twitter_misc":{"Dur\u00e9e de lecture estim\u00e9e":"2 minutes"},"schema":{"@context":"https:\/\/schema.org","@graph":[{"@type":"WebPage","@id":"https:\/\/www.uscars.biz\/uscars.wordpress\/","url":"https:\/\/www.uscars.biz\/uscars.wordpress\/","name":"US Cars - La passion des voitures am\u00e9ricaines","isPartOf":{"@id":"https:\/\/www.uscars.biz\/uscars.wordpress\/#website"},"datePublished":"2012-11-05T22:46:33+00:00","dateModified":"2026-03-31T18:22:17+00:00","description":"Une mine d'informations pour les passionn\u00e9s des marques Cadillac, Chrysler et Jeep : h\u00e9ritage, sp\u00e9cifications, entretien, documentation, photos et vid\u00e9os","breadcrumb":{"@id":"https:\/\/www.uscars.biz\/uscars.wordpress\/#breadcrumb"},"inLanguage":"fr-FR","potentialAction":[{"@type":"ReadAction","target":["https:\/\/www.uscars.biz\/uscars.wordpress\/"]}]},{"@type":"BreadcrumbList","@id":"https:\/\/www.uscars.biz\/uscars.wordpress\/#breadcrumb","itemListElement":[{"@type":"ListItem","position":1,"name":"Accueil","item":"https:\/\/www.uscars.biz\/uscars.wordpress\/"},{"@type":"ListItem","position":2,"name":"Accueil"}]},{"@type":"WebSite","@id":"https:\/\/www.uscars.biz\/uscars.wordpress\/#website","url":"https:\/\/www.uscars.biz\/uscars.wordpress\/","name":"US Cars","description":"La passion des voitures am\u00e9ricaines","publisher":{"@id":"https:\/\/www.uscars.biz\/uscars.wordpress\/#organization"},"potentialAction":[{"@type":"SearchAction","target":{"@type":"EntryPoint","urlTemplate":"https:\/\/www.uscars.biz\/uscars.wordpress\/?s={search_term_string}"},"query-input":{"@type":"PropertyValueSpecification","valueRequired":true,"valueName":"search_term_string"}}],"inLanguage":"fr-FR"},{"@type":"Organization","@id":"https:\/\/www.uscars.biz\/uscars.wordpress\/#organization","name":"US Cars","url":"https:\/\/www.uscars.biz\/uscars.wordpress\/","logo":{"@type":"ImageObject","inLanguage":"fr-FR","@id":"https:\/\/www.uscars.biz\/uscars.wordpress\/#\/schema\/logo\/image\/","url":"https:\/\/www.uscars.biz\/uscars.wordpress\/wp-content\/uploads\/2016\/09\/cropped-uscars_carre_512x512.png","contentUrl":"https:\/\/www.uscars.biz\/uscars.wordpress\/wp-content\/uploads\/2016\/09\/cropped-uscars_carre_512x512.png","width":512,"height":512,"caption":"US Cars"},"image":{"@id":"https:\/\/www.uscars.biz\/uscars.wordpress\/#\/schema\/logo\/image\/"},"sameAs":["https:\/\/www.facebook.com\/uscars.france","https:\/\/x.com\/uscarsfrance","https:\/\/www.youtube.com\/user\/uscarsdotbiz"]}]}},"jetpack_sharing_enabled":false,"jetpack_shortlink":"https:\/\/wp.me\/P2RQDg-4c","_links":{"self":[{"href":"https:\/\/www.uscars.biz\/uscars.wordpress\/wp-json\/wp\/v2\/pages\/260","targetHints":{"allow":["GET"]}}],"collection":[{"href":"https:\/\/www.uscars.biz\/uscars.wordpress\/wp-json\/wp\/v2\/pages"}],"about":[{"href":"https:\/\/www.uscars.biz\/uscars.wordpress\/wp-json\/wp\/v2\/types\/page"}],"author":[{"embeddable":true,"href":"https:\/\/www.uscars.biz\/uscars.wordpress\/wp-json\/wp\/v2\/users\/1"}],"replies":[{"embeddable":true,"href":"https:\/\/www.uscars.biz\/uscars.wordpress\/wp-json\/wp\/v2\/comments?post=260"}],"version-history":[{"count":254,"href":"https:\/\/www.uscars.biz\/uscars.wordpress\/wp-json\/wp\/v2\/pages\/260\/revisions"}],"predecessor-version":[{"id":1024153,"href":"https:\/\/www.uscars.biz\/uscars.wordpress\/wp-json\/wp\/v2\/pages\/260\/revisions\/1024153"}],"wp:attachment":[{"href":"https:\/\/www.uscars.biz\/uscars.wordpress\/wp-json\/wp\/v2\/media?parent=260"}],"curies":[{"name":"wp","href":"https:\/\/api.w.org\/{rel}","templated":true}]}}