{"id":2721,"date":"2013-01-26T16:21:23","date_gmt":"2013-01-26T15:21:23","guid":{"rendered":"http:\/\/www.uscars.biz\/uscars.wordpress\/?page_id=2721"},"modified":"2025-06-07T14:54:16","modified_gmt":"2025-06-07T12:54:16","slug":"historique","status":"publish","type":"page","link":"https:\/\/www.uscars.biz\/uscars.wordpress\/chrysler\/tc-by-maserati\/historique\/","title":{"rendered":"Historique"},"content":{"rendered":"<p><strong>Du projet \u00e0 la commercialisation<\/strong><\/p>\n<p>La Chrysler TC by Maserati est le r\u00e9sultat d&rsquo;une collaboration entre Chrysler et Maserati, un arrangement enracin\u00e9 dans l&rsquo;amiti\u00e9 entre Lee Iacocca et Alejandro de Tomaso,&nbsp;les deux hommes charismatiques en charge des deux soci\u00e9t\u00e9s.<\/p>\n<p>Cette amiti\u00e9 a commenc\u00e9 alors que&nbsp;Lee Iacocca \u00e9tait chez Ford \u2014 il fut le responsable du lancement de la Ford Mustang en 1964 \u2014 et a conduit \u00e0 la r\u00e9ussite de la De Tomaso Pantera commercialis\u00e9e par les concessionnaires Mercury Lincoln. En 1975, De Tomaso prend le contr\u00f4le de Maserati puis en 1978, Chrysler ach\u00e8te 5% de Maserati. Un accord est conclu en 1984 pour cr\u00e9er un coup\u00e9 sport exceptionnel.<\/p>\n<p>Lee Iacocca communique d\u00e8s 1985 sur un nouveau projet baptis\u00e9 initialement \u00ab\u00a0Q-coupe\u00a0\u00bb. Ce projet&nbsp;doit permettre d&rsquo;allier les capacit\u00e9s de conception, de production et de commercialisation de Chrysler avec l&rsquo;expertise et l&rsquo;image glamour de Maserati pour diffuser un v\u00e9hicule de haute qualit\u00e9 \u00e0 un prix raisonnablement bas.<\/p>\n<p>Un prototype est construit en 1986 et Chrysler commence \u00e0 informer le public, allant jusqu&rsquo;\u00e0 imprimer une brochure de 5 pages \u00e0 l&rsquo;attention des concessionnaires et des actionnaires pour faire la promotion du \u00ab\u00a0SC\u00a0\u00bb ou \u00ab\u00a0Sport Coupe Built by Maserati\u00a0\u00bb. Peu de d\u00e9tails sont donn\u00e9s et une mention indique que les sp\u00e9cifications de puissance et de couple d&rsquo;un moteur 16 soupapes Turbo De Tomaso seront communiqu\u00e9es ult\u00e9rieurement.<\/p>\n<p><img loading=\"lazy\" decoding=\"async\" class=\" wp-image-2741 aligncenter\" style=\"border: 0px; margin-top: 0px; margin-bottom: 0px;\" src=\"https:\/\/www.uscars.biz\/uscars.wordpress\/wp-content\/uploads\/2013\/01\/tc_by_maserati_05.jpg\" alt=\"tc_by_maserati_05\" width=\"320\" height=\"304\" srcset=\"https:\/\/www.uscars.biz\/uscars.wordpress\/wp-content\/uploads\/2013\/01\/tc_by_maserati_05.jpg 600w, https:\/\/www.uscars.biz\/uscars.wordpress\/wp-content\/uploads\/2013\/01\/tc_by_maserati_05-300x285.jpg 300w\" sizes=\"auto, (max-width: 320px) 100vw, 320px\" \/><\/p>\n<p>Apr\u00e8s une tentative de lancement infructueuse en 1987, Chrysler communique sur ce qui est devenu un \u00ab\u00a0Chrysler&rsquo;s Turbo Convertible Built by Maserati\u00a0\u00bb. De la documentation est distribu\u00e9e au salon de l&rsquo;auto de Chicago de 1988 avec un num\u00e9ro gratuit pour obtenir des informations compl\u00e9mentaires dont les sp\u00e9cifications du moteur 16 soupapes Maserati.<\/p>\n<p>Le premier chargement d&rsquo;\u00e9l\u00e9ments Chrysler \u00e0 traverser l&rsquo;Atlantique d\u00e9barque finalement en Italie en d\u00e9cembre 1988. La Chrysler TC by Maserati, biplace de luxe grand tourisme, est n\u00e9e. Ne s&rsquo;agissant plus du tout d&rsquo;un coup\u00e9, les lettres \u00ab\u00a0TC\u00a0\u00bb signifient d\u00e9sormais \u00ab\u00a0Touring Convertible\u00a0\u00bb.<\/p>\n<p>Fin janvier 1989, la signature du vice pr\u00e9sident de Chrysler Joseph A. Campana se retrouve sur un courrier envoy\u00e9 aux clients potentiels annon\u00e7ant que la production d&rsquo;un excitant nouveau coup\u00e9 sport de luxe, la Chrysler TC by Maserati, avait commenc\u00e9. Est joint \u00e0 ce courrier un formulaire de livraison prioritaire \u00e0 compl\u00e9ter par le client et \u00e0 pr\u00e9senter avant la fin f\u00e9vrier&nbsp;\u00e0 l&rsquo;un des 312 concessionnaires s\u00e9lectionn\u00e9s pour garantir l&rsquo;obtention d&rsquo;un mod\u00e8le 1989.<\/p>\n<p>Un nombre limit\u00e9 de combinaisons de couleurs sont disponibles dans le cadre de ce programme. Une TC by Maserati peut alors \u00eatre command\u00e9e soit avec la peinture&nbsp;Royal Cabernet Pearl et l&rsquo;int\u00e9rieur cuir Ginger ou Bordeaux, soit avec les peintures&nbsp;Exotic Red Pearl ou Light Yellow Pearl et l&rsquo;int\u00e9rieur cuir Ginger. Seule option en dehors de la couleur, le client a le choix d&rsquo;\u00e9quiper sa TC by Maserati du&nbsp;moteur 4 cylindres 2,2 litres 8v SOHC Turbo Intercooler (Turbo II) avec bo\u00eete automatique ou du moteur&nbsp;4 cylindres 2,2 litres 16v DOHC Turbo Intercooler avec bo\u00eete manuelle.<\/p>\n<p><img loading=\"lazy\" decoding=\"async\" class=\"aligncenter\" src=\"https:\/\/www.uscars.biz\/uscars.wordpress\/wp-content\/uploads\/2013\/01\/tc_by_maserati_01.jpg\" alt=\"tc_by_maserati_01\" width=\"320\" height=\"241\"><\/p>\n<p><img loading=\"lazy\" decoding=\"async\" class=\"wp-image-2738 aligncenter\" style=\"border: 0px; margin-top: 0px; margin-bottom: 0px;\" src=\"https:\/\/www.uscars.biz\/uscars.wordpress\/wp-content\/uploads\/2013\/01\/tc_by_maserati_02.jpg\" alt=\"tc_by_maserati_02\" width=\"320\" height=\"140\" srcset=\"https:\/\/www.uscars.biz\/uscars.wordpress\/wp-content\/uploads\/2013\/01\/tc_by_maserati_02.jpg 598w, https:\/\/www.uscars.biz\/uscars.wordpress\/wp-content\/uploads\/2013\/01\/tc_by_maserati_02-300x131.jpg 300w\" sizes=\"auto, (max-width: 320px) 100vw, 320px\" \/><\/p>\n<p>La Chrysler TC by Maserati est clairement un v\u00e9hicule international. 75% de ses pi\u00e8ces sont fabriqu\u00e9es en Italie. La carrosserie, le ch\u00e2ssis et la motorisation (moteur, bo\u00eete, pont) sont exp\u00e9di\u00e9s depuis les \u00c9tats-Unis. Les pneus Michelin viennent de France, la bo\u00eete de vitesses manuelle Getrag d&rsquo;Allemagne et le c\u00e2blage \u00e9lectrique d&rsquo;Espagne.<\/p>\n<p>D&rsquo;autres pi\u00e8ces sont en provenance de Grande-Bretagne et du Mexique.&nbsp;Tous ces \u00e9l\u00e9ments sont assembl\u00e9s dans le complexe industriel Maserati Innocenti \u00e0 Lambrate pr\u00e8s de Milan.<\/p>\n<p><strong>D&rsquo;un accueil mitig\u00e9 \u00e0 l&rsquo;arr\u00eat de la commercialisation<\/strong><\/p>\n<p>D&#8217;embl\u00e9e, l&rsquo;enthousiasme n&rsquo;est pas au rendez-vous. Le plan original \u00e9tait de pr\u00e9senter la TC by Maserati avant la Le Baron Convertible afin de faire passer la deuxi\u00e8me pour l&rsquo;h\u00e9riti\u00e8re des racines haut de gamme de la premi\u00e8re. Le retard de deux ans dans la mise en production entra\u00eene un ordre de pr\u00e9sentation invers\u00e9, faisant surgir la perception que la TC by Maserati ressemble beaucoup trop \u00e0 la Le Baron Convertible tout en affichant un prix sup\u00e9rieur de $13,505 \u00e0 celui du mod\u00e8le GTC Convertible.<\/p>\n<p>Chrysler projetait de vendre entre 4000 et 5000 TC by Maserati par an aux \u00c9tats-Unis \u00e0 travers 300 concessions Chrysler s\u00e9lectionn\u00e9es. Vaine projection. Le chiffre d&rsquo;affaires g\u00e9n\u00e9r\u00e9 par ce mod\u00e8le est loin des attentes et l&rsquo;aventure europ\u00e9enne malheureuse et devenue tristement c\u00e9l\u00e8bre prend fin en 1991 apr\u00e8s seulement trois ann\u00e9es de commercialisation. Seuls 7300 exemplaires auront \u00e9t\u00e9 assembl\u00e9s, les derniers en stock ayant \u00e9t\u00e9 remis\u00e9s de plusieurs milliers de dollars.<\/p>\n<p>L&rsquo;un des principaux probl\u00e8mes de la&nbsp;TC by Maserati est sa finition. Pour un v\u00e9hicule vendu&nbsp;$33,000, le niveau de finition de l&rsquo;am\u00e9nagement int\u00e9rieur est jug\u00e9 sous la normale. Les composants apparaissent comme trop familiers aux possesseurs de Daytona et de Le Baron : serrures et poign\u00e9es, interrupteurs des vitres \u00e9lectriques, commande au pied du frein de stationnement, jauges, commodo des clignotants et du r\u00e9gulateur de vitesse, habillage de la colonne de direction, \u00e9vents du tableau de bord, bo\u00eete \u00e0 gants, cendrier, commandes de climatisation, syst\u00e8me audio, pare-brise, etc. Le meilleur comme les jantes et la peinture c\u00f4toie le pire comme la faiblesse du freinage et les alignements de carrosserie. La TC by Maserati m\u00e9ritait une meilleure finition (ex. v\u00e9ritable ronce de noyer) et des composants sp\u00e9cifiques qui auraient fait d&rsquo;elle une Maserati exclusive.<\/p>\n<p><img loading=\"lazy\" decoding=\"async\" class=\"size-full wp-image-3279 aligncenter\" style=\"border: 0px; margin-top: 0px; margin-bottom: 0px;\" src=\"https:\/\/www.uscars.biz\/uscars.wordpress\/wp-content\/uploads\/2013\/01\/tc_by_maserati_06.jpg\" alt=\"tc_by_maserati_06\" width=\"320\" height=\"210\" srcset=\"https:\/\/www.uscars.biz\/uscars.wordpress\/wp-content\/uploads\/2013\/01\/tc_by_maserati_06.jpg 320w, https:\/\/www.uscars.biz\/uscars.wordpress\/wp-content\/uploads\/2013\/01\/tc_by_maserati_06-300x196.jpg 300w\" sizes=\"auto, (max-width: 320px) 100vw, 320px\" \/><\/p>\n<p>Trois exemplaires de la Chrysler TC Maserati sont d\u00e9tenus par le mus\u00e9e Walter P. Chrysler (Auburn Hills, Michigan) dont un fait \u00e0 la main.<\/p>\n","protected":false},"excerpt":{"rendered":"<p>Du projet \u00e0 la commercialisation La Chrysler TC by Maserati est le r\u00e9sultat d&rsquo;une collaboration entre Chrysler et Maserati, un arrangement enracin\u00e9 dans l&rsquo;amiti\u00e9 entre Lee Iacocca et Alejandro de Tomaso,&nbsp;les deux hommes charismatiques en charge des deux soci\u00e9t\u00e9s. Cette amiti\u00e9 a commenc\u00e9 alors que&nbsp;Lee Iacocca \u00e9tait chez Ford \u2014 il fut le responsable du [&hellip;]<\/p>\n","protected":false},"author":1,"featured_media":0,"parent":2718,"menu_order":1,"comment_status":"closed","ping_status":"closed","template":"","meta":{"ngg_post_thumbnail":0,"footnotes":""},"class_list":["post-2721","page","type-page","status-publish","hentry"],"yoast_head":"<!-- This site is optimized with the Yoast SEO plugin v27.5 - https:\/\/yoast.com\/product\/yoast-seo-wordpress\/ -->\n<title>Historique - US Cars<\/title>\n<meta name=\"robots\" content=\"index, follow, max-snippet:-1, max-image-preview:large, max-video-preview:-1\" \/>\n<link rel=\"canonical\" href=\"https:\/\/www.uscars.biz\/uscars.wordpress\/chrysler\/tc-by-maserati\/historique\/\" \/>\n<meta property=\"og:locale\" content=\"fr_FR\" \/>\n<meta property=\"og:type\" content=\"article\" \/>\n<meta property=\"og:title\" content=\"Historique - US Cars\" \/>\n<meta property=\"og:description\" content=\"Du projet \u00e0 la commercialisation La Chrysler TC by Maserati est le r\u00e9sultat d&rsquo;une collaboration entre Chrysler et Maserati, un arrangement enracin\u00e9 dans l&rsquo;amiti\u00e9 entre Lee Iacocca et Alejandro de Tomaso,&nbsp;les deux hommes charismatiques en charge des deux soci\u00e9t\u00e9s. Cette amiti\u00e9 a commenc\u00e9 alors que&nbsp;Lee Iacocca \u00e9tait chez Ford \u2014 il fut le responsable du [&hellip;]\" \/>\n<meta property=\"og:url\" content=\"https:\/\/www.uscars.biz\/uscars.wordpress\/chrysler\/tc-by-maserati\/historique\/\" \/>\n<meta property=\"og:site_name\" content=\"US Cars\" \/>\n<meta property=\"article:publisher\" content=\"https:\/\/www.facebook.com\/uscars.france\" \/>\n<meta property=\"article:modified_time\" content=\"2025-06-07T12:54:16+00:00\" \/>\n<meta property=\"og:image\" content=\"https:\/\/www.uscars.biz\/uscars.wordpress\/wp-content\/uploads\/2013\/01\/tc_by_maserati_05.jpg\" \/>\n\t<meta property=\"og:image:width\" content=\"600\" \/>\n\t<meta property=\"og:image:height\" content=\"570\" \/>\n\t<meta property=\"og:image:type\" content=\"image\/jpeg\" \/>\n<meta name=\"twitter:card\" content=\"summary_large_image\" \/>\n<meta name=\"twitter:site\" content=\"@uscarsfrance\" \/>\n<meta name=\"twitter:label1\" content=\"Dur\u00e9e de lecture estim\u00e9e\" \/>\n\t<meta name=\"twitter:data1\" content=\"6 minutes\" \/>\n<script type=\"application\/ld+json\" class=\"yoast-schema-graph\">{\"@context\":\"https:\\\/\\\/schema.org\",\"@graph\":[{\"@type\":\"WebPage\",\"@id\":\"https:\\\/\\\/www.uscars.biz\\\/uscars.wordpress\\\/chrysler\\\/tc-by-maserati\\\/historique\\\/\",\"url\":\"https:\\\/\\\/www.uscars.biz\\\/uscars.wordpress\\\/chrysler\\\/tc-by-maserati\\\/historique\\\/\",\"name\":\"Historique - US Cars\",\"isPartOf\":{\"@id\":\"https:\\\/\\\/www.uscars.biz\\\/uscars.wordpress\\\/#website\"},\"primaryImageOfPage\":{\"@id\":\"https:\\\/\\\/www.uscars.biz\\\/uscars.wordpress\\\/chrysler\\\/tc-by-maserati\\\/historique\\\/#primaryimage\"},\"image\":{\"@id\":\"https:\\\/\\\/www.uscars.biz\\\/uscars.wordpress\\\/chrysler\\\/tc-by-maserati\\\/historique\\\/#primaryimage\"},\"thumbnailUrl\":\"https:\\\/\\\/www.uscars.biz\\\/uscars.wordpress\\\/wp-content\\\/uploads\\\/2013\\\/01\\\/tc_by_maserati_05.jpg\",\"datePublished\":\"2013-01-26T15:21:23+00:00\",\"dateModified\":\"2025-06-07T12:54:16+00:00\",\"breadcrumb\":{\"@id\":\"https:\\\/\\\/www.uscars.biz\\\/uscars.wordpress\\\/chrysler\\\/tc-by-maserati\\\/historique\\\/#breadcrumb\"},\"inLanguage\":\"fr-FR\",\"potentialAction\":[{\"@type\":\"ReadAction\",\"target\":[\"https:\\\/\\\/www.uscars.biz\\\/uscars.wordpress\\\/chrysler\\\/tc-by-maserati\\\/historique\\\/\"]}]},{\"@type\":\"ImageObject\",\"inLanguage\":\"fr-FR\",\"@id\":\"https:\\\/\\\/www.uscars.biz\\\/uscars.wordpress\\\/chrysler\\\/tc-by-maserati\\\/historique\\\/#primaryimage\",\"url\":\"https:\\\/\\\/www.uscars.biz\\\/uscars.wordpress\\\/wp-content\\\/uploads\\\/2013\\\/01\\\/tc_by_maserati_05.jpg\",\"contentUrl\":\"https:\\\/\\\/www.uscars.biz\\\/uscars.wordpress\\\/wp-content\\\/uploads\\\/2013\\\/01\\\/tc_by_maserati_05.jpg\",\"width\":600,\"height\":570},{\"@type\":\"BreadcrumbList\",\"@id\":\"https:\\\/\\\/www.uscars.biz\\\/uscars.wordpress\\\/chrysler\\\/tc-by-maserati\\\/historique\\\/#breadcrumb\",\"itemListElement\":[{\"@type\":\"ListItem\",\"position\":1,\"name\":\"Accueil\",\"item\":\"https:\\\/\\\/www.uscars.biz\\\/uscars.wordpress\\\/\"},{\"@type\":\"ListItem\",\"position\":2,\"name\":\"Chrysler\",\"item\":\"https:\\\/\\\/www.uscars.biz\\\/uscars.wordpress\\\/chrysler\\\/\"},{\"@type\":\"ListItem\",\"position\":3,\"name\":\"Chrysler TC by Maserati de 1989 \u00e0 1991\",\"item\":\"https:\\\/\\\/www.uscars.biz\\\/uscars.wordpress\\\/chrysler\\\/tc-by-maserati\\\/\"},{\"@type\":\"ListItem\",\"position\":4,\"name\":\"Historique\"}]},{\"@type\":\"WebSite\",\"@id\":\"https:\\\/\\\/www.uscars.biz\\\/uscars.wordpress\\\/#website\",\"url\":\"https:\\\/\\\/www.uscars.biz\\\/uscars.wordpress\\\/\",\"name\":\"US Cars\",\"description\":\"La passion des voitures am\u00e9ricaines\",\"publisher\":{\"@id\":\"https:\\\/\\\/www.uscars.biz\\\/uscars.wordpress\\\/#organization\"},\"potentialAction\":[{\"@type\":\"SearchAction\",\"target\":{\"@type\":\"EntryPoint\",\"urlTemplate\":\"https:\\\/\\\/www.uscars.biz\\\/uscars.wordpress\\\/?s={search_term_string}\"},\"query-input\":{\"@type\":\"PropertyValueSpecification\",\"valueRequired\":true,\"valueName\":\"search_term_string\"}}],\"inLanguage\":\"fr-FR\"},{\"@type\":\"Organization\",\"@id\":\"https:\\\/\\\/www.uscars.biz\\\/uscars.wordpress\\\/#organization\",\"name\":\"US Cars\",\"url\":\"https:\\\/\\\/www.uscars.biz\\\/uscars.wordpress\\\/\",\"logo\":{\"@type\":\"ImageObject\",\"inLanguage\":\"fr-FR\",\"@id\":\"https:\\\/\\\/www.uscars.biz\\\/uscars.wordpress\\\/#\\\/schema\\\/logo\\\/image\\\/\",\"url\":\"https:\\\/\\\/www.uscars.biz\\\/uscars.wordpress\\\/wp-content\\\/uploads\\\/2016\\\/09\\\/cropped-uscars_carre_512x512.png\",\"contentUrl\":\"https:\\\/\\\/www.uscars.biz\\\/uscars.wordpress\\\/wp-content\\\/uploads\\\/2016\\\/09\\\/cropped-uscars_carre_512x512.png\",\"width\":512,\"height\":512,\"caption\":\"US Cars\"},\"image\":{\"@id\":\"https:\\\/\\\/www.uscars.biz\\\/uscars.wordpress\\\/#\\\/schema\\\/logo\\\/image\\\/\"},\"sameAs\":[\"https:\\\/\\\/www.facebook.com\\\/uscars.france\",\"https:\\\/\\\/x.com\\\/uscarsfrance\",\"https:\\\/\\\/www.youtube.com\\\/user\\\/uscarsdotbiz\"]}]}<\/script>\n<!-- \/ Yoast SEO plugin. -->","yoast_head_json":{"title":"Historique - US Cars","robots":{"index":"index","follow":"follow","max-snippet":"max-snippet:-1","max-image-preview":"max-image-preview:large","max-video-preview":"max-video-preview:-1"},"canonical":"https:\/\/www.uscars.biz\/uscars.wordpress\/chrysler\/tc-by-maserati\/historique\/","og_locale":"fr_FR","og_type":"article","og_title":"Historique - US Cars","og_description":"Du projet \u00e0 la commercialisation La Chrysler TC by Maserati est le r\u00e9sultat d&rsquo;une collaboration entre Chrysler et Maserati, un arrangement enracin\u00e9 dans l&rsquo;amiti\u00e9 entre Lee Iacocca et Alejandro de Tomaso,&nbsp;les deux hommes charismatiques en charge des deux soci\u00e9t\u00e9s. Cette amiti\u00e9 a commenc\u00e9 alors que&nbsp;Lee Iacocca \u00e9tait chez Ford \u2014 il fut le responsable du [&hellip;]","og_url":"https:\/\/www.uscars.biz\/uscars.wordpress\/chrysler\/tc-by-maserati\/historique\/","og_site_name":"US Cars","article_publisher":"https:\/\/www.facebook.com\/uscars.france","article_modified_time":"2025-06-07T12:54:16+00:00","og_image":[{"width":600,"height":570,"url":"https:\/\/www.uscars.biz\/uscars.wordpress\/wp-content\/uploads\/2013\/01\/tc_by_maserati_05.jpg","type":"image\/jpeg"}],"twitter_card":"summary_large_image","twitter_site":"@uscarsfrance","twitter_misc":{"Dur\u00e9e de lecture estim\u00e9e":"6 minutes"},"schema":{"@context":"https:\/\/schema.org","@graph":[{"@type":"WebPage","@id":"https:\/\/www.uscars.biz\/uscars.wordpress\/chrysler\/tc-by-maserati\/historique\/","url":"https:\/\/www.uscars.biz\/uscars.wordpress\/chrysler\/tc-by-maserati\/historique\/","name":"Historique - US Cars","isPartOf":{"@id":"https:\/\/www.uscars.biz\/uscars.wordpress\/#website"},"primaryImageOfPage":{"@id":"https:\/\/www.uscars.biz\/uscars.wordpress\/chrysler\/tc-by-maserati\/historique\/#primaryimage"},"image":{"@id":"https:\/\/www.uscars.biz\/uscars.wordpress\/chrysler\/tc-by-maserati\/historique\/#primaryimage"},"thumbnailUrl":"https:\/\/www.uscars.biz\/uscars.wordpress\/wp-content\/uploads\/2013\/01\/tc_by_maserati_05.jpg","datePublished":"2013-01-26T15:21:23+00:00","dateModified":"2025-06-07T12:54:16+00:00","breadcrumb":{"@id":"https:\/\/www.uscars.biz\/uscars.wordpress\/chrysler\/tc-by-maserati\/historique\/#breadcrumb"},"inLanguage":"fr-FR","potentialAction":[{"@type":"ReadAction","target":["https:\/\/www.uscars.biz\/uscars.wordpress\/chrysler\/tc-by-maserati\/historique\/"]}]},{"@type":"ImageObject","inLanguage":"fr-FR","@id":"https:\/\/www.uscars.biz\/uscars.wordpress\/chrysler\/tc-by-maserati\/historique\/#primaryimage","url":"https:\/\/www.uscars.biz\/uscars.wordpress\/wp-content\/uploads\/2013\/01\/tc_by_maserati_05.jpg","contentUrl":"https:\/\/www.uscars.biz\/uscars.wordpress\/wp-content\/uploads\/2013\/01\/tc_by_maserati_05.jpg","width":600,"height":570},{"@type":"BreadcrumbList","@id":"https:\/\/www.uscars.biz\/uscars.wordpress\/chrysler\/tc-by-maserati\/historique\/#breadcrumb","itemListElement":[{"@type":"ListItem","position":1,"name":"Accueil","item":"https:\/\/www.uscars.biz\/uscars.wordpress\/"},{"@type":"ListItem","position":2,"name":"Chrysler","item":"https:\/\/www.uscars.biz\/uscars.wordpress\/chrysler\/"},{"@type":"ListItem","position":3,"name":"Chrysler TC by Maserati de 1989 \u00e0 1991","item":"https:\/\/www.uscars.biz\/uscars.wordpress\/chrysler\/tc-by-maserati\/"},{"@type":"ListItem","position":4,"name":"Historique"}]},{"@type":"WebSite","@id":"https:\/\/www.uscars.biz\/uscars.wordpress\/#website","url":"https:\/\/www.uscars.biz\/uscars.wordpress\/","name":"US Cars","description":"La passion des voitures am\u00e9ricaines","publisher":{"@id":"https:\/\/www.uscars.biz\/uscars.wordpress\/#organization"},"potentialAction":[{"@type":"SearchAction","target":{"@type":"EntryPoint","urlTemplate":"https:\/\/www.uscars.biz\/uscars.wordpress\/?s={search_term_string}"},"query-input":{"@type":"PropertyValueSpecification","valueRequired":true,"valueName":"search_term_string"}}],"inLanguage":"fr-FR"},{"@type":"Organization","@id":"https:\/\/www.uscars.biz\/uscars.wordpress\/#organization","name":"US Cars","url":"https:\/\/www.uscars.biz\/uscars.wordpress\/","logo":{"@type":"ImageObject","inLanguage":"fr-FR","@id":"https:\/\/www.uscars.biz\/uscars.wordpress\/#\/schema\/logo\/image\/","url":"https:\/\/www.uscars.biz\/uscars.wordpress\/wp-content\/uploads\/2016\/09\/cropped-uscars_carre_512x512.png","contentUrl":"https:\/\/www.uscars.biz\/uscars.wordpress\/wp-content\/uploads\/2016\/09\/cropped-uscars_carre_512x512.png","width":512,"height":512,"caption":"US Cars"},"image":{"@id":"https:\/\/www.uscars.biz\/uscars.wordpress\/#\/schema\/logo\/image\/"},"sameAs":["https:\/\/www.facebook.com\/uscars.france","https:\/\/x.com\/uscarsfrance","https:\/\/www.youtube.com\/user\/uscarsdotbiz"]}]}},"jetpack_sharing_enabled":true,"jetpack_shortlink":"https:\/\/wp.me\/P2RQDg-HT","_links":{"self":[{"href":"https:\/\/www.uscars.biz\/uscars.wordpress\/wp-json\/wp\/v2\/pages\/2721","targetHints":{"allow":["GET"]}}],"collection":[{"href":"https:\/\/www.uscars.biz\/uscars.wordpress\/wp-json\/wp\/v2\/pages"}],"about":[{"href":"https:\/\/www.uscars.biz\/uscars.wordpress\/wp-json\/wp\/v2\/types\/page"}],"author":[{"embeddable":true,"href":"https:\/\/www.uscars.biz\/uscars.wordpress\/wp-json\/wp\/v2\/users\/1"}],"replies":[{"embeddable":true,"href":"https:\/\/www.uscars.biz\/uscars.wordpress\/wp-json\/wp\/v2\/comments?post=2721"}],"version-history":[{"count":58,"href":"https:\/\/www.uscars.biz\/uscars.wordpress\/wp-json\/wp\/v2\/pages\/2721\/revisions"}],"predecessor-version":[{"id":1021944,"href":"https:\/\/www.uscars.biz\/uscars.wordpress\/wp-json\/wp\/v2\/pages\/2721\/revisions\/1021944"}],"up":[{"embeddable":true,"href":"https:\/\/www.uscars.biz\/uscars.wordpress\/wp-json\/wp\/v2\/pages\/2718"}],"wp:attachment":[{"href":"https:\/\/www.uscars.biz\/uscars.wordpress\/wp-json\/wp\/v2\/media?parent=2721"}],"curies":[{"name":"wp","href":"https:\/\/api.w.org\/{rel}","templated":true}]}}