{"id":316,"date":"2012-11-06T21:40:53","date_gmt":"2012-11-06T20:40:53","guid":{"rendered":"http:\/\/www.uscars.biz\/uscars.wordpress\/?page_id=316"},"modified":"2025-06-07T12:36:14","modified_gmt":"2025-06-07T10:36:14","slug":"historique","status":"publish","type":"page","link":"https:\/\/www.uscars.biz\/uscars.wordpress\/chrysler\/le-baron\/historique\/","title":{"rendered":"Historique"},"content":{"rendered":"<figure id=\"attachment_298\" aria-describedby=\"caption-attachment-298\" style=\"width: 315px\" class=\"wp-caption aligncenter\"><img loading=\"lazy\" decoding=\"async\" class=\"wp-image-298 size-full\" style=\"border: 0px; margin-top: 0px; margin-bottom: 0px;\" title=\"lbc_84\" src=\"https:\/\/www.uscars.biz\/uscars.wordpress\/wp-content\/uploads\/2012\/11\/lbc_84.jpg\" alt=\"Le Baron Convertible 1984 (France)\" width=\"315\" height=\"144\" srcset=\"https:\/\/www.uscars.biz\/uscars.wordpress\/wp-content\/uploads\/2012\/11\/lbc_84.jpg 315w, https:\/\/www.uscars.biz\/uscars.wordpress\/wp-content\/uploads\/2012\/11\/lbc_84-300x137.jpg 300w\" sizes=\"auto, (max-width: 315px) 100vw, 315px\" \/><figcaption id=\"caption-attachment-298\" class=\"wp-caption-text\">Le Baron Convertible 1984 (France)<\/figcaption><\/figure>\n<p>&nbsp;<\/p>\n<p>Chrysler conna\u00eet une v\u00e9ritable r\u00e9surrection au d\u00e9but des ann\u00e9es 80 avec l&rsquo;introduction de la Le Baron Convertible,&nbsp;premier cabriolet sortie par la compagnie apr\u00e8s une interruption d&rsquo;une douzaine d&rsquo;ann\u00e9es.<\/p>\n<p>Lee Iacocca, pr\u00e9sident directeur g\u00e9n\u00e9ral du groupe, fait lui-m\u00eame la publicit\u00e9 de sa production \u00e0 la t\u00e9l\u00e9vision et dans la presse. Les consommateurs voient en lui celui qui redore l&rsquo;image de l&rsquo;automobile am\u00e9ricaine.<\/p>\n<figure id=\"attachment_302\" aria-describedby=\"caption-attachment-302\" style=\"width: 315px\" class=\"wp-caption aligncenter\"><img loading=\"lazy\" decoding=\"async\" class=\"size-full wp-image-302 \" style=\"margin-top: 0px; margin-bottom: 0px; border: 0px;\" title=\"lb_88\" src=\"https:\/\/www.uscars.biz\/uscars.wordpress\/wp-content\/uploads\/2012\/11\/lb_88.jpg\" alt=\"Le Baron Coupe 1988 (Etats-Unis)\" width=\"315\" height=\"144\" srcset=\"https:\/\/www.uscars.biz\/uscars.wordpress\/wp-content\/uploads\/2012\/11\/lb_88.jpg 315w, https:\/\/www.uscars.biz\/uscars.wordpress\/wp-content\/uploads\/2012\/11\/lb_88-300x137.jpg 300w\" sizes=\"auto, (max-width: 315px) 100vw, 315px\" \/><figcaption id=\"caption-attachment-302\" class=\"wp-caption-text\">Le Baron Coupe 1988 (Etats-Unis)<\/figcaption><\/figure>\n<p>&nbsp;<\/p>\n<figure id=\"attachment_303\" aria-describedby=\"caption-attachment-303\" style=\"width: 315px\" class=\"wp-caption aligncenter\"><img loading=\"lazy\" decoding=\"async\" class=\"size-full wp-image-303 \" style=\"margin-top: 0px; margin-bottom: 0px; border: 0px;\" title=\"lbc_88\" src=\"https:\/\/www.uscars.biz\/uscars.wordpress\/wp-content\/uploads\/2012\/11\/lbc_88.jpg\" alt=\"Le Baron Convertible 1988 (Etats-Unis)\" width=\"315\" height=\"144\" srcset=\"https:\/\/www.uscars.biz\/uscars.wordpress\/wp-content\/uploads\/2012\/11\/lbc_88.jpg 315w, https:\/\/www.uscars.biz\/uscars.wordpress\/wp-content\/uploads\/2012\/11\/lbc_88-300x137.jpg 300w\" sizes=\"auto, (max-width: 315px) 100vw, 315px\" \/><figcaption id=\"caption-attachment-303\" class=\"wp-caption-text\">Le Baron Convertible 1988 (Etats-Unis)<\/figcaption><\/figure>\n<p>&nbsp;<\/p>\n<p>Forts du succ\u00e8s des mod\u00e8les \u00ab\u00a0K\u00a0\u00bb, les mod\u00e8les \u00ab\u00a0J\u00a0\u00bb, coup\u00e9 et cabriolet \u00e0 traction avant, sont lanc\u00e9s en septembre 1986. Ils arborent une partie frontale tr\u00e8s inclin\u00e9e avec phares escamotables. Deux moteurs transversaux de quatre cylindres \u00e0 arbre \u00e0 cames en t\u00eate sont propos\u00e9s : un 2,2 litres \u00e0 injection multipoint avec Turbo de 146 chevaux et un 2,5 litres \u00e0 injection monopoint de 100 chevaux. Ils sont accoupl\u00e9s au choix \u00e0 une bo\u00eete automatique ou \u00e0 une bo\u00eete manuelle \u00e0 cinq rapports.<\/p>\n<p>Toujours en troisi\u00e8me position derri\u00e8re General Motors et Ford, Chrysler s&rsquo;int\u00e9resse \u00e0 cette \u00e9poque \u00e0 de nouveaux investissements \u00e0 l&rsquo;\u00e9tranger et d\u00e9cide de reprendre la commercialisation de ses v\u00e9hicules sur le difficile march\u00e9 europ\u00e9en. L&rsquo;importateur Sonauto prend la repr\u00e9sentation du constructeur pour le march\u00e9 fran\u00e7ais au Salon de Paris de 1988.<\/p>\n<p>Sont d&rsquo;abord import\u00e9es pour le mill\u00e9sime 1989 les Le Baron Coupe et Convertible \u00e9quip\u00e9es du moteur 2,5 litres Turbo de 146 chevaux accoupl\u00e9 aux bo\u00eetes manuelle ou automatique en option.<\/p>\n<p>L&rsquo;offre propos\u00e9e en France s&rsquo;\u00e9largie en 1989 avec l&rsquo;introduction de la variante GTC disponible en Coupe ou Convertible avec un moteur 2,2 litres Turbo Intercooler de 177 chevaux et bo\u00eete manuelle.<\/p>\n<figure id=\"attachment_305\" aria-describedby=\"caption-attachment-305\" style=\"width: 315px\" class=\"wp-caption aligncenter\"><img loading=\"lazy\" decoding=\"async\" class=\"size-full wp-image-305 \" style=\"margin-top: 0px; margin-bottom: 0px; border: 0px;\" title=\"lb_90\" src=\"https:\/\/www.uscars.biz\/uscars.wordpress\/wp-content\/uploads\/2012\/11\/lb_90.jpg\" alt=\"Le Baron Coupe GTC 1990 (France)\" width=\"315\" height=\"128\" srcset=\"https:\/\/www.uscars.biz\/uscars.wordpress\/wp-content\/uploads\/2012\/11\/lb_90.jpg 315w, https:\/\/www.uscars.biz\/uscars.wordpress\/wp-content\/uploads\/2012\/11\/lb_90-300x121.jpg 300w\" sizes=\"auto, (max-width: 315px) 100vw, 315px\" \/><figcaption id=\"caption-attachment-305\" class=\"wp-caption-text\">Le Baron Coupe GTC 1990 (France)<\/figcaption><\/figure>\n<p>&nbsp;<\/p>\n<figure id=\"attachment_306\" aria-describedby=\"caption-attachment-306\" style=\"width: 315px\" class=\"wp-caption aligncenter\"><img loading=\"lazy\" decoding=\"async\" class=\"wp-image-306 size-full\" style=\"margin-top: 0px; margin-bottom: 0px; border: 0px;\" title=\"lbc_90\" src=\"https:\/\/www.uscars.biz\/uscars.wordpress\/wp-content\/uploads\/2012\/11\/lbc_90.jpg\" alt=\"Le Baron Convertible V6 1990 (France)\" width=\"315\" height=\"128\" srcset=\"https:\/\/www.uscars.biz\/uscars.wordpress\/wp-content\/uploads\/2012\/11\/lbc_90.jpg 315w, https:\/\/www.uscars.biz\/uscars.wordpress\/wp-content\/uploads\/2012\/11\/lbc_90-300x121.jpg 300w\" sizes=\"auto, (max-width: 315px) 100vw, 315px\" \/><figcaption id=\"caption-attachment-306\" class=\"wp-caption-text\">Le Baron Convertible V6 1990 (France)<\/figcaption><\/figure>\n<p>&nbsp;<\/p>\n<p>Pour la rentr\u00e9e 1990, la Le Baron est dot\u00e9e d&rsquo;une nouvelle planche de bord. Est import\u00e9e une nouvelle version livrable sous les deux carrosseries et dot\u00e9e du moteur V6 3 litres \u00e0 un arbre \u00e0 cames par rang\u00e9e de cylindres d&rsquo;origine Mitsubishi d\u00e9veloppant 136 chevaux, accoupl\u00e9 \u00e0 nouvelle bo\u00eete automatique \u00e0 quatre rapports. La version Convertible \u00e9quip\u00e9e du moteur 2,5 litres n&rsquo;est plus au catalogue.<\/p>\n<p>L&rsquo;ann\u00e9e 1991 voit la disparition de la variante GTC. Tous les mod\u00e8les sont disponibles avec une bo\u00eete manuelle ou une bo\u00eete automatique, cette derni\u00e8re \u00e9tant en option sur la motorisation 2,5 litres Turbo et sans suppl\u00e9ment sur la motorisation 3 litres.<\/p>\n<figure id=\"attachment_307\" aria-describedby=\"caption-attachment-307\" style=\"width: 315px\" class=\"wp-caption aligncenter\"><img loading=\"lazy\" decoding=\"async\" class=\"wp-image-307 size-full\" style=\"margin-top: 0px; margin-bottom: 0px; border: 0px;\" title=\"lb_92\" src=\"https:\/\/www.uscars.biz\/uscars.wordpress\/wp-content\/uploads\/2012\/11\/lb_92.jpg\" alt=\"Le Baron Coupe 1992 (France)\" width=\"315\" height=\"128\" srcset=\"https:\/\/www.uscars.biz\/uscars.wordpress\/wp-content\/uploads\/2012\/11\/lb_92.jpg 315w, https:\/\/www.uscars.biz\/uscars.wordpress\/wp-content\/uploads\/2012\/11\/lb_92-300x121.jpg 300w\" sizes=\"auto, (max-width: 315px) 100vw, 315px\" \/><figcaption id=\"caption-attachment-307\" class=\"wp-caption-text\">Le Baron Coupe 1992 (France)<\/figcaption><\/figure>\n<p>&nbsp;<\/p>\n<p>A partir de l&rsquo;\u00e9t\u00e9 1992, la motorisation 2,5 litres Turbo n&rsquo;est plus commercialis\u00e9e en France alors qu&rsquo;elle perdure outre Atlantique.<\/p>\n<p>La version Convertible dispose d&rsquo;une bo\u00eete automatique tandis que la version Coupe conserve le choix entre la bo\u00eete automatique et la bo\u00eete manuelle.<\/p>\n<p>La Le Baron re\u00e7oit pour l&rsquo;\u00e9t\u00e9 1993 une partie frontale remani\u00e9e caract\u00e9ris\u00e9e par la disparition des phares escamotables. Le Coupe b\u00e9n\u00e9ficie d&rsquo;une suspension am\u00e9lior\u00e9e. Seule la bo\u00eete automatique est disponible. Cette gamme r\u00e9duite \u00e0 deux versions, Coupe LX et Convertible LX, annonce la disparition des mod\u00e8les \u00ab\u00a0J\u00a0\u00bb.<\/p>\n<p>La production du Coupe s&rsquo;ach\u00e8ve en 1994, suivie l&rsquo;ann\u00e9e suivante par celle du Convertible.<\/p>\n<figure id=\"attachment_309\" aria-describedby=\"caption-attachment-309\" style=\"width: 315px\" class=\"wp-caption aligncenter\"><img loading=\"lazy\" decoding=\"async\" class=\"size-full wp-image-309 \" style=\"margin-top: 0px; margin-bottom: 0px; border: 0px;\" title=\"lb_93\" src=\"https:\/\/www.uscars.biz\/uscars.wordpress\/wp-content\/uploads\/2012\/11\/lb_93.jpg\" alt=\"Le Baron Coupe LX 1993 (France)\" width=\"315\" height=\"208\" srcset=\"https:\/\/www.uscars.biz\/uscars.wordpress\/wp-content\/uploads\/2012\/11\/lb_93.jpg 315w, https:\/\/www.uscars.biz\/uscars.wordpress\/wp-content\/uploads\/2012\/11\/lb_93-300x198.jpg 300w\" sizes=\"auto, (max-width: 315px) 100vw, 315px\" \/><figcaption id=\"caption-attachment-309\" class=\"wp-caption-text\">Le Baron Coupe LX 1993 (France)<\/figcaption><\/figure>\n<p>&nbsp;<\/p>\n<p>Jusqu&rsquo;\u00e0 son remplacement par la Stratus en 1996, la Le Baron Convertible demeure un best-seller dans sa cat\u00e9gorie, continuant de faire le bonheur des loueurs am\u00e9ricains.<\/p>\n","protected":false},"excerpt":{"rendered":"<p>&nbsp; Chrysler conna\u00eet une v\u00e9ritable r\u00e9surrection au d\u00e9but des ann\u00e9es 80 avec l&rsquo;introduction de la Le Baron Convertible,&nbsp;premier cabriolet sortie par la compagnie apr\u00e8s une interruption d&rsquo;une douzaine d&rsquo;ann\u00e9es. Lee Iacocca, pr\u00e9sident directeur g\u00e9n\u00e9ral du groupe, fait lui-m\u00eame la publicit\u00e9 de sa production \u00e0 la t\u00e9l\u00e9vision et dans la presse. Les consommateurs voient en lui [&hellip;]<\/p>\n","protected":false},"author":1,"featured_media":0,"parent":125,"menu_order":1,"comment_status":"closed","ping_status":"closed","template":"","meta":{"ngg_post_thumbnail":0,"footnotes":""},"class_list":["post-316","page","type-page","status-publish","hentry"],"yoast_head":"<!-- This site is optimized with the Yoast SEO plugin v27.4 - https:\/\/yoast.com\/product\/yoast-seo-wordpress\/ -->\n<title>Historique - US Cars<\/title>\n<meta name=\"robots\" content=\"index, follow, max-snippet:-1, max-image-preview:large, max-video-preview:-1\" \/>\n<link rel=\"canonical\" href=\"https:\/\/www.uscars.biz\/uscars.wordpress\/chrysler\/le-baron\/historique\/\" \/>\n<meta property=\"og:locale\" content=\"fr_FR\" \/>\n<meta property=\"og:type\" content=\"article\" \/>\n<meta property=\"og:title\" content=\"Historique - US Cars\" \/>\n<meta property=\"og:description\" content=\"&nbsp; Chrysler conna\u00eet une v\u00e9ritable r\u00e9surrection au d\u00e9but des ann\u00e9es 80 avec l&rsquo;introduction de la Le Baron Convertible,&nbsp;premier cabriolet sortie par la compagnie apr\u00e8s une interruption d&rsquo;une douzaine d&rsquo;ann\u00e9es. Lee Iacocca, pr\u00e9sident directeur g\u00e9n\u00e9ral du groupe, fait lui-m\u00eame la publicit\u00e9 de sa production \u00e0 la t\u00e9l\u00e9vision et dans la presse. Les consommateurs voient en lui [&hellip;]\" \/>\n<meta property=\"og:url\" content=\"https:\/\/www.uscars.biz\/uscars.wordpress\/chrysler\/le-baron\/historique\/\" \/>\n<meta property=\"og:site_name\" content=\"US Cars\" \/>\n<meta property=\"article:publisher\" content=\"https:\/\/www.facebook.com\/uscars.france\" \/>\n<meta property=\"article:modified_time\" content=\"2025-06-07T10:36:14+00:00\" \/>\n<meta property=\"og:image\" content=\"https:\/\/www.uscars.biz\/uscars.wordpress\/wp-content\/uploads\/2012\/11\/lbc_84.jpg\" \/>\n\t<meta property=\"og:image:width\" content=\"315\" \/>\n\t<meta property=\"og:image:height\" content=\"144\" \/>\n\t<meta property=\"og:image:type\" content=\"image\/jpeg\" \/>\n<meta name=\"twitter:card\" content=\"summary_large_image\" \/>\n<meta name=\"twitter:site\" content=\"@uscarsfrance\" \/>\n<meta name=\"twitter:label1\" content=\"Dur\u00e9e de lecture estim\u00e9e\" \/>\n\t<meta name=\"twitter:data1\" content=\"5 minutes\" \/>\n<script type=\"application\/ld+json\" class=\"yoast-schema-graph\">{\"@context\":\"https:\\\/\\\/schema.org\",\"@graph\":[{\"@type\":\"WebPage\",\"@id\":\"https:\\\/\\\/www.uscars.biz\\\/uscars.wordpress\\\/chrysler\\\/le-baron\\\/historique\\\/\",\"url\":\"https:\\\/\\\/www.uscars.biz\\\/uscars.wordpress\\\/chrysler\\\/le-baron\\\/historique\\\/\",\"name\":\"Historique - US Cars\",\"isPartOf\":{\"@id\":\"https:\\\/\\\/www.uscars.biz\\\/uscars.wordpress\\\/#website\"},\"primaryImageOfPage\":{\"@id\":\"https:\\\/\\\/www.uscars.biz\\\/uscars.wordpress\\\/chrysler\\\/le-baron\\\/historique\\\/#primaryimage\"},\"image\":{\"@id\":\"https:\\\/\\\/www.uscars.biz\\\/uscars.wordpress\\\/chrysler\\\/le-baron\\\/historique\\\/#primaryimage\"},\"thumbnailUrl\":\"https:\\\/\\\/www.uscars.biz\\\/uscars.wordpress\\\/wp-content\\\/uploads\\\/2012\\\/11\\\/lbc_84.jpg\",\"datePublished\":\"2012-11-06T20:40:53+00:00\",\"dateModified\":\"2025-06-07T10:36:14+00:00\",\"breadcrumb\":{\"@id\":\"https:\\\/\\\/www.uscars.biz\\\/uscars.wordpress\\\/chrysler\\\/le-baron\\\/historique\\\/#breadcrumb\"},\"inLanguage\":\"fr-FR\",\"potentialAction\":[{\"@type\":\"ReadAction\",\"target\":[\"https:\\\/\\\/www.uscars.biz\\\/uscars.wordpress\\\/chrysler\\\/le-baron\\\/historique\\\/\"]}]},{\"@type\":\"ImageObject\",\"inLanguage\":\"fr-FR\",\"@id\":\"https:\\\/\\\/www.uscars.biz\\\/uscars.wordpress\\\/chrysler\\\/le-baron\\\/historique\\\/#primaryimage\",\"url\":\"https:\\\/\\\/www.uscars.biz\\\/uscars.wordpress\\\/wp-content\\\/uploads\\\/2012\\\/11\\\/lbc_84.jpg\",\"contentUrl\":\"https:\\\/\\\/www.uscars.biz\\\/uscars.wordpress\\\/wp-content\\\/uploads\\\/2012\\\/11\\\/lbc_84.jpg\",\"width\":\"315\",\"height\":\"144\",\"caption\":\"Le Baron Convertible 1984 (France)\"},{\"@type\":\"BreadcrumbList\",\"@id\":\"https:\\\/\\\/www.uscars.biz\\\/uscars.wordpress\\\/chrysler\\\/le-baron\\\/historique\\\/#breadcrumb\",\"itemListElement\":[{\"@type\":\"ListItem\",\"position\":1,\"name\":\"Accueil\",\"item\":\"https:\\\/\\\/www.uscars.biz\\\/uscars.wordpress\\\/\"},{\"@type\":\"ListItem\",\"position\":2,\"name\":\"Chrysler\",\"item\":\"https:\\\/\\\/www.uscars.biz\\\/uscars.wordpress\\\/chrysler\\\/\"},{\"@type\":\"ListItem\",\"position\":3,\"name\":\"Chrysler Le Baron de 1986 \u00e0 1996\",\"item\":\"https:\\\/\\\/www.uscars.biz\\\/uscars.wordpress\\\/chrysler\\\/le-baron\\\/\"},{\"@type\":\"ListItem\",\"position\":4,\"name\":\"Historique\"}]},{\"@type\":\"WebSite\",\"@id\":\"https:\\\/\\\/www.uscars.biz\\\/uscars.wordpress\\\/#website\",\"url\":\"https:\\\/\\\/www.uscars.biz\\\/uscars.wordpress\\\/\",\"name\":\"US Cars\",\"description\":\"La passion des voitures am\u00e9ricaines\",\"publisher\":{\"@id\":\"https:\\\/\\\/www.uscars.biz\\\/uscars.wordpress\\\/#organization\"},\"potentialAction\":[{\"@type\":\"SearchAction\",\"target\":{\"@type\":\"EntryPoint\",\"urlTemplate\":\"https:\\\/\\\/www.uscars.biz\\\/uscars.wordpress\\\/?s={search_term_string}\"},\"query-input\":{\"@type\":\"PropertyValueSpecification\",\"valueRequired\":true,\"valueName\":\"search_term_string\"}}],\"inLanguage\":\"fr-FR\"},{\"@type\":\"Organization\",\"@id\":\"https:\\\/\\\/www.uscars.biz\\\/uscars.wordpress\\\/#organization\",\"name\":\"US Cars\",\"url\":\"https:\\\/\\\/www.uscars.biz\\\/uscars.wordpress\\\/\",\"logo\":{\"@type\":\"ImageObject\",\"inLanguage\":\"fr-FR\",\"@id\":\"https:\\\/\\\/www.uscars.biz\\\/uscars.wordpress\\\/#\\\/schema\\\/logo\\\/image\\\/\",\"url\":\"https:\\\/\\\/www.uscars.biz\\\/uscars.wordpress\\\/wp-content\\\/uploads\\\/2016\\\/09\\\/cropped-uscars_carre_512x512.png\",\"contentUrl\":\"https:\\\/\\\/www.uscars.biz\\\/uscars.wordpress\\\/wp-content\\\/uploads\\\/2016\\\/09\\\/cropped-uscars_carre_512x512.png\",\"width\":512,\"height\":512,\"caption\":\"US Cars\"},\"image\":{\"@id\":\"https:\\\/\\\/www.uscars.biz\\\/uscars.wordpress\\\/#\\\/schema\\\/logo\\\/image\\\/\"},\"sameAs\":[\"https:\\\/\\\/www.facebook.com\\\/uscars.france\",\"https:\\\/\\\/x.com\\\/uscarsfrance\",\"https:\\\/\\\/www.youtube.com\\\/user\\\/uscarsdotbiz\"]}]}<\/script>\n<!-- \/ Yoast SEO plugin. -->","yoast_head_json":{"title":"Historique - US Cars","robots":{"index":"index","follow":"follow","max-snippet":"max-snippet:-1","max-image-preview":"max-image-preview:large","max-video-preview":"max-video-preview:-1"},"canonical":"https:\/\/www.uscars.biz\/uscars.wordpress\/chrysler\/le-baron\/historique\/","og_locale":"fr_FR","og_type":"article","og_title":"Historique - US Cars","og_description":"&nbsp; Chrysler conna\u00eet une v\u00e9ritable r\u00e9surrection au d\u00e9but des ann\u00e9es 80 avec l&rsquo;introduction de la Le Baron Convertible,&nbsp;premier cabriolet sortie par la compagnie apr\u00e8s une interruption d&rsquo;une douzaine d&rsquo;ann\u00e9es. Lee Iacocca, pr\u00e9sident directeur g\u00e9n\u00e9ral du groupe, fait lui-m\u00eame la publicit\u00e9 de sa production \u00e0 la t\u00e9l\u00e9vision et dans la presse. Les consommateurs voient en lui [&hellip;]","og_url":"https:\/\/www.uscars.biz\/uscars.wordpress\/chrysler\/le-baron\/historique\/","og_site_name":"US Cars","article_publisher":"https:\/\/www.facebook.com\/uscars.france","article_modified_time":"2025-06-07T10:36:14+00:00","og_image":[{"width":315,"height":144,"url":"https:\/\/www.uscars.biz\/uscars.wordpress\/wp-content\/uploads\/2012\/11\/lbc_84.jpg","type":"image\/jpeg"}],"twitter_card":"summary_large_image","twitter_site":"@uscarsfrance","twitter_misc":{"Dur\u00e9e de lecture estim\u00e9e":"5 minutes"},"schema":{"@context":"https:\/\/schema.org","@graph":[{"@type":"WebPage","@id":"https:\/\/www.uscars.biz\/uscars.wordpress\/chrysler\/le-baron\/historique\/","url":"https:\/\/www.uscars.biz\/uscars.wordpress\/chrysler\/le-baron\/historique\/","name":"Historique - US Cars","isPartOf":{"@id":"https:\/\/www.uscars.biz\/uscars.wordpress\/#website"},"primaryImageOfPage":{"@id":"https:\/\/www.uscars.biz\/uscars.wordpress\/chrysler\/le-baron\/historique\/#primaryimage"},"image":{"@id":"https:\/\/www.uscars.biz\/uscars.wordpress\/chrysler\/le-baron\/historique\/#primaryimage"},"thumbnailUrl":"https:\/\/www.uscars.biz\/uscars.wordpress\/wp-content\/uploads\/2012\/11\/lbc_84.jpg","datePublished":"2012-11-06T20:40:53+00:00","dateModified":"2025-06-07T10:36:14+00:00","breadcrumb":{"@id":"https:\/\/www.uscars.biz\/uscars.wordpress\/chrysler\/le-baron\/historique\/#breadcrumb"},"inLanguage":"fr-FR","potentialAction":[{"@type":"ReadAction","target":["https:\/\/www.uscars.biz\/uscars.wordpress\/chrysler\/le-baron\/historique\/"]}]},{"@type":"ImageObject","inLanguage":"fr-FR","@id":"https:\/\/www.uscars.biz\/uscars.wordpress\/chrysler\/le-baron\/historique\/#primaryimage","url":"https:\/\/www.uscars.biz\/uscars.wordpress\/wp-content\/uploads\/2012\/11\/lbc_84.jpg","contentUrl":"https:\/\/www.uscars.biz\/uscars.wordpress\/wp-content\/uploads\/2012\/11\/lbc_84.jpg","width":"315","height":"144","caption":"Le Baron Convertible 1984 (France)"},{"@type":"BreadcrumbList","@id":"https:\/\/www.uscars.biz\/uscars.wordpress\/chrysler\/le-baron\/historique\/#breadcrumb","itemListElement":[{"@type":"ListItem","position":1,"name":"Accueil","item":"https:\/\/www.uscars.biz\/uscars.wordpress\/"},{"@type":"ListItem","position":2,"name":"Chrysler","item":"https:\/\/www.uscars.biz\/uscars.wordpress\/chrysler\/"},{"@type":"ListItem","position":3,"name":"Chrysler Le Baron de 1986 \u00e0 1996","item":"https:\/\/www.uscars.biz\/uscars.wordpress\/chrysler\/le-baron\/"},{"@type":"ListItem","position":4,"name":"Historique"}]},{"@type":"WebSite","@id":"https:\/\/www.uscars.biz\/uscars.wordpress\/#website","url":"https:\/\/www.uscars.biz\/uscars.wordpress\/","name":"US Cars","description":"La passion des voitures am\u00e9ricaines","publisher":{"@id":"https:\/\/www.uscars.biz\/uscars.wordpress\/#organization"},"potentialAction":[{"@type":"SearchAction","target":{"@type":"EntryPoint","urlTemplate":"https:\/\/www.uscars.biz\/uscars.wordpress\/?s={search_term_string}"},"query-input":{"@type":"PropertyValueSpecification","valueRequired":true,"valueName":"search_term_string"}}],"inLanguage":"fr-FR"},{"@type":"Organization","@id":"https:\/\/www.uscars.biz\/uscars.wordpress\/#organization","name":"US Cars","url":"https:\/\/www.uscars.biz\/uscars.wordpress\/","logo":{"@type":"ImageObject","inLanguage":"fr-FR","@id":"https:\/\/www.uscars.biz\/uscars.wordpress\/#\/schema\/logo\/image\/","url":"https:\/\/www.uscars.biz\/uscars.wordpress\/wp-content\/uploads\/2016\/09\/cropped-uscars_carre_512x512.png","contentUrl":"https:\/\/www.uscars.biz\/uscars.wordpress\/wp-content\/uploads\/2016\/09\/cropped-uscars_carre_512x512.png","width":512,"height":512,"caption":"US Cars"},"image":{"@id":"https:\/\/www.uscars.biz\/uscars.wordpress\/#\/schema\/logo\/image\/"},"sameAs":["https:\/\/www.facebook.com\/uscars.france","https:\/\/x.com\/uscarsfrance","https:\/\/www.youtube.com\/user\/uscarsdotbiz"]}]}},"jetpack_sharing_enabled":true,"jetpack_shortlink":"https:\/\/wp.me\/P2RQDg-56","_links":{"self":[{"href":"https:\/\/www.uscars.biz\/uscars.wordpress\/wp-json\/wp\/v2\/pages\/316","targetHints":{"allow":["GET"]}}],"collection":[{"href":"https:\/\/www.uscars.biz\/uscars.wordpress\/wp-json\/wp\/v2\/pages"}],"about":[{"href":"https:\/\/www.uscars.biz\/uscars.wordpress\/wp-json\/wp\/v2\/types\/page"}],"author":[{"embeddable":true,"href":"https:\/\/www.uscars.biz\/uscars.wordpress\/wp-json\/wp\/v2\/users\/1"}],"replies":[{"embeddable":true,"href":"https:\/\/www.uscars.biz\/uscars.wordpress\/wp-json\/wp\/v2\/comments?post=316"}],"version-history":[{"count":106,"href":"https:\/\/www.uscars.biz\/uscars.wordpress\/wp-json\/wp\/v2\/pages\/316\/revisions"}],"predecessor-version":[{"id":1021812,"href":"https:\/\/www.uscars.biz\/uscars.wordpress\/wp-json\/wp\/v2\/pages\/316\/revisions\/1021812"}],"up":[{"embeddable":true,"href":"https:\/\/www.uscars.biz\/uscars.wordpress\/wp-json\/wp\/v2\/pages\/125"}],"wp:attachment":[{"href":"https:\/\/www.uscars.biz\/uscars.wordpress\/wp-json\/wp\/v2\/media?parent=316"}],"curies":[{"name":"wp","href":"https:\/\/api.w.org\/{rel}","templated":true}]}}