{"id":834,"date":"2012-11-11T12:20:50","date_gmt":"2012-11-11T11:20:50","guid":{"rendered":"http:\/\/www.uscars.biz\/uscars.wordpress\/?page_id=834"},"modified":"2025-06-07T17:16:05","modified_gmt":"2025-06-07T15:16:05","slug":"historique","status":"publish","type":"page","link":"https:\/\/www.uscars.biz\/uscars.wordpress\/jeep\/station-wagon\/historique\/","title":{"rendered":"Historique"},"content":{"rendered":"<p><img loading=\"lazy\" decoding=\"async\" class=\"size-full wp-image-825 aligncenter\" style=\"border: 0px; margin-top: 0px; margin-bottom: 0px;\" title=\"sw_1946\" src=\"https:\/\/www.uscars.biz\/uscars.wordpress\/wp-content\/uploads\/2012\/11\/sw_1946.jpg\" alt=\"\" width=\"320\" height=\"240\" srcset=\"https:\/\/www.uscars.biz\/uscars.wordpress\/wp-content\/uploads\/2012\/11\/sw_1946.jpg 320w, https:\/\/www.uscars.biz\/uscars.wordpress\/wp-content\/uploads\/2012\/11\/sw_1946-300x225.jpg 300w\" sizes=\"auto, (max-width: 320px) 100vw, 320px\" \/><\/p>\n<p><img loading=\"lazy\" decoding=\"async\" class=\"size-full wp-image-824 aligncenter\" style=\"border: 0px; margin-top: 0px; margin-bottom: 0px;\" title=\"sw_1946_3\" src=\"https:\/\/www.uscars.biz\/uscars.wordpress\/wp-content\/uploads\/2012\/11\/sw_1946_3.jpg\" alt=\"\" width=\"320\" height=\"128\" srcset=\"https:\/\/www.uscars.biz\/uscars.wordpress\/wp-content\/uploads\/2012\/11\/sw_1946_3.jpg 320w, https:\/\/www.uscars.biz\/uscars.wordpress\/wp-content\/uploads\/2012\/11\/sw_1946_3-300x120.jpg 300w\" sizes=\"auto, (max-width: 320px) 100vw, 320px\" \/><\/p>\n<p><img loading=\"lazy\" decoding=\"async\" class=\"size-full wp-image-828 aligncenter\" style=\"border: 0px; margin-top: 0px; margin-bottom: 0px;\" title=\"sw_doc_2\" src=\"https:\/\/www.uscars.biz\/uscars.wordpress\/wp-content\/uploads\/2012\/11\/sw_doc_2.jpg\" alt=\"\" width=\"320\" height=\"144\" srcset=\"https:\/\/www.uscars.biz\/uscars.wordpress\/wp-content\/uploads\/2012\/11\/sw_doc_2.jpg 320w, https:\/\/www.uscars.biz\/uscars.wordpress\/wp-content\/uploads\/2012\/11\/sw_doc_2-300x135.jpg 300w\" sizes=\"auto, (max-width: 320px) 100vw, 320px\" \/><\/p>\n<p><img loading=\"lazy\" decoding=\"async\" class=\"size-full wp-image-823 aligncenter\" style=\"border: 0px; margin-top: 0px; margin-bottom: 0px;\" title=\"sw_1946_2\" src=\"https:\/\/www.uscars.biz\/uscars.wordpress\/wp-content\/uploads\/2012\/11\/sw_1946_2.jpg\" alt=\"\" width=\"320\" height=\"144\" srcset=\"https:\/\/www.uscars.biz\/uscars.wordpress\/wp-content\/uploads\/2012\/11\/sw_1946_2.jpg 320w, https:\/\/www.uscars.biz\/uscars.wordpress\/wp-content\/uploads\/2012\/11\/sw_1946_2-300x135.jpg 300w\" sizes=\"auto, (max-width: 320px) 100vw, 320px\" \/><\/p>\n<p>En 1946, Willys Overland d\u00e9voile le Station Wagon 4-63 dessin\u00e9 par le visionnaire Brook Stevens. Le ch\u00e2ssis de la Jeep originale est port\u00e9 \u00e0 104 pouces d&#8217;empattement. C&rsquo;est le premier break tout acier de l&rsquo;industrie automobile qui ne propose alors que des carrosseries Woody sur structure en bois. N\u00e9anmoins, afin de ne pas heurter le client, les mod\u00e8les sortis les premi\u00e8res ann\u00e9es sont dot\u00e9s de panneaux lat\u00e9raux peints fa\u00e7on bois.&nbsp;Une carrosserie fourgonette Panel Delivery est aussi commercialis\u00e9e. Ce v\u00e9hicule offre une capacit\u00e9 de sept places et roule \u00e0 la vitesse maximale de 138 km\/h. Le hayon en deux parties facilite le chargement.<\/p>\n<p>Le Station Wagon est anim\u00e9 par le classique moteur Willys quatre cylindres Go-Devil L4-134 de 65 chevaux. A partir de 1948 est disponible une version 6-63 avec un moteur Willys six cylindres Lightning L6-161 de 75 chevaux et en 1949 une transmission quatre roues motrices sur le Station Wagon 4-63. L&rsquo;inscription \u00ab\u00a04 Wheel Drive\u00a0\u00bb est lisible sur le c\u00f4t\u00e9 du capot et sur la porte arri\u00e8re.<\/p>\n<figure id=\"attachment_822\" aria-describedby=\"caption-attachment-822\" style=\"width: 640px\" class=\"wp-caption aligncenter\"><img loading=\"lazy\" decoding=\"async\" class=\"wp-image-822 size-full\" style=\"border: 0px; margin-top: 0px; margin-bottom: 0px;\" title=\"sw_194x\" src=\"https:\/\/www.uscars.biz\/uscars.wordpress\/wp-content\/uploads\/2012\/11\/sw_194x.jpg\" alt=\"\" width=\"640\" height=\"320\" srcset=\"https:\/\/www.uscars.biz\/uscars.wordpress\/wp-content\/uploads\/2012\/11\/sw_194x.jpg 640w, https:\/\/www.uscars.biz\/uscars.wordpress\/wp-content\/uploads\/2012\/11\/sw_194x-300x150.jpg 300w\" sizes=\"auto, (max-width: 640px) 100vw, 640px\" \/><figcaption id=\"caption-attachment-822\" class=\"wp-caption-text\">Station Wagon avec calandre 1946-1949<\/figcaption><\/figure>\n<p>&nbsp;<\/p>\n<p>Le Station Wagon re\u00e7oit en 1950 une nouvelle calandre en coupe-vent dot\u00e9e de cinq barres horizontales et enjoliv\u00e9e de chromes, des ailes avant aux bords arrondis ainsi que des passages de roues arri\u00e8re plus rectangulaires. Les d\u00e9nominations deviennent Station Wagon 4-73 en deux ou quatre roues motrices avec le nouveau moteur Willys quatre cylindres Hurricane F4-134 de 72 chevaux et Station Wagon 6-73 en deux roues motrices uniquement avec le six cylindres Lightning L6-161.<\/p>\n<figure id=\"attachment_827\" aria-describedby=\"caption-attachment-827\" style=\"width: 320px\" class=\"wp-caption aligncenter\"><img loading=\"lazy\" decoding=\"async\" class=\"wp-image-827 size-full\" style=\"border: 0px; margin-top: 0px; margin-bottom: 0px;\" title=\"sw_doc_1\" src=\"https:\/\/www.uscars.biz\/uscars.wordpress\/wp-content\/uploads\/2012\/11\/sw_doc_1.jpg\" alt=\"\" width=\"320\" height=\"208\" srcset=\"https:\/\/www.uscars.biz\/uscars.wordpress\/wp-content\/uploads\/2012\/11\/sw_doc_1.jpg 320w, https:\/\/www.uscars.biz\/uscars.wordpress\/wp-content\/uploads\/2012\/11\/sw_doc_1-300x195.jpg 300w\" sizes=\"auto, (max-width: 320px) 100vw, 320px\" \/><figcaption id=\"caption-attachment-827\" class=\"wp-caption-text\">Station Wagon avec calandre 1950-1953<\/figcaption><\/figure>\n<p>&nbsp;<\/p>\n<p>En 1952, le Station Wagon 4-73 prend l&rsquo;appellation 4-75 en deux ou quatre roues motrices. Le moteur Willys six cylindres Hurricane F6-161 de 75 chevaux, \u00e9volution du six cylindres Lightning L6-161, prend place sous le capot du Station Wagon 6-85 qui vient remplacer le 6-73 et qui n&rsquo;est disponible lui aussi qu&rsquo;en deux roues motrices. Les&nbsp;panneaux lat\u00e9raux peints fa\u00e7on bois sont abandonn\u00e9s alors que des baguettes&nbsp;lat\u00e9rales, qui changeront de forme et&nbsp;d&rsquo;\u00e9paisseur jusqu&rsquo;\u00e0 la fin de la production, apparaissent. Le feu arri\u00e8re unique, mont\u00e9 sur pivot avec le support de plaque de sorte que les deux soient visibles lorsque le coffre est ouvert, est remplac\u00e9 par deux feux encastr\u00e9s.<\/p>\n<p>Le Trust Kaiser Frazer fait l&rsquo;acquisition de Willys Overland le 28 avril 1953.<\/p>\n<p>Pour 1954, le nouveau Station Wagon 6-75 (ou 6-226) \u00e0 quatre roues motrices re\u00e7oit une motorisation plus puissante gr\u00e2ce au Kaiser Super-Hurricane 6-226 de 105 chevaux. Le nombre de barres horizontales sur la calandre est r\u00e9duit \u00e0 trois et le septi\u00e8me si\u00e8ge est supprim\u00e9.<\/p>\n<figure id=\"attachment_826\" aria-describedby=\"caption-attachment-826\" style=\"width: 640px\" class=\"wp-caption aligncenter\"><img loading=\"lazy\" decoding=\"async\" class=\"wp-image-826 size-full\" style=\"border: 0px; margin-top: 0px; margin-bottom: 0px;\" title=\"sw_1954\" src=\"https:\/\/www.uscars.biz\/uscars.wordpress\/wp-content\/uploads\/2012\/11\/sw_1954.jpg\" alt=\"\" width=\"640\" height=\"304\" srcset=\"https:\/\/www.uscars.biz\/uscars.wordpress\/wp-content\/uploads\/2012\/11\/sw_1954.jpg 640w, https:\/\/www.uscars.biz\/uscars.wordpress\/wp-content\/uploads\/2012\/11\/sw_1954-300x142.jpg 300w\" sizes=\"auto, (max-width: 640px) 100vw, 640px\" \/><figcaption id=\"caption-attachment-826\" class=\"wp-caption-text\">Station Wagon mod\u00e8le 1954 dans un contexte familial et suburbain<\/figcaption><\/figure>\n<p>&nbsp;<\/p>\n<p>En 1955, le Station Wagon prend l&rsquo;appellation officielle Utility Wagon et la version fourgonette celle de Delivery Wagon. Le Station Wagon 6-75 est d\u00e9sormais aussi disponible en deux roues motrices, ce qui entra\u00eene la disparition du 6-85. Sur le Station Wagon \u00e0 deux roues motrices, la suspension avant \u00e0 roues ind\u00e9pendantes est abandonn\u00e9e pour un essieu rigide. Pour l&rsquo;ann\u00e9e 1956 uniquement, la barre horizontale centrale de la calandre est d\u00e9port\u00e9e vers le haut. Pour 1957, un trou pour le chauffage est pratiqu\u00e9 en bas \u00e0 gauche de la calandre.<\/p>\n<p><img loading=\"lazy\" decoding=\"async\" class=\"size-full wp-image-829 aligncenter\" style=\"border: 0px; margin-top: 0px; margin-bottom: 0px;\" title=\"sw_mavspe_1\" src=\"https:\/\/www.uscars.biz\/uscars.wordpress\/wp-content\/uploads\/2012\/11\/sw_mavspe_1.jpg\" alt=\"\" width=\"320\" height=\"224\" srcset=\"https:\/\/www.uscars.biz\/uscars.wordpress\/wp-content\/uploads\/2012\/11\/sw_mavspe_1.jpg 320w, https:\/\/www.uscars.biz\/uscars.wordpress\/wp-content\/uploads\/2012\/11\/sw_mavspe_1-300x210.jpg 300w\" sizes=\"auto, (max-width: 320px) 100vw, 320px\" \/><\/p>\n<p>&nbsp;<\/p>\n<p>Le Jeep Station Wagon en s\u00e9rie sp\u00e9ciale Maverick est d\u00e9voil\u00e9 en 1958. Disponible en deux roues motrices uniquement, il re\u00e7oit un pare-brise en une seule pi\u00e8ce, des pneus increvables, une peinture, une sellerie et une moquette de coffre sp\u00e9cifiques, des interrupteurs et une colonne de direction peints en noir. Les motorisations disponibles sont le Willys quatre cylindres Hurricane F4-134 du 4-75 de 1958 \u00e0 1961 et le Kaiser six cylindres Super-Hurricane 6-226 du 6-75 de 1959 \u00e0 1961.<\/p>\n<p>En 1960, le pare-brise et la lunette arri\u00e8re sont d&rsquo;une seule pi\u00e8ce sur toute la production, le toit devient plat et l&rsquo;overdrive devient optionnel sur le 4-75 en version deux roues motrices. Cette derni\u00e8re version n&rsquo;est plus produite \u00e0 la fin de cette ann\u00e9e.<\/p>\n<p>A partir de 1962, la gamme est compl\u00e9t\u00e9e avec la commercialisation des Station Wagon 6-230 disponibles en deux et quatre roues motrices et dot\u00e9s de l&rsquo;in\u00e9dit moteur Kaiser six cylindres Tornado 6-230 de 140 chevaux \u00e0 arbre \u00e0 cames en t\u00eate et distribution par cha\u00eene.<\/p>\n<p>En juin 1963, la marque Willys Motors est abandonn\u00e9e pour celle de Kaiser Jeep Corporation. La production se poursuit jusqu&rsquo;en 1965 puis l&rsquo;outillage est exp\u00e9di\u00e9 aux Indes chez Mahindra.<\/p>\n<figure id=\"attachment_830\" aria-describedby=\"caption-attachment-830\" style=\"width: 203px\" class=\"wp-caption aligncenter\"><img loading=\"lazy\" decoding=\"async\" class=\"size-full wp-image-830\" style=\"border: 0px; margin: 0px;\" title=\"sw_speedo_1\" src=\"https:\/\/www.uscars.biz\/uscars.wordpress\/wp-content\/uploads\/2012\/11\/sw_speedo_1.jpg\" alt=\"\" width=\"203\" height=\"160\"><figcaption id=\"caption-attachment-830\" class=\"wp-caption-text\">1946 &#8211; Avril 1950<\/figcaption><\/figure>\n<p>&nbsp;<\/p>\n<figure id=\"attachment_831\" aria-describedby=\"caption-attachment-831\" style=\"width: 202px\" class=\"wp-caption aligncenter\"><img loading=\"lazy\" decoding=\"async\" class=\"size-full wp-image-831\" style=\"border: 0px; margin: 0px;\" title=\"sw_speedo_2\" src=\"https:\/\/www.uscars.biz\/uscars.wordpress\/wp-content\/uploads\/2012\/11\/sw_speedo_2.jpg\" alt=\"\" width=\"202\" height=\"160\"><figcaption id=\"caption-attachment-831\" class=\"wp-caption-text\">Avril 1950 &#8211; 1956<\/figcaption><\/figure>\n<p>&nbsp;<\/p>\n<figure id=\"attachment_832\" aria-describedby=\"caption-attachment-832\" style=\"width: 203px\" class=\"wp-caption aligncenter\"><img loading=\"lazy\" decoding=\"async\" class=\"size-full wp-image-832\" style=\"border: 0px; margin: 0px;\" title=\"sw_speedo_3\" src=\"https:\/\/www.uscars.biz\/uscars.wordpress\/wp-content\/uploads\/2012\/11\/sw_speedo_3.jpg\" alt=\"\" width=\"203\" height=\"160\"><figcaption id=\"caption-attachment-832\" class=\"wp-caption-text\">1956 &#8211; 1965<\/figcaption><\/figure>\n","protected":false},"excerpt":{"rendered":"<p>En 1946, Willys Overland d\u00e9voile le Station Wagon 4-63 dessin\u00e9 par le visionnaire Brook Stevens. Le ch\u00e2ssis de la Jeep originale est port\u00e9 \u00e0 104 pouces d&#8217;empattement. C&rsquo;est le premier break tout acier de l&rsquo;industrie automobile qui ne propose alors que des carrosseries Woody sur structure en bois. N\u00e9anmoins, afin de ne pas heurter le [&hellip;]<\/p>\n","protected":false},"author":1,"featured_media":0,"parent":171,"menu_order":1,"comment_status":"closed","ping_status":"closed","template":"","meta":{"ngg_post_thumbnail":0,"footnotes":""},"class_list":["post-834","page","type-page","status-publish","hentry"],"yoast_head":"<!-- This site is optimized with the Yoast SEO plugin v27.4 - https:\/\/yoast.com\/product\/yoast-seo-wordpress\/ -->\n<title>Historique - US Cars<\/title>\n<meta name=\"robots\" content=\"index, follow, max-snippet:-1, max-image-preview:large, max-video-preview:-1\" \/>\n<link rel=\"canonical\" href=\"https:\/\/www.uscars.biz\/uscars.wordpress\/jeep\/station-wagon\/historique\/\" \/>\n<meta property=\"og:locale\" content=\"fr_FR\" \/>\n<meta property=\"og:type\" content=\"article\" \/>\n<meta property=\"og:title\" content=\"Historique - US Cars\" \/>\n<meta property=\"og:description\" content=\"En 1946, Willys Overland d\u00e9voile le Station Wagon 4-63 dessin\u00e9 par le visionnaire Brook Stevens. Le ch\u00e2ssis de la Jeep originale est port\u00e9 \u00e0 104 pouces d&#8217;empattement. C&rsquo;est le premier break tout acier de l&rsquo;industrie automobile qui ne propose alors que des carrosseries Woody sur structure en bois. N\u00e9anmoins, afin de ne pas heurter le [&hellip;]\" \/>\n<meta property=\"og:url\" content=\"https:\/\/www.uscars.biz\/uscars.wordpress\/jeep\/station-wagon\/historique\/\" \/>\n<meta property=\"og:site_name\" content=\"US Cars\" \/>\n<meta property=\"article:publisher\" content=\"https:\/\/www.facebook.com\/uscars.france\" \/>\n<meta property=\"article:modified_time\" content=\"2025-06-07T15:16:05+00:00\" \/>\n<meta property=\"og:image\" content=\"https:\/\/www.uscars.biz\/uscars.wordpress\/wp-content\/uploads\/2012\/11\/sw_1946.jpg\" \/>\n\t<meta property=\"og:image:width\" content=\"320\" \/>\n\t<meta property=\"og:image:height\" content=\"240\" \/>\n\t<meta property=\"og:image:type\" content=\"image\/jpeg\" \/>\n<meta name=\"twitter:card\" content=\"summary_large_image\" \/>\n<meta name=\"twitter:site\" content=\"@uscarsfrance\" \/>\n<meta name=\"twitter:label1\" content=\"Dur\u00e9e de lecture estim\u00e9e\" \/>\n\t<meta name=\"twitter:data1\" content=\"7 minutes\" \/>\n<script type=\"application\/ld+json\" class=\"yoast-schema-graph\">{\"@context\":\"https:\\\/\\\/schema.org\",\"@graph\":[{\"@type\":\"WebPage\",\"@id\":\"https:\\\/\\\/www.uscars.biz\\\/uscars.wordpress\\\/jeep\\\/station-wagon\\\/historique\\\/\",\"url\":\"https:\\\/\\\/www.uscars.biz\\\/uscars.wordpress\\\/jeep\\\/station-wagon\\\/historique\\\/\",\"name\":\"Historique - US Cars\",\"isPartOf\":{\"@id\":\"https:\\\/\\\/www.uscars.biz\\\/uscars.wordpress\\\/#website\"},\"primaryImageOfPage\":{\"@id\":\"https:\\\/\\\/www.uscars.biz\\\/uscars.wordpress\\\/jeep\\\/station-wagon\\\/historique\\\/#primaryimage\"},\"image\":{\"@id\":\"https:\\\/\\\/www.uscars.biz\\\/uscars.wordpress\\\/jeep\\\/station-wagon\\\/historique\\\/#primaryimage\"},\"thumbnailUrl\":\"https:\\\/\\\/www.uscars.biz\\\/uscars.wordpress\\\/wp-content\\\/uploads\\\/2012\\\/11\\\/sw_1946.jpg\",\"datePublished\":\"2012-11-11T11:20:50+00:00\",\"dateModified\":\"2025-06-07T15:16:05+00:00\",\"breadcrumb\":{\"@id\":\"https:\\\/\\\/www.uscars.biz\\\/uscars.wordpress\\\/jeep\\\/station-wagon\\\/historique\\\/#breadcrumb\"},\"inLanguage\":\"fr-FR\",\"potentialAction\":[{\"@type\":\"ReadAction\",\"target\":[\"https:\\\/\\\/www.uscars.biz\\\/uscars.wordpress\\\/jeep\\\/station-wagon\\\/historique\\\/\"]}]},{\"@type\":\"ImageObject\",\"inLanguage\":\"fr-FR\",\"@id\":\"https:\\\/\\\/www.uscars.biz\\\/uscars.wordpress\\\/jeep\\\/station-wagon\\\/historique\\\/#primaryimage\",\"url\":\"https:\\\/\\\/www.uscars.biz\\\/uscars.wordpress\\\/wp-content\\\/uploads\\\/2012\\\/11\\\/sw_1946.jpg\",\"contentUrl\":\"https:\\\/\\\/www.uscars.biz\\\/uscars.wordpress\\\/wp-content\\\/uploads\\\/2012\\\/11\\\/sw_1946.jpg\",\"width\":\"320\",\"height\":\"240\"},{\"@type\":\"BreadcrumbList\",\"@id\":\"https:\\\/\\\/www.uscars.biz\\\/uscars.wordpress\\\/jeep\\\/station-wagon\\\/historique\\\/#breadcrumb\",\"itemListElement\":[{\"@type\":\"ListItem\",\"position\":1,\"name\":\"Accueil\",\"item\":\"https:\\\/\\\/www.uscars.biz\\\/uscars.wordpress\\\/\"},{\"@type\":\"ListItem\",\"position\":2,\"name\":\"Jeep\",\"item\":\"https:\\\/\\\/www.uscars.biz\\\/uscars.wordpress\\\/jeep\\\/\"},{\"@type\":\"ListItem\",\"position\":3,\"name\":\"Jeep Station Wagon de 1946 \u00e0 1965\",\"item\":\"https:\\\/\\\/www.uscars.biz\\\/uscars.wordpress\\\/jeep\\\/station-wagon\\\/\"},{\"@type\":\"ListItem\",\"position\":4,\"name\":\"Historique\"}]},{\"@type\":\"WebSite\",\"@id\":\"https:\\\/\\\/www.uscars.biz\\\/uscars.wordpress\\\/#website\",\"url\":\"https:\\\/\\\/www.uscars.biz\\\/uscars.wordpress\\\/\",\"name\":\"US Cars\",\"description\":\"La passion des voitures am\u00e9ricaines\",\"publisher\":{\"@id\":\"https:\\\/\\\/www.uscars.biz\\\/uscars.wordpress\\\/#organization\"},\"potentialAction\":[{\"@type\":\"SearchAction\",\"target\":{\"@type\":\"EntryPoint\",\"urlTemplate\":\"https:\\\/\\\/www.uscars.biz\\\/uscars.wordpress\\\/?s={search_term_string}\"},\"query-input\":{\"@type\":\"PropertyValueSpecification\",\"valueRequired\":true,\"valueName\":\"search_term_string\"}}],\"inLanguage\":\"fr-FR\"},{\"@type\":\"Organization\",\"@id\":\"https:\\\/\\\/www.uscars.biz\\\/uscars.wordpress\\\/#organization\",\"name\":\"US Cars\",\"url\":\"https:\\\/\\\/www.uscars.biz\\\/uscars.wordpress\\\/\",\"logo\":{\"@type\":\"ImageObject\",\"inLanguage\":\"fr-FR\",\"@id\":\"https:\\\/\\\/www.uscars.biz\\\/uscars.wordpress\\\/#\\\/schema\\\/logo\\\/image\\\/\",\"url\":\"https:\\\/\\\/www.uscars.biz\\\/uscars.wordpress\\\/wp-content\\\/uploads\\\/2016\\\/09\\\/cropped-uscars_carre_512x512.png\",\"contentUrl\":\"https:\\\/\\\/www.uscars.biz\\\/uscars.wordpress\\\/wp-content\\\/uploads\\\/2016\\\/09\\\/cropped-uscars_carre_512x512.png\",\"width\":512,\"height\":512,\"caption\":\"US Cars\"},\"image\":{\"@id\":\"https:\\\/\\\/www.uscars.biz\\\/uscars.wordpress\\\/#\\\/schema\\\/logo\\\/image\\\/\"},\"sameAs\":[\"https:\\\/\\\/www.facebook.com\\\/uscars.france\",\"https:\\\/\\\/x.com\\\/uscarsfrance\",\"https:\\\/\\\/www.youtube.com\\\/user\\\/uscarsdotbiz\"]}]}<\/script>\n<!-- \/ Yoast SEO plugin. -->","yoast_head_json":{"title":"Historique - US Cars","robots":{"index":"index","follow":"follow","max-snippet":"max-snippet:-1","max-image-preview":"max-image-preview:large","max-video-preview":"max-video-preview:-1"},"canonical":"https:\/\/www.uscars.biz\/uscars.wordpress\/jeep\/station-wagon\/historique\/","og_locale":"fr_FR","og_type":"article","og_title":"Historique - US Cars","og_description":"En 1946, Willys Overland d\u00e9voile le Station Wagon 4-63 dessin\u00e9 par le visionnaire Brook Stevens. Le ch\u00e2ssis de la Jeep originale est port\u00e9 \u00e0 104 pouces d&#8217;empattement. C&rsquo;est le premier break tout acier de l&rsquo;industrie automobile qui ne propose alors que des carrosseries Woody sur structure en bois. N\u00e9anmoins, afin de ne pas heurter le [&hellip;]","og_url":"https:\/\/www.uscars.biz\/uscars.wordpress\/jeep\/station-wagon\/historique\/","og_site_name":"US Cars","article_publisher":"https:\/\/www.facebook.com\/uscars.france","article_modified_time":"2025-06-07T15:16:05+00:00","og_image":[{"width":320,"height":240,"url":"https:\/\/www.uscars.biz\/uscars.wordpress\/wp-content\/uploads\/2012\/11\/sw_1946.jpg","type":"image\/jpeg"}],"twitter_card":"summary_large_image","twitter_site":"@uscarsfrance","twitter_misc":{"Dur\u00e9e de lecture estim\u00e9e":"7 minutes"},"schema":{"@context":"https:\/\/schema.org","@graph":[{"@type":"WebPage","@id":"https:\/\/www.uscars.biz\/uscars.wordpress\/jeep\/station-wagon\/historique\/","url":"https:\/\/www.uscars.biz\/uscars.wordpress\/jeep\/station-wagon\/historique\/","name":"Historique - US Cars","isPartOf":{"@id":"https:\/\/www.uscars.biz\/uscars.wordpress\/#website"},"primaryImageOfPage":{"@id":"https:\/\/www.uscars.biz\/uscars.wordpress\/jeep\/station-wagon\/historique\/#primaryimage"},"image":{"@id":"https:\/\/www.uscars.biz\/uscars.wordpress\/jeep\/station-wagon\/historique\/#primaryimage"},"thumbnailUrl":"https:\/\/www.uscars.biz\/uscars.wordpress\/wp-content\/uploads\/2012\/11\/sw_1946.jpg","datePublished":"2012-11-11T11:20:50+00:00","dateModified":"2025-06-07T15:16:05+00:00","breadcrumb":{"@id":"https:\/\/www.uscars.biz\/uscars.wordpress\/jeep\/station-wagon\/historique\/#breadcrumb"},"inLanguage":"fr-FR","potentialAction":[{"@type":"ReadAction","target":["https:\/\/www.uscars.biz\/uscars.wordpress\/jeep\/station-wagon\/historique\/"]}]},{"@type":"ImageObject","inLanguage":"fr-FR","@id":"https:\/\/www.uscars.biz\/uscars.wordpress\/jeep\/station-wagon\/historique\/#primaryimage","url":"https:\/\/www.uscars.biz\/uscars.wordpress\/wp-content\/uploads\/2012\/11\/sw_1946.jpg","contentUrl":"https:\/\/www.uscars.biz\/uscars.wordpress\/wp-content\/uploads\/2012\/11\/sw_1946.jpg","width":"320","height":"240"},{"@type":"BreadcrumbList","@id":"https:\/\/www.uscars.biz\/uscars.wordpress\/jeep\/station-wagon\/historique\/#breadcrumb","itemListElement":[{"@type":"ListItem","position":1,"name":"Accueil","item":"https:\/\/www.uscars.biz\/uscars.wordpress\/"},{"@type":"ListItem","position":2,"name":"Jeep","item":"https:\/\/www.uscars.biz\/uscars.wordpress\/jeep\/"},{"@type":"ListItem","position":3,"name":"Jeep Station Wagon de 1946 \u00e0 1965","item":"https:\/\/www.uscars.biz\/uscars.wordpress\/jeep\/station-wagon\/"},{"@type":"ListItem","position":4,"name":"Historique"}]},{"@type":"WebSite","@id":"https:\/\/www.uscars.biz\/uscars.wordpress\/#website","url":"https:\/\/www.uscars.biz\/uscars.wordpress\/","name":"US Cars","description":"La passion des voitures am\u00e9ricaines","publisher":{"@id":"https:\/\/www.uscars.biz\/uscars.wordpress\/#organization"},"potentialAction":[{"@type":"SearchAction","target":{"@type":"EntryPoint","urlTemplate":"https:\/\/www.uscars.biz\/uscars.wordpress\/?s={search_term_string}"},"query-input":{"@type":"PropertyValueSpecification","valueRequired":true,"valueName":"search_term_string"}}],"inLanguage":"fr-FR"},{"@type":"Organization","@id":"https:\/\/www.uscars.biz\/uscars.wordpress\/#organization","name":"US Cars","url":"https:\/\/www.uscars.biz\/uscars.wordpress\/","logo":{"@type":"ImageObject","inLanguage":"fr-FR","@id":"https:\/\/www.uscars.biz\/uscars.wordpress\/#\/schema\/logo\/image\/","url":"https:\/\/www.uscars.biz\/uscars.wordpress\/wp-content\/uploads\/2016\/09\/cropped-uscars_carre_512x512.png","contentUrl":"https:\/\/www.uscars.biz\/uscars.wordpress\/wp-content\/uploads\/2016\/09\/cropped-uscars_carre_512x512.png","width":512,"height":512,"caption":"US Cars"},"image":{"@id":"https:\/\/www.uscars.biz\/uscars.wordpress\/#\/schema\/logo\/image\/"},"sameAs":["https:\/\/www.facebook.com\/uscars.france","https:\/\/x.com\/uscarsfrance","https:\/\/www.youtube.com\/user\/uscarsdotbiz"]}]}},"jetpack_sharing_enabled":true,"jetpack_shortlink":"https:\/\/wp.me\/P2RQDg-ds","_links":{"self":[{"href":"https:\/\/www.uscars.biz\/uscars.wordpress\/wp-json\/wp\/v2\/pages\/834","targetHints":{"allow":["GET"]}}],"collection":[{"href":"https:\/\/www.uscars.biz\/uscars.wordpress\/wp-json\/wp\/v2\/pages"}],"about":[{"href":"https:\/\/www.uscars.biz\/uscars.wordpress\/wp-json\/wp\/v2\/types\/page"}],"author":[{"embeddable":true,"href":"https:\/\/www.uscars.biz\/uscars.wordpress\/wp-json\/wp\/v2\/users\/1"}],"replies":[{"embeddable":true,"href":"https:\/\/www.uscars.biz\/uscars.wordpress\/wp-json\/wp\/v2\/comments?post=834"}],"version-history":[{"count":143,"href":"https:\/\/www.uscars.biz\/uscars.wordpress\/wp-json\/wp\/v2\/pages\/834\/revisions"}],"predecessor-version":[{"id":1022023,"href":"https:\/\/www.uscars.biz\/uscars.wordpress\/wp-json\/wp\/v2\/pages\/834\/revisions\/1022023"}],"up":[{"embeddable":true,"href":"https:\/\/www.uscars.biz\/uscars.wordpress\/wp-json\/wp\/v2\/pages\/171"}],"wp:attachment":[{"href":"https:\/\/www.uscars.biz\/uscars.wordpress\/wp-json\/wp\/v2\/media?parent=834"}],"curies":[{"name":"wp","href":"https:\/\/api.w.org\/{rel}","templated":true}]}}