{"id":976,"date":"2012-11-17T18:15:10","date_gmt":"2012-11-17T17:15:10","guid":{"rendered":"http:\/\/www.uscars.biz\/uscars.wordpress\/?page_id=976"},"modified":"2025-06-07T17:16:18","modified_gmt":"2025-06-07T15:16:18","slug":"chassis","status":"publish","type":"page","link":"https:\/\/www.uscars.biz\/uscars.wordpress\/jeep\/station-wagon\/chassis\/","title":{"rendered":"Ch\u00e2ssis"},"content":{"rendered":"<table style=\"width: 100%;\" border=\"1\" cellspacing=\"2\" cellpadding=\"0\">\n<tbody>\n<tr>\n<td width=\"30%\">Freins avant<\/td>\n<td width=\"70%\">Tambours<\/td>\n<\/tr>\n<tr>\n<td width=\"30%\">Freins arri\u00e8re<\/td>\n<td width=\"70%\">Tambours<\/td>\n<\/tr>\n<tr>\n<td width=\"30%\">Direction<\/td>\n<td width=\"70%\">A bo\u00eetier<\/td>\n<\/tr>\n<tr>\n<td width=\"30%\">Essieu avant 1946\/1954<\/td>\n<td width=\"70%\">Roues ind\u00e9pendantes<\/td>\n<\/tr>\n<tr>\n<td width=\"30%\">Essieu avant 1955\/1965<\/td>\n<td width=\"70%\">Rigide<\/td>\n<\/tr>\n<tr>\n<td width=\"30%\">Essieu arri\u00e8re<\/td>\n<td width=\"70%\">Rigide<\/td>\n<\/tr>\n<tr>\n<td width=\"30%\">Suspension avant 4&#215;2 1946\/1954<\/td>\n<td width=\"70%\">Ressort \u00e0 lames transversal &#8211; Amortisseurs t\u00e9lescopiques<\/td>\n<\/tr>\n<tr>\n<td width=\"30%\">Suspension avant 4&#215;2 1955\/1965<\/td>\n<td width=\"70%\">Ressorts \u00e0 lames &#8211; Amortisseurs t\u00e9lescopiques<\/td>\n<\/tr>\n<tr>\n<td width=\"30%\">Suspension avant 4&#215;4<\/td>\n<td width=\"70%\">Ressorts \u00e0 lames &#8211; Amortisseurs t\u00e9lescopiques<\/td>\n<\/tr>\n<tr>\n<td width=\"30%\">Suspension arri\u00e8re<\/td>\n<td width=\"70%\">Ressorts \u00e0 lames &#8211; Amortisseurs t\u00e9lescopiques<\/td>\n<\/tr>\n<tr>\n<td width=\"30%\">Poids \u00e0 vide 4&#215;2<\/td>\n<td width=\"70%\">1358 kg<\/td>\n<\/tr>\n<tr>\n<td width=\"30%\">Poids \u00e0 vide 4&#215;4<\/td>\n<td width=\"70%\">1464 kg<\/td>\n<\/tr>\n<tr>\n<td width=\"30%\">Dimensions 4&#215;2<\/td>\n<td width=\"70%\">Longueur 445 cm &#8211; Largeur 182 cm &#8211; Hauteur 185 cm &#8211; Empattement 264 cm<\/td>\n<\/tr>\n<tr>\n<td width=\"30%\">Dimensions 4&#215;4<\/td>\n<td width=\"70%\">Longueur 445 cm &#8211; Largeur 182 cm &#8211; Hauteur 191 cm &#8211; Empattement 265 cm<\/td>\n<\/tr>\n<\/tbody>\n<\/table>\n","protected":false},"excerpt":{"rendered":"<p>Freins avant Tambours Freins arri\u00e8re Tambours Direction A bo\u00eetier Essieu avant 1946\/1954 Roues ind\u00e9pendantes Essieu avant 1955\/1965 Rigide Essieu arri\u00e8re Rigide Suspension avant 4&#215;2 1946\/1954 Ressort \u00e0 lames transversal &#8211; Amortisseurs t\u00e9lescopiques Suspension avant 4&#215;2 1955\/1965 Ressorts \u00e0 lames &#8211; Amortisseurs t\u00e9lescopiques Suspension avant 4&#215;4 Ressorts \u00e0 lames &#8211; Amortisseurs t\u00e9lescopiques Suspension arri\u00e8re Ressorts \u00e0 [&hellip;]<\/p>\n","protected":false},"author":1,"featured_media":0,"parent":171,"menu_order":3,"comment_status":"closed","ping_status":"closed","template":"","meta":{"ngg_post_thumbnail":0,"footnotes":""},"class_list":["post-976","page","type-page","status-publish","hentry"],"yoast_head":"<!-- This site is optimized with the Yoast SEO plugin v27.3 - https:\/\/yoast.com\/product\/yoast-seo-wordpress\/ -->\n<title>Ch\u00e2ssis - US Cars<\/title>\n<meta name=\"robots\" content=\"index, follow, max-snippet:-1, max-image-preview:large, max-video-preview:-1\" \/>\n<link rel=\"canonical\" href=\"https:\/\/www.uscars.biz\/uscars.wordpress\/jeep\/station-wagon\/chassis\/\" \/>\n<meta property=\"og:locale\" content=\"fr_FR\" \/>\n<meta property=\"og:type\" content=\"article\" \/>\n<meta property=\"og:title\" content=\"Ch\u00e2ssis - US Cars\" \/>\n<meta property=\"og:description\" content=\"Freins avant Tambours Freins arri\u00e8re Tambours Direction A bo\u00eetier Essieu avant 1946\/1954 Roues ind\u00e9pendantes Essieu avant 1955\/1965 Rigide Essieu arri\u00e8re Rigide Suspension avant 4&#215;2 1946\/1954 Ressort \u00e0 lames transversal &#8211; Amortisseurs t\u00e9lescopiques Suspension avant 4&#215;2 1955\/1965 Ressorts \u00e0 lames &#8211; Amortisseurs t\u00e9lescopiques Suspension avant 4&#215;4 Ressorts \u00e0 lames &#8211; Amortisseurs t\u00e9lescopiques Suspension arri\u00e8re Ressorts \u00e0 [&hellip;]\" \/>\n<meta property=\"og:url\" content=\"https:\/\/www.uscars.biz\/uscars.wordpress\/jeep\/station-wagon\/chassis\/\" \/>\n<meta property=\"og:site_name\" content=\"US Cars\" \/>\n<meta property=\"article:publisher\" content=\"https:\/\/www.facebook.com\/uscars.france\" \/>\n<meta property=\"article:modified_time\" content=\"2025-06-07T15:16:18+00:00\" \/>\n<meta name=\"twitter:card\" content=\"summary_large_image\" \/>\n<meta name=\"twitter:site\" content=\"@uscarsfrance\" \/>\n<script type=\"application\/ld+json\" class=\"yoast-schema-graph\">{\"@context\":\"https:\\\/\\\/schema.org\",\"@graph\":[{\"@type\":\"WebPage\",\"@id\":\"https:\\\/\\\/www.uscars.biz\\\/uscars.wordpress\\\/jeep\\\/station-wagon\\\/chassis\\\/\",\"url\":\"https:\\\/\\\/www.uscars.biz\\\/uscars.wordpress\\\/jeep\\\/station-wagon\\\/chassis\\\/\",\"name\":\"Ch\u00e2ssis - US Cars\",\"isPartOf\":{\"@id\":\"https:\\\/\\\/www.uscars.biz\\\/uscars.wordpress\\\/#website\"},\"datePublished\":\"2012-11-17T17:15:10+00:00\",\"dateModified\":\"2025-06-07T15:16:18+00:00\",\"breadcrumb\":{\"@id\":\"https:\\\/\\\/www.uscars.biz\\\/uscars.wordpress\\\/jeep\\\/station-wagon\\\/chassis\\\/#breadcrumb\"},\"inLanguage\":\"fr-FR\",\"potentialAction\":[{\"@type\":\"ReadAction\",\"target\":[\"https:\\\/\\\/www.uscars.biz\\\/uscars.wordpress\\\/jeep\\\/station-wagon\\\/chassis\\\/\"]}]},{\"@type\":\"BreadcrumbList\",\"@id\":\"https:\\\/\\\/www.uscars.biz\\\/uscars.wordpress\\\/jeep\\\/station-wagon\\\/chassis\\\/#breadcrumb\",\"itemListElement\":[{\"@type\":\"ListItem\",\"position\":1,\"name\":\"Accueil\",\"item\":\"https:\\\/\\\/www.uscars.biz\\\/uscars.wordpress\\\/\"},{\"@type\":\"ListItem\",\"position\":2,\"name\":\"Jeep\",\"item\":\"https:\\\/\\\/www.uscars.biz\\\/uscars.wordpress\\\/jeep\\\/\"},{\"@type\":\"ListItem\",\"position\":3,\"name\":\"Jeep Station Wagon de 1946 \u00e0 1965\",\"item\":\"https:\\\/\\\/www.uscars.biz\\\/uscars.wordpress\\\/jeep\\\/station-wagon\\\/\"},{\"@type\":\"ListItem\",\"position\":4,\"name\":\"Ch\u00e2ssis\"}]},{\"@type\":\"WebSite\",\"@id\":\"https:\\\/\\\/www.uscars.biz\\\/uscars.wordpress\\\/#website\",\"url\":\"https:\\\/\\\/www.uscars.biz\\\/uscars.wordpress\\\/\",\"name\":\"US Cars\",\"description\":\"La passion des voitures am\u00e9ricaines\",\"publisher\":{\"@id\":\"https:\\\/\\\/www.uscars.biz\\\/uscars.wordpress\\\/#organization\"},\"potentialAction\":[{\"@type\":\"SearchAction\",\"target\":{\"@type\":\"EntryPoint\",\"urlTemplate\":\"https:\\\/\\\/www.uscars.biz\\\/uscars.wordpress\\\/?s={search_term_string}\"},\"query-input\":{\"@type\":\"PropertyValueSpecification\",\"valueRequired\":true,\"valueName\":\"search_term_string\"}}],\"inLanguage\":\"fr-FR\"},{\"@type\":\"Organization\",\"@id\":\"https:\\\/\\\/www.uscars.biz\\\/uscars.wordpress\\\/#organization\",\"name\":\"US Cars\",\"url\":\"https:\\\/\\\/www.uscars.biz\\\/uscars.wordpress\\\/\",\"logo\":{\"@type\":\"ImageObject\",\"inLanguage\":\"fr-FR\",\"@id\":\"https:\\\/\\\/www.uscars.biz\\\/uscars.wordpress\\\/#\\\/schema\\\/logo\\\/image\\\/\",\"url\":\"https:\\\/\\\/www.uscars.biz\\\/uscars.wordpress\\\/wp-content\\\/uploads\\\/2016\\\/09\\\/cropped-uscars_carre_512x512.png\",\"contentUrl\":\"https:\\\/\\\/www.uscars.biz\\\/uscars.wordpress\\\/wp-content\\\/uploads\\\/2016\\\/09\\\/cropped-uscars_carre_512x512.png\",\"width\":512,\"height\":512,\"caption\":\"US Cars\"},\"image\":{\"@id\":\"https:\\\/\\\/www.uscars.biz\\\/uscars.wordpress\\\/#\\\/schema\\\/logo\\\/image\\\/\"},\"sameAs\":[\"https:\\\/\\\/www.facebook.com\\\/uscars.france\",\"https:\\\/\\\/x.com\\\/uscarsfrance\",\"https:\\\/\\\/www.youtube.com\\\/user\\\/uscarsdotbiz\"]}]}<\/script>\n<!-- \/ Yoast SEO plugin. -->","yoast_head_json":{"title":"Ch\u00e2ssis - US Cars","robots":{"index":"index","follow":"follow","max-snippet":"max-snippet:-1","max-image-preview":"max-image-preview:large","max-video-preview":"max-video-preview:-1"},"canonical":"https:\/\/www.uscars.biz\/uscars.wordpress\/jeep\/station-wagon\/chassis\/","og_locale":"fr_FR","og_type":"article","og_title":"Ch\u00e2ssis - US Cars","og_description":"Freins avant Tambours Freins arri\u00e8re Tambours Direction A bo\u00eetier Essieu avant 1946\/1954 Roues ind\u00e9pendantes Essieu avant 1955\/1965 Rigide Essieu arri\u00e8re Rigide Suspension avant 4&#215;2 1946\/1954 Ressort \u00e0 lames transversal &#8211; Amortisseurs t\u00e9lescopiques Suspension avant 4&#215;2 1955\/1965 Ressorts \u00e0 lames &#8211; Amortisseurs t\u00e9lescopiques Suspension avant 4&#215;4 Ressorts \u00e0 lames &#8211; Amortisseurs t\u00e9lescopiques Suspension arri\u00e8re Ressorts \u00e0 [&hellip;]","og_url":"https:\/\/www.uscars.biz\/uscars.wordpress\/jeep\/station-wagon\/chassis\/","og_site_name":"US Cars","article_publisher":"https:\/\/www.facebook.com\/uscars.france","article_modified_time":"2025-06-07T15:16:18+00:00","twitter_card":"summary_large_image","twitter_site":"@uscarsfrance","schema":{"@context":"https:\/\/schema.org","@graph":[{"@type":"WebPage","@id":"https:\/\/www.uscars.biz\/uscars.wordpress\/jeep\/station-wagon\/chassis\/","url":"https:\/\/www.uscars.biz\/uscars.wordpress\/jeep\/station-wagon\/chassis\/","name":"Ch\u00e2ssis - US Cars","isPartOf":{"@id":"https:\/\/www.uscars.biz\/uscars.wordpress\/#website"},"datePublished":"2012-11-17T17:15:10+00:00","dateModified":"2025-06-07T15:16:18+00:00","breadcrumb":{"@id":"https:\/\/www.uscars.biz\/uscars.wordpress\/jeep\/station-wagon\/chassis\/#breadcrumb"},"inLanguage":"fr-FR","potentialAction":[{"@type":"ReadAction","target":["https:\/\/www.uscars.biz\/uscars.wordpress\/jeep\/station-wagon\/chassis\/"]}]},{"@type":"BreadcrumbList","@id":"https:\/\/www.uscars.biz\/uscars.wordpress\/jeep\/station-wagon\/chassis\/#breadcrumb","itemListElement":[{"@type":"ListItem","position":1,"name":"Accueil","item":"https:\/\/www.uscars.biz\/uscars.wordpress\/"},{"@type":"ListItem","position":2,"name":"Jeep","item":"https:\/\/www.uscars.biz\/uscars.wordpress\/jeep\/"},{"@type":"ListItem","position":3,"name":"Jeep Station Wagon de 1946 \u00e0 1965","item":"https:\/\/www.uscars.biz\/uscars.wordpress\/jeep\/station-wagon\/"},{"@type":"ListItem","position":4,"name":"Ch\u00e2ssis"}]},{"@type":"WebSite","@id":"https:\/\/www.uscars.biz\/uscars.wordpress\/#website","url":"https:\/\/www.uscars.biz\/uscars.wordpress\/","name":"US Cars","description":"La passion des voitures am\u00e9ricaines","publisher":{"@id":"https:\/\/www.uscars.biz\/uscars.wordpress\/#organization"},"potentialAction":[{"@type":"SearchAction","target":{"@type":"EntryPoint","urlTemplate":"https:\/\/www.uscars.biz\/uscars.wordpress\/?s={search_term_string}"},"query-input":{"@type":"PropertyValueSpecification","valueRequired":true,"valueName":"search_term_string"}}],"inLanguage":"fr-FR"},{"@type":"Organization","@id":"https:\/\/www.uscars.biz\/uscars.wordpress\/#organization","name":"US Cars","url":"https:\/\/www.uscars.biz\/uscars.wordpress\/","logo":{"@type":"ImageObject","inLanguage":"fr-FR","@id":"https:\/\/www.uscars.biz\/uscars.wordpress\/#\/schema\/logo\/image\/","url":"https:\/\/www.uscars.biz\/uscars.wordpress\/wp-content\/uploads\/2016\/09\/cropped-uscars_carre_512x512.png","contentUrl":"https:\/\/www.uscars.biz\/uscars.wordpress\/wp-content\/uploads\/2016\/09\/cropped-uscars_carre_512x512.png","width":512,"height":512,"caption":"US Cars"},"image":{"@id":"https:\/\/www.uscars.biz\/uscars.wordpress\/#\/schema\/logo\/image\/"},"sameAs":["https:\/\/www.facebook.com\/uscars.france","https:\/\/x.com\/uscarsfrance","https:\/\/www.youtube.com\/user\/uscarsdotbiz"]}]}},"jetpack_sharing_enabled":true,"jetpack_shortlink":"https:\/\/wp.me\/P2RQDg-fK","_links":{"self":[{"href":"https:\/\/www.uscars.biz\/uscars.wordpress\/wp-json\/wp\/v2\/pages\/976","targetHints":{"allow":["GET"]}}],"collection":[{"href":"https:\/\/www.uscars.biz\/uscars.wordpress\/wp-json\/wp\/v2\/pages"}],"about":[{"href":"https:\/\/www.uscars.biz\/uscars.wordpress\/wp-json\/wp\/v2\/types\/page"}],"author":[{"embeddable":true,"href":"https:\/\/www.uscars.biz\/uscars.wordpress\/wp-json\/wp\/v2\/users\/1"}],"replies":[{"embeddable":true,"href":"https:\/\/www.uscars.biz\/uscars.wordpress\/wp-json\/wp\/v2\/comments?post=976"}],"version-history":[{"count":6,"href":"https:\/\/www.uscars.biz\/uscars.wordpress\/wp-json\/wp\/v2\/pages\/976\/revisions"}],"predecessor-version":[{"id":1022025,"href":"https:\/\/www.uscars.biz\/uscars.wordpress\/wp-json\/wp\/v2\/pages\/976\/revisions\/1022025"}],"up":[{"embeddable":true,"href":"https:\/\/www.uscars.biz\/uscars.wordpress\/wp-json\/wp\/v2\/pages\/171"}],"wp:attachment":[{"href":"https:\/\/www.uscars.biz\/uscars.wordpress\/wp-json\/wp\/v2\/media?parent=976"}],"curies":[{"name":"wp","href":"https:\/\/api.w.org\/{rel}","templated":true}]}}