{"id":978,"date":"2012-11-17T18:16:46","date_gmt":"2012-11-17T17:16:46","guid":{"rendered":"http:\/\/www.uscars.biz\/uscars.wordpress\/?page_id=978"},"modified":"2025-06-07T17:16:25","modified_gmt":"2025-06-07T15:16:25","slug":"galerie","status":"publish","type":"page","link":"https:\/\/www.uscars.biz\/uscars.wordpress\/jeep\/station-wagon\/galerie\/","title":{"rendered":"Galerie"},"content":{"rendered":"ngg_shortcode_0_placeholder\n<p>&nbsp;<\/p>\n<p><strong>Photo 5 (jsw_1949_a1)<\/strong><br \/>\nPour f\u00eater le soixanti\u00e8me anniversaire de la Jeep, le Walter P. Chrysler Museum organise \u00e0 la fin de l&rsquo;ann\u00e9e 2001 une exposition de v\u00e9hicules construits par Willys Overland, Willys Motors, Kaiser Jeep et AMC Jeep Corporation.<\/p>\n","protected":false},"excerpt":{"rendered":"<p>&nbsp; Photo 5 (jsw_1949_a1) Pour f\u00eater le soixanti\u00e8me anniversaire de la Jeep, le Walter P. Chrysler Museum organise \u00e0 la fin de l&rsquo;ann\u00e9e 2001 une exposition de v\u00e9hicules construits par Willys Overland, Willys Motors, Kaiser Jeep et AMC Jeep Corporation.<\/p>\n","protected":false},"author":1,"featured_media":0,"parent":171,"menu_order":4,"comment_status":"closed","ping_status":"closed","template":"","meta":{"ngg_post_thumbnail":0,"footnotes":""},"class_list":["post-978","page","type-page","status-publish","hentry"],"yoast_head":"<!-- This site is optimized with the Yoast SEO plugin v27.3 - https:\/\/yoast.com\/product\/yoast-seo-wordpress\/ -->\n<title>Galerie - US Cars<\/title>\n<meta name=\"robots\" content=\"index, follow, max-snippet:-1, max-image-preview:large, max-video-preview:-1\" \/>\n<link rel=\"canonical\" href=\"https:\/\/www.uscars.biz\/uscars.wordpress\/jeep\/station-wagon\/galerie\/\" \/>\n<meta property=\"og:locale\" content=\"fr_FR\" \/>\n<meta property=\"og:type\" content=\"article\" \/>\n<meta property=\"og:title\" content=\"Galerie - US Cars\" \/>\n<meta property=\"og:description\" content=\"&nbsp; Photo 5 (jsw_1949_a1) Pour f\u00eater le soixanti\u00e8me anniversaire de la Jeep, le Walter P. Chrysler Museum organise \u00e0 la fin de l&rsquo;ann\u00e9e 2001 une exposition de v\u00e9hicules construits par Willys Overland, Willys Motors, Kaiser Jeep et AMC Jeep Corporation.\" \/>\n<meta property=\"og:url\" content=\"https:\/\/www.uscars.biz\/uscars.wordpress\/jeep\/station-wagon\/galerie\/\" \/>\n<meta property=\"og:site_name\" content=\"US Cars\" \/>\n<meta property=\"article:publisher\" content=\"https:\/\/www.facebook.com\/uscars.france\" \/>\n<meta property=\"article:modified_time\" content=\"2025-06-07T15:16:25+00:00\" \/>\n<meta name=\"twitter:card\" content=\"summary_large_image\" \/>\n<meta name=\"twitter:site\" content=\"@uscarsfrance\" \/>\n<script type=\"application\/ld+json\" class=\"yoast-schema-graph\">{\"@context\":\"https:\\\/\\\/schema.org\",\"@graph\":[{\"@type\":\"WebPage\",\"@id\":\"https:\\\/\\\/www.uscars.biz\\\/uscars.wordpress\\\/jeep\\\/station-wagon\\\/galerie\\\/\",\"url\":\"https:\\\/\\\/www.uscars.biz\\\/uscars.wordpress\\\/jeep\\\/station-wagon\\\/galerie\\\/\",\"name\":\"Galerie - US Cars\",\"isPartOf\":{\"@id\":\"https:\\\/\\\/www.uscars.biz\\\/uscars.wordpress\\\/#website\"},\"datePublished\":\"2012-11-17T17:16:46+00:00\",\"dateModified\":\"2025-06-07T15:16:25+00:00\",\"breadcrumb\":{\"@id\":\"https:\\\/\\\/www.uscars.biz\\\/uscars.wordpress\\\/jeep\\\/station-wagon\\\/galerie\\\/#breadcrumb\"},\"inLanguage\":\"fr-FR\",\"potentialAction\":[{\"@type\":\"ReadAction\",\"target\":[\"https:\\\/\\\/www.uscars.biz\\\/uscars.wordpress\\\/jeep\\\/station-wagon\\\/galerie\\\/\"]}]},{\"@type\":\"BreadcrumbList\",\"@id\":\"https:\\\/\\\/www.uscars.biz\\\/uscars.wordpress\\\/jeep\\\/station-wagon\\\/galerie\\\/#breadcrumb\",\"itemListElement\":[{\"@type\":\"ListItem\",\"position\":1,\"name\":\"Accueil\",\"item\":\"https:\\\/\\\/www.uscars.biz\\\/uscars.wordpress\\\/\"},{\"@type\":\"ListItem\",\"position\":2,\"name\":\"Jeep\",\"item\":\"https:\\\/\\\/www.uscars.biz\\\/uscars.wordpress\\\/jeep\\\/\"},{\"@type\":\"ListItem\",\"position\":3,\"name\":\"Jeep Station Wagon de 1946 \u00e0 1965\",\"item\":\"https:\\\/\\\/www.uscars.biz\\\/uscars.wordpress\\\/jeep\\\/station-wagon\\\/\"},{\"@type\":\"ListItem\",\"position\":4,\"name\":\"Galerie\"}]},{\"@type\":\"WebSite\",\"@id\":\"https:\\\/\\\/www.uscars.biz\\\/uscars.wordpress\\\/#website\",\"url\":\"https:\\\/\\\/www.uscars.biz\\\/uscars.wordpress\\\/\",\"name\":\"US Cars\",\"description\":\"La passion des voitures am\u00e9ricaines\",\"publisher\":{\"@id\":\"https:\\\/\\\/www.uscars.biz\\\/uscars.wordpress\\\/#organization\"},\"potentialAction\":[{\"@type\":\"SearchAction\",\"target\":{\"@type\":\"EntryPoint\",\"urlTemplate\":\"https:\\\/\\\/www.uscars.biz\\\/uscars.wordpress\\\/?s={search_term_string}\"},\"query-input\":{\"@type\":\"PropertyValueSpecification\",\"valueRequired\":true,\"valueName\":\"search_term_string\"}}],\"inLanguage\":\"fr-FR\"},{\"@type\":\"Organization\",\"@id\":\"https:\\\/\\\/www.uscars.biz\\\/uscars.wordpress\\\/#organization\",\"name\":\"US Cars\",\"url\":\"https:\\\/\\\/www.uscars.biz\\\/uscars.wordpress\\\/\",\"logo\":{\"@type\":\"ImageObject\",\"inLanguage\":\"fr-FR\",\"@id\":\"https:\\\/\\\/www.uscars.biz\\\/uscars.wordpress\\\/#\\\/schema\\\/logo\\\/image\\\/\",\"url\":\"https:\\\/\\\/www.uscars.biz\\\/uscars.wordpress\\\/wp-content\\\/uploads\\\/2016\\\/09\\\/cropped-uscars_carre_512x512.png\",\"contentUrl\":\"https:\\\/\\\/www.uscars.biz\\\/uscars.wordpress\\\/wp-content\\\/uploads\\\/2016\\\/09\\\/cropped-uscars_carre_512x512.png\",\"width\":512,\"height\":512,\"caption\":\"US Cars\"},\"image\":{\"@id\":\"https:\\\/\\\/www.uscars.biz\\\/uscars.wordpress\\\/#\\\/schema\\\/logo\\\/image\\\/\"},\"sameAs\":[\"https:\\\/\\\/www.facebook.com\\\/uscars.france\",\"https:\\\/\\\/x.com\\\/uscarsfrance\",\"https:\\\/\\\/www.youtube.com\\\/user\\\/uscarsdotbiz\"]}]}<\/script>\n<!-- \/ Yoast SEO plugin. -->","yoast_head_json":{"title":"Galerie - US Cars","robots":{"index":"index","follow":"follow","max-snippet":"max-snippet:-1","max-image-preview":"max-image-preview:large","max-video-preview":"max-video-preview:-1"},"canonical":"https:\/\/www.uscars.biz\/uscars.wordpress\/jeep\/station-wagon\/galerie\/","og_locale":"fr_FR","og_type":"article","og_title":"Galerie - US Cars","og_description":"&nbsp; Photo 5 (jsw_1949_a1) Pour f\u00eater le soixanti\u00e8me anniversaire de la Jeep, le Walter P. Chrysler Museum organise \u00e0 la fin de l&rsquo;ann\u00e9e 2001 une exposition de v\u00e9hicules construits par Willys Overland, Willys Motors, Kaiser Jeep et AMC Jeep Corporation.","og_url":"https:\/\/www.uscars.biz\/uscars.wordpress\/jeep\/station-wagon\/galerie\/","og_site_name":"US Cars","article_publisher":"https:\/\/www.facebook.com\/uscars.france","article_modified_time":"2025-06-07T15:16:25+00:00","twitter_card":"summary_large_image","twitter_site":"@uscarsfrance","schema":{"@context":"https:\/\/schema.org","@graph":[{"@type":"WebPage","@id":"https:\/\/www.uscars.biz\/uscars.wordpress\/jeep\/station-wagon\/galerie\/","url":"https:\/\/www.uscars.biz\/uscars.wordpress\/jeep\/station-wagon\/galerie\/","name":"Galerie - US Cars","isPartOf":{"@id":"https:\/\/www.uscars.biz\/uscars.wordpress\/#website"},"datePublished":"2012-11-17T17:16:46+00:00","dateModified":"2025-06-07T15:16:25+00:00","breadcrumb":{"@id":"https:\/\/www.uscars.biz\/uscars.wordpress\/jeep\/station-wagon\/galerie\/#breadcrumb"},"inLanguage":"fr-FR","potentialAction":[{"@type":"ReadAction","target":["https:\/\/www.uscars.biz\/uscars.wordpress\/jeep\/station-wagon\/galerie\/"]}]},{"@type":"BreadcrumbList","@id":"https:\/\/www.uscars.biz\/uscars.wordpress\/jeep\/station-wagon\/galerie\/#breadcrumb","itemListElement":[{"@type":"ListItem","position":1,"name":"Accueil","item":"https:\/\/www.uscars.biz\/uscars.wordpress\/"},{"@type":"ListItem","position":2,"name":"Jeep","item":"https:\/\/www.uscars.biz\/uscars.wordpress\/jeep\/"},{"@type":"ListItem","position":3,"name":"Jeep Station Wagon de 1946 \u00e0 1965","item":"https:\/\/www.uscars.biz\/uscars.wordpress\/jeep\/station-wagon\/"},{"@type":"ListItem","position":4,"name":"Galerie"}]},{"@type":"WebSite","@id":"https:\/\/www.uscars.biz\/uscars.wordpress\/#website","url":"https:\/\/www.uscars.biz\/uscars.wordpress\/","name":"US Cars","description":"La passion des voitures am\u00e9ricaines","publisher":{"@id":"https:\/\/www.uscars.biz\/uscars.wordpress\/#organization"},"potentialAction":[{"@type":"SearchAction","target":{"@type":"EntryPoint","urlTemplate":"https:\/\/www.uscars.biz\/uscars.wordpress\/?s={search_term_string}"},"query-input":{"@type":"PropertyValueSpecification","valueRequired":true,"valueName":"search_term_string"}}],"inLanguage":"fr-FR"},{"@type":"Organization","@id":"https:\/\/www.uscars.biz\/uscars.wordpress\/#organization","name":"US Cars","url":"https:\/\/www.uscars.biz\/uscars.wordpress\/","logo":{"@type":"ImageObject","inLanguage":"fr-FR","@id":"https:\/\/www.uscars.biz\/uscars.wordpress\/#\/schema\/logo\/image\/","url":"https:\/\/www.uscars.biz\/uscars.wordpress\/wp-content\/uploads\/2016\/09\/cropped-uscars_carre_512x512.png","contentUrl":"https:\/\/www.uscars.biz\/uscars.wordpress\/wp-content\/uploads\/2016\/09\/cropped-uscars_carre_512x512.png","width":512,"height":512,"caption":"US Cars"},"image":{"@id":"https:\/\/www.uscars.biz\/uscars.wordpress\/#\/schema\/logo\/image\/"},"sameAs":["https:\/\/www.facebook.com\/uscars.france","https:\/\/x.com\/uscarsfrance","https:\/\/www.youtube.com\/user\/uscarsdotbiz"]}]}},"jetpack_sharing_enabled":true,"jetpack_shortlink":"https:\/\/wp.me\/P2RQDg-fM","_links":{"self":[{"href":"https:\/\/www.uscars.biz\/uscars.wordpress\/wp-json\/wp\/v2\/pages\/978","targetHints":{"allow":["GET"]}}],"collection":[{"href":"https:\/\/www.uscars.biz\/uscars.wordpress\/wp-json\/wp\/v2\/pages"}],"about":[{"href":"https:\/\/www.uscars.biz\/uscars.wordpress\/wp-json\/wp\/v2\/types\/page"}],"author":[{"embeddable":true,"href":"https:\/\/www.uscars.biz\/uscars.wordpress\/wp-json\/wp\/v2\/users\/1"}],"replies":[{"embeddable":true,"href":"https:\/\/www.uscars.biz\/uscars.wordpress\/wp-json\/wp\/v2\/comments?post=978"}],"version-history":[{"count":17,"href":"https:\/\/www.uscars.biz\/uscars.wordpress\/wp-json\/wp\/v2\/pages\/978\/revisions"}],"predecessor-version":[{"id":1022026,"href":"https:\/\/www.uscars.biz\/uscars.wordpress\/wp-json\/wp\/v2\/pages\/978\/revisions\/1022026"}],"up":[{"embeddable":true,"href":"https:\/\/www.uscars.biz\/uscars.wordpress\/wp-json\/wp\/v2\/pages\/171"}],"wp:attachment":[{"href":"https:\/\/www.uscars.biz\/uscars.wordpress\/wp-json\/wp\/v2\/media?parent=978"}],"curies":[{"name":"wp","href":"https:\/\/api.w.org\/{rel}","templated":true}]}}